{"id":4343,"date":"2019-02-05T22:09:49","date_gmt":"2019-02-05T22:09:49","guid":{"rendered":"https:\/\/www.eurosam.sk\/my-account\/"},"modified":"2019-02-05T22:09:49","modified_gmt":"2019-02-05T22:09:49","slug":"my-account","status":"publish","type":"page","link":"https:\/\/www.eurosam.sk\/en\/my-account\/","title":{"rendered":"My Account"},"content":{"rendered":"<div class=\"woocommerce\">\n\n<div class=\"woocommerce-notices-wrapper\"><\/div>\n\n<div class=\"u-columns col2-set\" id=\"customer_login\">\n\n    <div class=\"u-column1 col-1\">\n\n        \n        <h2>Login<\/h2>\n\n        <form class=\"woocomerce-form woocommerce-form-login login\" method=\"post\">\n\n                        <p class=\"woocommerce-form-row woocommerce-form-row--wide form-row form-row-wide\">\n                <label for=\"username\">Username or email address <span class=\"required\">*<\/span><\/label>\n                <input type=\"text\" class=\"woocommerce-Input woocommerce-Input--text input-text\" name=\"username\" id=\"username\" value=\"\" \/>\n            <\/p>\n            <p class=\"woocommerce-form-row woocommerce-form-row--wide form-row form-row-wide password\">\n                <label for=\"password\">Password <span class=\"required\">*<\/span><\/label>\n                <input class=\"woocommerce-Input woocommerce-Input--text input-text\" type=\"password\" name=\"password\" id=\"password\" \/>\n                <i class=\"bi bi-eye-slash\" id=\"togglePasswordLog\"><\/i>\n            <\/p>\n\n            <script>\n                const togglePasswordLog = document.querySelector(\"#togglePasswordLog\");\n                const passwordLog = document.querySelector(\"#password\");\n\n                togglePasswordLog.addEventListener(\"click\", function () {\n                    \/\/ toggle the type attribute\n                    const type = passwordLog.getAttribute(\"type\") === \"password\" ? \"text\" : \"password\";\n                    passwordLog.setAttribute(\"type\", type);\n\n                    \/\/ toggle the icon\n                    this.classList.toggle(\"bi-eye\");\n                });\n            <\/script>\n\n            \n            <p class=\"form-row\">\n                <input type=\"hidden\" id=\"woocommerce-login-nonce\" name=\"woocommerce-login-nonce\" value=\"59ee3208e8\" \/><input type=\"hidden\" name=\"_wp_http_referer\" value=\"\/en\/wp-json\/wp\/v2\/pages\/4343\/\" \/>                <input type=\"submit\" class=\"woocommerce-Button button\" name=\"login\" value=\"Login\" \/>\n                <label class=\"woocommerce-form__label woocommerce-form__label-for-checkbox inline\">\n                    <input class=\"woocommerce-form__input woocommerce-form__input-checkbox\" name=\"rememberme\" type=\"checkbox\" id=\"rememberme\" value=\"forever\" \/> <span>Remember me<\/span>\n                <\/label>\n            <\/p>\n            <p class=\"woocommerce-LostPassword lost_password\">\n                <a href=\"https:\/\/www.eurosam.sk\/en\/my-account\/lost-password\/\">Lost your password?<\/a>\n            <\/p>\n\n            \n        <\/form>\n\n        \n    <\/div>\n\n    <div class=\"u-column2 col-2\">\n\n        <h2>Register<\/h2>\n\n        <form method=\"post\" class=\"register\">\n\n            \n            \n            <p class=\"woocommerce-form-row woocommerce-form-row--wide form-row form-row-wide\">\n                <label for=\"reg_email\">Email address <span class=\"required\">*<\/span><\/label>\n                <input type=\"email\" class=\"woocommerce-Input woocommerce-Input--text input-text\" name=\"email\" id=\"reg_email\" value=\"\" \/>\n            <\/p>\n\n            \n                <p class=\"woocommerce-form-row woocommerce-form-row--wide form-row form-row-wide password\">\n                    <label for=\"reg_password\">Password <span class=\"required\">*<\/span><\/label>\n                    <input type=\"password\" class=\"woocommerce-Input woocommerce-Input--text input-text\" name=\"password\" id=\"reg_password\" \/>\n                    <i class=\"bi bi-eye-slash\" id=\"togglePassword\"><\/i>\n                <\/p>\n\n                <p style=\"font-size: 12pt; margin-top: 20px; display: flex; align-items: center;  gap: 1rem;\">\n                    <label for=\"iamcompany\">Som firma<\/label>\n                    <input style=\"width: 1.5rem; height: 1.5rem;\" type=\"checkbox\" class=\"woocommerce-Input woocommerce-Input--text input-text\" name=\"iamcompany\" id=\"iamcompany\" \/>\n                <\/p>\n\n                <script>\n                    jQuery(document).ready(function($) {\n                        \/\/ Toggle pre prv\u00fd element\n                        $(\"#iamcompany\").click(function() {\n                            $(\"#toggle\").slideToggle();\n                        });\n                    });\n                <\/script>\n\n                <div id=\"toggle\" style=\"display: none;\">\n\n                 <p class=\"woocommerce-form-row woocommerce-form-row--wide form-row form-row-wide\">\n                        <label for=\"company_name\">N\u00e1zov spolo\u010dnosti<\/label>\n                        <input type=\"text\" class=\"woocommerce-Input woocommerce-Input--text input-text\" name=\"company_name\" id=\"company_name\" \/>\n                 <\/p>\n\n                <p class=\"woocommerce-form-row woocommerce-form-row--wide form-row form-row-wide\">\n                    <label for=\"ico\">I\u010cO<\/label>\n                    <input type=\"text\" class=\"woocommerce-Input woocommerce-Input--text input-text\" name=\"ico\" id=\"ico\" \/>\n                <\/p>\n\n                <p class=\"woocommerce-form-row woocommerce-form-row--wide form-row form-row-wide\">\n                    <label for=\"dic\">DI\u010c<\/label>\n                    <input type=\"text\" class=\"woocommerce-Input woocommerce-Input--text input-text\" name=\"dic\" id=\"dic\" \/>\n                <\/p>\n\n                <p class=\"woocommerce-form-row woocommerce-form-row--wide form-row form-row-wide\">\n                    <label for=\"icdph\">I\u010c DPH<\/label>\n                    <input type=\"text\" class=\"woocommerce-Input woocommerce-Input--text input-text\" name=\"icdph\" id=\"icdph\" \/>\n                <\/p>\n                <\/div>\n            <script>\n                const togglePassword = document.querySelector(\"#togglePassword\");\n                const password = document.querySelector(\"#reg_password\");\n\n                togglePassword.addEventListener(\"click\", function () {\n                    \/\/ toggle the type attribute\n                    const type = password.getAttribute(\"type\") === \"password\" ? \"text\" : \"password\";\n                    password.setAttribute(\"type\", type);\n\n                    \/\/ toggle the icon\n                    this.classList.toggle(\"bi-eye\");\n                });\n            <\/script>\n\n            \n            <!-- Spam Trap -->\n            <div style=\"left: -999em; position: absolute;\"><label for=\"trap\">Anti-spam<\/label><input type=\"text\" name=\"email_2\" id=\"trap\" tabindex=\"-1\" autocomplete=\"off\" \/><\/div>\n\n            <div class=\"woocommerce-privacy-policy-text\"><\/div>\n            <p class=\"woocomerce-FormRow form-row\">\n                <input type=\"hidden\" id=\"woocommerce-register-nonce\" name=\"woocommerce-register-nonce\" value=\"161cd4dbd9\" \/><input type=\"hidden\" name=\"_wp_http_referer\" value=\"\/en\/wp-json\/wp\/v2\/pages\/4343\/\" \/>                <input type=\"submit\" class=\"woocommerce-Button button\" name=\"register\" value=\"Register\" \/>\n            <\/p>\n\n            \n        <\/form>\n\n    <\/div>\n\n<\/div>\n\n<\/div>\n","protected":false},"excerpt":{"rendered":"","protected":false},"author":446,"featured_media":0,"parent":0,"menu_order":0,"comment_status":"closed","ping_status":"closed","template":"","meta":{"footnotes":""},"acf":[],"yoast_head":"<!-- This site is optimized with the Yoast SEO plugin v21.2 - https:\/\/yoast.com\/wordpress\/plugins\/seo\/ -->\n<title>My Account - Eurosam.sk<\/title>\n<meta name=\"robots\" content=\"index, follow, max-snippet:-1, max-image-preview:large, max-video-preview:-1\" \/>\n<link rel=\"canonical\" href=\"https:\/\/www.eurosam.sk\/en\/my-account\/\" \/>\n<meta property=\"og:locale\" content=\"en_US\" \/>\n<meta property=\"og:type\" content=\"article\" \/>\n<meta property=\"og:title\" content=\"My Account - Eurosam.sk\" \/>\n<meta property=\"og:url\" content=\"https:\/\/www.eurosam.sk\/en\/my-account\/\" \/>\n<meta property=\"og:site_name\" content=\"Eurosam.sk\" \/>\n<meta name=\"twitter:card\" content=\"summary_large_image\" \/>\n<script type=\"application\/ld+json\" class=\"yoast-schema-graph\">{\"@context\":\"https:\/\/schema.org\",\"@graph\":[{\"@type\":\"WebPage\",\"@id\":\"https:\/\/www.eurosam.sk\/en\/my-account\/\",\"url\":\"https:\/\/www.eurosam.sk\/en\/my-account\/\",\"name\":\"My Account - Eurosam.sk\",\"isPartOf\":{\"@id\":\"https:\/\/www.eurosam.sk\/#website\"},\"datePublished\":\"2019-02-05T22:09:49+00:00\",\"dateModified\":\"2019-02-05T22:09:49+00:00\",\"breadcrumb\":{\"@id\":\"https:\/\/www.eurosam.sk\/en\/my-account\/#breadcrumb\"},\"inLanguage\":\"en-US\",\"potentialAction\":[{\"@type\":\"ReadAction\",\"target\":[\"https:\/\/www.eurosam.sk\/en\/my-account\/\"]}]},{\"@type\":\"BreadcrumbList\",\"@id\":\"https:\/\/www.eurosam.sk\/en\/my-account\/#breadcrumb\",\"itemListElement\":[{\"@type\":\"ListItem\",\"position\":1,\"name\":\"Home\",\"item\":\"https:\/\/www.eurosam.sk\/\"},{\"@type\":\"ListItem\",\"position\":2,\"name\":\"My Account\"}]},{\"@type\":\"WebSite\",\"@id\":\"https:\/\/www.eurosam.sk\/#website\",\"url\":\"https:\/\/www.eurosam.sk\/\",\"name\":\"Eurosam.sk\",\"description\":\"EUROSAM v\u00e1m prin\u00e1\u0161a profesion\u00e1lny postup na pr\u00edpravu dokonalej \u0161\u00e1lky k\u00e1vy.\",\"potentialAction\":[{\"@type\":\"SearchAction\",\"target\":{\"@type\":\"EntryPoint\",\"urlTemplate\":\"https:\/\/www.eurosam.sk\/?s={search_term_string}\"},\"query-input\":\"required name=search_term_string\"}],\"inLanguage\":\"en-US\"}]}<\/script>\n<!-- \/ Yoast SEO plugin. -->","yoast_head_json":{"title":"My Account - Eurosam.sk","robots":{"index":"index","follow":"follow","max-snippet":"max-snippet:-1","max-image-preview":"max-image-preview:large","max-video-preview":"max-video-preview:-1"},"canonical":"https:\/\/www.eurosam.sk\/en\/my-account\/","og_locale":"en_US","og_type":"article","og_title":"My Account - Eurosam.sk","og_url":"https:\/\/www.eurosam.sk\/en\/my-account\/","og_site_name":"Eurosam.sk","twitter_card":"summary_large_image","schema":{"@context":"https:\/\/schema.org","@graph":[{"@type":"WebPage","@id":"https:\/\/www.eurosam.sk\/en\/my-account\/","url":"https:\/\/www.eurosam.sk\/en\/my-account\/","name":"My Account - Eurosam.sk","isPartOf":{"@id":"https:\/\/www.eurosam.sk\/#website"},"datePublished":"2019-02-05T22:09:49+00:00","dateModified":"2019-02-05T22:09:49+00:00","breadcrumb":{"@id":"https:\/\/www.eurosam.sk\/en\/my-account\/#breadcrumb"},"inLanguage":"en-US","potentialAction":[{"@type":"ReadAction","target":["https:\/\/www.eurosam.sk\/en\/my-account\/"]}]},{"@type":"BreadcrumbList","@id":"https:\/\/www.eurosam.sk\/en\/my-account\/#breadcrumb","itemListElement":[{"@type":"ListItem","position":1,"name":"Home","item":"https:\/\/www.eurosam.sk\/"},{"@type":"ListItem","position":2,"name":"My Account"}]},{"@type":"WebSite","@id":"https:\/\/www.eurosam.sk\/#website","url":"https:\/\/www.eurosam.sk\/","name":"Eurosam.sk","description":"EUROSAM v\u00e1m prin\u00e1\u0161a profesion\u00e1lny postup na pr\u00edpravu dokonalej \u0161\u00e1lky k\u00e1vy.","potentialAction":[{"@type":"SearchAction","target":{"@type":"EntryPoint","urlTemplate":"https:\/\/www.eurosam.sk\/?s={search_term_string}"},"query-input":"required name=search_term_string"}],"inLanguage":"en-US"}]}},"_links":{"self":[{"href":"https:\/\/www.eurosam.sk\/en\/wp-json\/wp\/v2\/pages\/4343\/"}],"collection":[{"href":"https:\/\/www.eurosam.sk\/en\/wp-json\/wp\/v2\/pages\/"}],"about":[{"href":"https:\/\/www.eurosam.sk\/en\/wp-json\/wp\/v2\/types\/page\/"}],"author":[{"embeddable":true,"href":"https:\/\/www.eurosam.sk\/en\/wp-json\/wp\/v2\/users\/446\/"}],"replies":[{"embeddable":true,"href":"https:\/\/www.eurosam.sk\/en\/wp-json\/wp\/v2\/comments\/?post=4343"}],"version-history":[{"count":0,"href":"https:\/\/www.eurosam.sk\/en\/wp-json\/wp\/v2\/pages\/4343\/revisions\/"}],"wp:attachment":[{"href":"https:\/\/www.eurosam.sk\/en\/wp-json\/wp\/v2\/media\/?parent=4343"}],"curies":[{"name":"wp","href":"https:\/\/api.w.org\/{rel}","templated":true}]}}