{"id":4340,"date":"2018-11-06T12:21:45","date_gmt":"2018-11-06T12:21:45","guid":{"rendered":"https:\/\/www.eurosam.sk\/obchod\/kamila-eng\/"},"modified":"2019-02-09T12:03:05","modified_gmt":"2019-02-09T12:03:05","slug":"kamila-eng","status":"publish","type":"product","link":"https:\/\/www.eurosam.sk\/en\/obchod\/kamila-eng\/","title":{"rendered":"Chamomile tea suki Retail"},"content":{"rendered":"<p>Still a favourite for its soothing qualities, a calming remedy to put you at ease. Sleepy or not, this is a herbal tea that is derived from a daisy like flower head. We take the full flower heads to ensure that a full flavour is given. Often enjoyed with honey or lemon and a popular afternoon tea. A Tea in bed type? Try an herbal fruit infusion, not only will you sleep better, and will wake up feeling great.<\/p>\n","protected":false},"excerpt":{"rendered":"<p><strong><span id=\"buy-now-hinge\" class=\"product-sub-heading\">Whole Chamomile Buds<\/span><\/strong><\/p>\n<div class=\"short-description hide-sm\">\n<div class=\"std\">A herbal tea infusion of 100% pure Chamomile blossom. We use the whole heads of the flowers, this gives a cup that delivers much higher quality taste than dusty teabag, a sweet, honey-golden cup Excellent for calming and soothing the mind and body, a natural sleep remedy.<\/div>\n<div><\/div>\n<\/div>\n<p>package: 6 x 30 g<\/p>\n","protected":false},"featured_media":4352,"template":"","meta":[],"acf":[],"yoast_head":"<!-- This site is optimized with the Yoast SEO plugin v21.2 - https:\/\/yoast.com\/wordpress\/plugins\/seo\/ -->\n<title>Chamomile tea suki Retail - Eurosam.sk<\/title>\n<meta name=\"robots\" content=\"index, follow, max-snippet:-1, max-image-preview:large, max-video-preview:-1\" \/>\n<link rel=\"canonical\" href=\"https:\/\/www.eurosam.sk\/en\/obchod\/kamila-eng\/\" \/>\n<meta property=\"og:locale\" content=\"en_US\" \/>\n<meta property=\"og:type\" content=\"article\" \/>\n<meta property=\"og:title\" content=\"Chamomile tea suki Retail - Eurosam.sk\" \/>\n<meta property=\"og:description\" content=\"Whole Chamomile Buds  A herbal tea infusion of 100% pure Chamomile blossom. We use the whole heads of the flowers, this gives a cup that delivers much higher quality taste than dusty teabag, a sweet, honey-golden cup Excellent for calming and soothing the mind and body, a natural sleep remedy.   package: 6 x 30 g\" \/>\n<meta property=\"og:url\" content=\"https:\/\/www.eurosam.sk\/en\/obchod\/kamila-eng\/\" \/>\n<meta property=\"og:site_name\" content=\"Eurosam.sk\" \/>\n<meta property=\"article:modified_time\" content=\"2019-02-09T12:03:05+00:00\" \/>\n<meta property=\"og:image\" content=\"https:\/\/www.eurosam.sk\/wp-content\/uploads\/2018\/11\/kamilkovy-caj.jpg\" \/>\n\t<meta property=\"og:image:width\" content=\"600\" \/>\n\t<meta property=\"og:image:height\" content=\"600\" \/>\n\t<meta property=\"og:image:type\" content=\"image\/jpeg\" \/>\n<meta name=\"twitter:card\" content=\"summary_large_image\" \/>\n<script type=\"application\/ld+json\" class=\"yoast-schema-graph\">{\"@context\":\"https:\/\/schema.org\",\"@graph\":[{\"@type\":\"WebPage\",\"@id\":\"https:\/\/www.eurosam.sk\/en\/obchod\/kamila-eng\/\",\"url\":\"https:\/\/www.eurosam.sk\/en\/obchod\/kamila-eng\/\",\"name\":\"Chamomile tea suki Retail - Eurosam.sk\",\"isPartOf\":{\"@id\":\"https:\/\/www.eurosam.sk\/#website\"},\"datePublished\":\"2018-11-06T12:21:45+00:00\",\"dateModified\":\"2019-02-09T12:03:05+00:00\",\"breadcrumb\":{\"@id\":\"https:\/\/www.eurosam.sk\/en\/obchod\/kamila-eng\/#breadcrumb\"},\"inLanguage\":\"en-US\",\"potentialAction\":[{\"@type\":\"ReadAction\",\"target\":[\"https:\/\/www.eurosam.sk\/en\/obchod\/kamila-eng\/\"]}]},{\"@type\":\"BreadcrumbList\",\"@id\":\"https:\/\/www.eurosam.sk\/en\/obchod\/kamila-eng\/#breadcrumb\",\"itemListElement\":[{\"@type\":\"ListItem\",\"position\":1,\"name\":\"Home\",\"item\":\"https:\/\/www.eurosam.sk\/\"},{\"@type\":\"ListItem\",\"position\":2,\"name\":\"Configurator\",\"item\":\"https:\/\/www.eurosam.sk\/en\/coffee-machine-configurator\/\"},{\"@type\":\"ListItem\",\"position\":3,\"name\":\"Chamomile tea suki Retail\"}]},{\"@type\":\"WebSite\",\"@id\":\"https:\/\/www.eurosam.sk\/#website\",\"url\":\"https:\/\/www.eurosam.sk\/\",\"name\":\"Eurosam.sk\",\"description\":\"EUROSAM v\u00e1m prin\u00e1\u0161a profesion\u00e1lny postup na pr\u00edpravu dokonalej \u0161\u00e1lky k\u00e1vy.\",\"potentialAction\":[{\"@type\":\"SearchAction\",\"target\":{\"@type\":\"EntryPoint\",\"urlTemplate\":\"https:\/\/www.eurosam.sk\/?s={search_term_string}\"},\"query-input\":\"required name=search_term_string\"}],\"inLanguage\":\"en-US\"}]}<\/script>\n<!-- \/ Yoast SEO plugin. -->","yoast_head_json":{"title":"Chamomile tea suki Retail - Eurosam.sk","robots":{"index":"index","follow":"follow","max-snippet":"max-snippet:-1","max-image-preview":"max-image-preview:large","max-video-preview":"max-video-preview:-1"},"canonical":"https:\/\/www.eurosam.sk\/en\/obchod\/kamila-eng\/","og_locale":"en_US","og_type":"article","og_title":"Chamomile tea suki Retail - Eurosam.sk","og_description":"Whole Chamomile Buds  A herbal tea infusion of 100% pure Chamomile blossom. We use the whole heads of the flowers, this gives a cup that delivers much higher quality taste than dusty teabag, a sweet, honey-golden cup Excellent for calming and soothing the mind and body, a natural sleep remedy.   package: 6 x 30 g","og_url":"https:\/\/www.eurosam.sk\/en\/obchod\/kamila-eng\/","og_site_name":"Eurosam.sk","article_modified_time":"2019-02-09T12:03:05+00:00","og_image":[{"width":600,"height":600,"url":"https:\/\/www.eurosam.sk\/wp-content\/uploads\/2018\/11\/kamilkovy-caj.jpg","type":"image\/jpeg"}],"twitter_card":"summary_large_image","schema":{"@context":"https:\/\/schema.org","@graph":[{"@type":"WebPage","@id":"https:\/\/www.eurosam.sk\/en\/obchod\/kamila-eng\/","url":"https:\/\/www.eurosam.sk\/en\/obchod\/kamila-eng\/","name":"Chamomile tea suki Retail - Eurosam.sk","isPartOf":{"@id":"https:\/\/www.eurosam.sk\/#website"},"datePublished":"2018-11-06T12:21:45+00:00","dateModified":"2019-02-09T12:03:05+00:00","breadcrumb":{"@id":"https:\/\/www.eurosam.sk\/en\/obchod\/kamila-eng\/#breadcrumb"},"inLanguage":"en-US","potentialAction":[{"@type":"ReadAction","target":["https:\/\/www.eurosam.sk\/en\/obchod\/kamila-eng\/"]}]},{"@type":"BreadcrumbList","@id":"https:\/\/www.eurosam.sk\/en\/obchod\/kamila-eng\/#breadcrumb","itemListElement":[{"@type":"ListItem","position":1,"name":"Home","item":"https:\/\/www.eurosam.sk\/"},{"@type":"ListItem","position":2,"name":"Configurator","item":"https:\/\/www.eurosam.sk\/en\/coffee-machine-configurator\/"},{"@type":"ListItem","position":3,"name":"Chamomile tea suki Retail"}]},{"@type":"WebSite","@id":"https:\/\/www.eurosam.sk\/#website","url":"https:\/\/www.eurosam.sk\/","name":"Eurosam.sk","description":"EUROSAM v\u00e1m prin\u00e1\u0161a profesion\u00e1lny postup na pr\u00edpravu dokonalej \u0161\u00e1lky k\u00e1vy.","potentialAction":[{"@type":"SearchAction","target":{"@type":"EntryPoint","urlTemplate":"https:\/\/www.eurosam.sk\/?s={search_term_string}"},"query-input":"required name=search_term_string"}],"inLanguage":"en-US"}]}},"_links":{"self":[{"href":"https:\/\/www.eurosam.sk\/en\/wp-json\/wp\/v2\/product\/4340\/"}],"collection":[{"href":"https:\/\/www.eurosam.sk\/en\/wp-json\/wp\/v2\/product\/"}],"about":[{"href":"https:\/\/www.eurosam.sk\/en\/wp-json\/wp\/v2\/types\/product\/"}],"wp:featuredmedia":[{"embeddable":true,"href":"https:\/\/www.eurosam.sk\/en\/wp-json\/wp\/v2\/media\/4352\/"}],"wp:attachment":[{"href":"https:\/\/www.eurosam.sk\/en\/wp-json\/wp\/v2\/media\/?parent=4340"}],"curies":[{"name":"wp","href":"https:\/\/api.w.org\/{rel}","templated":true}]}}