{"id":4348,"date":"2018-11-06T12:09:22","date_gmt":"2019-02-07T10:42:35","guid":{"rendered":"https:\/\/www.eurosam.sk\/?post_type=product&#038;p=4348"},"modified":"2019-02-07T11:06:42","modified_gmt":"2019-02-07T11:06:42","slug":"suki-earl-grey-ft-ra-bio","status":"publish","type":"product","link":"https:\/\/www.eurosam.sk\/en\/obchod\/suki-earl-grey-ft-ra-bio\/","title":{"rendered":"Suki Earl Grey FT\/RA\/BIO"},"content":{"rendered":"<p>This tea is the ethical champion with Triple Certified status. Earl Grey is made by adding bergamot &#8211; a small citrus plant with an intense, fresh flavour &#8211; oil to black tea, giving it the unmistakable aroma. Classic Earl Grey Loose Leaf Tea is good, but we, at Suki HQ were not happy with standard issue synthetic bergamot &#8211; so we source and use the best organic Sicilian bergamot oil available on the market. The addition of Blue Cornflowers makes this a visually stunning tea. Nothing but the best.<\/p>\n","protected":false},"excerpt":{"rendered":"<p><strong>Light citrus notes, floral, full bodied<\/strong><\/p>\n<p>A sophisticated blend of gentle and aromatic esteemed Rwandan Rukeri black tea and delicately natural bergamot oil, a citrusy, floral cup with fresh vibrancy&#8230; An exciting classic, big flavoured earl grey tea &#8211; hand blended at Suki HQ, our Champion of Champions and one of the best Earl Grey teas around!<\/p>\n<p>Package: 6 x 100 g<\/p>\n","protected":false},"featured_media":4160,"template":"","meta":[],"acf":[],"yoast_head":"<!-- This site is optimized with the Yoast SEO plugin v21.2 - https:\/\/yoast.com\/wordpress\/plugins\/seo\/ -->\n<title>Suki Earl Grey FT\/RA\/BIO - Eurosam.sk<\/title>\n<meta name=\"robots\" content=\"index, follow, max-snippet:-1, max-image-preview:large, max-video-preview:-1\" \/>\n<link rel=\"canonical\" href=\"https:\/\/www.eurosam.sk\/en\/obchod\/suki-earl-grey-ft-ra-bio\/\" \/>\n<meta property=\"og:locale\" content=\"en_US\" \/>\n<meta property=\"og:type\" content=\"article\" \/>\n<meta property=\"og:title\" content=\"Suki Earl Grey FT\/RA\/BIO - Eurosam.sk\" \/>\n<meta property=\"og:description\" content=\"Light citrus notes, floral, full bodied  A sophisticated blend of gentle and aromatic esteemed Rwandan Rukeri black tea and delicately natural bergamot oil, a citrusy, floral cup with fresh vibrancy... An exciting classic, big flavoured earl grey tea - hand blended at Suki HQ, our Champion of Champions and one of the best Earl Grey teas around!  Package: 6 x 100 g\" \/>\n<meta property=\"og:url\" content=\"https:\/\/www.eurosam.sk\/en\/obchod\/suki-earl-grey-ft-ra-bio\/\" \/>\n<meta property=\"og:site_name\" content=\"Eurosam.sk\" \/>\n<meta property=\"article:modified_time\" content=\"2019-02-07T11:06:42+00:00\" \/>\n<meta property=\"og:image\" content=\"https:\/\/www.eurosam.sk\/wp-content\/uploads\/2018\/10\/caj-suki-retail_ruzne-druhy-min-1009x1024.png\" \/>\n\t<meta property=\"og:image:width\" content=\"1009\" \/>\n\t<meta property=\"og:image:height\" content=\"1024\" \/>\n\t<meta property=\"og:image:type\" content=\"image\/png\" \/>\n<meta name=\"twitter:card\" content=\"summary_large_image\" \/>\n<script type=\"application\/ld+json\" class=\"yoast-schema-graph\">{\"@context\":\"https:\/\/schema.org\",\"@graph\":[{\"@type\":\"WebPage\",\"@id\":\"https:\/\/www.eurosam.sk\/en\/obchod\/suki-earl-grey-ft-ra-bio\/\",\"url\":\"https:\/\/www.eurosam.sk\/en\/obchod\/suki-earl-grey-ft-ra-bio\/\",\"name\":\"Suki Earl Grey FT\/RA\/BIO - Eurosam.sk\",\"isPartOf\":{\"@id\":\"https:\/\/www.eurosam.sk\/#website\"},\"datePublished\":\"2019-02-07T10:42:35+00:00\",\"dateModified\":\"2019-02-07T11:06:42+00:00\",\"breadcrumb\":{\"@id\":\"https:\/\/www.eurosam.sk\/en\/obchod\/suki-earl-grey-ft-ra-bio\/#breadcrumb\"},\"inLanguage\":\"en-US\",\"potentialAction\":[{\"@type\":\"ReadAction\",\"target\":[\"https:\/\/www.eurosam.sk\/en\/obchod\/suki-earl-grey-ft-ra-bio\/\"]}]},{\"@type\":\"BreadcrumbList\",\"@id\":\"https:\/\/www.eurosam.sk\/en\/obchod\/suki-earl-grey-ft-ra-bio\/#breadcrumb\",\"itemListElement\":[{\"@type\":\"ListItem\",\"position\":1,\"name\":\"Home\",\"item\":\"https:\/\/www.eurosam.sk\/\"},{\"@type\":\"ListItem\",\"position\":2,\"name\":\"Configurator\",\"item\":\"https:\/\/www.eurosam.sk\/en\/coffee-machine-configurator\/\"},{\"@type\":\"ListItem\",\"position\":3,\"name\":\"Suki Earl Grey FT\/RA\/BIO\"}]},{\"@type\":\"WebSite\",\"@id\":\"https:\/\/www.eurosam.sk\/#website\",\"url\":\"https:\/\/www.eurosam.sk\/\",\"name\":\"Eurosam.sk\",\"description\":\"EUROSAM v\u00e1m prin\u00e1\u0161a profesion\u00e1lny postup na pr\u00edpravu dokonalej \u0161\u00e1lky k\u00e1vy.\",\"potentialAction\":[{\"@type\":\"SearchAction\",\"target\":{\"@type\":\"EntryPoint\",\"urlTemplate\":\"https:\/\/www.eurosam.sk\/?s={search_term_string}\"},\"query-input\":\"required name=search_term_string\"}],\"inLanguage\":\"en-US\"}]}<\/script>\n<!-- \/ Yoast SEO plugin. -->","yoast_head_json":{"title":"Suki Earl Grey FT\/RA\/BIO - Eurosam.sk","robots":{"index":"index","follow":"follow","max-snippet":"max-snippet:-1","max-image-preview":"max-image-preview:large","max-video-preview":"max-video-preview:-1"},"canonical":"https:\/\/www.eurosam.sk\/en\/obchod\/suki-earl-grey-ft-ra-bio\/","og_locale":"en_US","og_type":"article","og_title":"Suki Earl Grey FT\/RA\/BIO - Eurosam.sk","og_description":"Light citrus notes, floral, full bodied  A sophisticated blend of gentle and aromatic esteemed Rwandan Rukeri black tea and delicately natural bergamot oil, a citrusy, floral cup with fresh vibrancy... An exciting classic, big flavoured earl grey tea - hand blended at Suki HQ, our Champion of Champions and one of the best Earl Grey teas around!  Package: 6 x 100 g","og_url":"https:\/\/www.eurosam.sk\/en\/obchod\/suki-earl-grey-ft-ra-bio\/","og_site_name":"Eurosam.sk","article_modified_time":"2019-02-07T11:06:42+00:00","og_image":[{"width":"1009","height":"1024","url":"https:\/\/www.eurosam.sk\/wp-content\/uploads\/2018\/10\/caj-suki-retail_ruzne-druhy-min-1009x1024.png","type":"image\/png"}],"twitter_card":"summary_large_image","schema":{"@context":"https:\/\/schema.org","@graph":[{"@type":"WebPage","@id":"https:\/\/www.eurosam.sk\/en\/obchod\/suki-earl-grey-ft-ra-bio\/","url":"https:\/\/www.eurosam.sk\/en\/obchod\/suki-earl-grey-ft-ra-bio\/","name":"Suki Earl Grey FT\/RA\/BIO - Eurosam.sk","isPartOf":{"@id":"https:\/\/www.eurosam.sk\/#website"},"datePublished":"2019-02-07T10:42:35+00:00","dateModified":"2019-02-07T11:06:42+00:00","breadcrumb":{"@id":"https:\/\/www.eurosam.sk\/en\/obchod\/suki-earl-grey-ft-ra-bio\/#breadcrumb"},"inLanguage":"en-US","potentialAction":[{"@type":"ReadAction","target":["https:\/\/www.eurosam.sk\/en\/obchod\/suki-earl-grey-ft-ra-bio\/"]}]},{"@type":"BreadcrumbList","@id":"https:\/\/www.eurosam.sk\/en\/obchod\/suki-earl-grey-ft-ra-bio\/#breadcrumb","itemListElement":[{"@type":"ListItem","position":1,"name":"Home","item":"https:\/\/www.eurosam.sk\/"},{"@type":"ListItem","position":2,"name":"Configurator","item":"https:\/\/www.eurosam.sk\/en\/coffee-machine-configurator\/"},{"@type":"ListItem","position":3,"name":"Suki Earl Grey FT\/RA\/BIO"}]},{"@type":"WebSite","@id":"https:\/\/www.eurosam.sk\/#website","url":"https:\/\/www.eurosam.sk\/","name":"Eurosam.sk","description":"EUROSAM v\u00e1m prin\u00e1\u0161a profesion\u00e1lny postup na pr\u00edpravu dokonalej \u0161\u00e1lky k\u00e1vy.","potentialAction":[{"@type":"SearchAction","target":{"@type":"EntryPoint","urlTemplate":"https:\/\/www.eurosam.sk\/?s={search_term_string}"},"query-input":"required name=search_term_string"}],"inLanguage":"en-US"}]}},"_links":{"self":[{"href":"https:\/\/www.eurosam.sk\/en\/wp-json\/wp\/v2\/product\/4348\/"}],"collection":[{"href":"https:\/\/www.eurosam.sk\/en\/wp-json\/wp\/v2\/product\/"}],"about":[{"href":"https:\/\/www.eurosam.sk\/en\/wp-json\/wp\/v2\/types\/product\/"}],"wp:featuredmedia":[{"embeddable":true,"href":"https:\/\/www.eurosam.sk\/en\/wp-json\/wp\/v2\/media\/4160\/"}],"wp:attachment":[{"href":"https:\/\/www.eurosam.sk\/en\/wp-json\/wp\/v2\/media\/?parent=4348"}],"curies":[{"name":"wp","href":"https:\/\/api.w.org\/{rel}","templated":true}]}}