{"id":4366,"date":"2018-10-26T14:31:04","date_gmt":"2019-02-08T16:56:55","guid":{"rendered":"https:\/\/www.eurosam.sk\/?post_type=product&#038;p=4366"},"modified":"2019-02-08T16:56:55","modified_gmt":"2019-02-08T16:56:55","slug":"darjeeling","status":"publish","type":"product","link":"https:\/\/www.eurosam.sk\/en\/obchod\/darjeeling\/","title":{"rendered":"Darjeeling"},"content":{"rendered":"<p>Known to many as the &#8220;Champagne of teas&#8221; Loose Leaf Darjeeling Tea is one of the most famous teas in the world, and for good reason. Grown high in the foothills of the Himalayas at the Bannockburn estate, One of the oldest of the 87 estates and considered to be one of the best kept gardens in Darjeeling, it really is the best of the best being handpicked from 6000ft in the Himalayas. Two trees were planted in the Tea Estate managers garden in honour of Oscar and Annie visiting this esteemed Bannockburn estate.<\/p>\n<p>&nbsp;<\/p>\n","protected":false},"excerpt":{"rendered":"<p><strong><span id=\"buy-now-hinge\" class=\"product-sub-heading\">Darjeeling Tea\u00a0<\/span><\/strong><\/p>\n<div class=\"short-description hide-sm\">\n<div class=\"std\">Darjeeling Bannockburn estate situated at 6000ft in the Himalayas with Everest in view. The best of the best. Darjeeling Tea has a unique and refreshing taste, a real treat.<\/div>\n<div><\/div>\n<\/div>\n<p>Package: 1 x 250 g<\/p>\n","protected":false},"featured_media":4180,"template":"","meta":[],"acf":[],"yoast_head":"<!-- This site is optimized with the Yoast SEO plugin v21.2 - https:\/\/yoast.com\/wordpress\/plugins\/seo\/ -->\n<title>Darjeeling - Eurosam.sk<\/title>\n<meta name=\"robots\" content=\"index, follow, max-snippet:-1, max-image-preview:large, max-video-preview:-1\" \/>\n<link rel=\"canonical\" href=\"https:\/\/www.eurosam.sk\/en\/obchod\/darjeeling\/\" \/>\n<meta property=\"og:locale\" content=\"en_US\" \/>\n<meta property=\"og:type\" content=\"article\" \/>\n<meta property=\"og:title\" content=\"Darjeeling - Eurosam.sk\" \/>\n<meta property=\"og:description\" content=\"Darjeeling Tea\u00a0  Darjeeling Bannockburn estate situated at 6000ft in the Himalayas with Everest in view. The best of the best. Darjeeling Tea has a unique and refreshing taste, a real treat.   Package: 1 x 250 g\" \/>\n<meta property=\"og:url\" content=\"https:\/\/www.eurosam.sk\/en\/obchod\/darjeeling\/\" \/>\n<meta property=\"og:site_name\" content=\"Eurosam.sk\" \/>\n<meta property=\"og:image\" content=\"https:\/\/www.eurosam.sk\/wp-content\/uploads\/2018\/10\/caj-suki-darjeeling-250g_488394-min.png\" \/>\n\t<meta property=\"og:image:width\" content=\"1448\" \/>\n\t<meta property=\"og:image:height\" content=\"1448\" \/>\n\t<meta property=\"og:image:type\" content=\"image\/png\" \/>\n<meta name=\"twitter:card\" content=\"summary_large_image\" \/>\n<script type=\"application\/ld+json\" class=\"yoast-schema-graph\">{\"@context\":\"https:\/\/schema.org\",\"@graph\":[{\"@type\":\"WebPage\",\"@id\":\"https:\/\/www.eurosam.sk\/en\/obchod\/darjeeling\/\",\"url\":\"https:\/\/www.eurosam.sk\/en\/obchod\/darjeeling\/\",\"name\":\"Darjeeling - Eurosam.sk\",\"isPartOf\":{\"@id\":\"https:\/\/www.eurosam.sk\/#website\"},\"datePublished\":\"2019-02-08T16:56:55+00:00\",\"dateModified\":\"2019-02-08T16:56:55+00:00\",\"breadcrumb\":{\"@id\":\"https:\/\/www.eurosam.sk\/en\/obchod\/darjeeling\/#breadcrumb\"},\"inLanguage\":\"en-US\",\"potentialAction\":[{\"@type\":\"ReadAction\",\"target\":[\"https:\/\/www.eurosam.sk\/en\/obchod\/darjeeling\/\"]}]},{\"@type\":\"BreadcrumbList\",\"@id\":\"https:\/\/www.eurosam.sk\/en\/obchod\/darjeeling\/#breadcrumb\",\"itemListElement\":[{\"@type\":\"ListItem\",\"position\":1,\"name\":\"Home\",\"item\":\"https:\/\/www.eurosam.sk\/\"},{\"@type\":\"ListItem\",\"position\":2,\"name\":\"Configurator\",\"item\":\"https:\/\/www.eurosam.sk\/en\/coffee-machine-configurator\/\"},{\"@type\":\"ListItem\",\"position\":3,\"name\":\"Darjeeling\"}]},{\"@type\":\"WebSite\",\"@id\":\"https:\/\/www.eurosam.sk\/#website\",\"url\":\"https:\/\/www.eurosam.sk\/\",\"name\":\"Eurosam.sk\",\"description\":\"EUROSAM v\u00e1m prin\u00e1\u0161a profesion\u00e1lny postup na pr\u00edpravu dokonalej \u0161\u00e1lky k\u00e1vy.\",\"potentialAction\":[{\"@type\":\"SearchAction\",\"target\":{\"@type\":\"EntryPoint\",\"urlTemplate\":\"https:\/\/www.eurosam.sk\/?s={search_term_string}\"},\"query-input\":\"required name=search_term_string\"}],\"inLanguage\":\"en-US\"}]}<\/script>\n<!-- \/ Yoast SEO plugin. -->","yoast_head_json":{"title":"Darjeeling - Eurosam.sk","robots":{"index":"index","follow":"follow","max-snippet":"max-snippet:-1","max-image-preview":"max-image-preview:large","max-video-preview":"max-video-preview:-1"},"canonical":"https:\/\/www.eurosam.sk\/en\/obchod\/darjeeling\/","og_locale":"en_US","og_type":"article","og_title":"Darjeeling - Eurosam.sk","og_description":"Darjeeling Tea\u00a0  Darjeeling Bannockburn estate situated at 6000ft in the Himalayas with Everest in view. The best of the best. Darjeeling Tea has a unique and refreshing taste, a real treat.   Package: 1 x 250 g","og_url":"https:\/\/www.eurosam.sk\/en\/obchod\/darjeeling\/","og_site_name":"Eurosam.sk","og_image":[{"width":1448,"height":1448,"url":"https:\/\/www.eurosam.sk\/wp-content\/uploads\/2018\/10\/caj-suki-darjeeling-250g_488394-min.png","type":"image\/png"}],"twitter_card":"summary_large_image","schema":{"@context":"https:\/\/schema.org","@graph":[{"@type":"WebPage","@id":"https:\/\/www.eurosam.sk\/en\/obchod\/darjeeling\/","url":"https:\/\/www.eurosam.sk\/en\/obchod\/darjeeling\/","name":"Darjeeling - Eurosam.sk","isPartOf":{"@id":"https:\/\/www.eurosam.sk\/#website"},"datePublished":"2019-02-08T16:56:55+00:00","dateModified":"2019-02-08T16:56:55+00:00","breadcrumb":{"@id":"https:\/\/www.eurosam.sk\/en\/obchod\/darjeeling\/#breadcrumb"},"inLanguage":"en-US","potentialAction":[{"@type":"ReadAction","target":["https:\/\/www.eurosam.sk\/en\/obchod\/darjeeling\/"]}]},{"@type":"BreadcrumbList","@id":"https:\/\/www.eurosam.sk\/en\/obchod\/darjeeling\/#breadcrumb","itemListElement":[{"@type":"ListItem","position":1,"name":"Home","item":"https:\/\/www.eurosam.sk\/"},{"@type":"ListItem","position":2,"name":"Configurator","item":"https:\/\/www.eurosam.sk\/en\/coffee-machine-configurator\/"},{"@type":"ListItem","position":3,"name":"Darjeeling"}]},{"@type":"WebSite","@id":"https:\/\/www.eurosam.sk\/#website","url":"https:\/\/www.eurosam.sk\/","name":"Eurosam.sk","description":"EUROSAM v\u00e1m prin\u00e1\u0161a profesion\u00e1lny postup na pr\u00edpravu dokonalej \u0161\u00e1lky k\u00e1vy.","potentialAction":[{"@type":"SearchAction","target":{"@type":"EntryPoint","urlTemplate":"https:\/\/www.eurosam.sk\/?s={search_term_string}"},"query-input":"required name=search_term_string"}],"inLanguage":"en-US"}]}},"_links":{"self":[{"href":"https:\/\/www.eurosam.sk\/en\/wp-json\/wp\/v2\/product\/4366\/"}],"collection":[{"href":"https:\/\/www.eurosam.sk\/en\/wp-json\/wp\/v2\/product\/"}],"about":[{"href":"https:\/\/www.eurosam.sk\/en\/wp-json\/wp\/v2\/types\/product\/"}],"wp:featuredmedia":[{"embeddable":true,"href":"https:\/\/www.eurosam.sk\/en\/wp-json\/wp\/v2\/media\/4180\/"}],"wp:attachment":[{"href":"https:\/\/www.eurosam.sk\/en\/wp-json\/wp\/v2\/media\/?parent=4366"}],"curies":[{"name":"wp","href":"https:\/\/api.w.org\/{rel}","templated":true}]}}