{"id":4367,"date":"2018-10-26T14:31:04","date_gmt":"2019-02-08T16:59:50","guid":{"rendered":"https:\/\/www.eurosam.sk\/?post_type=product&#038;p=4367"},"modified":"2019-02-08T16:59:50","modified_gmt":"2019-02-08T16:59:50","slug":"belfast-brew","status":"publish","type":"product","link":"https:\/\/www.eurosam.sk\/en\/obchod\/belfast-brew\/","title":{"rendered":"Belfast Brew"},"content":{"rendered":"<p>Tanzania and Assam are the source for this Irish Breakfast Tea Blend, here there are machines that roll the tea to turn it from a leaf shape to a twizzled smaller leaf that can then be dried. These machines were all made in Belfast in the 1950&#8217;s by Sirocco works, a leading manufacturer of tea equipment. Engineered in Belfast, a strong, full of flavour brew.<\/p>\n<p>&nbsp;<\/p>\n","protected":false},"excerpt":{"rendered":"<p><strong><span id=\"buy-now-hinge\" class=\"product-sub-heading\">Irish Breakfast Tea<\/span><\/strong><\/p>\n<div class=\"short-description hide-sm\">\n<div class=\"std\">This Irish Breakfast Tea, a black tea and our Suki Tea signature blend &#8211; an everyday cuppa &#8211; We&#8217;ve blended two of the best quality whole leaf &#8211; 90% Assam for a Malty and full flavoured cup. If you have had a cup of Breakfast tea at a caf\u00e9 in Northern Ireland that sells Suki Tea 9 times out of 10 it would be this one. A Northern Irish Staple.<\/div>\n<div><\/div>\n<\/div>\n<div>Package: 1 x 500 g<\/p>\n<\/div>\n","protected":false},"featured_media":4182,"template":"","meta":[],"acf":[],"yoast_head":"<!-- This site is optimized with the Yoast SEO plugin v21.2 - https:\/\/yoast.com\/wordpress\/plugins\/seo\/ -->\n<title>Belfast Brew - Eurosam.sk<\/title>\n<meta name=\"robots\" content=\"index, follow, max-snippet:-1, max-image-preview:large, max-video-preview:-1\" \/>\n<link rel=\"canonical\" href=\"https:\/\/www.eurosam.sk\/en\/obchod\/belfast-brew\/\" \/>\n<meta property=\"og:locale\" content=\"en_US\" \/>\n<meta property=\"og:type\" content=\"article\" \/>\n<meta property=\"og:title\" content=\"Belfast Brew - Eurosam.sk\" \/>\n<meta property=\"og:description\" content=\"Irish Breakfast Tea  This Irish Breakfast Tea, a black tea and our Suki Tea signature blend - an everyday cuppa - We&#039;ve blended two of the best quality whole leaf - 90% Assam for a Malty and full flavoured cup. If you have had a cup of Breakfast tea at a caf\u00e9 in Northern Ireland that sells Suki Tea 9 times out of 10 it would be this one. A Northern Irish Staple.   Package: 1 x 500 g\" \/>\n<meta property=\"og:url\" content=\"https:\/\/www.eurosam.sk\/en\/obchod\/belfast-brew\/\" \/>\n<meta property=\"og:site_name\" content=\"Eurosam.sk\" \/>\n<meta property=\"og:image\" content=\"https:\/\/www.eurosam.sk\/wp-content\/uploads\/2018\/10\/caj-suki-belfast-brew-500g_488387-min.png\" \/>\n\t<meta property=\"og:image:width\" content=\"1360\" \/>\n\t<meta property=\"og:image:height\" content=\"1360\" \/>\n\t<meta property=\"og:image:type\" content=\"image\/png\" \/>\n<meta name=\"twitter:card\" content=\"summary_large_image\" \/>\n<script type=\"application\/ld+json\" class=\"yoast-schema-graph\">{\"@context\":\"https:\/\/schema.org\",\"@graph\":[{\"@type\":\"WebPage\",\"@id\":\"https:\/\/www.eurosam.sk\/en\/obchod\/belfast-brew\/\",\"url\":\"https:\/\/www.eurosam.sk\/en\/obchod\/belfast-brew\/\",\"name\":\"Belfast Brew - Eurosam.sk\",\"isPartOf\":{\"@id\":\"https:\/\/www.eurosam.sk\/#website\"},\"datePublished\":\"2019-02-08T16:59:50+00:00\",\"dateModified\":\"2019-02-08T16:59:50+00:00\",\"breadcrumb\":{\"@id\":\"https:\/\/www.eurosam.sk\/en\/obchod\/belfast-brew\/#breadcrumb\"},\"inLanguage\":\"en-US\",\"potentialAction\":[{\"@type\":\"ReadAction\",\"target\":[\"https:\/\/www.eurosam.sk\/en\/obchod\/belfast-brew\/\"]}]},{\"@type\":\"BreadcrumbList\",\"@id\":\"https:\/\/www.eurosam.sk\/en\/obchod\/belfast-brew\/#breadcrumb\",\"itemListElement\":[{\"@type\":\"ListItem\",\"position\":1,\"name\":\"Home\",\"item\":\"https:\/\/www.eurosam.sk\/\"},{\"@type\":\"ListItem\",\"position\":2,\"name\":\"Configurator\",\"item\":\"https:\/\/www.eurosam.sk\/en\/coffee-machine-configurator\/\"},{\"@type\":\"ListItem\",\"position\":3,\"name\":\"Belfast Brew\"}]},{\"@type\":\"WebSite\",\"@id\":\"https:\/\/www.eurosam.sk\/#website\",\"url\":\"https:\/\/www.eurosam.sk\/\",\"name\":\"Eurosam.sk\",\"description\":\"EUROSAM v\u00e1m prin\u00e1\u0161a profesion\u00e1lny postup na pr\u00edpravu dokonalej \u0161\u00e1lky k\u00e1vy.\",\"potentialAction\":[{\"@type\":\"SearchAction\",\"target\":{\"@type\":\"EntryPoint\",\"urlTemplate\":\"https:\/\/www.eurosam.sk\/?s={search_term_string}\"},\"query-input\":\"required name=search_term_string\"}],\"inLanguage\":\"en-US\"}]}<\/script>\n<!-- \/ Yoast SEO plugin. -->","yoast_head_json":{"title":"Belfast Brew - Eurosam.sk","robots":{"index":"index","follow":"follow","max-snippet":"max-snippet:-1","max-image-preview":"max-image-preview:large","max-video-preview":"max-video-preview:-1"},"canonical":"https:\/\/www.eurosam.sk\/en\/obchod\/belfast-brew\/","og_locale":"en_US","og_type":"article","og_title":"Belfast Brew - Eurosam.sk","og_description":"Irish Breakfast Tea  This Irish Breakfast Tea, a black tea and our Suki Tea signature blend - an everyday cuppa - We've blended two of the best quality whole leaf - 90% Assam for a Malty and full flavoured cup. If you have had a cup of Breakfast tea at a caf\u00e9 in Northern Ireland that sells Suki Tea 9 times out of 10 it would be this one. A Northern Irish Staple.   Package: 1 x 500 g","og_url":"https:\/\/www.eurosam.sk\/en\/obchod\/belfast-brew\/","og_site_name":"Eurosam.sk","og_image":[{"width":1360,"height":1360,"url":"https:\/\/www.eurosam.sk\/wp-content\/uploads\/2018\/10\/caj-suki-belfast-brew-500g_488387-min.png","type":"image\/png"}],"twitter_card":"summary_large_image","schema":{"@context":"https:\/\/schema.org","@graph":[{"@type":"WebPage","@id":"https:\/\/www.eurosam.sk\/en\/obchod\/belfast-brew\/","url":"https:\/\/www.eurosam.sk\/en\/obchod\/belfast-brew\/","name":"Belfast Brew - Eurosam.sk","isPartOf":{"@id":"https:\/\/www.eurosam.sk\/#website"},"datePublished":"2019-02-08T16:59:50+00:00","dateModified":"2019-02-08T16:59:50+00:00","breadcrumb":{"@id":"https:\/\/www.eurosam.sk\/en\/obchod\/belfast-brew\/#breadcrumb"},"inLanguage":"en-US","potentialAction":[{"@type":"ReadAction","target":["https:\/\/www.eurosam.sk\/en\/obchod\/belfast-brew\/"]}]},{"@type":"BreadcrumbList","@id":"https:\/\/www.eurosam.sk\/en\/obchod\/belfast-brew\/#breadcrumb","itemListElement":[{"@type":"ListItem","position":1,"name":"Home","item":"https:\/\/www.eurosam.sk\/"},{"@type":"ListItem","position":2,"name":"Configurator","item":"https:\/\/www.eurosam.sk\/en\/coffee-machine-configurator\/"},{"@type":"ListItem","position":3,"name":"Belfast Brew"}]},{"@type":"WebSite","@id":"https:\/\/www.eurosam.sk\/#website","url":"https:\/\/www.eurosam.sk\/","name":"Eurosam.sk","description":"EUROSAM v\u00e1m prin\u00e1\u0161a profesion\u00e1lny postup na pr\u00edpravu dokonalej \u0161\u00e1lky k\u00e1vy.","potentialAction":[{"@type":"SearchAction","target":{"@type":"EntryPoint","urlTemplate":"https:\/\/www.eurosam.sk\/?s={search_term_string}"},"query-input":"required name=search_term_string"}],"inLanguage":"en-US"}]}},"_links":{"self":[{"href":"https:\/\/www.eurosam.sk\/en\/wp-json\/wp\/v2\/product\/4367\/"}],"collection":[{"href":"https:\/\/www.eurosam.sk\/en\/wp-json\/wp\/v2\/product\/"}],"about":[{"href":"https:\/\/www.eurosam.sk\/en\/wp-json\/wp\/v2\/types\/product\/"}],"wp:featuredmedia":[{"embeddable":true,"href":"https:\/\/www.eurosam.sk\/en\/wp-json\/wp\/v2\/media\/4182\/"}],"wp:attachment":[{"href":"https:\/\/www.eurosam.sk\/en\/wp-json\/wp\/v2\/media\/?parent=4367"}],"curies":[{"name":"wp","href":"https:\/\/api.w.org\/{rel}","templated":true}]}}