{"id":4368,"date":"2018-10-26T14:31:03","date_gmt":"2019-02-08T17:01:27","guid":{"rendered":"https:\/\/www.eurosam.sk\/?post_type=product&#038;p=4368"},"modified":"2019-02-08T17:01:28","modified_gmt":"2019-02-08T17:01:28","slug":"dark-coca-tea","status":"publish","type":"product","link":"https:\/\/www.eurosam.sk\/en\/obchod\/dark-coca-tea\/","title":{"rendered":"Dark Coca Tea"},"content":{"rendered":"<p>Suki Tea Chocolate Tea: The Team set out to be adventurous when creating a new blend in 2014. Using cocoa as an indulgent starting point the room was split between a subtle milk chocolate or full flavoured dark chocolate. This is the dark choice. Perfect for dessert, this chocolate flavoured black tea is hearty, rich, and tastes perfect when complementing baked custards, chocolate cakes, or even a rich, strawberry shortcake.<\/p>\n<p>&nbsp;<\/p>\n","protected":false},"excerpt":{"rendered":"<p><strong><span id=\"buy-now-hinge\" class=\"product-sub-heading\">Dark Chocolate Tea\u00a0<\/span><\/strong><\/p>\n<div class=\"short-description hide-sm\">\n<div class=\"std\">Black tea and cocoa kernels blend for a rich chocolatey cuppa, all the indulgence without the calories<\/div>\n<div><\/div>\n<\/div>\n<div>Package: 1 x 250 g<\/p>\n<\/div>\n","protected":false},"featured_media":4178,"template":"","meta":[],"acf":[],"yoast_head":"<!-- This site is optimized with the Yoast SEO plugin v21.2 - https:\/\/yoast.com\/wordpress\/plugins\/seo\/ -->\n<title>Dark Coca Tea - Eurosam.sk<\/title>\n<meta name=\"robots\" content=\"index, follow, max-snippet:-1, max-image-preview:large, max-video-preview:-1\" \/>\n<link rel=\"canonical\" href=\"https:\/\/www.eurosam.sk\/en\/obchod\/dark-coca-tea\/\" \/>\n<meta property=\"og:locale\" content=\"en_US\" \/>\n<meta property=\"og:type\" content=\"article\" \/>\n<meta property=\"og:title\" content=\"Dark Coca Tea - Eurosam.sk\" \/>\n<meta property=\"og:description\" content=\"Dark Chocolate Tea\u00a0  Black tea and cocoa kernels blend for a rich chocolatey cuppa, all the indulgence without the calories   Package: 1 x 250 g\" \/>\n<meta property=\"og:url\" content=\"https:\/\/www.eurosam.sk\/en\/obchod\/dark-coca-tea\/\" \/>\n<meta property=\"og:site_name\" content=\"Eurosam.sk\" \/>\n<meta property=\"article:modified_time\" content=\"2019-02-08T17:01:28+00:00\" \/>\n<meta property=\"og:image\" content=\"https:\/\/www.eurosam.sk\/wp-content\/uploads\/2018\/10\/caj-suki-tmave-kakao-250g-dark-cocoa-tea_488393-min.png\" \/>\n\t<meta property=\"og:image:width\" content=\"1837\" \/>\n\t<meta property=\"og:image:height\" content=\"1837\" \/>\n\t<meta property=\"og:image:type\" content=\"image\/png\" \/>\n<meta name=\"twitter:card\" content=\"summary_large_image\" \/>\n<script type=\"application\/ld+json\" class=\"yoast-schema-graph\">{\"@context\":\"https:\/\/schema.org\",\"@graph\":[{\"@type\":\"WebPage\",\"@id\":\"https:\/\/www.eurosam.sk\/en\/obchod\/dark-coca-tea\/\",\"url\":\"https:\/\/www.eurosam.sk\/en\/obchod\/dark-coca-tea\/\",\"name\":\"Dark Coca Tea - Eurosam.sk\",\"isPartOf\":{\"@id\":\"https:\/\/www.eurosam.sk\/#website\"},\"datePublished\":\"2019-02-08T17:01:27+00:00\",\"dateModified\":\"2019-02-08T17:01:28+00:00\",\"breadcrumb\":{\"@id\":\"https:\/\/www.eurosam.sk\/en\/obchod\/dark-coca-tea\/#breadcrumb\"},\"inLanguage\":\"en-US\",\"potentialAction\":[{\"@type\":\"ReadAction\",\"target\":[\"https:\/\/www.eurosam.sk\/en\/obchod\/dark-coca-tea\/\"]}]},{\"@type\":\"BreadcrumbList\",\"@id\":\"https:\/\/www.eurosam.sk\/en\/obchod\/dark-coca-tea\/#breadcrumb\",\"itemListElement\":[{\"@type\":\"ListItem\",\"position\":1,\"name\":\"Home\",\"item\":\"https:\/\/www.eurosam.sk\/\"},{\"@type\":\"ListItem\",\"position\":2,\"name\":\"Configurator\",\"item\":\"https:\/\/www.eurosam.sk\/en\/coffee-machine-configurator\/\"},{\"@type\":\"ListItem\",\"position\":3,\"name\":\"Dark Coca Tea\"}]},{\"@type\":\"WebSite\",\"@id\":\"https:\/\/www.eurosam.sk\/#website\",\"url\":\"https:\/\/www.eurosam.sk\/\",\"name\":\"Eurosam.sk\",\"description\":\"EUROSAM v\u00e1m prin\u00e1\u0161a profesion\u00e1lny postup na pr\u00edpravu dokonalej \u0161\u00e1lky k\u00e1vy.\",\"potentialAction\":[{\"@type\":\"SearchAction\",\"target\":{\"@type\":\"EntryPoint\",\"urlTemplate\":\"https:\/\/www.eurosam.sk\/?s={search_term_string}\"},\"query-input\":\"required name=search_term_string\"}],\"inLanguage\":\"en-US\"}]}<\/script>\n<!-- \/ Yoast SEO plugin. -->","yoast_head_json":{"title":"Dark Coca Tea - Eurosam.sk","robots":{"index":"index","follow":"follow","max-snippet":"max-snippet:-1","max-image-preview":"max-image-preview:large","max-video-preview":"max-video-preview:-1"},"canonical":"https:\/\/www.eurosam.sk\/en\/obchod\/dark-coca-tea\/","og_locale":"en_US","og_type":"article","og_title":"Dark Coca Tea - Eurosam.sk","og_description":"Dark Chocolate Tea\u00a0  Black tea and cocoa kernels blend for a rich chocolatey cuppa, all the indulgence without the calories   Package: 1 x 250 g","og_url":"https:\/\/www.eurosam.sk\/en\/obchod\/dark-coca-tea\/","og_site_name":"Eurosam.sk","article_modified_time":"2019-02-08T17:01:28+00:00","og_image":[{"width":1837,"height":1837,"url":"https:\/\/www.eurosam.sk\/wp-content\/uploads\/2018\/10\/caj-suki-tmave-kakao-250g-dark-cocoa-tea_488393-min.png","type":"image\/png"}],"twitter_card":"summary_large_image","schema":{"@context":"https:\/\/schema.org","@graph":[{"@type":"WebPage","@id":"https:\/\/www.eurosam.sk\/en\/obchod\/dark-coca-tea\/","url":"https:\/\/www.eurosam.sk\/en\/obchod\/dark-coca-tea\/","name":"Dark Coca Tea - Eurosam.sk","isPartOf":{"@id":"https:\/\/www.eurosam.sk\/#website"},"datePublished":"2019-02-08T17:01:27+00:00","dateModified":"2019-02-08T17:01:28+00:00","breadcrumb":{"@id":"https:\/\/www.eurosam.sk\/en\/obchod\/dark-coca-tea\/#breadcrumb"},"inLanguage":"en-US","potentialAction":[{"@type":"ReadAction","target":["https:\/\/www.eurosam.sk\/en\/obchod\/dark-coca-tea\/"]}]},{"@type":"BreadcrumbList","@id":"https:\/\/www.eurosam.sk\/en\/obchod\/dark-coca-tea\/#breadcrumb","itemListElement":[{"@type":"ListItem","position":1,"name":"Home","item":"https:\/\/www.eurosam.sk\/"},{"@type":"ListItem","position":2,"name":"Configurator","item":"https:\/\/www.eurosam.sk\/en\/coffee-machine-configurator\/"},{"@type":"ListItem","position":3,"name":"Dark Coca Tea"}]},{"@type":"WebSite","@id":"https:\/\/www.eurosam.sk\/#website","url":"https:\/\/www.eurosam.sk\/","name":"Eurosam.sk","description":"EUROSAM v\u00e1m prin\u00e1\u0161a profesion\u00e1lny postup na pr\u00edpravu dokonalej \u0161\u00e1lky k\u00e1vy.","potentialAction":[{"@type":"SearchAction","target":{"@type":"EntryPoint","urlTemplate":"https:\/\/www.eurosam.sk\/?s={search_term_string}"},"query-input":"required name=search_term_string"}],"inLanguage":"en-US"}]}},"_links":{"self":[{"href":"https:\/\/www.eurosam.sk\/en\/wp-json\/wp\/v2\/product\/4368\/"}],"collection":[{"href":"https:\/\/www.eurosam.sk\/en\/wp-json\/wp\/v2\/product\/"}],"about":[{"href":"https:\/\/www.eurosam.sk\/en\/wp-json\/wp\/v2\/types\/product\/"}],"wp:featuredmedia":[{"embeddable":true,"href":"https:\/\/www.eurosam.sk\/en\/wp-json\/wp\/v2\/media\/4178\/"}],"wp:attachment":[{"href":"https:\/\/www.eurosam.sk\/en\/wp-json\/wp\/v2\/media\/?parent=4368"}],"curies":[{"name":"wp","href":"https:\/\/api.w.org\/{rel}","templated":true}]}}