{"id":4373,"date":"2018-10-26T14:31:01","date_gmt":"2019-02-08T18:20:29","guid":{"rendered":"https:\/\/www.eurosam.sk\/?post_type=product&#038;p=4373"},"modified":"2019-02-08T18:20:29","modified_gmt":"2019-02-08T18:20:29","slug":"whole-peppermint","status":"publish","type":"product","link":"https:\/\/www.eurosam.sk\/en\/obchod\/whole-peppermint\/","title":{"rendered":"Whole Peppermint"},"content":{"rendered":"<p>Peppermint Tea is by far, one of our most popular teas, some even go as far as saying it&#8217;s the best peppermint tea on the market (we would agree&#8230;)! Peppermint like a lot of herbal teas is commonly used to soothe or treat symptoms such as nausea and indigestion. Not being doctors we can&#8217;t back this up but archaeological evidence shows that it has been used for over 10,000 years. Maybe there is something to it, but we love it for its freshness and tinglyness.<\/p>\n","protected":false},"excerpt":{"rendered":"<p><strong><span id=\"buy-now-hinge\" class=\"product-sub-heading\">Whole Peppermint Leaves\u00a0<\/span><\/strong><\/p>\n<div class=\"short-description hide-sm\">\n<div class=\"std\">Quite possibly the best peppermint tea in the world. Whole peppermint leaves, handled with care to retain freshness by not crushing the leaf, creating an incredibly fresh, purifying cup.<br \/>\nSharp, fresh, aromatic, cooling with every sip.<\/div>\n<div><\/div>\n<\/div>\n<div>Package: 1 x 100 g<\/div>\n<div><\/div>\n","protected":false},"featured_media":4175,"template":"","meta":[],"acf":[],"yoast_head":"<!-- This site is optimized with the Yoast SEO plugin v21.2 - https:\/\/yoast.com\/wordpress\/plugins\/seo\/ -->\n<title>Whole Peppermint - Eurosam.sk<\/title>\n<meta name=\"robots\" content=\"index, follow, max-snippet:-1, max-image-preview:large, max-video-preview:-1\" \/>\n<link rel=\"canonical\" href=\"https:\/\/www.eurosam.sk\/en\/obchod\/whole-peppermint\/\" \/>\n<meta property=\"og:locale\" content=\"en_US\" \/>\n<meta property=\"og:type\" content=\"article\" \/>\n<meta property=\"og:title\" content=\"Whole Peppermint - Eurosam.sk\" \/>\n<meta property=\"og:description\" content=\"Whole Peppermint Leaves\u00a0  Quite possibly the best peppermint tea in the world. Whole peppermint leaves, handled with care to retain freshness by not crushing the leaf, creating an incredibly fresh, purifying cup. Sharp, fresh, aromatic, cooling with every sip.   Package: 1 x 100 g\" \/>\n<meta property=\"og:url\" content=\"https:\/\/www.eurosam.sk\/en\/obchod\/whole-peppermint\/\" \/>\n<meta property=\"og:site_name\" content=\"Eurosam.sk\" \/>\n<meta property=\"og:image\" content=\"https:\/\/www.eurosam.sk\/wp-content\/uploads\/2018\/10\/caj-suki-mata-100g-whole-peppermint_488404-min.png\" \/>\n\t<meta property=\"og:image:width\" content=\"1678\" \/>\n\t<meta property=\"og:image:height\" content=\"1678\" \/>\n\t<meta property=\"og:image:type\" content=\"image\/png\" \/>\n<meta name=\"twitter:card\" content=\"summary_large_image\" \/>\n<script type=\"application\/ld+json\" class=\"yoast-schema-graph\">{\"@context\":\"https:\/\/schema.org\",\"@graph\":[{\"@type\":\"WebPage\",\"@id\":\"https:\/\/www.eurosam.sk\/en\/obchod\/whole-peppermint\/\",\"url\":\"https:\/\/www.eurosam.sk\/en\/obchod\/whole-peppermint\/\",\"name\":\"Whole Peppermint - Eurosam.sk\",\"isPartOf\":{\"@id\":\"https:\/\/www.eurosam.sk\/#website\"},\"datePublished\":\"2019-02-08T18:20:29+00:00\",\"dateModified\":\"2019-02-08T18:20:29+00:00\",\"breadcrumb\":{\"@id\":\"https:\/\/www.eurosam.sk\/en\/obchod\/whole-peppermint\/#breadcrumb\"},\"inLanguage\":\"en-US\",\"potentialAction\":[{\"@type\":\"ReadAction\",\"target\":[\"https:\/\/www.eurosam.sk\/en\/obchod\/whole-peppermint\/\"]}]},{\"@type\":\"BreadcrumbList\",\"@id\":\"https:\/\/www.eurosam.sk\/en\/obchod\/whole-peppermint\/#breadcrumb\",\"itemListElement\":[{\"@type\":\"ListItem\",\"position\":1,\"name\":\"Home\",\"item\":\"https:\/\/www.eurosam.sk\/\"},{\"@type\":\"ListItem\",\"position\":2,\"name\":\"Configurator\",\"item\":\"https:\/\/www.eurosam.sk\/en\/coffee-machine-configurator\/\"},{\"@type\":\"ListItem\",\"position\":3,\"name\":\"Whole Peppermint\"}]},{\"@type\":\"WebSite\",\"@id\":\"https:\/\/www.eurosam.sk\/#website\",\"url\":\"https:\/\/www.eurosam.sk\/\",\"name\":\"Eurosam.sk\",\"description\":\"EUROSAM v\u00e1m prin\u00e1\u0161a profesion\u00e1lny postup na pr\u00edpravu dokonalej \u0161\u00e1lky k\u00e1vy.\",\"potentialAction\":[{\"@type\":\"SearchAction\",\"target\":{\"@type\":\"EntryPoint\",\"urlTemplate\":\"https:\/\/www.eurosam.sk\/?s={search_term_string}\"},\"query-input\":\"required name=search_term_string\"}],\"inLanguage\":\"en-US\"}]}<\/script>\n<!-- \/ Yoast SEO plugin. -->","yoast_head_json":{"title":"Whole Peppermint - Eurosam.sk","robots":{"index":"index","follow":"follow","max-snippet":"max-snippet:-1","max-image-preview":"max-image-preview:large","max-video-preview":"max-video-preview:-1"},"canonical":"https:\/\/www.eurosam.sk\/en\/obchod\/whole-peppermint\/","og_locale":"en_US","og_type":"article","og_title":"Whole Peppermint - Eurosam.sk","og_description":"Whole Peppermint Leaves\u00a0  Quite possibly the best peppermint tea in the world. Whole peppermint leaves, handled with care to retain freshness by not crushing the leaf, creating an incredibly fresh, purifying cup. Sharp, fresh, aromatic, cooling with every sip.   Package: 1 x 100 g","og_url":"https:\/\/www.eurosam.sk\/en\/obchod\/whole-peppermint\/","og_site_name":"Eurosam.sk","og_image":[{"width":1678,"height":1678,"url":"https:\/\/www.eurosam.sk\/wp-content\/uploads\/2018\/10\/caj-suki-mata-100g-whole-peppermint_488404-min.png","type":"image\/png"}],"twitter_card":"summary_large_image","schema":{"@context":"https:\/\/schema.org","@graph":[{"@type":"WebPage","@id":"https:\/\/www.eurosam.sk\/en\/obchod\/whole-peppermint\/","url":"https:\/\/www.eurosam.sk\/en\/obchod\/whole-peppermint\/","name":"Whole Peppermint - Eurosam.sk","isPartOf":{"@id":"https:\/\/www.eurosam.sk\/#website"},"datePublished":"2019-02-08T18:20:29+00:00","dateModified":"2019-02-08T18:20:29+00:00","breadcrumb":{"@id":"https:\/\/www.eurosam.sk\/en\/obchod\/whole-peppermint\/#breadcrumb"},"inLanguage":"en-US","potentialAction":[{"@type":"ReadAction","target":["https:\/\/www.eurosam.sk\/en\/obchod\/whole-peppermint\/"]}]},{"@type":"BreadcrumbList","@id":"https:\/\/www.eurosam.sk\/en\/obchod\/whole-peppermint\/#breadcrumb","itemListElement":[{"@type":"ListItem","position":1,"name":"Home","item":"https:\/\/www.eurosam.sk\/"},{"@type":"ListItem","position":2,"name":"Configurator","item":"https:\/\/www.eurosam.sk\/en\/coffee-machine-configurator\/"},{"@type":"ListItem","position":3,"name":"Whole Peppermint"}]},{"@type":"WebSite","@id":"https:\/\/www.eurosam.sk\/#website","url":"https:\/\/www.eurosam.sk\/","name":"Eurosam.sk","description":"EUROSAM v\u00e1m prin\u00e1\u0161a profesion\u00e1lny postup na pr\u00edpravu dokonalej \u0161\u00e1lky k\u00e1vy.","potentialAction":[{"@type":"SearchAction","target":{"@type":"EntryPoint","urlTemplate":"https:\/\/www.eurosam.sk\/?s={search_term_string}"},"query-input":"required name=search_term_string"}],"inLanguage":"en-US"}]}},"_links":{"self":[{"href":"https:\/\/www.eurosam.sk\/en\/wp-json\/wp\/v2\/product\/4373\/"}],"collection":[{"href":"https:\/\/www.eurosam.sk\/en\/wp-json\/wp\/v2\/product\/"}],"about":[{"href":"https:\/\/www.eurosam.sk\/en\/wp-json\/wp\/v2\/types\/product\/"}],"wp:featuredmedia":[{"embeddable":true,"href":"https:\/\/www.eurosam.sk\/en\/wp-json\/wp\/v2\/media\/4175\/"}],"wp:attachment":[{"href":"https:\/\/www.eurosam.sk\/en\/wp-json\/wp\/v2\/media\/?parent=4373"}],"curies":[{"name":"wp","href":"https:\/\/api.w.org\/{rel}","templated":true}]}}