{"id":4375,"date":"2018-10-26T14:30:59","date_gmt":"2019-02-08T18:25:21","guid":{"rendered":"https:\/\/www.eurosam.sk\/?post_type=product&#038;p=4375"},"modified":"2019-02-08T18:25:22","modified_gmt":"2019-02-08T18:25:22","slug":"red-berry","status":"publish","type":"product","link":"https:\/\/www.eurosam.sk\/en\/obchod\/red-berry\/","title":{"rendered":"Red Berry"},"content":{"rendered":"<p>Fruit tea or &#8217;tisanne&#8217; if you want to get posh about it is a blend of fruits with no actual tea in it. When we came to design this berry tea we taste tested the world of fruit teas. . . . Generally they smell amazing but fall flat at the last hurdle, albeit the most important one. Taste. Well, we wanted to produce something that tasted as good as it smells. We bring you &#8216;jam in a cup&#8217;. It was simple, use real big chunky pieces of fruit. Tart and juicy.<\/p>\n","protected":false},"excerpt":{"rendered":"<p><strong><span id=\"buy-now-hinge\" class=\"product-sub-heading\">Berry Tea<\/span><\/strong><\/p>\n<div class=\"short-description hide-sm\">\n<div class=\"std\">This red berry tea is a punchy, full on infusion of mixed berries, fruit &amp; hibiscus. Natural ingredients. Wow, a real fruit flavour from a tea, finally!<\/div>\n<\/div>\n<div><\/div>\n<div>Package: 1 x 250 g<\/div>\n","protected":false},"featured_media":4173,"template":"","meta":[],"acf":[],"yoast_head":"<!-- This site is optimized with the Yoast SEO plugin v21.2 - https:\/\/yoast.com\/wordpress\/plugins\/seo\/ -->\n<title>Red Berry - Eurosam.sk<\/title>\n<meta name=\"robots\" content=\"index, follow, max-snippet:-1, max-image-preview:large, max-video-preview:-1\" \/>\n<link rel=\"canonical\" href=\"https:\/\/www.eurosam.sk\/en\/obchod\/red-berry\/\" \/>\n<meta property=\"og:locale\" content=\"en_US\" \/>\n<meta property=\"og:type\" content=\"article\" \/>\n<meta property=\"og:title\" content=\"Red Berry - Eurosam.sk\" \/>\n<meta property=\"og:description\" content=\"Berry Tea  This red berry tea is a punchy, full on infusion of mixed berries, fruit &amp; hibiscus. Natural ingredients. Wow, a real fruit flavour from a tea, finally!   Package: 1 x 250 g\" \/>\n<meta property=\"og:url\" content=\"https:\/\/www.eurosam.sk\/en\/obchod\/red-berry\/\" \/>\n<meta property=\"og:site_name\" content=\"Eurosam.sk\" \/>\n<meta property=\"article:modified_time\" content=\"2019-02-08T18:25:22+00:00\" \/>\n<meta property=\"og:image\" content=\"https:\/\/www.eurosam.sk\/wp-content\/uploads\/2018\/10\/caj-suki-ovocny-250g-red-berry_488388-min.png\" \/>\n\t<meta property=\"og:image:width\" content=\"1802\" \/>\n\t<meta property=\"og:image:height\" content=\"1802\" \/>\n\t<meta property=\"og:image:type\" content=\"image\/png\" \/>\n<meta name=\"twitter:card\" content=\"summary_large_image\" \/>\n<script type=\"application\/ld+json\" class=\"yoast-schema-graph\">{\"@context\":\"https:\/\/schema.org\",\"@graph\":[{\"@type\":\"WebPage\",\"@id\":\"https:\/\/www.eurosam.sk\/en\/obchod\/red-berry\/\",\"url\":\"https:\/\/www.eurosam.sk\/en\/obchod\/red-berry\/\",\"name\":\"Red Berry - Eurosam.sk\",\"isPartOf\":{\"@id\":\"https:\/\/www.eurosam.sk\/#website\"},\"datePublished\":\"2019-02-08T18:25:21+00:00\",\"dateModified\":\"2019-02-08T18:25:22+00:00\",\"breadcrumb\":{\"@id\":\"https:\/\/www.eurosam.sk\/en\/obchod\/red-berry\/#breadcrumb\"},\"inLanguage\":\"en-US\",\"potentialAction\":[{\"@type\":\"ReadAction\",\"target\":[\"https:\/\/www.eurosam.sk\/en\/obchod\/red-berry\/\"]}]},{\"@type\":\"BreadcrumbList\",\"@id\":\"https:\/\/www.eurosam.sk\/en\/obchod\/red-berry\/#breadcrumb\",\"itemListElement\":[{\"@type\":\"ListItem\",\"position\":1,\"name\":\"Home\",\"item\":\"https:\/\/www.eurosam.sk\/\"},{\"@type\":\"ListItem\",\"position\":2,\"name\":\"Configurator\",\"item\":\"https:\/\/www.eurosam.sk\/en\/coffee-machine-configurator\/\"},{\"@type\":\"ListItem\",\"position\":3,\"name\":\"Red Berry\"}]},{\"@type\":\"WebSite\",\"@id\":\"https:\/\/www.eurosam.sk\/#website\",\"url\":\"https:\/\/www.eurosam.sk\/\",\"name\":\"Eurosam.sk\",\"description\":\"EUROSAM v\u00e1m prin\u00e1\u0161a profesion\u00e1lny postup na pr\u00edpravu dokonalej \u0161\u00e1lky k\u00e1vy.\",\"potentialAction\":[{\"@type\":\"SearchAction\",\"target\":{\"@type\":\"EntryPoint\",\"urlTemplate\":\"https:\/\/www.eurosam.sk\/?s={search_term_string}\"},\"query-input\":\"required name=search_term_string\"}],\"inLanguage\":\"en-US\"}]}<\/script>\n<!-- \/ Yoast SEO plugin. -->","yoast_head_json":{"title":"Red Berry - Eurosam.sk","robots":{"index":"index","follow":"follow","max-snippet":"max-snippet:-1","max-image-preview":"max-image-preview:large","max-video-preview":"max-video-preview:-1"},"canonical":"https:\/\/www.eurosam.sk\/en\/obchod\/red-berry\/","og_locale":"en_US","og_type":"article","og_title":"Red Berry - Eurosam.sk","og_description":"Berry Tea  This red berry tea is a punchy, full on infusion of mixed berries, fruit &amp; hibiscus. Natural ingredients. Wow, a real fruit flavour from a tea, finally!   Package: 1 x 250 g","og_url":"https:\/\/www.eurosam.sk\/en\/obchod\/red-berry\/","og_site_name":"Eurosam.sk","article_modified_time":"2019-02-08T18:25:22+00:00","og_image":[{"width":1802,"height":1802,"url":"https:\/\/www.eurosam.sk\/wp-content\/uploads\/2018\/10\/caj-suki-ovocny-250g-red-berry_488388-min.png","type":"image\/png"}],"twitter_card":"summary_large_image","schema":{"@context":"https:\/\/schema.org","@graph":[{"@type":"WebPage","@id":"https:\/\/www.eurosam.sk\/en\/obchod\/red-berry\/","url":"https:\/\/www.eurosam.sk\/en\/obchod\/red-berry\/","name":"Red Berry - Eurosam.sk","isPartOf":{"@id":"https:\/\/www.eurosam.sk\/#website"},"datePublished":"2019-02-08T18:25:21+00:00","dateModified":"2019-02-08T18:25:22+00:00","breadcrumb":{"@id":"https:\/\/www.eurosam.sk\/en\/obchod\/red-berry\/#breadcrumb"},"inLanguage":"en-US","potentialAction":[{"@type":"ReadAction","target":["https:\/\/www.eurosam.sk\/en\/obchod\/red-berry\/"]}]},{"@type":"BreadcrumbList","@id":"https:\/\/www.eurosam.sk\/en\/obchod\/red-berry\/#breadcrumb","itemListElement":[{"@type":"ListItem","position":1,"name":"Home","item":"https:\/\/www.eurosam.sk\/"},{"@type":"ListItem","position":2,"name":"Configurator","item":"https:\/\/www.eurosam.sk\/en\/coffee-machine-configurator\/"},{"@type":"ListItem","position":3,"name":"Red Berry"}]},{"@type":"WebSite","@id":"https:\/\/www.eurosam.sk\/#website","url":"https:\/\/www.eurosam.sk\/","name":"Eurosam.sk","description":"EUROSAM v\u00e1m prin\u00e1\u0161a profesion\u00e1lny postup na pr\u00edpravu dokonalej \u0161\u00e1lky k\u00e1vy.","potentialAction":[{"@type":"SearchAction","target":{"@type":"EntryPoint","urlTemplate":"https:\/\/www.eurosam.sk\/?s={search_term_string}"},"query-input":"required name=search_term_string"}],"inLanguage":"en-US"}]}},"_links":{"self":[{"href":"https:\/\/www.eurosam.sk\/en\/wp-json\/wp\/v2\/product\/4375\/"}],"collection":[{"href":"https:\/\/www.eurosam.sk\/en\/wp-json\/wp\/v2\/product\/"}],"about":[{"href":"https:\/\/www.eurosam.sk\/en\/wp-json\/wp\/v2\/types\/product\/"}],"wp:featuredmedia":[{"embeddable":true,"href":"https:\/\/www.eurosam.sk\/en\/wp-json\/wp\/v2\/media\/4173\/"}],"wp:attachment":[{"href":"https:\/\/www.eurosam.sk\/en\/wp-json\/wp\/v2\/media\/?parent=4375"}],"curies":[{"name":"wp","href":"https:\/\/api.w.org\/{rel}","templated":true}]}}