{"id":4378,"date":"2018-10-26T14:30:58","date_gmt":"2019-02-08T18:31:56","guid":{"rendered":"https:\/\/www.eurosam.sk\/?post_type=product&#038;p=4378"},"modified":"2019-02-08T18:31:56","modified_gmt":"2019-02-08T18:31:56","slug":"rooibos","status":"publish","type":"product","link":"https:\/\/www.eurosam.sk\/en\/obchod\/rooibos\/","title":{"rendered":"Rooibos"},"content":{"rendered":"<p>Rooibos or &#8216;Redbush&#8217; Tea is grown in the western cape of South Africa and although many attempts have been tried to cultivate it elsewhere they have all failed. It is all Organic and although there are little studies on the herb it is known that it carries very high antioxidants, more than that of green tea albeit slightly different types.<\/p>\n","protected":false},"excerpt":{"rendered":"<p><strong>Redbush Or Red Tea<\/strong><\/p>\n<p>This Organic long cut Rooibos has an incredibly smooth, gentle woody flavour with a natural sweetness and slightly nutty after taste. Known as the healthy one -Redbush Tea is known for its medicinal qualities, we are not doctors so we decided that if you&#8217;re going to drink this Rooibos Tea for health reasons it might as well taste as good as possible.<\/p>\n<p>Tasting Notes: Sweet, woody, refreshing, nutty<\/p>\n<p>Package: 1 x 250 g<\/p>\n","protected":false},"featured_media":4168,"template":"","meta":[],"acf":[],"yoast_head":"<!-- This site is optimized with the Yoast SEO plugin v21.2 - https:\/\/yoast.com\/wordpress\/plugins\/seo\/ -->\n<title>Rooibos - Eurosam.sk<\/title>\n<meta name=\"robots\" content=\"index, follow, max-snippet:-1, max-image-preview:large, max-video-preview:-1\" \/>\n<link rel=\"canonical\" href=\"https:\/\/www.eurosam.sk\/en\/?post_type=product&p=2952\" \/>\n<meta property=\"og:locale\" content=\"en_US\" \/>\n<meta property=\"og:type\" content=\"article\" \/>\n<meta property=\"og:title\" content=\"Rooibos - Eurosam.sk\" \/>\n<meta property=\"og:description\" content=\"Redbush Or Red Tea  This Organic long cut Rooibos has an incredibly smooth, gentle woody flavour with a natural sweetness and slightly nutty after taste. Known as the healthy one -Redbush Tea is known for its medicinal qualities, we are not doctors so we decided that if you&#039;re going to drink this Rooibos Tea for health reasons it might as well taste as good as possible.  Tasting Notes: Sweet, woody, refreshing, nutty  Package: 1 x 250 g\" \/>\n<meta property=\"og:url\" content=\"https:\/\/www.eurosam.sk\/?post_type=product&amp;p=2952\" \/>\n<meta property=\"og:site_name\" content=\"Eurosam.sk\" \/>\n<meta property=\"og:image\" content=\"https:\/\/www.eurosam.sk\/wp-content\/uploads\/2018\/10\/caj-suki-rooibos-250g-bio_488409-min.png\" \/>\n\t<meta property=\"og:image:width\" content=\"1466\" \/>\n\t<meta property=\"og:image:height\" content=\"1466\" \/>\n\t<meta property=\"og:image:type\" content=\"image\/png\" \/>\n<meta name=\"twitter:card\" content=\"summary_large_image\" \/>\n<script type=\"application\/ld+json\" class=\"yoast-schema-graph\">{\"@context\":\"https:\/\/schema.org\",\"@graph\":[{\"@type\":\"WebPage\",\"@id\":\"https:\/\/www.eurosam.sk\/?post_type=product&p=2952\",\"url\":\"https:\/\/www.eurosam.sk\/?post_type=product&p=2952\",\"name\":\"Rooibos - Eurosam.sk\",\"isPartOf\":{\"@id\":\"https:\/\/www.eurosam.sk\/#website\"},\"datePublished\":\"2019-02-08T18:31:56+00:00\",\"dateModified\":\"2019-02-08T18:31:56+00:00\",\"breadcrumb\":{\"@id\":\"https:\/\/www.eurosam.sk\/?post_type=product&p=2952#breadcrumb\"},\"inLanguage\":\"en-US\",\"potentialAction\":[{\"@type\":\"ReadAction\",\"target\":[\"https:\/\/www.eurosam.sk\/?post_type=product&p=2952\"]}]},{\"@type\":\"BreadcrumbList\",\"@id\":\"https:\/\/www.eurosam.sk\/?post_type=product&p=2952#breadcrumb\",\"itemListElement\":[{\"@type\":\"ListItem\",\"position\":1,\"name\":\"Home\",\"item\":\"https:\/\/www.eurosam.sk\/\"},{\"@type\":\"ListItem\",\"position\":2,\"name\":\"Configurator\",\"item\":\"https:\/\/www.eurosam.sk\/en\/coffee-machine-configurator\/\"},{\"@type\":\"ListItem\",\"position\":3,\"name\":\"Rooibos\"}]},{\"@type\":\"WebSite\",\"@id\":\"https:\/\/www.eurosam.sk\/#website\",\"url\":\"https:\/\/www.eurosam.sk\/\",\"name\":\"Eurosam.sk\",\"description\":\"EUROSAM v\u00e1m prin\u00e1\u0161a profesion\u00e1lny postup na pr\u00edpravu dokonalej \u0161\u00e1lky k\u00e1vy.\",\"potentialAction\":[{\"@type\":\"SearchAction\",\"target\":{\"@type\":\"EntryPoint\",\"urlTemplate\":\"https:\/\/www.eurosam.sk\/?s={search_term_string}\"},\"query-input\":\"required name=search_term_string\"}],\"inLanguage\":\"en-US\"}]}<\/script>\n<!-- \/ Yoast SEO plugin. -->","yoast_head_json":{"title":"Rooibos - Eurosam.sk","robots":{"index":"index","follow":"follow","max-snippet":"max-snippet:-1","max-image-preview":"max-image-preview:large","max-video-preview":"max-video-preview:-1"},"canonical":"https:\/\/www.eurosam.sk\/en\/?post_type=product&p=2952","og_locale":"en_US","og_type":"article","og_title":"Rooibos - Eurosam.sk","og_description":"Redbush Or Red Tea  This Organic long cut Rooibos has an incredibly smooth, gentle woody flavour with a natural sweetness and slightly nutty after taste. Known as the healthy one -Redbush Tea is known for its medicinal qualities, we are not doctors so we decided that if you're going to drink this Rooibos Tea for health reasons it might as well taste as good as possible.  Tasting Notes: Sweet, woody, refreshing, nutty  Package: 1 x 250 g","og_url":"https:\/\/www.eurosam.sk\/?post_type=product&p=2952","og_site_name":"Eurosam.sk","og_image":[{"width":1466,"height":1466,"url":"https:\/\/www.eurosam.sk\/wp-content\/uploads\/2018\/10\/caj-suki-rooibos-250g-bio_488409-min.png","type":"image\/png"}],"twitter_card":"summary_large_image","schema":{"@context":"https:\/\/schema.org","@graph":[{"@type":"WebPage","@id":"https:\/\/www.eurosam.sk\/?post_type=product&p=2952","url":"https:\/\/www.eurosam.sk\/?post_type=product&p=2952","name":"Rooibos - Eurosam.sk","isPartOf":{"@id":"https:\/\/www.eurosam.sk\/#website"},"datePublished":"2019-02-08T18:31:56+00:00","dateModified":"2019-02-08T18:31:56+00:00","breadcrumb":{"@id":"https:\/\/www.eurosam.sk\/?post_type=product&p=2952#breadcrumb"},"inLanguage":"en-US","potentialAction":[{"@type":"ReadAction","target":["https:\/\/www.eurosam.sk\/?post_type=product&p=2952"]}]},{"@type":"BreadcrumbList","@id":"https:\/\/www.eurosam.sk\/?post_type=product&p=2952#breadcrumb","itemListElement":[{"@type":"ListItem","position":1,"name":"Home","item":"https:\/\/www.eurosam.sk\/"},{"@type":"ListItem","position":2,"name":"Configurator","item":"https:\/\/www.eurosam.sk\/en\/coffee-machine-configurator\/"},{"@type":"ListItem","position":3,"name":"Rooibos"}]},{"@type":"WebSite","@id":"https:\/\/www.eurosam.sk\/#website","url":"https:\/\/www.eurosam.sk\/","name":"Eurosam.sk","description":"EUROSAM v\u00e1m prin\u00e1\u0161a profesion\u00e1lny postup na pr\u00edpravu dokonalej \u0161\u00e1lky k\u00e1vy.","potentialAction":[{"@type":"SearchAction","target":{"@type":"EntryPoint","urlTemplate":"https:\/\/www.eurosam.sk\/?s={search_term_string}"},"query-input":"required name=search_term_string"}],"inLanguage":"en-US"}]}},"_links":{"self":[{"href":"https:\/\/www.eurosam.sk\/en\/wp-json\/wp\/v2\/product\/4378\/"}],"collection":[{"href":"https:\/\/www.eurosam.sk\/en\/wp-json\/wp\/v2\/product\/"}],"about":[{"href":"https:\/\/www.eurosam.sk\/en\/wp-json\/wp\/v2\/types\/product\/"}],"wp:featuredmedia":[{"embeddable":true,"href":"https:\/\/www.eurosam.sk\/en\/wp-json\/wp\/v2\/media\/4168\/"}],"wp:attachment":[{"href":"https:\/\/www.eurosam.sk\/en\/wp-json\/wp\/v2\/media\/?parent=4378"}],"curies":[{"name":"wp","href":"https:\/\/api.w.org\/{rel}","templated":true}]}}