{"id":4380,"date":"2018-10-26T14:30:57","date_gmt":"2019-02-08T18:36:33","guid":{"rendered":"https:\/\/www.eurosam.sk\/?post_type=product&#038;p=4380"},"modified":"2019-02-08T18:36:33","modified_gmt":"2019-02-08T18:36:33","slug":"lemongrass-ginger","status":"publish","type":"product","link":"https:\/\/www.eurosam.sk\/en\/obchod\/lemongrass-ginger\/","title":{"rendered":"Lemongrass &#038; Ginger"},"content":{"rendered":"<p>A citrus and slightly spicy tea..or much more.\u00a0 This lovingly designed blend of herbs and spices has a balanced taste yet gives room to let each individual flavour stand proud. The journey begins. . . The fragrant citrus of the Lemongrass hits the palette followed shortly after with a spicy hit from the ginger and black pepper. Then your taste buds get a blast of the root of glycyrrhizin glabra which contains the natural glycyrrhizic acid (CH62O16), a complex molecule which is 30 times sweeter than sugar&#8230;. otherwise simply known as Liquorice.\u00a0 Such a small amount that even if you don\u2019t like it normally it works in this blend. So we have citrus, spice and sweet all in the space of maybe only 2 or 3 seconds, the flavours combine and interchange in harmony then you get the subtle coolness of mint. A mixture of Spearmint and Peppermint leave a fresh tingle in the mouth and the taste journey is complete ready for another sip. This compliments Thai food really well and is great first thing in the morning or after a meal.<\/p>\n","protected":false},"excerpt":{"rendered":"<p><strong><span id=\"buy-now-hinge\" class=\"product-sub-heading\">Inspired By The Tastes Of Thailand<\/span><\/strong><\/p>\n<div class=\"short-description hide-sm\">\n<div class=\"std\">Thai inspired from ingredients selected from Asia &amp; beyond. First lemony, then spicy, sweet then minty fresh. Caffeine Free. In Asia, lemongrass is the go-to for sorting out digestive problems, which makes it an ideal after Dinner treat. Drink it iced come summer.<\/div>\n<div><\/div>\n<\/div>\n<p>Package: 1 x 250 g<\/p>\n","protected":false},"featured_media":4169,"template":"","meta":[],"acf":[],"yoast_head":"<!-- This site is optimized with the Yoast SEO plugin v21.2 - https:\/\/yoast.com\/wordpress\/plugins\/seo\/ -->\n<title>Lemongrass &amp; Ginger - Eurosam.sk<\/title>\n<meta name=\"robots\" content=\"index, follow, max-snippet:-1, max-image-preview:large, max-video-preview:-1\" \/>\n<link rel=\"canonical\" href=\"https:\/\/www.eurosam.sk\/en\/obchod\/lemongrass-ginger\/\" \/>\n<meta property=\"og:locale\" content=\"en_US\" \/>\n<meta property=\"og:type\" content=\"article\" \/>\n<meta property=\"og:title\" content=\"Lemongrass &amp; Ginger - Eurosam.sk\" \/>\n<meta property=\"og:description\" content=\"Inspired By The Tastes Of Thailand  Thai inspired from ingredients selected from Asia &amp; beyond. First lemony, then spicy, sweet then minty fresh. Caffeine Free. In Asia, lemongrass is the go-to for sorting out digestive problems, which makes it an ideal after Dinner treat. Drink it iced come summer.   Package: 1 x 250 g\" \/>\n<meta property=\"og:url\" content=\"https:\/\/www.eurosam.sk\/en\/obchod\/lemongrass-ginger\/\" \/>\n<meta property=\"og:site_name\" content=\"Eurosam.sk\" \/>\n<meta property=\"og:image\" content=\"https:\/\/www.eurosam.sk\/wp-content\/uploads\/2018\/10\/caj-suki-citronova-trava-a-zazvor-250g-lemongrass-ginger_488414-min.png\" \/>\n\t<meta property=\"og:image:width\" content=\"1855\" \/>\n\t<meta property=\"og:image:height\" content=\"1855\" \/>\n\t<meta property=\"og:image:type\" content=\"image\/png\" \/>\n<meta name=\"twitter:card\" content=\"summary_large_image\" \/>\n<meta name=\"twitter:label1\" content=\"Est. reading time\" \/>\n\t<meta name=\"twitter:data1\" content=\"1 minute\" \/>\n<script type=\"application\/ld+json\" class=\"yoast-schema-graph\">{\"@context\":\"https:\/\/schema.org\",\"@graph\":[{\"@type\":\"WebPage\",\"@id\":\"https:\/\/www.eurosam.sk\/en\/obchod\/lemongrass-ginger\/\",\"url\":\"https:\/\/www.eurosam.sk\/en\/obchod\/lemongrass-ginger\/\",\"name\":\"Lemongrass & Ginger - Eurosam.sk\",\"isPartOf\":{\"@id\":\"https:\/\/www.eurosam.sk\/#website\"},\"datePublished\":\"2019-02-08T18:36:33+00:00\",\"dateModified\":\"2019-02-08T18:36:33+00:00\",\"breadcrumb\":{\"@id\":\"https:\/\/www.eurosam.sk\/en\/obchod\/lemongrass-ginger\/#breadcrumb\"},\"inLanguage\":\"en-US\",\"potentialAction\":[{\"@type\":\"ReadAction\",\"target\":[\"https:\/\/www.eurosam.sk\/en\/obchod\/lemongrass-ginger\/\"]}]},{\"@type\":\"BreadcrumbList\",\"@id\":\"https:\/\/www.eurosam.sk\/en\/obchod\/lemongrass-ginger\/#breadcrumb\",\"itemListElement\":[{\"@type\":\"ListItem\",\"position\":1,\"name\":\"Home\",\"item\":\"https:\/\/www.eurosam.sk\/\"},{\"@type\":\"ListItem\",\"position\":2,\"name\":\"Configurator\",\"item\":\"https:\/\/www.eurosam.sk\/en\/coffee-machine-configurator\/\"},{\"@type\":\"ListItem\",\"position\":3,\"name\":\"Lemongrass &#038; Ginger\"}]},{\"@type\":\"WebSite\",\"@id\":\"https:\/\/www.eurosam.sk\/#website\",\"url\":\"https:\/\/www.eurosam.sk\/\",\"name\":\"Eurosam.sk\",\"description\":\"EUROSAM v\u00e1m prin\u00e1\u0161a profesion\u00e1lny postup na pr\u00edpravu dokonalej \u0161\u00e1lky k\u00e1vy.\",\"potentialAction\":[{\"@type\":\"SearchAction\",\"target\":{\"@type\":\"EntryPoint\",\"urlTemplate\":\"https:\/\/www.eurosam.sk\/?s={search_term_string}\"},\"query-input\":\"required name=search_term_string\"}],\"inLanguage\":\"en-US\"}]}<\/script>\n<!-- \/ Yoast SEO plugin. -->","yoast_head_json":{"title":"Lemongrass & Ginger - Eurosam.sk","robots":{"index":"index","follow":"follow","max-snippet":"max-snippet:-1","max-image-preview":"max-image-preview:large","max-video-preview":"max-video-preview:-1"},"canonical":"https:\/\/www.eurosam.sk\/en\/obchod\/lemongrass-ginger\/","og_locale":"en_US","og_type":"article","og_title":"Lemongrass & Ginger - Eurosam.sk","og_description":"Inspired By The Tastes Of Thailand  Thai inspired from ingredients selected from Asia &amp; beyond. First lemony, then spicy, sweet then minty fresh. Caffeine Free. In Asia, lemongrass is the go-to for sorting out digestive problems, which makes it an ideal after Dinner treat. Drink it iced come summer.   Package: 1 x 250 g","og_url":"https:\/\/www.eurosam.sk\/en\/obchod\/lemongrass-ginger\/","og_site_name":"Eurosam.sk","og_image":[{"width":1855,"height":1855,"url":"https:\/\/www.eurosam.sk\/wp-content\/uploads\/2018\/10\/caj-suki-citronova-trava-a-zazvor-250g-lemongrass-ginger_488414-min.png","type":"image\/png"}],"twitter_card":"summary_large_image","twitter_misc":{"Est. reading time":"1 minute"},"schema":{"@context":"https:\/\/schema.org","@graph":[{"@type":"WebPage","@id":"https:\/\/www.eurosam.sk\/en\/obchod\/lemongrass-ginger\/","url":"https:\/\/www.eurosam.sk\/en\/obchod\/lemongrass-ginger\/","name":"Lemongrass & Ginger - Eurosam.sk","isPartOf":{"@id":"https:\/\/www.eurosam.sk\/#website"},"datePublished":"2019-02-08T18:36:33+00:00","dateModified":"2019-02-08T18:36:33+00:00","breadcrumb":{"@id":"https:\/\/www.eurosam.sk\/en\/obchod\/lemongrass-ginger\/#breadcrumb"},"inLanguage":"en-US","potentialAction":[{"@type":"ReadAction","target":["https:\/\/www.eurosam.sk\/en\/obchod\/lemongrass-ginger\/"]}]},{"@type":"BreadcrumbList","@id":"https:\/\/www.eurosam.sk\/en\/obchod\/lemongrass-ginger\/#breadcrumb","itemListElement":[{"@type":"ListItem","position":1,"name":"Home","item":"https:\/\/www.eurosam.sk\/"},{"@type":"ListItem","position":2,"name":"Configurator","item":"https:\/\/www.eurosam.sk\/en\/coffee-machine-configurator\/"},{"@type":"ListItem","position":3,"name":"Lemongrass &#038; Ginger"}]},{"@type":"WebSite","@id":"https:\/\/www.eurosam.sk\/#website","url":"https:\/\/www.eurosam.sk\/","name":"Eurosam.sk","description":"EUROSAM v\u00e1m prin\u00e1\u0161a profesion\u00e1lny postup na pr\u00edpravu dokonalej \u0161\u00e1lky k\u00e1vy.","potentialAction":[{"@type":"SearchAction","target":{"@type":"EntryPoint","urlTemplate":"https:\/\/www.eurosam.sk\/?s={search_term_string}"},"query-input":"required name=search_term_string"}],"inLanguage":"en-US"}]}},"_links":{"self":[{"href":"https:\/\/www.eurosam.sk\/en\/wp-json\/wp\/v2\/product\/4380\/"}],"collection":[{"href":"https:\/\/www.eurosam.sk\/en\/wp-json\/wp\/v2\/product\/"}],"about":[{"href":"https:\/\/www.eurosam.sk\/en\/wp-json\/wp\/v2\/types\/product\/"}],"wp:featuredmedia":[{"embeddable":true,"href":"https:\/\/www.eurosam.sk\/en\/wp-json\/wp\/v2\/media\/4169\/"}],"wp:attachment":[{"href":"https:\/\/www.eurosam.sk\/en\/wp-json\/wp\/v2\/media\/?parent=4380"}],"curies":[{"name":"wp","href":"https:\/\/api.w.org\/{rel}","templated":true}]}}