{"id":4383,"date":"2018-10-26T14:30:55","date_gmt":"2019-02-09T12:09:18","guid":{"rendered":"https:\/\/www.eurosam.sk\/?post_type=product&#038;p=4383"},"modified":"2019-02-09T12:09:18","modified_gmt":"2019-02-09T12:09:18","slug":"green-tea-gingseng","status":"publish","type":"product","link":"https:\/\/www.eurosam.sk\/en\/obchod\/green-tea-gingseng\/","title":{"rendered":"Green Tea Gingseng"},"content":{"rendered":"<p>Green tea should always be refreshing and light. Bringing in subtle flavours of ginger and pineapple, a classic taste combo we have introduced ginseng to this green tea for an extra bit of lift and to complement the warm gingery spice. Whether you are a green tea beginner or a fan of green flavoured teas this one is for you. For anyone who finds green tea to be an acquired taste, temperature and brewing time are very important. Off the boil, or boiled then a dash of cold water added, brewing time should be up to but no longer than 5 minutes, we find 3 minutes to be perfect.<\/p>\n","protected":false},"excerpt":{"rendered":"<p><strong><span id=\"buy-now-hinge\" class=\"product-sub-heading\">Pineapple &amp; Ginger Green Tea<\/span><\/strong><\/p>\n<div class=\"short-description hide-sm\">\n<div class=\"std\">Very light, very fresh, smooth, sweet green tea. A harmonious balance of ginseng, ginger and pineapple blended with Sencha green tea leaf. Green Tea with Ginseng is said to naturally boost energy, help with weight loss, lower blood sugar and cholesterol levels, all whilst reducing stress and promoting relaxation within, look after your well-being<\/div>\n<\/div>\n<div><\/div>\n<div>Package: 1 x 250 g<\/div>\n","protected":false},"featured_media":4163,"template":"","meta":[],"acf":[],"yoast_head":"<!-- This site is optimized with the Yoast SEO plugin v21.2 - https:\/\/yoast.com\/wordpress\/plugins\/seo\/ -->\n<title>Green Tea Gingseng - Eurosam.sk<\/title>\n<meta name=\"robots\" content=\"index, follow, max-snippet:-1, max-image-preview:large, max-video-preview:-1\" \/>\n<link rel=\"canonical\" href=\"https:\/\/www.eurosam.sk\/en\/?post_type=product&p=2942\" \/>\n<meta property=\"og:locale\" content=\"en_US\" \/>\n<meta property=\"og:type\" content=\"article\" \/>\n<meta property=\"og:title\" content=\"Green Tea Gingseng - Eurosam.sk\" \/>\n<meta property=\"og:description\" content=\"Pineapple &amp; Ginger Green Tea  Very light, very fresh, smooth, sweet green tea. A harmonious balance of ginseng, ginger and pineapple blended with Sencha green tea leaf. Green Tea with Ginseng is said to naturally boost energy, help with weight loss, lower blood sugar and cholesterol levels, all whilst reducing stress and promoting relaxation within, look after your well-being   Package: 1 x 250 g\" \/>\n<meta property=\"og:url\" content=\"https:\/\/www.eurosam.sk\/?post_type=product&amp;p=2942\" \/>\n<meta property=\"og:site_name\" content=\"Eurosam.sk\" \/>\n<meta property=\"og:image\" content=\"https:\/\/www.eurosam.sk\/wp-content\/uploads\/2018\/10\/caj-suki-zeleny-s-zensenem-250g-green-tea-ginseng_488398.png\" \/>\n\t<meta property=\"og:image:width\" content=\"1820\" \/>\n\t<meta property=\"og:image:height\" content=\"1820\" \/>\n\t<meta property=\"og:image:type\" content=\"image\/png\" \/>\n<meta name=\"twitter:card\" content=\"summary_large_image\" \/>\n<meta name=\"twitter:label1\" content=\"Est. reading time\" \/>\n\t<meta name=\"twitter:data1\" content=\"1 minute\" \/>\n<script type=\"application\/ld+json\" class=\"yoast-schema-graph\">{\"@context\":\"https:\/\/schema.org\",\"@graph\":[{\"@type\":\"WebPage\",\"@id\":\"https:\/\/www.eurosam.sk\/?post_type=product&p=2942\",\"url\":\"https:\/\/www.eurosam.sk\/?post_type=product&p=2942\",\"name\":\"Green Tea Gingseng - Eurosam.sk\",\"isPartOf\":{\"@id\":\"https:\/\/www.eurosam.sk\/#website\"},\"datePublished\":\"2019-02-09T12:09:18+00:00\",\"dateModified\":\"2019-02-09T12:09:18+00:00\",\"breadcrumb\":{\"@id\":\"https:\/\/www.eurosam.sk\/?post_type=product&p=2942#breadcrumb\"},\"inLanguage\":\"en-US\",\"potentialAction\":[{\"@type\":\"ReadAction\",\"target\":[\"https:\/\/www.eurosam.sk\/?post_type=product&p=2942\"]}]},{\"@type\":\"BreadcrumbList\",\"@id\":\"https:\/\/www.eurosam.sk\/?post_type=product&p=2942#breadcrumb\",\"itemListElement\":[{\"@type\":\"ListItem\",\"position\":1,\"name\":\"Home\",\"item\":\"https:\/\/www.eurosam.sk\/\"},{\"@type\":\"ListItem\",\"position\":2,\"name\":\"Configurator\",\"item\":\"https:\/\/www.eurosam.sk\/en\/coffee-machine-configurator\/\"},{\"@type\":\"ListItem\",\"position\":3,\"name\":\"Green Tea Gingseng\"}]},{\"@type\":\"WebSite\",\"@id\":\"https:\/\/www.eurosam.sk\/#website\",\"url\":\"https:\/\/www.eurosam.sk\/\",\"name\":\"Eurosam.sk\",\"description\":\"EUROSAM v\u00e1m prin\u00e1\u0161a profesion\u00e1lny postup na pr\u00edpravu dokonalej \u0161\u00e1lky k\u00e1vy.\",\"potentialAction\":[{\"@type\":\"SearchAction\",\"target\":{\"@type\":\"EntryPoint\",\"urlTemplate\":\"https:\/\/www.eurosam.sk\/?s={search_term_string}\"},\"query-input\":\"required name=search_term_string\"}],\"inLanguage\":\"en-US\"}]}<\/script>\n<!-- \/ Yoast SEO plugin. -->","yoast_head_json":{"title":"Green Tea Gingseng - Eurosam.sk","robots":{"index":"index","follow":"follow","max-snippet":"max-snippet:-1","max-image-preview":"max-image-preview:large","max-video-preview":"max-video-preview:-1"},"canonical":"https:\/\/www.eurosam.sk\/en\/?post_type=product&p=2942","og_locale":"en_US","og_type":"article","og_title":"Green Tea Gingseng - Eurosam.sk","og_description":"Pineapple &amp; Ginger Green Tea  Very light, very fresh, smooth, sweet green tea. A harmonious balance of ginseng, ginger and pineapple blended with Sencha green tea leaf. Green Tea with Ginseng is said to naturally boost energy, help with weight loss, lower blood sugar and cholesterol levels, all whilst reducing stress and promoting relaxation within, look after your well-being   Package: 1 x 250 g","og_url":"https:\/\/www.eurosam.sk\/?post_type=product&p=2942","og_site_name":"Eurosam.sk","og_image":[{"width":1820,"height":1820,"url":"https:\/\/www.eurosam.sk\/wp-content\/uploads\/2018\/10\/caj-suki-zeleny-s-zensenem-250g-green-tea-ginseng_488398.png","type":"image\/png"}],"twitter_card":"summary_large_image","twitter_misc":{"Est. reading time":"1 minute"},"schema":{"@context":"https:\/\/schema.org","@graph":[{"@type":"WebPage","@id":"https:\/\/www.eurosam.sk\/?post_type=product&p=2942","url":"https:\/\/www.eurosam.sk\/?post_type=product&p=2942","name":"Green Tea Gingseng - Eurosam.sk","isPartOf":{"@id":"https:\/\/www.eurosam.sk\/#website"},"datePublished":"2019-02-09T12:09:18+00:00","dateModified":"2019-02-09T12:09:18+00:00","breadcrumb":{"@id":"https:\/\/www.eurosam.sk\/?post_type=product&p=2942#breadcrumb"},"inLanguage":"en-US","potentialAction":[{"@type":"ReadAction","target":["https:\/\/www.eurosam.sk\/?post_type=product&p=2942"]}]},{"@type":"BreadcrumbList","@id":"https:\/\/www.eurosam.sk\/?post_type=product&p=2942#breadcrumb","itemListElement":[{"@type":"ListItem","position":1,"name":"Home","item":"https:\/\/www.eurosam.sk\/"},{"@type":"ListItem","position":2,"name":"Configurator","item":"https:\/\/www.eurosam.sk\/en\/coffee-machine-configurator\/"},{"@type":"ListItem","position":3,"name":"Green Tea Gingseng"}]},{"@type":"WebSite","@id":"https:\/\/www.eurosam.sk\/#website","url":"https:\/\/www.eurosam.sk\/","name":"Eurosam.sk","description":"EUROSAM v\u00e1m prin\u00e1\u0161a profesion\u00e1lny postup na pr\u00edpravu dokonalej \u0161\u00e1lky k\u00e1vy.","potentialAction":[{"@type":"SearchAction","target":{"@type":"EntryPoint","urlTemplate":"https:\/\/www.eurosam.sk\/?s={search_term_string}"},"query-input":"required name=search_term_string"}],"inLanguage":"en-US"}]}},"_links":{"self":[{"href":"https:\/\/www.eurosam.sk\/en\/wp-json\/wp\/v2\/product\/4383\/"}],"collection":[{"href":"https:\/\/www.eurosam.sk\/en\/wp-json\/wp\/v2\/product\/"}],"about":[{"href":"https:\/\/www.eurosam.sk\/en\/wp-json\/wp\/v2\/types\/product\/"}],"wp:featuredmedia":[{"embeddable":true,"href":"https:\/\/www.eurosam.sk\/en\/wp-json\/wp\/v2\/media\/4163\/"}],"wp:attachment":[{"href":"https:\/\/www.eurosam.sk\/en\/wp-json\/wp\/v2\/media\/?parent=4383"}],"curies":[{"name":"wp","href":"https:\/\/api.w.org\/{rel}","templated":true}]}}