{"id":4384,"date":"2018-10-26T14:30:55","date_gmt":"2019-02-09T12:11:57","guid":{"rendered":"https:\/\/www.eurosam.sk\/?post_type=product&#038;p=4384"},"modified":"2019-02-09T12:11:57","modified_gmt":"2019-02-09T12:11:57","slug":"oolong-orange-blossom","status":"publish","type":"product","link":"https:\/\/www.eurosam.sk\/en\/obchod\/oolong-orange-blossom\/","title":{"rendered":"Oolong Orange Blossom"},"content":{"rendered":"<p>The smooth flavour of beautifully twisted China Oolong combined with the delicate fragrant orange blossom, together produce a light and airy character with delicate citrus notes. Wow! We should have introduced this Oolong time ago. Oolong tea is a traditional Chinese tea produced through a unique process including withering the plant under the strong sun and oxidation before curling and twisting.<\/p>\n","protected":false},"excerpt":{"rendered":"<p><strong><span id=\"buy-now-hinge\" class=\"product-sub-heading\">Lightly toasted, Orange hints<\/span><\/strong><\/p>\n<div class=\"short-description hide-sm\">\n<div class=\"std\">This combo produces a light and airy character with delicate citrus notes. A favourite at Suki HQ already!<\/p>\n<p>Oolong Orange Blossom picked up the top award of 3 stars at the Great Taste Awards 2016, the pale liquor was praised by the judges for its delivery of \u201cdelicately citrus and floral flavours as well as a pleasing savoury note.<\/p><\/div>\n<\/div>\n<div><\/div>\n<div>Package: 1 x 250 g<\/div>\n","protected":false},"featured_media":4165,"template":"","meta":[],"acf":[],"yoast_head":"<!-- This site is optimized with the Yoast SEO plugin v21.2 - https:\/\/yoast.com\/wordpress\/plugins\/seo\/ -->\n<title>Oolong Orange Blossom - Eurosam.sk<\/title>\n<meta name=\"robots\" content=\"index, follow, max-snippet:-1, max-image-preview:large, max-video-preview:-1\" \/>\n<link rel=\"canonical\" href=\"https:\/\/www.eurosam.sk\/en\/?post_type=product&p=2946\" \/>\n<meta property=\"og:locale\" content=\"en_US\" \/>\n<meta property=\"og:type\" content=\"article\" \/>\n<meta property=\"og:title\" content=\"Oolong Orange Blossom - Eurosam.sk\" \/>\n<meta property=\"og:description\" content=\"Lightly toasted, Orange hints  This combo produces a light and airy character with delicate citrus notes. A favourite at Suki HQ already!  Oolong Orange Blossom picked up the top award of 3 stars at the Great Taste Awards 2016, the pale liquor was praised by the judges for its delivery of \u201cdelicately citrus and floral flavours as well as a pleasing savoury note.   Package: 1 x 250 g\" \/>\n<meta property=\"og:url\" content=\"https:\/\/www.eurosam.sk\/?post_type=product&amp;p=2946\" \/>\n<meta property=\"og:site_name\" content=\"Eurosam.sk\" \/>\n<meta property=\"og:image\" content=\"https:\/\/www.eurosam.sk\/wp-content\/uploads\/2018\/10\/caj-suki-oolong-pomerancove-kvety-250g-oolong-orange-blossom_488405-min.png\" \/>\n\t<meta property=\"og:image:width\" content=\"1873\" \/>\n\t<meta property=\"og:image:height\" content=\"1873\" \/>\n\t<meta property=\"og:image:type\" content=\"image\/png\" \/>\n<meta name=\"twitter:card\" content=\"summary_large_image\" \/>\n<script type=\"application\/ld+json\" class=\"yoast-schema-graph\">{\"@context\":\"https:\/\/schema.org\",\"@graph\":[{\"@type\":\"WebPage\",\"@id\":\"https:\/\/www.eurosam.sk\/?post_type=product&p=2946\",\"url\":\"https:\/\/www.eurosam.sk\/?post_type=product&p=2946\",\"name\":\"Oolong Orange Blossom - Eurosam.sk\",\"isPartOf\":{\"@id\":\"https:\/\/www.eurosam.sk\/#website\"},\"datePublished\":\"2019-02-09T12:11:57+00:00\",\"dateModified\":\"2019-02-09T12:11:57+00:00\",\"breadcrumb\":{\"@id\":\"https:\/\/www.eurosam.sk\/?post_type=product&p=2946#breadcrumb\"},\"inLanguage\":\"en-US\",\"potentialAction\":[{\"@type\":\"ReadAction\",\"target\":[\"https:\/\/www.eurosam.sk\/?post_type=product&p=2946\"]}]},{\"@type\":\"BreadcrumbList\",\"@id\":\"https:\/\/www.eurosam.sk\/?post_type=product&p=2946#breadcrumb\",\"itemListElement\":[{\"@type\":\"ListItem\",\"position\":1,\"name\":\"Home\",\"item\":\"https:\/\/www.eurosam.sk\/\"},{\"@type\":\"ListItem\",\"position\":2,\"name\":\"Configurator\",\"item\":\"https:\/\/www.eurosam.sk\/en\/coffee-machine-configurator\/\"},{\"@type\":\"ListItem\",\"position\":3,\"name\":\"Oolong Orange Blossom\"}]},{\"@type\":\"WebSite\",\"@id\":\"https:\/\/www.eurosam.sk\/#website\",\"url\":\"https:\/\/www.eurosam.sk\/\",\"name\":\"Eurosam.sk\",\"description\":\"EUROSAM v\u00e1m prin\u00e1\u0161a profesion\u00e1lny postup na pr\u00edpravu dokonalej \u0161\u00e1lky k\u00e1vy.\",\"potentialAction\":[{\"@type\":\"SearchAction\",\"target\":{\"@type\":\"EntryPoint\",\"urlTemplate\":\"https:\/\/www.eurosam.sk\/?s={search_term_string}\"},\"query-input\":\"required name=search_term_string\"}],\"inLanguage\":\"en-US\"}]}<\/script>\n<!-- \/ Yoast SEO plugin. -->","yoast_head_json":{"title":"Oolong Orange Blossom - Eurosam.sk","robots":{"index":"index","follow":"follow","max-snippet":"max-snippet:-1","max-image-preview":"max-image-preview:large","max-video-preview":"max-video-preview:-1"},"canonical":"https:\/\/www.eurosam.sk\/en\/?post_type=product&p=2946","og_locale":"en_US","og_type":"article","og_title":"Oolong Orange Blossom - Eurosam.sk","og_description":"Lightly toasted, Orange hints  This combo produces a light and airy character with delicate citrus notes. A favourite at Suki HQ already!  Oolong Orange Blossom picked up the top award of 3 stars at the Great Taste Awards 2016, the pale liquor was praised by the judges for its delivery of \u201cdelicately citrus and floral flavours as well as a pleasing savoury note.   Package: 1 x 250 g","og_url":"https:\/\/www.eurosam.sk\/?post_type=product&p=2946","og_site_name":"Eurosam.sk","og_image":[{"width":1873,"height":1873,"url":"https:\/\/www.eurosam.sk\/wp-content\/uploads\/2018\/10\/caj-suki-oolong-pomerancove-kvety-250g-oolong-orange-blossom_488405-min.png","type":"image\/png"}],"twitter_card":"summary_large_image","schema":{"@context":"https:\/\/schema.org","@graph":[{"@type":"WebPage","@id":"https:\/\/www.eurosam.sk\/?post_type=product&p=2946","url":"https:\/\/www.eurosam.sk\/?post_type=product&p=2946","name":"Oolong Orange Blossom - Eurosam.sk","isPartOf":{"@id":"https:\/\/www.eurosam.sk\/#website"},"datePublished":"2019-02-09T12:11:57+00:00","dateModified":"2019-02-09T12:11:57+00:00","breadcrumb":{"@id":"https:\/\/www.eurosam.sk\/?post_type=product&p=2946#breadcrumb"},"inLanguage":"en-US","potentialAction":[{"@type":"ReadAction","target":["https:\/\/www.eurosam.sk\/?post_type=product&p=2946"]}]},{"@type":"BreadcrumbList","@id":"https:\/\/www.eurosam.sk\/?post_type=product&p=2946#breadcrumb","itemListElement":[{"@type":"ListItem","position":1,"name":"Home","item":"https:\/\/www.eurosam.sk\/"},{"@type":"ListItem","position":2,"name":"Configurator","item":"https:\/\/www.eurosam.sk\/en\/coffee-machine-configurator\/"},{"@type":"ListItem","position":3,"name":"Oolong Orange Blossom"}]},{"@type":"WebSite","@id":"https:\/\/www.eurosam.sk\/#website","url":"https:\/\/www.eurosam.sk\/","name":"Eurosam.sk","description":"EUROSAM v\u00e1m prin\u00e1\u0161a profesion\u00e1lny postup na pr\u00edpravu dokonalej \u0161\u00e1lky k\u00e1vy.","potentialAction":[{"@type":"SearchAction","target":{"@type":"EntryPoint","urlTemplate":"https:\/\/www.eurosam.sk\/?s={search_term_string}"},"query-input":"required name=search_term_string"}],"inLanguage":"en-US"}]}},"_links":{"self":[{"href":"https:\/\/www.eurosam.sk\/en\/wp-json\/wp\/v2\/product\/4384\/"}],"collection":[{"href":"https:\/\/www.eurosam.sk\/en\/wp-json\/wp\/v2\/product\/"}],"about":[{"href":"https:\/\/www.eurosam.sk\/en\/wp-json\/wp\/v2\/types\/product\/"}],"wp:featuredmedia":[{"embeddable":true,"href":"https:\/\/www.eurosam.sk\/en\/wp-json\/wp\/v2\/media\/4165\/"}],"wp:attachment":[{"href":"https:\/\/www.eurosam.sk\/en\/wp-json\/wp\/v2\/media\/?parent=4384"}],"curies":[{"name":"wp","href":"https:\/\/api.w.org\/{rel}","templated":true}]}}