{"id":4391,"date":"2018-10-26T14:30:51","date_gmt":"2019-02-09T12:22:10","guid":{"rendered":"https:\/\/www.eurosam.sk\/?post_type=product&#038;p=4391"},"modified":"2019-02-09T12:22:33","modified_gmt":"2019-02-09T12:22:33","slug":"jablko-mata-retail","status":"publish","type":"product","link":"https:\/\/www.eurosam.sk\/en\/obchod\/jablko-mata-retail\/","title":{"rendered":"Apple-mint Retail"},"content":{"rendered":"<p>This fruit tea seems to get people very excited and quite rightly so. A little bag of hidden gems. The baby rose buds and papaya chunks could almost be mistaken for jewels. A layered flavour of sweet apple and papaya, followed by a subtle rose hint and finally fresh mint. Visually stunning and a proper treat to drink, a Great Taste Award Winner this herbal infusion was award the top accolade of 3 Stars and listed in the Top 50 foods in the UK.<\/p>\n<p>&nbsp;<\/p>\n","protected":false},"excerpt":{"rendered":"<p><strong><span id=\"buy-now-hinge\" class=\"product-sub-heading\">Nostalgic, Like Sweeties<\/span><\/strong><\/p>\n<div class=\"short-description hide-sm\">\n<div class=\"std\">Apple Loves Mint fruit tea is inspired by a bag of sweets. A beautiful tea on the eye, complete with rose buds (so cute). This mint tea has Apple and playful papaya sweetness, a subtle hint of rose blossom, then mint finish. Caffeine Free &amp; a well known favourite at Suki HQ!<\/div>\n<\/div>\n<div><\/div>\n<div>Package: 6 x 80g<\/div>\n","protected":false},"featured_media":4160,"template":"","meta":[],"acf":[],"yoast_head":"<!-- This site is optimized with the Yoast SEO plugin v21.2 - https:\/\/yoast.com\/wordpress\/plugins\/seo\/ -->\n<title>Apple-mint Retail - Eurosam.sk<\/title>\n<meta name=\"robots\" content=\"index, follow, max-snippet:-1, max-image-preview:large, max-video-preview:-1\" \/>\n<link rel=\"canonical\" href=\"https:\/\/www.eurosam.sk\/en\/obchod\/jablko-mata-retail\/\" \/>\n<meta property=\"og:locale\" content=\"en_US\" \/>\n<meta property=\"og:type\" content=\"article\" \/>\n<meta property=\"og:title\" content=\"Apple-mint Retail - Eurosam.sk\" \/>\n<meta property=\"og:description\" content=\"Nostalgic, Like Sweeties  Apple Loves Mint fruit tea is inspired by a bag of sweets. A beautiful tea on the eye, complete with rose buds (so cute). This mint tea has Apple and playful papaya sweetness, a subtle hint of rose blossom, then mint finish. Caffeine Free &amp; a well known favourite at Suki HQ!   Package: 6 x 80g\" \/>\n<meta property=\"og:url\" content=\"https:\/\/www.eurosam.sk\/en\/obchod\/jablko-mata-retail\/\" \/>\n<meta property=\"og:site_name\" content=\"Eurosam.sk\" \/>\n<meta property=\"article:modified_time\" content=\"2019-02-09T12:22:33+00:00\" \/>\n<meta property=\"og:image\" content=\"https:\/\/www.eurosam.sk\/wp-content\/uploads\/2018\/10\/caj-suki-retail_ruzne-druhy-min-1009x1024.png\" \/>\n\t<meta property=\"og:image:width\" content=\"1009\" \/>\n\t<meta property=\"og:image:height\" content=\"1024\" \/>\n\t<meta property=\"og:image:type\" content=\"image\/png\" \/>\n<meta name=\"twitter:card\" content=\"summary_large_image\" \/>\n<script type=\"application\/ld+json\" class=\"yoast-schema-graph\">{\"@context\":\"https:\/\/schema.org\",\"@graph\":[{\"@type\":\"WebPage\",\"@id\":\"https:\/\/www.eurosam.sk\/en\/obchod\/jablko-mata-retail\/\",\"url\":\"https:\/\/www.eurosam.sk\/en\/obchod\/jablko-mata-retail\/\",\"name\":\"Apple-mint Retail - Eurosam.sk\",\"isPartOf\":{\"@id\":\"https:\/\/www.eurosam.sk\/#website\"},\"datePublished\":\"2019-02-09T12:22:10+00:00\",\"dateModified\":\"2019-02-09T12:22:33+00:00\",\"breadcrumb\":{\"@id\":\"https:\/\/www.eurosam.sk\/en\/obchod\/jablko-mata-retail\/#breadcrumb\"},\"inLanguage\":\"en-US\",\"potentialAction\":[{\"@type\":\"ReadAction\",\"target\":[\"https:\/\/www.eurosam.sk\/en\/obchod\/jablko-mata-retail\/\"]}]},{\"@type\":\"BreadcrumbList\",\"@id\":\"https:\/\/www.eurosam.sk\/en\/obchod\/jablko-mata-retail\/#breadcrumb\",\"itemListElement\":[{\"@type\":\"ListItem\",\"position\":1,\"name\":\"Home\",\"item\":\"https:\/\/www.eurosam.sk\/\"},{\"@type\":\"ListItem\",\"position\":2,\"name\":\"Configurator\",\"item\":\"https:\/\/www.eurosam.sk\/en\/coffee-machine-configurator\/\"},{\"@type\":\"ListItem\",\"position\":3,\"name\":\"Apple-mint Retail\"}]},{\"@type\":\"WebSite\",\"@id\":\"https:\/\/www.eurosam.sk\/#website\",\"url\":\"https:\/\/www.eurosam.sk\/\",\"name\":\"Eurosam.sk\",\"description\":\"EUROSAM v\u00e1m prin\u00e1\u0161a profesion\u00e1lny postup na pr\u00edpravu dokonalej \u0161\u00e1lky k\u00e1vy.\",\"potentialAction\":[{\"@type\":\"SearchAction\",\"target\":{\"@type\":\"EntryPoint\",\"urlTemplate\":\"https:\/\/www.eurosam.sk\/?s={search_term_string}\"},\"query-input\":\"required name=search_term_string\"}],\"inLanguage\":\"en-US\"}]}<\/script>\n<!-- \/ Yoast SEO plugin. -->","yoast_head_json":{"title":"Apple-mint Retail - Eurosam.sk","robots":{"index":"index","follow":"follow","max-snippet":"max-snippet:-1","max-image-preview":"max-image-preview:large","max-video-preview":"max-video-preview:-1"},"canonical":"https:\/\/www.eurosam.sk\/en\/obchod\/jablko-mata-retail\/","og_locale":"en_US","og_type":"article","og_title":"Apple-mint Retail - Eurosam.sk","og_description":"Nostalgic, Like Sweeties  Apple Loves Mint fruit tea is inspired by a bag of sweets. A beautiful tea on the eye, complete with rose buds (so cute). This mint tea has Apple and playful papaya sweetness, a subtle hint of rose blossom, then mint finish. Caffeine Free &amp; a well known favourite at Suki HQ!   Package: 6 x 80g","og_url":"https:\/\/www.eurosam.sk\/en\/obchod\/jablko-mata-retail\/","og_site_name":"Eurosam.sk","article_modified_time":"2019-02-09T12:22:33+00:00","og_image":[{"width":"1009","height":"1024","url":"https:\/\/www.eurosam.sk\/wp-content\/uploads\/2018\/10\/caj-suki-retail_ruzne-druhy-min-1009x1024.png","type":"image\/png"}],"twitter_card":"summary_large_image","schema":{"@context":"https:\/\/schema.org","@graph":[{"@type":"WebPage","@id":"https:\/\/www.eurosam.sk\/en\/obchod\/jablko-mata-retail\/","url":"https:\/\/www.eurosam.sk\/en\/obchod\/jablko-mata-retail\/","name":"Apple-mint Retail - Eurosam.sk","isPartOf":{"@id":"https:\/\/www.eurosam.sk\/#website"},"datePublished":"2019-02-09T12:22:10+00:00","dateModified":"2019-02-09T12:22:33+00:00","breadcrumb":{"@id":"https:\/\/www.eurosam.sk\/en\/obchod\/jablko-mata-retail\/#breadcrumb"},"inLanguage":"en-US","potentialAction":[{"@type":"ReadAction","target":["https:\/\/www.eurosam.sk\/en\/obchod\/jablko-mata-retail\/"]}]},{"@type":"BreadcrumbList","@id":"https:\/\/www.eurosam.sk\/en\/obchod\/jablko-mata-retail\/#breadcrumb","itemListElement":[{"@type":"ListItem","position":1,"name":"Home","item":"https:\/\/www.eurosam.sk\/"},{"@type":"ListItem","position":2,"name":"Configurator","item":"https:\/\/www.eurosam.sk\/en\/coffee-machine-configurator\/"},{"@type":"ListItem","position":3,"name":"Apple-mint Retail"}]},{"@type":"WebSite","@id":"https:\/\/www.eurosam.sk\/#website","url":"https:\/\/www.eurosam.sk\/","name":"Eurosam.sk","description":"EUROSAM v\u00e1m prin\u00e1\u0161a profesion\u00e1lny postup na pr\u00edpravu dokonalej \u0161\u00e1lky k\u00e1vy.","potentialAction":[{"@type":"SearchAction","target":{"@type":"EntryPoint","urlTemplate":"https:\/\/www.eurosam.sk\/?s={search_term_string}"},"query-input":"required name=search_term_string"}],"inLanguage":"en-US"}]}},"_links":{"self":[{"href":"https:\/\/www.eurosam.sk\/en\/wp-json\/wp\/v2\/product\/4391\/"}],"collection":[{"href":"https:\/\/www.eurosam.sk\/en\/wp-json\/wp\/v2\/product\/"}],"about":[{"href":"https:\/\/www.eurosam.sk\/en\/wp-json\/wp\/v2\/types\/product\/"}],"wp:featuredmedia":[{"embeddable":true,"href":"https:\/\/www.eurosam.sk\/en\/wp-json\/wp\/v2\/media\/4160\/"}],"wp:attachment":[{"href":"https:\/\/www.eurosam.sk\/en\/wp-json\/wp\/v2\/media\/?parent=4391"}],"curies":[{"name":"wp","href":"https:\/\/api.w.org\/{rel}","templated":true}]}}