{"id":4457,"date":"2018-07-23T13:24:04","date_gmt":"2018-07-23T13:24:04","guid":{"rendered":"https:\/\/www.eurosam.sk\/obchod\/bestmin-m-premium-exchange-filter\/"},"modified":"2019-02-13T13:48:46","modified_gmt":"2019-02-13T13:48:46","slug":"bestmin-m-premium-exchange-filter","status":"publish","type":"product","link":"https:\/\/www.eurosam.sk\/en\/obchod\/bestmin-m-premium-exchange-filter\/","title":{"rendered":"Bestmin M Premium &#8211; exchange filter"},"content":{"rendered":"","protected":false},"excerpt":{"rendered":"<p>The Bestmin M premium filter reduces carbonate hardness of the drinking water and greatly reduces risk of sedimentation in the machines. The filter binds metal ions (such as lead and copper) and reduces substances that can negatively affect taste and scent (eg.\u00a0 chlorine residues).<\/p>\n","protected":false},"featured_media":3978,"template":"","meta":[],"acf":[],"yoast_head":"<!-- This site is optimized with the Yoast SEO plugin v21.2 - https:\/\/yoast.com\/wordpress\/plugins\/seo\/ -->\n<title>Bestmin M Premium - exchange filter - Eurosam.sk<\/title>\n<meta name=\"robots\" content=\"index, follow, max-snippet:-1, max-image-preview:large, max-video-preview:-1\" \/>\n<link rel=\"canonical\" href=\"https:\/\/www.eurosam.sk\/en\/obchod\/bestmin-m-premium-exchange-filter\/\" \/>\n<meta property=\"og:locale\" content=\"en_US\" \/>\n<meta property=\"og:type\" content=\"article\" \/>\n<meta property=\"og:title\" content=\"Bestmin M Premium - exchange filter - Eurosam.sk\" \/>\n<meta property=\"og:description\" content=\"The Bestmin M premium filter reduces carbonate hardness of the drinking water and greatly reduces risk of sedimentation in the machines. The filter binds metal ions (such as lead and copper) and reduces substances that can negatively affect taste and scent (eg.\u00a0 chlorine residues).\" \/>\n<meta property=\"og:url\" content=\"https:\/\/www.eurosam.sk\/en\/obchod\/bestmin-m-premium-exchange-filter\/\" \/>\n<meta property=\"og:site_name\" content=\"Eurosam.sk\" \/>\n<meta property=\"article:modified_time\" content=\"2019-02-13T13:48:46+00:00\" \/>\n<meta property=\"og:image\" content=\"https:\/\/www.eurosam.sk\/wp-content\/uploads\/2018\/07\/obrazok19.png\" \/>\n\t<meta property=\"og:image:width\" content=\"1000\" \/>\n\t<meta property=\"og:image:height\" content=\"875\" \/>\n\t<meta property=\"og:image:type\" content=\"image\/png\" \/>\n<meta name=\"twitter:card\" content=\"summary_large_image\" \/>\n<script type=\"application\/ld+json\" class=\"yoast-schema-graph\">{\"@context\":\"https:\/\/schema.org\",\"@graph\":[{\"@type\":\"WebPage\",\"@id\":\"https:\/\/www.eurosam.sk\/en\/obchod\/bestmin-m-premium-exchange-filter\/\",\"url\":\"https:\/\/www.eurosam.sk\/en\/obchod\/bestmin-m-premium-exchange-filter\/\",\"name\":\"Bestmin M Premium - exchange filter - Eurosam.sk\",\"isPartOf\":{\"@id\":\"https:\/\/www.eurosam.sk\/#website\"},\"datePublished\":\"2018-07-23T13:24:04+00:00\",\"dateModified\":\"2019-02-13T13:48:46+00:00\",\"breadcrumb\":{\"@id\":\"https:\/\/www.eurosam.sk\/en\/obchod\/bestmin-m-premium-exchange-filter\/#breadcrumb\"},\"inLanguage\":\"en-US\",\"potentialAction\":[{\"@type\":\"ReadAction\",\"target\":[\"https:\/\/www.eurosam.sk\/en\/obchod\/bestmin-m-premium-exchange-filter\/\"]}]},{\"@type\":\"BreadcrumbList\",\"@id\":\"https:\/\/www.eurosam.sk\/en\/obchod\/bestmin-m-premium-exchange-filter\/#breadcrumb\",\"itemListElement\":[{\"@type\":\"ListItem\",\"position\":1,\"name\":\"Home\",\"item\":\"https:\/\/www.eurosam.sk\/\"},{\"@type\":\"ListItem\",\"position\":2,\"name\":\"Configurator\",\"item\":\"https:\/\/www.eurosam.sk\/en\/coffee-machine-configurator\/\"},{\"@type\":\"ListItem\",\"position\":3,\"name\":\"Bestmin M Premium &#8211; exchange filter\"}]},{\"@type\":\"WebSite\",\"@id\":\"https:\/\/www.eurosam.sk\/#website\",\"url\":\"https:\/\/www.eurosam.sk\/\",\"name\":\"Eurosam.sk\",\"description\":\"EUROSAM v\u00e1m prin\u00e1\u0161a profesion\u00e1lny postup na pr\u00edpravu dokonalej \u0161\u00e1lky k\u00e1vy.\",\"potentialAction\":[{\"@type\":\"SearchAction\",\"target\":{\"@type\":\"EntryPoint\",\"urlTemplate\":\"https:\/\/www.eurosam.sk\/?s={search_term_string}\"},\"query-input\":\"required name=search_term_string\"}],\"inLanguage\":\"en-US\"}]}<\/script>\n<!-- \/ Yoast SEO plugin. -->","yoast_head_json":{"title":"Bestmin M Premium - exchange filter - Eurosam.sk","robots":{"index":"index","follow":"follow","max-snippet":"max-snippet:-1","max-image-preview":"max-image-preview:large","max-video-preview":"max-video-preview:-1"},"canonical":"https:\/\/www.eurosam.sk\/en\/obchod\/bestmin-m-premium-exchange-filter\/","og_locale":"en_US","og_type":"article","og_title":"Bestmin M Premium - exchange filter - Eurosam.sk","og_description":"The Bestmin M premium filter reduces carbonate hardness of the drinking water and greatly reduces risk of sedimentation in the machines. The filter binds metal ions (such as lead and copper) and reduces substances that can negatively affect taste and scent (eg.\u00a0 chlorine residues).","og_url":"https:\/\/www.eurosam.sk\/en\/obchod\/bestmin-m-premium-exchange-filter\/","og_site_name":"Eurosam.sk","article_modified_time":"2019-02-13T13:48:46+00:00","og_image":[{"width":1000,"height":875,"url":"https:\/\/www.eurosam.sk\/wp-content\/uploads\/2018\/07\/obrazok19.png","type":"image\/png"}],"twitter_card":"summary_large_image","schema":{"@context":"https:\/\/schema.org","@graph":[{"@type":"WebPage","@id":"https:\/\/www.eurosam.sk\/en\/obchod\/bestmin-m-premium-exchange-filter\/","url":"https:\/\/www.eurosam.sk\/en\/obchod\/bestmin-m-premium-exchange-filter\/","name":"Bestmin M Premium - exchange filter - Eurosam.sk","isPartOf":{"@id":"https:\/\/www.eurosam.sk\/#website"},"datePublished":"2018-07-23T13:24:04+00:00","dateModified":"2019-02-13T13:48:46+00:00","breadcrumb":{"@id":"https:\/\/www.eurosam.sk\/en\/obchod\/bestmin-m-premium-exchange-filter\/#breadcrumb"},"inLanguage":"en-US","potentialAction":[{"@type":"ReadAction","target":["https:\/\/www.eurosam.sk\/en\/obchod\/bestmin-m-premium-exchange-filter\/"]}]},{"@type":"BreadcrumbList","@id":"https:\/\/www.eurosam.sk\/en\/obchod\/bestmin-m-premium-exchange-filter\/#breadcrumb","itemListElement":[{"@type":"ListItem","position":1,"name":"Home","item":"https:\/\/www.eurosam.sk\/"},{"@type":"ListItem","position":2,"name":"Configurator","item":"https:\/\/www.eurosam.sk\/en\/coffee-machine-configurator\/"},{"@type":"ListItem","position":3,"name":"Bestmin M Premium &#8211; exchange filter"}]},{"@type":"WebSite","@id":"https:\/\/www.eurosam.sk\/#website","url":"https:\/\/www.eurosam.sk\/","name":"Eurosam.sk","description":"EUROSAM v\u00e1m prin\u00e1\u0161a profesion\u00e1lny postup na pr\u00edpravu dokonalej \u0161\u00e1lky k\u00e1vy.","potentialAction":[{"@type":"SearchAction","target":{"@type":"EntryPoint","urlTemplate":"https:\/\/www.eurosam.sk\/?s={search_term_string}"},"query-input":"required name=search_term_string"}],"inLanguage":"en-US"}]}},"_links":{"self":[{"href":"https:\/\/www.eurosam.sk\/en\/wp-json\/wp\/v2\/product\/4457\/"}],"collection":[{"href":"https:\/\/www.eurosam.sk\/en\/wp-json\/wp\/v2\/product\/"}],"about":[{"href":"https:\/\/www.eurosam.sk\/en\/wp-json\/wp\/v2\/types\/product\/"}],"wp:featuredmedia":[{"embeddable":true,"href":"https:\/\/www.eurosam.sk\/en\/wp-json\/wp\/v2\/media\/3978\/"}],"wp:attachment":[{"href":"https:\/\/www.eurosam.sk\/en\/wp-json\/wp\/v2\/media\/?parent=4457"}],"curies":[{"name":"wp","href":"https:\/\/api.w.org\/{rel}","templated":true}]}}