{"id":4466,"date":"2017-11-03T15:31:08","date_gmt":"2017-11-03T15:31:08","guid":{"rendered":"https:\/\/www.eurosam.sk\/obchod\/pk-kvdw-spirit-duette\/"},"modified":"2017-11-03T15:31:08","modified_gmt":"2017-11-03T15:31:08","slug":"pk-kvdw-spirit-duette","status":"publish","type":"product","link":"https:\/\/www.eurosam.sk\/en\/obchod\/pk-kvdw-spirit-duette\/","title":{"rendered":"PK KvdW Spirit Duette \/ Triplette"},"content":{"rendered":"<ul>\n<li>Standard equipped with 2 external pumps. One to extract coffee, one to re-fill the steam boiler and to add some cold water to the hot water spout.<\/li>\n<li>Shot timers, installed in full view, right above each group.<\/li>\n<li>Illuminated rear panel, optionally with printed custom logo.<\/li>\n<li>Auto-back-flush program, all groups pressurize and discharge simultaneously 8 times.<\/li>\n<li>One separate PID temperature controller for each boiler.<\/li>\n<li>Energy saving Eco mode on each temperature controller, for nights and\/or weekends.<\/li>\n<li>Energy saving hot water system. Some cold is added to the hot water, so less heated water is needed.<\/li>\n<li>Choice of touch pad to activate the group.<\/li>\n<li>Drip tray quickly adjustable in height, optionally a raised tray.<\/li>\n<li>Stainless steel filter holders with KvdW POM handles.<\/li>\n<li>Slow automatic infusion process, with step less build of pressure to full extraction mode. This allows a finer grind, creating more surface, so a higher yield in the cup, less chance on channelling,\u00a0\u00a0 preventing fines to travel down.<\/li>\n<li>Wide choice in filter baskets, both sizes as types.<\/li>\n<li>Rubber group gaskets remain flexible forever, do not become hard or brittle.<\/li>\n<li>Membrane type group screen, very nice dispersion, less coffee sucked up by discharge of pressure at end of extraction. Remains clean longer.<\/li>\n<li>Heat neutral polymer dispersion block, no loss of heat, no baking on of oils and fats, remains clean longer.<\/li>\n<li>Heavily protected heating element (extra safety level probe, cut-out switch with feeler against element in water, machine shuts down when any of the solenoid valves remains open for longer than 120 seconds).<\/li>\n<li>Entire frame in stainless steel only, powder coated in crackle black, optionally bare.<\/li>\n<li>Large steam boiler capacity:10.5ltr. with Duette, 19.5ltr. for the Triplette.<\/li>\n<li>Large coffee boiler capacity, total of 2.1ltr. each.<\/li>\n<li>Elevated position of body, easy cleaning of bar surface, yet low enough to allow comfortable barista-customer contact.<\/li>\n<\/ul>\n","protected":false},"excerpt":{"rendered":"<p>Spirit was created with one goal: a machine that can handle everything. Spirit combines hyper-quality Speedster and high performance. It is equipped with several boilers. Each boiler has its own spiral and is particularly adjustable to the desired temperature. Spirit offers extreme temperature stability. Spirit Duette and Spirit Triplette.<\/p>\n","protected":false},"featured_media":3622,"template":"","meta":[],"acf":[],"yoast_head":"<!-- This site is optimized with the Yoast SEO plugin v21.2 - https:\/\/yoast.com\/wordpress\/plugins\/seo\/ -->\n<title>PK KvdW Spirit Duette \/ Triplette - Eurosam.sk<\/title>\n<meta name=\"robots\" content=\"index, follow, max-snippet:-1, max-image-preview:large, max-video-preview:-1\" \/>\n<link rel=\"canonical\" href=\"https:\/\/www.eurosam.sk\/en\/obchod\/pk-kvdw-spirit-duette\/\" \/>\n<meta property=\"og:locale\" content=\"en_US\" \/>\n<meta property=\"og:type\" content=\"article\" \/>\n<meta property=\"og:title\" content=\"PK KvdW Spirit Duette \/ Triplette - Eurosam.sk\" \/>\n<meta property=\"og:description\" content=\"Spirit was created with one goal: a machine that can handle everything. Spirit combines hyper-quality Speedster and high performance. It is equipped with several boilers. Each boiler has its own spiral and is particularly adjustable to the desired temperature. Spirit offers extreme temperature stability. Spirit Duette and Spirit Triplette.\" \/>\n<meta property=\"og:url\" content=\"https:\/\/www.eurosam.sk\/en\/obchod\/pk-kvdw-spirit-duette\/\" \/>\n<meta property=\"og:site_name\" content=\"Eurosam.sk\" \/>\n<meta property=\"og:image\" content=\"https:\/\/www.eurosam.sk\/wp-content\/uploads\/2017\/11\/duette1-3.png\" \/>\n\t<meta property=\"og:image:width\" content=\"1200\" \/>\n\t<meta property=\"og:image:height\" content=\"1167\" \/>\n\t<meta property=\"og:image:type\" content=\"image\/png\" \/>\n<meta name=\"twitter:card\" content=\"summary_large_image\" \/>\n<meta name=\"twitter:label1\" content=\"Est. reading time\" \/>\n\t<meta name=\"twitter:data1\" content=\"1 minute\" \/>\n<script type=\"application\/ld+json\" class=\"yoast-schema-graph\">{\"@context\":\"https:\/\/schema.org\",\"@graph\":[{\"@type\":\"WebPage\",\"@id\":\"https:\/\/www.eurosam.sk\/en\/obchod\/pk-kvdw-spirit-duette\/\",\"url\":\"https:\/\/www.eurosam.sk\/en\/obchod\/pk-kvdw-spirit-duette\/\",\"name\":\"PK KvdW Spirit Duette \/ Triplette - Eurosam.sk\",\"isPartOf\":{\"@id\":\"https:\/\/www.eurosam.sk\/#website\"},\"datePublished\":\"2017-11-03T15:31:08+00:00\",\"dateModified\":\"2017-11-03T15:31:08+00:00\",\"breadcrumb\":{\"@id\":\"https:\/\/www.eurosam.sk\/en\/obchod\/pk-kvdw-spirit-duette\/#breadcrumb\"},\"inLanguage\":\"en-US\",\"potentialAction\":[{\"@type\":\"ReadAction\",\"target\":[\"https:\/\/www.eurosam.sk\/en\/obchod\/pk-kvdw-spirit-duette\/\"]}]},{\"@type\":\"BreadcrumbList\",\"@id\":\"https:\/\/www.eurosam.sk\/en\/obchod\/pk-kvdw-spirit-duette\/#breadcrumb\",\"itemListElement\":[{\"@type\":\"ListItem\",\"position\":1,\"name\":\"Home\",\"item\":\"https:\/\/www.eurosam.sk\/\"},{\"@type\":\"ListItem\",\"position\":2,\"name\":\"Configurator\",\"item\":\"https:\/\/www.eurosam.sk\/en\/coffee-machine-configurator\/\"},{\"@type\":\"ListItem\",\"position\":3,\"name\":\"PK KvdW Spirit Duette \/ Triplette\"}]},{\"@type\":\"WebSite\",\"@id\":\"https:\/\/www.eurosam.sk\/#website\",\"url\":\"https:\/\/www.eurosam.sk\/\",\"name\":\"Eurosam.sk\",\"description\":\"EUROSAM v\u00e1m prin\u00e1\u0161a profesion\u00e1lny postup na pr\u00edpravu dokonalej \u0161\u00e1lky k\u00e1vy.\",\"potentialAction\":[{\"@type\":\"SearchAction\",\"target\":{\"@type\":\"EntryPoint\",\"urlTemplate\":\"https:\/\/www.eurosam.sk\/?s={search_term_string}\"},\"query-input\":\"required name=search_term_string\"}],\"inLanguage\":\"en-US\"}]}<\/script>\n<!-- \/ Yoast SEO plugin. -->","yoast_head_json":{"title":"PK KvdW Spirit Duette \/ Triplette - Eurosam.sk","robots":{"index":"index","follow":"follow","max-snippet":"max-snippet:-1","max-image-preview":"max-image-preview:large","max-video-preview":"max-video-preview:-1"},"canonical":"https:\/\/www.eurosam.sk\/en\/obchod\/pk-kvdw-spirit-duette\/","og_locale":"en_US","og_type":"article","og_title":"PK KvdW Spirit Duette \/ Triplette - Eurosam.sk","og_description":"Spirit was created with one goal: a machine that can handle everything. Spirit combines hyper-quality Speedster and high performance. It is equipped with several boilers. Each boiler has its own spiral and is particularly adjustable to the desired temperature. Spirit offers extreme temperature stability. Spirit Duette and Spirit Triplette.","og_url":"https:\/\/www.eurosam.sk\/en\/obchod\/pk-kvdw-spirit-duette\/","og_site_name":"Eurosam.sk","og_image":[{"width":1200,"height":1167,"url":"https:\/\/www.eurosam.sk\/wp-content\/uploads\/2017\/11\/duette1-3.png","type":"image\/png"}],"twitter_card":"summary_large_image","twitter_misc":{"Est. reading time":"1 minute"},"schema":{"@context":"https:\/\/schema.org","@graph":[{"@type":"WebPage","@id":"https:\/\/www.eurosam.sk\/en\/obchod\/pk-kvdw-spirit-duette\/","url":"https:\/\/www.eurosam.sk\/en\/obchod\/pk-kvdw-spirit-duette\/","name":"PK KvdW Spirit Duette \/ Triplette - Eurosam.sk","isPartOf":{"@id":"https:\/\/www.eurosam.sk\/#website"},"datePublished":"2017-11-03T15:31:08+00:00","dateModified":"2017-11-03T15:31:08+00:00","breadcrumb":{"@id":"https:\/\/www.eurosam.sk\/en\/obchod\/pk-kvdw-spirit-duette\/#breadcrumb"},"inLanguage":"en-US","potentialAction":[{"@type":"ReadAction","target":["https:\/\/www.eurosam.sk\/en\/obchod\/pk-kvdw-spirit-duette\/"]}]},{"@type":"BreadcrumbList","@id":"https:\/\/www.eurosam.sk\/en\/obchod\/pk-kvdw-spirit-duette\/#breadcrumb","itemListElement":[{"@type":"ListItem","position":1,"name":"Home","item":"https:\/\/www.eurosam.sk\/"},{"@type":"ListItem","position":2,"name":"Configurator","item":"https:\/\/www.eurosam.sk\/en\/coffee-machine-configurator\/"},{"@type":"ListItem","position":3,"name":"PK KvdW Spirit Duette \/ Triplette"}]},{"@type":"WebSite","@id":"https:\/\/www.eurosam.sk\/#website","url":"https:\/\/www.eurosam.sk\/","name":"Eurosam.sk","description":"EUROSAM v\u00e1m prin\u00e1\u0161a profesion\u00e1lny postup na pr\u00edpravu dokonalej \u0161\u00e1lky k\u00e1vy.","potentialAction":[{"@type":"SearchAction","target":{"@type":"EntryPoint","urlTemplate":"https:\/\/www.eurosam.sk\/?s={search_term_string}"},"query-input":"required name=search_term_string"}],"inLanguage":"en-US"}]}},"_links":{"self":[{"href":"https:\/\/www.eurosam.sk\/en\/wp-json\/wp\/v2\/product\/4466\/"}],"collection":[{"href":"https:\/\/www.eurosam.sk\/en\/wp-json\/wp\/v2\/product\/"}],"about":[{"href":"https:\/\/www.eurosam.sk\/en\/wp-json\/wp\/v2\/types\/product\/"}],"wp:featuredmedia":[{"embeddable":true,"href":"https:\/\/www.eurosam.sk\/en\/wp-json\/wp\/v2\/media\/3622\/"}],"wp:attachment":[{"href":"https:\/\/www.eurosam.sk\/en\/wp-json\/wp\/v2\/media\/?parent=4466"}],"curies":[{"name":"wp","href":"https:\/\/api.w.org\/{rel}","templated":true}]}}