{"id":4471,"date":"2017-04-25T17:41:50","date_gmt":"2017-04-25T17:41:50","guid":{"rendered":"https:\/\/www.eurosam.sk\/obchod\/pk-kvdw-speedster-1gr\/"},"modified":"2017-04-25T17:41:50","modified_gmt":"2017-04-25T17:41:50","slug":"pk-kvdw-speedster-1gr","status":"publish","type":"product","link":"https:\/\/www.eurosam.sk\/en\/obchod\/pk-kvdw-speedster-1gr\/","title":{"rendered":"PK KvdW Speedster 1GR"},"content":{"rendered":"<ul>\n<li id=\"u24421-80\">Shot timer, installed in full view, right next to group.<\/li>\n<li><\/li>\n<li><i class=\"icon-default-style icon-ok accent-color\"><\/i>Intuitive operation by lever. Group lever offers manual and automatic infusion.<\/li>\n<li><i class=\"icon-default-style icon-ok accent-color\"><\/i>Self-bleeding group.<\/li>\n<li><i class=\"icon-default-style icon-ok accent-color\"><\/i>One separate PID temperature controller for each boiler, displays in full easy view.<\/li>\n<li><i class=\"icon-default-style icon-ok accent-color\"><\/i>Energy saving Eco mode on each temperature controller, for nights and\/or weekends.<\/li>\n<li><i class=\"icon-default-style icon-ok accent-color\"><\/i>Two hot water temperatures under one switch: pulling toggle switch up gives boiling hot water, toggle down supplies mixed cold&amp;hot water.<\/li>\n<li><i class=\"icon-default-style icon-ok accent-color\"><\/i>Energy saving hot water system. Some cold is added to the hot water, so less heated water is needed. This mix provides a steady, non-spattering stream with the correct temperature to prepare Americanos.<\/li>\n<li><i class=\"icon-default-style icon-ok accent-color\"><\/i>Drip tray adjustable in height.<\/li>\n<li><i class=\"icon-default-style icon-ok accent-color\"><\/i>Stainless steel filter holders with KvdW POM handles.<\/li>\n<li><i class=\"icon-default-style icon-ok accent-color\"><\/i>Slow automatic infusion process, with step-less build-up of pressure to full extraction mode. This allows a finer grind, creating more surface, so a higher yield in the cup, less chance on channeling, preventing fines to travel down.<\/li>\n<li><i class=\"icon-default-style icon-ok accent-color\"><\/i>Progressive pre-infusion cylinder. Even with the pump running a spring loaded piston absorbs first rising pressure on coffee to allow for a longer initial saturation of the puck.<\/li>\n<li><i class=\"icon-default-style icon-ok accent-color\"><\/i>Wide choice in filter baskets, both sizes as types.<\/li>\n<li><i class=\"icon-default-style icon-ok accent-color\"><\/i>Rubber group gaskets remain flexible forever, do not become hard or brittle.<\/li>\n<li><i class=\"icon-default-style icon-ok accent-color\"><\/i>Membrane type group screen, very nice dispersion, less coffee sucked up by discharge of pressure at end of extraction. Remains clean longer.<\/li>\n<li><i class=\"icon-default-style icon-ok accent-color\"><\/i>Heat neutral polymer dispersion block, no loss of heat, no baking on of oils and fats, remains clean longer.<\/li>\n<li><i class=\"icon-default-style icon-ok accent-color\"><\/i>Heavily protected heating element (extra safety level probe, cut-out switches).<\/li>\n<li><i class=\"icon-default-style icon-ok accent-color\"><\/i>Entire frame in stainless steel only, powder coated in crackle black.<\/li>\n<li><i class=\"icon-default-style icon-ok accent-color\"><\/i>Large steam boiler capacity of 3.5ltr.<\/li>\n<li><i class=\"icon-default-style icon-ok accent-color\"><\/i>Large coffee boiler capacity, total of 2.1ltr.<\/li>\n<\/ul>\n","protected":false},"excerpt":{"rendered":"<p>Speedster is a professional coffee machine that is produced manually in a Dutch workshop in Waarle. The Espresso Machine with One Group (Lever) provides extreme precision and maximum control. It is made of high quality stainless steel. Speedster coffee machine puts emphasis not only on extravagant design, but also on the functionality and ultimate flavor of the drink, which will be appreciated by real high demanding coffee professionals.<\/p>\n","protected":false},"featured_media":3624,"template":"","meta":[],"acf":[],"yoast_head":"<!-- This site is optimized with the Yoast SEO plugin v21.2 - https:\/\/yoast.com\/wordpress\/plugins\/seo\/ -->\n<title>PK KvdW Speedster 1GR - Eurosam.sk<\/title>\n<meta name=\"robots\" content=\"index, follow, max-snippet:-1, max-image-preview:large, max-video-preview:-1\" \/>\n<link rel=\"canonical\" href=\"https:\/\/www.eurosam.sk\/en\/obchod\/pk-kvdw-speedster-1gr\/\" \/>\n<meta property=\"og:locale\" content=\"en_US\" \/>\n<meta property=\"og:type\" content=\"article\" \/>\n<meta property=\"og:title\" content=\"PK KvdW Speedster 1GR - Eurosam.sk\" \/>\n<meta property=\"og:description\" content=\"Speedster is a professional coffee machine that is produced manually in a Dutch workshop in Waarle. The Espresso Machine with One Group (Lever) provides extreme precision and maximum control. It is made of high quality stainless steel. Speedster coffee machine puts emphasis not only on extravagant design, but also on the functionality and ultimate flavor of the drink, which will be appreciated by real high demanding coffee professionals.\" \/>\n<meta property=\"og:url\" content=\"https:\/\/www.eurosam.sk\/en\/obchod\/pk-kvdw-speedster-1gr\/\" \/>\n<meta property=\"og:site_name\" content=\"Eurosam.sk\" \/>\n<meta property=\"og:image\" content=\"https:\/\/www.eurosam.sk\/wp-content\/uploads\/2017\/04\/speedster1.png\" \/>\n\t<meta property=\"og:image:width\" content=\"1200\" \/>\n\t<meta property=\"og:image:height\" content=\"1167\" \/>\n\t<meta property=\"og:image:type\" content=\"image\/png\" \/>\n<meta name=\"twitter:card\" content=\"summary_large_image\" \/>\n<meta name=\"twitter:label1\" content=\"Est. reading time\" \/>\n\t<meta name=\"twitter:data1\" content=\"1 minute\" \/>\n<script type=\"application\/ld+json\" class=\"yoast-schema-graph\">{\"@context\":\"https:\/\/schema.org\",\"@graph\":[{\"@type\":\"WebPage\",\"@id\":\"https:\/\/www.eurosam.sk\/en\/obchod\/pk-kvdw-speedster-1gr\/\",\"url\":\"https:\/\/www.eurosam.sk\/en\/obchod\/pk-kvdw-speedster-1gr\/\",\"name\":\"PK KvdW Speedster 1GR - Eurosam.sk\",\"isPartOf\":{\"@id\":\"https:\/\/www.eurosam.sk\/#website\"},\"datePublished\":\"2017-04-25T17:41:50+00:00\",\"dateModified\":\"2017-04-25T17:41:50+00:00\",\"breadcrumb\":{\"@id\":\"https:\/\/www.eurosam.sk\/en\/obchod\/pk-kvdw-speedster-1gr\/#breadcrumb\"},\"inLanguage\":\"en-US\",\"potentialAction\":[{\"@type\":\"ReadAction\",\"target\":[\"https:\/\/www.eurosam.sk\/en\/obchod\/pk-kvdw-speedster-1gr\/\"]}]},{\"@type\":\"BreadcrumbList\",\"@id\":\"https:\/\/www.eurosam.sk\/en\/obchod\/pk-kvdw-speedster-1gr\/#breadcrumb\",\"itemListElement\":[{\"@type\":\"ListItem\",\"position\":1,\"name\":\"Home\",\"item\":\"https:\/\/www.eurosam.sk\/\"},{\"@type\":\"ListItem\",\"position\":2,\"name\":\"Configurator\",\"item\":\"https:\/\/www.eurosam.sk\/en\/coffee-machine-configurator\/\"},{\"@type\":\"ListItem\",\"position\":3,\"name\":\"PK KvdW Speedster 1GR\"}]},{\"@type\":\"WebSite\",\"@id\":\"https:\/\/www.eurosam.sk\/#website\",\"url\":\"https:\/\/www.eurosam.sk\/\",\"name\":\"Eurosam.sk\",\"description\":\"EUROSAM v\u00e1m prin\u00e1\u0161a profesion\u00e1lny postup na pr\u00edpravu dokonalej \u0161\u00e1lky k\u00e1vy.\",\"potentialAction\":[{\"@type\":\"SearchAction\",\"target\":{\"@type\":\"EntryPoint\",\"urlTemplate\":\"https:\/\/www.eurosam.sk\/?s={search_term_string}\"},\"query-input\":\"required name=search_term_string\"}],\"inLanguage\":\"en-US\"}]}<\/script>\n<!-- \/ Yoast SEO plugin. -->","yoast_head_json":{"title":"PK KvdW Speedster 1GR - Eurosam.sk","robots":{"index":"index","follow":"follow","max-snippet":"max-snippet:-1","max-image-preview":"max-image-preview:large","max-video-preview":"max-video-preview:-1"},"canonical":"https:\/\/www.eurosam.sk\/en\/obchod\/pk-kvdw-speedster-1gr\/","og_locale":"en_US","og_type":"article","og_title":"PK KvdW Speedster 1GR - Eurosam.sk","og_description":"Speedster is a professional coffee machine that is produced manually in a Dutch workshop in Waarle. The Espresso Machine with One Group (Lever) provides extreme precision and maximum control. It is made of high quality stainless steel. Speedster coffee machine puts emphasis not only on extravagant design, but also on the functionality and ultimate flavor of the drink, which will be appreciated by real high demanding coffee professionals.","og_url":"https:\/\/www.eurosam.sk\/en\/obchod\/pk-kvdw-speedster-1gr\/","og_site_name":"Eurosam.sk","og_image":[{"width":1200,"height":1167,"url":"https:\/\/www.eurosam.sk\/wp-content\/uploads\/2017\/04\/speedster1.png","type":"image\/png"}],"twitter_card":"summary_large_image","twitter_misc":{"Est. reading time":"1 minute"},"schema":{"@context":"https:\/\/schema.org","@graph":[{"@type":"WebPage","@id":"https:\/\/www.eurosam.sk\/en\/obchod\/pk-kvdw-speedster-1gr\/","url":"https:\/\/www.eurosam.sk\/en\/obchod\/pk-kvdw-speedster-1gr\/","name":"PK KvdW Speedster 1GR - Eurosam.sk","isPartOf":{"@id":"https:\/\/www.eurosam.sk\/#website"},"datePublished":"2017-04-25T17:41:50+00:00","dateModified":"2017-04-25T17:41:50+00:00","breadcrumb":{"@id":"https:\/\/www.eurosam.sk\/en\/obchod\/pk-kvdw-speedster-1gr\/#breadcrumb"},"inLanguage":"en-US","potentialAction":[{"@type":"ReadAction","target":["https:\/\/www.eurosam.sk\/en\/obchod\/pk-kvdw-speedster-1gr\/"]}]},{"@type":"BreadcrumbList","@id":"https:\/\/www.eurosam.sk\/en\/obchod\/pk-kvdw-speedster-1gr\/#breadcrumb","itemListElement":[{"@type":"ListItem","position":1,"name":"Home","item":"https:\/\/www.eurosam.sk\/"},{"@type":"ListItem","position":2,"name":"Configurator","item":"https:\/\/www.eurosam.sk\/en\/coffee-machine-configurator\/"},{"@type":"ListItem","position":3,"name":"PK KvdW Speedster 1GR"}]},{"@type":"WebSite","@id":"https:\/\/www.eurosam.sk\/#website","url":"https:\/\/www.eurosam.sk\/","name":"Eurosam.sk","description":"EUROSAM v\u00e1m prin\u00e1\u0161a profesion\u00e1lny postup na pr\u00edpravu dokonalej \u0161\u00e1lky k\u00e1vy.","potentialAction":[{"@type":"SearchAction","target":{"@type":"EntryPoint","urlTemplate":"https:\/\/www.eurosam.sk\/?s={search_term_string}"},"query-input":"required name=search_term_string"}],"inLanguage":"en-US"}]}},"_links":{"self":[{"href":"https:\/\/www.eurosam.sk\/en\/wp-json\/wp\/v2\/product\/4471\/"}],"collection":[{"href":"https:\/\/www.eurosam.sk\/en\/wp-json\/wp\/v2\/product\/"}],"about":[{"href":"https:\/\/www.eurosam.sk\/en\/wp-json\/wp\/v2\/types\/product\/"}],"wp:featuredmedia":[{"embeddable":true,"href":"https:\/\/www.eurosam.sk\/en\/wp-json\/wp\/v2\/media\/3624\/"}],"wp:attachment":[{"href":"https:\/\/www.eurosam.sk\/en\/wp-json\/wp\/v2\/media\/?parent=4471"}],"curies":[{"name":"wp","href":"https:\/\/api.w.org\/{rel}","templated":true}]}}