{"id":4480,"date":"2017-10-30T11:35:54","date_gmt":"2017-10-30T11:35:54","guid":{"rendered":"https:\/\/www.eurosam.sk\/obchod\/pk-profitec-pro-500-espresso-coffee-machine\/"},"modified":"2017-10-30T11:35:54","modified_gmt":"2017-10-30T11:35:54","slug":"pk-profitec-pro-500-espresso-coffee-machine","status":"publish","type":"product","link":"https:\/\/www.eurosam.sk\/en\/obchod\/pk-profitec-pro-500-espresso-coffee-machine\/","title":{"rendered":"PK Profitec Pro 500 Espresso coffee machine"},"content":{"rendered":"<ul>\n<li>Double-circuit system<\/li>\n<li>E61 HEad<\/li>\n<li>Rotary valves<\/li>\n<li>Boiler and pump pressure<\/li>\n<li>Stainless steel boiler 2l<\/li>\n<li>Insulation of the boiler<\/li>\n<li>Heating 1400W<\/li>\n<li>Ulc Ex5 vibration pump<\/li>\n<li>Water tank with adapter, 3l capacity<\/li>\n<li>Automatic switch off of sensors in case of lack of water<\/li>\n<li>Detachable cup holder<\/li>\n<li>Voltage 230V<\/li>\n<li>Dimensions: 302 x 447 x 393 mm<\/li>\n<\/ul>\n","protected":false},"excerpt":{"rendered":"<p>Profitec Pro 500 enchants not only visually but also its user-friendliness. It has a large cup holder that is completely removable for easy and convenient filling of the water tank. Unpleasant cleaning of cups is not necessary. Nostalgic rotary valves do not show signs of use because of spring technology. Excessive rotation of the valves is therefore not possible. PRO 500 has a high-quality E61 head with a total weight of 4.5kg. Thanks to &#8220;no burning&#8221; pipes, only a steam nozzle and a hot water nozzle are hot. The steam pipe is easy to clean. The double-circle system allows the simultaneous preparation of espresso and the removal of steam or hot water. Thanks to the thermosiphonic system, boiler water is not used to prepare espresso but always fresh water from the 3l tank.<\/p>\n","protected":false},"featured_media":3504,"template":"","meta":[],"acf":[],"yoast_head":"<!-- This site is optimized with the Yoast SEO plugin v21.2 - https:\/\/yoast.com\/wordpress\/plugins\/seo\/ -->\n<title>PK Profitec Pro 500 Espresso coffee machine - Eurosam.sk<\/title>\n<meta name=\"robots\" content=\"index, follow, max-snippet:-1, max-image-preview:large, max-video-preview:-1\" \/>\n<link rel=\"canonical\" href=\"https:\/\/www.eurosam.sk\/en\/shop\/pk-profitec-pro-500-espresso-coffee-machine\/\" \/>\n<meta property=\"og:locale\" content=\"en_US\" \/>\n<meta property=\"og:type\" content=\"article\" \/>\n<meta property=\"og:title\" content=\"PK Profitec Pro 500 Espresso coffee machine - Eurosam.sk\" \/>\n<meta property=\"og:description\" content=\"Profitec Pro 500 enchants not only visually but also its user-friendliness. It has a large cup holder that is completely removable for easy and convenient filling of the water tank. Unpleasant cleaning of cups is not necessary. Nostalgic rotary valves do not show signs of use because of spring technology. Excessive rotation of the valves is therefore not possible. PRO 500 has a high-quality E61 head with a total weight of 4.5kg. Thanks to &quot;no burning&quot; pipes, only a steam nozzle and a hot water nozzle are hot. The steam pipe is easy to clean. The double-circle system allows the simultaneous preparation of espresso and the removal of steam or hot water. Thanks to the thermosiphonic system, boiler water is not used to prepare espresso but always fresh water from the 3l tank.\" \/>\n<meta property=\"og:url\" content=\"https:\/\/www.eurosam.sk\/shop\/pk-profitec-pro-500-espresso-coffee-machine\/\" \/>\n<meta property=\"og:site_name\" content=\"Eurosam.sk\" \/>\n<meta property=\"og:image\" content=\"https:\/\/www.eurosam.sk\/wp-content\/uploads\/2017\/10\/Pro-500-2.png\" \/>\n\t<meta property=\"og:image:width\" content=\"1000\" \/>\n\t<meta property=\"og:image:height\" content=\"875\" \/>\n\t<meta property=\"og:image:type\" content=\"image\/png\" \/>\n<meta name=\"twitter:card\" content=\"summary_large_image\" \/>\n<script type=\"application\/ld+json\" class=\"yoast-schema-graph\">{\"@context\":\"https:\/\/schema.org\",\"@graph\":[{\"@type\":\"WebPage\",\"@id\":\"https:\/\/www.eurosam.sk\/shop\/pk-profitec-pro-500-espresso-coffee-machine\/\",\"url\":\"https:\/\/www.eurosam.sk\/shop\/pk-profitec-pro-500-espresso-coffee-machine\/\",\"name\":\"PK Profitec Pro 500 Espresso coffee machine - Eurosam.sk\",\"isPartOf\":{\"@id\":\"https:\/\/www.eurosam.sk\/#website\"},\"datePublished\":\"2017-10-30T11:35:54+00:00\",\"dateModified\":\"2017-10-30T11:35:54+00:00\",\"breadcrumb\":{\"@id\":\"https:\/\/www.eurosam.sk\/shop\/pk-profitec-pro-500-espresso-coffee-machine\/#breadcrumb\"},\"inLanguage\":\"en-US\",\"potentialAction\":[{\"@type\":\"ReadAction\",\"target\":[\"https:\/\/www.eurosam.sk\/shop\/pk-profitec-pro-500-espresso-coffee-machine\/\"]}]},{\"@type\":\"BreadcrumbList\",\"@id\":\"https:\/\/www.eurosam.sk\/shop\/pk-profitec-pro-500-espresso-coffee-machine\/#breadcrumb\",\"itemListElement\":[{\"@type\":\"ListItem\",\"position\":1,\"name\":\"Home\",\"item\":\"https:\/\/www.eurosam.sk\/\"},{\"@type\":\"ListItem\",\"position\":2,\"name\":\"Configurator\",\"item\":\"https:\/\/www.eurosam.sk\/en\/coffee-machine-configurator\/\"},{\"@type\":\"ListItem\",\"position\":3,\"name\":\"PK Profitec Pro 500 Espresso coffee machine\"}]},{\"@type\":\"WebSite\",\"@id\":\"https:\/\/www.eurosam.sk\/#website\",\"url\":\"https:\/\/www.eurosam.sk\/\",\"name\":\"Eurosam.sk\",\"description\":\"EUROSAM v\u00e1m prin\u00e1\u0161a profesion\u00e1lny postup na pr\u00edpravu dokonalej \u0161\u00e1lky k\u00e1vy.\",\"potentialAction\":[{\"@type\":\"SearchAction\",\"target\":{\"@type\":\"EntryPoint\",\"urlTemplate\":\"https:\/\/www.eurosam.sk\/?s={search_term_string}\"},\"query-input\":\"required name=search_term_string\"}],\"inLanguage\":\"en-US\"}]}<\/script>\n<!-- \/ Yoast SEO plugin. -->","yoast_head_json":{"title":"PK Profitec Pro 500 Espresso coffee machine - Eurosam.sk","robots":{"index":"index","follow":"follow","max-snippet":"max-snippet:-1","max-image-preview":"max-image-preview:large","max-video-preview":"max-video-preview:-1"},"canonical":"https:\/\/www.eurosam.sk\/en\/shop\/pk-profitec-pro-500-espresso-coffee-machine\/","og_locale":"en_US","og_type":"article","og_title":"PK Profitec Pro 500 Espresso coffee machine - Eurosam.sk","og_description":"Profitec Pro 500 enchants not only visually but also its user-friendliness. It has a large cup holder that is completely removable for easy and convenient filling of the water tank. Unpleasant cleaning of cups is not necessary. Nostalgic rotary valves do not show signs of use because of spring technology. Excessive rotation of the valves is therefore not possible. PRO 500 has a high-quality E61 head with a total weight of 4.5kg. Thanks to \"no burning\" pipes, only a steam nozzle and a hot water nozzle are hot. The steam pipe is easy to clean. The double-circle system allows the simultaneous preparation of espresso and the removal of steam or hot water. Thanks to the thermosiphonic system, boiler water is not used to prepare espresso but always fresh water from the 3l tank.","og_url":"https:\/\/www.eurosam.sk\/shop\/pk-profitec-pro-500-espresso-coffee-machine\/","og_site_name":"Eurosam.sk","og_image":[{"width":1000,"height":875,"url":"https:\/\/www.eurosam.sk\/wp-content\/uploads\/2017\/10\/Pro-500-2.png","type":"image\/png"}],"twitter_card":"summary_large_image","schema":{"@context":"https:\/\/schema.org","@graph":[{"@type":"WebPage","@id":"https:\/\/www.eurosam.sk\/shop\/pk-profitec-pro-500-espresso-coffee-machine\/","url":"https:\/\/www.eurosam.sk\/shop\/pk-profitec-pro-500-espresso-coffee-machine\/","name":"PK Profitec Pro 500 Espresso coffee machine - Eurosam.sk","isPartOf":{"@id":"https:\/\/www.eurosam.sk\/#website"},"datePublished":"2017-10-30T11:35:54+00:00","dateModified":"2017-10-30T11:35:54+00:00","breadcrumb":{"@id":"https:\/\/www.eurosam.sk\/shop\/pk-profitec-pro-500-espresso-coffee-machine\/#breadcrumb"},"inLanguage":"en-US","potentialAction":[{"@type":"ReadAction","target":["https:\/\/www.eurosam.sk\/shop\/pk-profitec-pro-500-espresso-coffee-machine\/"]}]},{"@type":"BreadcrumbList","@id":"https:\/\/www.eurosam.sk\/shop\/pk-profitec-pro-500-espresso-coffee-machine\/#breadcrumb","itemListElement":[{"@type":"ListItem","position":1,"name":"Home","item":"https:\/\/www.eurosam.sk\/"},{"@type":"ListItem","position":2,"name":"Configurator","item":"https:\/\/www.eurosam.sk\/en\/coffee-machine-configurator\/"},{"@type":"ListItem","position":3,"name":"PK Profitec Pro 500 Espresso coffee machine"}]},{"@type":"WebSite","@id":"https:\/\/www.eurosam.sk\/#website","url":"https:\/\/www.eurosam.sk\/","name":"Eurosam.sk","description":"EUROSAM v\u00e1m prin\u00e1\u0161a profesion\u00e1lny postup na pr\u00edpravu dokonalej \u0161\u00e1lky k\u00e1vy.","potentialAction":[{"@type":"SearchAction","target":{"@type":"EntryPoint","urlTemplate":"https:\/\/www.eurosam.sk\/?s={search_term_string}"},"query-input":"required name=search_term_string"}],"inLanguage":"en-US"}]}},"_links":{"self":[{"href":"https:\/\/www.eurosam.sk\/en\/wp-json\/wp\/v2\/product\/4480\/"}],"collection":[{"href":"https:\/\/www.eurosam.sk\/en\/wp-json\/wp\/v2\/product\/"}],"about":[{"href":"https:\/\/www.eurosam.sk\/en\/wp-json\/wp\/v2\/types\/product\/"}],"wp:featuredmedia":[{"embeddable":true,"href":"https:\/\/www.eurosam.sk\/en\/wp-json\/wp\/v2\/media\/3504\/"}],"wp:attachment":[{"href":"https:\/\/www.eurosam.sk\/en\/wp-json\/wp\/v2\/media\/?parent=4480"}],"curies":[{"name":"wp","href":"https:\/\/api.w.org\/{rel}","templated":true}]}}