{"id":4484,"date":"2017-04-25T17:47:19","date_gmt":"2017-04-25T17:47:19","guid":{"rendered":"https:\/\/www.eurosam.sk\/obchod\/pk-profitec-pro-700-espresso-coffee-machine\/"},"modified":"2017-04-25T17:47:19","modified_gmt":"2017-04-25T17:47:19","slug":"pk-profitec-pro-700-espresso-coffee-machine","status":"publish","type":"product","link":"https:\/\/www.eurosam.sk\/en\/obchod\/pk-profitec-pro-700-espresso-coffee-machine\/","title":{"rendered":"PK Profitec Pro 700 Espresso coffee machine"},"content":{"rendered":"<ul>\n<li>Dual boiler<\/li>\n<li>PID display to monitor the length of flow time<\/li>\n<li>Rotary pump<\/li>\n<li>Long life valve<\/li>\n<li>Quality steam pipe and hot water pipe<\/li>\n<li>Boiler and pump pressure manometer<\/li>\n<li>Stainless steel container (0.75l) for coffee preparation<\/li>\n<li>Steam container and stainless steel hot water tank of 2l capacity<\/li>\n<li>Steam container with separate switch<\/li>\n<li>Insulation of the container<\/li>\n<li>Heating 1x1000W (coffee boiler) and 1x1400W (steam boiler)<\/li>\n<li>Optional connection &#8211; water source connection or connection to the tank<\/li>\n<li>Automatic switch off if water lever is low<\/li>\n<li>Large container approx. 1l<\/li>\n<li>Detachable cup tray<\/li>\n<li>Voltage: 230V \/ 110V \/ 240V<\/li>\n<li>Dimensions: 340 x 475 x 420 mm<\/li>\n<\/ul>\n","protected":false},"excerpt":{"rendered":"<p>Profitec Pro 700 coffee machine is a lever coffee machine with dual boiler and PID temperature control. The temperature is individually adjustable for both boilers. The PID display accurately shows the preparation of coffee. The steam boiler can be switched on and off. There is also a choice between water source connection and water tank source.<\/p>\n","protected":false},"featured_media":3508,"template":"","meta":[],"acf":[],"yoast_head":"<!-- This site is optimized with the Yoast SEO plugin v21.2 - https:\/\/yoast.com\/wordpress\/plugins\/seo\/ -->\n<title>PK Profitec Pro 700 Espresso coffee machine - Eurosam.sk<\/title>\n<meta name=\"robots\" content=\"index, follow, max-snippet:-1, max-image-preview:large, max-video-preview:-1\" \/>\n<link rel=\"canonical\" href=\"https:\/\/www.eurosam.sk\/en\/shop\/pk-profitec-pro-700-espresso-coffee-machine\/\" \/>\n<meta property=\"og:locale\" content=\"en_US\" \/>\n<meta property=\"og:type\" content=\"article\" \/>\n<meta property=\"og:title\" content=\"PK Profitec Pro 700 Espresso coffee machine - Eurosam.sk\" \/>\n<meta property=\"og:description\" content=\"Profitec Pro 700 coffee machine is a lever coffee machine with dual boiler and PID temperature control. The temperature is individually adjustable for both boilers. The PID display accurately shows the preparation of coffee. The steam boiler can be switched on and off. There is also a choice between water source connection and water tank source.\" \/>\n<meta property=\"og:url\" content=\"https:\/\/www.eurosam.sk\/shop\/pk-profitec-pro-700-espresso-coffee-machine\/\" \/>\n<meta property=\"og:site_name\" content=\"Eurosam.sk\" \/>\n<meta property=\"og:image\" content=\"https:\/\/www.eurosam.sk\/wp-content\/uploads\/2017\/04\/Pro-700-von-unten_02.png\" \/>\n\t<meta property=\"og:image:width\" content=\"1000\" \/>\n\t<meta property=\"og:image:height\" content=\"875\" \/>\n\t<meta property=\"og:image:type\" content=\"image\/png\" \/>\n<meta name=\"twitter:card\" content=\"summary_large_image\" \/>\n<script type=\"application\/ld+json\" class=\"yoast-schema-graph\">{\"@context\":\"https:\/\/schema.org\",\"@graph\":[{\"@type\":\"WebPage\",\"@id\":\"https:\/\/www.eurosam.sk\/shop\/pk-profitec-pro-700-espresso-coffee-machine\/\",\"url\":\"https:\/\/www.eurosam.sk\/shop\/pk-profitec-pro-700-espresso-coffee-machine\/\",\"name\":\"PK Profitec Pro 700 Espresso coffee machine - Eurosam.sk\",\"isPartOf\":{\"@id\":\"https:\/\/www.eurosam.sk\/#website\"},\"datePublished\":\"2017-04-25T17:47:19+00:00\",\"dateModified\":\"2017-04-25T17:47:19+00:00\",\"breadcrumb\":{\"@id\":\"https:\/\/www.eurosam.sk\/shop\/pk-profitec-pro-700-espresso-coffee-machine\/#breadcrumb\"},\"inLanguage\":\"en-US\",\"potentialAction\":[{\"@type\":\"ReadAction\",\"target\":[\"https:\/\/www.eurosam.sk\/shop\/pk-profitec-pro-700-espresso-coffee-machine\/\"]}]},{\"@type\":\"BreadcrumbList\",\"@id\":\"https:\/\/www.eurosam.sk\/shop\/pk-profitec-pro-700-espresso-coffee-machine\/#breadcrumb\",\"itemListElement\":[{\"@type\":\"ListItem\",\"position\":1,\"name\":\"Home\",\"item\":\"https:\/\/www.eurosam.sk\/\"},{\"@type\":\"ListItem\",\"position\":2,\"name\":\"Configurator\",\"item\":\"https:\/\/www.eurosam.sk\/en\/coffee-machine-configurator\/\"},{\"@type\":\"ListItem\",\"position\":3,\"name\":\"PK Profitec Pro 700 Espresso coffee machine\"}]},{\"@type\":\"WebSite\",\"@id\":\"https:\/\/www.eurosam.sk\/#website\",\"url\":\"https:\/\/www.eurosam.sk\/\",\"name\":\"Eurosam.sk\",\"description\":\"EUROSAM v\u00e1m prin\u00e1\u0161a profesion\u00e1lny postup na pr\u00edpravu dokonalej \u0161\u00e1lky k\u00e1vy.\",\"potentialAction\":[{\"@type\":\"SearchAction\",\"target\":{\"@type\":\"EntryPoint\",\"urlTemplate\":\"https:\/\/www.eurosam.sk\/?s={search_term_string}\"},\"query-input\":\"required name=search_term_string\"}],\"inLanguage\":\"en-US\"}]}<\/script>\n<!-- \/ Yoast SEO plugin. -->","yoast_head_json":{"title":"PK Profitec Pro 700 Espresso coffee machine - Eurosam.sk","robots":{"index":"index","follow":"follow","max-snippet":"max-snippet:-1","max-image-preview":"max-image-preview:large","max-video-preview":"max-video-preview:-1"},"canonical":"https:\/\/www.eurosam.sk\/en\/shop\/pk-profitec-pro-700-espresso-coffee-machine\/","og_locale":"en_US","og_type":"article","og_title":"PK Profitec Pro 700 Espresso coffee machine - Eurosam.sk","og_description":"Profitec Pro 700 coffee machine is a lever coffee machine with dual boiler and PID temperature control. The temperature is individually adjustable for both boilers. The PID display accurately shows the preparation of coffee. The steam boiler can be switched on and off. There is also a choice between water source connection and water tank source.","og_url":"https:\/\/www.eurosam.sk\/shop\/pk-profitec-pro-700-espresso-coffee-machine\/","og_site_name":"Eurosam.sk","og_image":[{"width":1000,"height":875,"url":"https:\/\/www.eurosam.sk\/wp-content\/uploads\/2017\/04\/Pro-700-von-unten_02.png","type":"image\/png"}],"twitter_card":"summary_large_image","schema":{"@context":"https:\/\/schema.org","@graph":[{"@type":"WebPage","@id":"https:\/\/www.eurosam.sk\/shop\/pk-profitec-pro-700-espresso-coffee-machine\/","url":"https:\/\/www.eurosam.sk\/shop\/pk-profitec-pro-700-espresso-coffee-machine\/","name":"PK Profitec Pro 700 Espresso coffee machine - Eurosam.sk","isPartOf":{"@id":"https:\/\/www.eurosam.sk\/#website"},"datePublished":"2017-04-25T17:47:19+00:00","dateModified":"2017-04-25T17:47:19+00:00","breadcrumb":{"@id":"https:\/\/www.eurosam.sk\/shop\/pk-profitec-pro-700-espresso-coffee-machine\/#breadcrumb"},"inLanguage":"en-US","potentialAction":[{"@type":"ReadAction","target":["https:\/\/www.eurosam.sk\/shop\/pk-profitec-pro-700-espresso-coffee-machine\/"]}]},{"@type":"BreadcrumbList","@id":"https:\/\/www.eurosam.sk\/shop\/pk-profitec-pro-700-espresso-coffee-machine\/#breadcrumb","itemListElement":[{"@type":"ListItem","position":1,"name":"Home","item":"https:\/\/www.eurosam.sk\/"},{"@type":"ListItem","position":2,"name":"Configurator","item":"https:\/\/www.eurosam.sk\/en\/coffee-machine-configurator\/"},{"@type":"ListItem","position":3,"name":"PK Profitec Pro 700 Espresso coffee machine"}]},{"@type":"WebSite","@id":"https:\/\/www.eurosam.sk\/#website","url":"https:\/\/www.eurosam.sk\/","name":"Eurosam.sk","description":"EUROSAM v\u00e1m prin\u00e1\u0161a profesion\u00e1lny postup na pr\u00edpravu dokonalej \u0161\u00e1lky k\u00e1vy.","potentialAction":[{"@type":"SearchAction","target":{"@type":"EntryPoint","urlTemplate":"https:\/\/www.eurosam.sk\/?s={search_term_string}"},"query-input":"required name=search_term_string"}],"inLanguage":"en-US"}]}},"_links":{"self":[{"href":"https:\/\/www.eurosam.sk\/en\/wp-json\/wp\/v2\/product\/4484\/"}],"collection":[{"href":"https:\/\/www.eurosam.sk\/en\/wp-json\/wp\/v2\/product\/"}],"about":[{"href":"https:\/\/www.eurosam.sk\/en\/wp-json\/wp\/v2\/types\/product\/"}],"wp:featuredmedia":[{"embeddable":true,"href":"https:\/\/www.eurosam.sk\/en\/wp-json\/wp\/v2\/media\/3508\/"}],"wp:attachment":[{"href":"https:\/\/www.eurosam.sk\/en\/wp-json\/wp\/v2\/media\/?parent=4484"}],"curies":[{"name":"wp","href":"https:\/\/api.w.org\/{rel}","templated":true}]}}