{"id":4485,"date":"2017-04-25T17:46:07","date_gmt":"2017-04-25T17:46:07","guid":{"rendered":"https:\/\/www.eurosam.sk\/obchod\/pk-profitec-pro-300-espresso-coffee-machine\/"},"modified":"2017-04-25T17:46:07","modified_gmt":"2017-04-25T17:46:07","slug":"pk-profitec-pro-300-espresso-coffee-machine","status":"publish","type":"product","link":"https:\/\/www.eurosam.sk\/en\/obchod\/pk-profitec-pro-300-espresso-coffee-machine\/","title":{"rendered":"PK Profitec Pro 300 Espresso coffee machine"},"content":{"rendered":"<ul>\n<li>Dual boiler<\/li>\n<li>Head with a brass boiler with a capacity of 0.325l<\/li>\n<li>PID to set the boiler temperature<\/li>\n<li>PID to monitor the flow time<\/li>\n<li>Heating 1&#215;1000, 1&#215;2000 W<\/li>\n<li>Stainless steel container (0.75 l) for steam and hot water<\/li>\n<li>Ulka EX5 vibration pump<\/li>\n<li>Boiler pressure meter<\/li>\n<li>Automatic switch off if water lever is low<\/li>\n<li>Water tank with a 3 l capacity and with adapter<\/li>\n<li>Supply voltage 230V \/ 110V<\/li>\n<li>Dimensions: 255 x 415 x 385 mm<\/li>\n<\/ul>\n","protected":false},"excerpt":{"rendered":"<p>Pro 300 coffee maker is a lever coffee machine with dual boiler. The machine can be used as a single-circuit or dual boiler. Its advantage is that within 5 min. is ready to prepare espresso. steam and water boiler is made of stainless steel and can be switched on or off any time. The boiler temperature can be adjusted as necessary with the PID display. Among other things, the display shows the time of coffee preparation.<\/p>\n","protected":false},"featured_media":3501,"template":"","meta":[],"acf":[],"yoast_head":"<!-- This site is optimized with the Yoast SEO plugin v21.2 - https:\/\/yoast.com\/wordpress\/plugins\/seo\/ -->\n<title>PK Profitec Pro 300 Espresso coffee machine - Eurosam.sk<\/title>\n<meta name=\"robots\" content=\"index, follow, max-snippet:-1, max-image-preview:large, max-video-preview:-1\" \/>\n<link rel=\"canonical\" href=\"https:\/\/www.eurosam.sk\/en\/obchod\/pk-profitec-pro-300-espresso-coffee-machine\/\" \/>\n<meta property=\"og:locale\" content=\"en_US\" \/>\n<meta property=\"og:type\" content=\"article\" \/>\n<meta property=\"og:title\" content=\"PK Profitec Pro 300 Espresso coffee machine - Eurosam.sk\" \/>\n<meta property=\"og:description\" content=\"Pro 300 coffee maker is a lever coffee machine with dual boiler. The machine can be used as a single-circuit or dual boiler. Its advantage is that within 5 min. is ready to prepare espresso. steam and water boiler is made of stainless steel and can be switched on or off any time. The boiler temperature can be adjusted as necessary with the PID display. Among other things, the display shows the time of coffee preparation.\" \/>\n<meta property=\"og:url\" content=\"https:\/\/www.eurosam.sk\/en\/obchod\/pk-profitec-pro-300-espresso-coffee-machine\/\" \/>\n<meta property=\"og:site_name\" content=\"Eurosam.sk\" \/>\n<meta property=\"og:image\" content=\"https:\/\/www.eurosam.sk\/wp-content\/uploads\/2017\/04\/Pro-300-1.png\" \/>\n\t<meta property=\"og:image:width\" content=\"1000\" \/>\n\t<meta property=\"og:image:height\" content=\"875\" \/>\n\t<meta property=\"og:image:type\" content=\"image\/png\" \/>\n<meta name=\"twitter:card\" content=\"summary_large_image\" \/>\n<script type=\"application\/ld+json\" class=\"yoast-schema-graph\">{\"@context\":\"https:\/\/schema.org\",\"@graph\":[{\"@type\":\"WebPage\",\"@id\":\"https:\/\/www.eurosam.sk\/en\/obchod\/pk-profitec-pro-300-espresso-coffee-machine\/\",\"url\":\"https:\/\/www.eurosam.sk\/en\/obchod\/pk-profitec-pro-300-espresso-coffee-machine\/\",\"name\":\"PK Profitec Pro 300 Espresso coffee machine - Eurosam.sk\",\"isPartOf\":{\"@id\":\"https:\/\/www.eurosam.sk\/#website\"},\"datePublished\":\"2017-04-25T17:46:07+00:00\",\"dateModified\":\"2017-04-25T17:46:07+00:00\",\"breadcrumb\":{\"@id\":\"https:\/\/www.eurosam.sk\/en\/obchod\/pk-profitec-pro-300-espresso-coffee-machine\/#breadcrumb\"},\"inLanguage\":\"en-US\",\"potentialAction\":[{\"@type\":\"ReadAction\",\"target\":[\"https:\/\/www.eurosam.sk\/en\/obchod\/pk-profitec-pro-300-espresso-coffee-machine\/\"]}]},{\"@type\":\"BreadcrumbList\",\"@id\":\"https:\/\/www.eurosam.sk\/en\/obchod\/pk-profitec-pro-300-espresso-coffee-machine\/#breadcrumb\",\"itemListElement\":[{\"@type\":\"ListItem\",\"position\":1,\"name\":\"Home\",\"item\":\"https:\/\/www.eurosam.sk\/\"},{\"@type\":\"ListItem\",\"position\":2,\"name\":\"Configurator\",\"item\":\"https:\/\/www.eurosam.sk\/en\/coffee-machine-configurator\/\"},{\"@type\":\"ListItem\",\"position\":3,\"name\":\"PK Profitec Pro 300 Espresso coffee machine\"}]},{\"@type\":\"WebSite\",\"@id\":\"https:\/\/www.eurosam.sk\/#website\",\"url\":\"https:\/\/www.eurosam.sk\/\",\"name\":\"Eurosam.sk\",\"description\":\"EUROSAM v\u00e1m prin\u00e1\u0161a profesion\u00e1lny postup na pr\u00edpravu dokonalej \u0161\u00e1lky k\u00e1vy.\",\"potentialAction\":[{\"@type\":\"SearchAction\",\"target\":{\"@type\":\"EntryPoint\",\"urlTemplate\":\"https:\/\/www.eurosam.sk\/?s={search_term_string}\"},\"query-input\":\"required name=search_term_string\"}],\"inLanguage\":\"en-US\"}]}<\/script>\n<!-- \/ Yoast SEO plugin. -->","yoast_head_json":{"title":"PK Profitec Pro 300 Espresso coffee machine - Eurosam.sk","robots":{"index":"index","follow":"follow","max-snippet":"max-snippet:-1","max-image-preview":"max-image-preview:large","max-video-preview":"max-video-preview:-1"},"canonical":"https:\/\/www.eurosam.sk\/en\/obchod\/pk-profitec-pro-300-espresso-coffee-machine\/","og_locale":"en_US","og_type":"article","og_title":"PK Profitec Pro 300 Espresso coffee machine - Eurosam.sk","og_description":"Pro 300 coffee maker is a lever coffee machine with dual boiler. The machine can be used as a single-circuit or dual boiler. Its advantage is that within 5 min. is ready to prepare espresso. steam and water boiler is made of stainless steel and can be switched on or off any time. The boiler temperature can be adjusted as necessary with the PID display. Among other things, the display shows the time of coffee preparation.","og_url":"https:\/\/www.eurosam.sk\/en\/obchod\/pk-profitec-pro-300-espresso-coffee-machine\/","og_site_name":"Eurosam.sk","og_image":[{"width":1000,"height":875,"url":"https:\/\/www.eurosam.sk\/wp-content\/uploads\/2017\/04\/Pro-300-1.png","type":"image\/png"}],"twitter_card":"summary_large_image","schema":{"@context":"https:\/\/schema.org","@graph":[{"@type":"WebPage","@id":"https:\/\/www.eurosam.sk\/en\/obchod\/pk-profitec-pro-300-espresso-coffee-machine\/","url":"https:\/\/www.eurosam.sk\/en\/obchod\/pk-profitec-pro-300-espresso-coffee-machine\/","name":"PK Profitec Pro 300 Espresso coffee machine - Eurosam.sk","isPartOf":{"@id":"https:\/\/www.eurosam.sk\/#website"},"datePublished":"2017-04-25T17:46:07+00:00","dateModified":"2017-04-25T17:46:07+00:00","breadcrumb":{"@id":"https:\/\/www.eurosam.sk\/en\/obchod\/pk-profitec-pro-300-espresso-coffee-machine\/#breadcrumb"},"inLanguage":"en-US","potentialAction":[{"@type":"ReadAction","target":["https:\/\/www.eurosam.sk\/en\/obchod\/pk-profitec-pro-300-espresso-coffee-machine\/"]}]},{"@type":"BreadcrumbList","@id":"https:\/\/www.eurosam.sk\/en\/obchod\/pk-profitec-pro-300-espresso-coffee-machine\/#breadcrumb","itemListElement":[{"@type":"ListItem","position":1,"name":"Home","item":"https:\/\/www.eurosam.sk\/"},{"@type":"ListItem","position":2,"name":"Configurator","item":"https:\/\/www.eurosam.sk\/en\/coffee-machine-configurator\/"},{"@type":"ListItem","position":3,"name":"PK Profitec Pro 300 Espresso coffee machine"}]},{"@type":"WebSite","@id":"https:\/\/www.eurosam.sk\/#website","url":"https:\/\/www.eurosam.sk\/","name":"Eurosam.sk","description":"EUROSAM v\u00e1m prin\u00e1\u0161a profesion\u00e1lny postup na pr\u00edpravu dokonalej \u0161\u00e1lky k\u00e1vy.","potentialAction":[{"@type":"SearchAction","target":{"@type":"EntryPoint","urlTemplate":"https:\/\/www.eurosam.sk\/?s={search_term_string}"},"query-input":"required name=search_term_string"}],"inLanguage":"en-US"}]}},"_links":{"self":[{"href":"https:\/\/www.eurosam.sk\/en\/wp-json\/wp\/v2\/product\/4485\/"}],"collection":[{"href":"https:\/\/www.eurosam.sk\/en\/wp-json\/wp\/v2\/product\/"}],"about":[{"href":"https:\/\/www.eurosam.sk\/en\/wp-json\/wp\/v2\/types\/product\/"}],"wp:featuredmedia":[{"embeddable":true,"href":"https:\/\/www.eurosam.sk\/en\/wp-json\/wp\/v2\/media\/3501\/"}],"wp:attachment":[{"href":"https:\/\/www.eurosam.sk\/en\/wp-json\/wp\/v2\/media\/?parent=4485"}],"curies":[{"name":"wp","href":"https:\/\/api.w.org\/{rel}","templated":true}]}}