{"id":4488,"date":"2018-06-21T08:56:30","date_gmt":"2018-06-21T08:56:30","guid":{"rendered":"https:\/\/www.eurosam.sk\/obchod\/mahlkonig-e65s\/"},"modified":"2018-06-21T08:56:30","modified_gmt":"2018-06-21T08:56:30","slug":"mahlkonig-e65s","status":"publish","type":"product","link":"https:\/\/www.eurosam.sk\/en\/obchod\/mahlkonig-e65s\/","title":{"rendered":"Mahlkonig E65S"},"content":{"rendered":"<ul>\n<li>E65S makes smoothest and quietest sound of grinding<\/li>\n<li>Multifunction rotary button<\/li>\n<li>Fast and smooth grinding setting with an independent locking system<\/li>\n<li>Long life coffee tray<\/li>\n<li>Universal portafilta holder<\/li>\n<li>Rotation: 1400 \/ min<\/li>\n<li>Grinding stone material: special steel<\/li>\n<li>Capacity: 1200g<\/li>\n<li>Dimensions: 19.5 x 58.3 x 28.3 cm<\/li>\n<li>Weight: 11.2 kg<\/li>\n<li>Colors: stainless steel, matt black, white<\/li>\n<\/ul>\n","protected":false},"excerpt":{"rendered":"<p>New icon of espresso grinders. E65S combines cutting-edge grinding technology and innovative features for great taste of coffee. Slim elegant body contains first-class components and amazing overall appearance. Whole construction Mahlkonig E65S is suitable to maintain highest work load.<\/p>\n","protected":false},"featured_media":3887,"template":"","meta":[],"acf":[],"yoast_head":"<!-- This site is optimized with the Yoast SEO plugin v21.2 - https:\/\/yoast.com\/wordpress\/plugins\/seo\/ -->\n<title>Mahlkonig E65S - Eurosam.sk<\/title>\n<meta name=\"robots\" content=\"index, follow, max-snippet:-1, max-image-preview:large, max-video-preview:-1\" \/>\n<link rel=\"canonical\" href=\"https:\/\/www.eurosam.sk\/en\/shop\/mlyncek-mahlkonig-e65s\/\" \/>\n<meta property=\"og:locale\" content=\"en_US\" \/>\n<meta property=\"og:type\" content=\"article\" \/>\n<meta property=\"og:title\" content=\"Mahlkonig E65S - Eurosam.sk\" \/>\n<meta property=\"og:description\" content=\"New icon of espresso grinders. E65S combines cutting-edge grinding technology and innovative features for great taste of coffee. Slim elegant body contains first-class components and amazing overall appearance. Whole construction Mahlkonig E65S is suitable to maintain highest work load.\" \/>\n<meta property=\"og:url\" content=\"https:\/\/www.eurosam.sk\/shop\/mlyncek-mahlkonig-e65s\/\" \/>\n<meta property=\"og:site_name\" content=\"Eurosam.sk\" \/>\n<meta property=\"og:image\" content=\"https:\/\/www.eurosam.sk\/wp-content\/uploads\/2018\/06\/e65s.png\" \/>\n\t<meta property=\"og:image:width\" content=\"628\" \/>\n\t<meta property=\"og:image:height\" content=\"1000\" \/>\n\t<meta property=\"og:image:type\" content=\"image\/png\" \/>\n<meta name=\"twitter:card\" content=\"summary_large_image\" \/>\n<script type=\"application\/ld+json\" class=\"yoast-schema-graph\">{\"@context\":\"https:\/\/schema.org\",\"@graph\":[{\"@type\":\"WebPage\",\"@id\":\"https:\/\/www.eurosam.sk\/shop\/mlyncek-mahlkonig-e65s\/\",\"url\":\"https:\/\/www.eurosam.sk\/shop\/mlyncek-mahlkonig-e65s\/\",\"name\":\"Mahlkonig E65S - Eurosam.sk\",\"isPartOf\":{\"@id\":\"https:\/\/www.eurosam.sk\/#website\"},\"datePublished\":\"2018-06-21T08:56:30+00:00\",\"dateModified\":\"2018-06-21T08:56:30+00:00\",\"breadcrumb\":{\"@id\":\"https:\/\/www.eurosam.sk\/shop\/mlyncek-mahlkonig-e65s\/#breadcrumb\"},\"inLanguage\":\"en-US\",\"potentialAction\":[{\"@type\":\"ReadAction\",\"target\":[\"https:\/\/www.eurosam.sk\/shop\/mlyncek-mahlkonig-e65s\/\"]}]},{\"@type\":\"BreadcrumbList\",\"@id\":\"https:\/\/www.eurosam.sk\/shop\/mlyncek-mahlkonig-e65s\/#breadcrumb\",\"itemListElement\":[{\"@type\":\"ListItem\",\"position\":1,\"name\":\"Home\",\"item\":\"https:\/\/www.eurosam.sk\/\"},{\"@type\":\"ListItem\",\"position\":2,\"name\":\"Configurator\",\"item\":\"https:\/\/www.eurosam.sk\/en\/coffee-machine-configurator\/\"},{\"@type\":\"ListItem\",\"position\":3,\"name\":\"Mahlkonig E65S\"}]},{\"@type\":\"WebSite\",\"@id\":\"https:\/\/www.eurosam.sk\/#website\",\"url\":\"https:\/\/www.eurosam.sk\/\",\"name\":\"Eurosam.sk\",\"description\":\"EUROSAM v\u00e1m prin\u00e1\u0161a profesion\u00e1lny postup na pr\u00edpravu dokonalej \u0161\u00e1lky k\u00e1vy.\",\"potentialAction\":[{\"@type\":\"SearchAction\",\"target\":{\"@type\":\"EntryPoint\",\"urlTemplate\":\"https:\/\/www.eurosam.sk\/?s={search_term_string}\"},\"query-input\":\"required name=search_term_string\"}],\"inLanguage\":\"en-US\"}]}<\/script>\n<!-- \/ Yoast SEO plugin. -->","yoast_head_json":{"title":"Mahlkonig E65S - Eurosam.sk","robots":{"index":"index","follow":"follow","max-snippet":"max-snippet:-1","max-image-preview":"max-image-preview:large","max-video-preview":"max-video-preview:-1"},"canonical":"https:\/\/www.eurosam.sk\/en\/shop\/mlyncek-mahlkonig-e65s\/","og_locale":"en_US","og_type":"article","og_title":"Mahlkonig E65S - Eurosam.sk","og_description":"New icon of espresso grinders. E65S combines cutting-edge grinding technology and innovative features for great taste of coffee. Slim elegant body contains first-class components and amazing overall appearance. Whole construction Mahlkonig E65S is suitable to maintain highest work load.","og_url":"https:\/\/www.eurosam.sk\/shop\/mlyncek-mahlkonig-e65s\/","og_site_name":"Eurosam.sk","og_image":[{"width":628,"height":1000,"url":"https:\/\/www.eurosam.sk\/wp-content\/uploads\/2018\/06\/e65s.png","type":"image\/png"}],"twitter_card":"summary_large_image","schema":{"@context":"https:\/\/schema.org","@graph":[{"@type":"WebPage","@id":"https:\/\/www.eurosam.sk\/shop\/mlyncek-mahlkonig-e65s\/","url":"https:\/\/www.eurosam.sk\/shop\/mlyncek-mahlkonig-e65s\/","name":"Mahlkonig E65S - Eurosam.sk","isPartOf":{"@id":"https:\/\/www.eurosam.sk\/#website"},"datePublished":"2018-06-21T08:56:30+00:00","dateModified":"2018-06-21T08:56:30+00:00","breadcrumb":{"@id":"https:\/\/www.eurosam.sk\/shop\/mlyncek-mahlkonig-e65s\/#breadcrumb"},"inLanguage":"en-US","potentialAction":[{"@type":"ReadAction","target":["https:\/\/www.eurosam.sk\/shop\/mlyncek-mahlkonig-e65s\/"]}]},{"@type":"BreadcrumbList","@id":"https:\/\/www.eurosam.sk\/shop\/mlyncek-mahlkonig-e65s\/#breadcrumb","itemListElement":[{"@type":"ListItem","position":1,"name":"Home","item":"https:\/\/www.eurosam.sk\/"},{"@type":"ListItem","position":2,"name":"Configurator","item":"https:\/\/www.eurosam.sk\/en\/coffee-machine-configurator\/"},{"@type":"ListItem","position":3,"name":"Mahlkonig E65S"}]},{"@type":"WebSite","@id":"https:\/\/www.eurosam.sk\/#website","url":"https:\/\/www.eurosam.sk\/","name":"Eurosam.sk","description":"EUROSAM v\u00e1m prin\u00e1\u0161a profesion\u00e1lny postup na pr\u00edpravu dokonalej \u0161\u00e1lky k\u00e1vy.","potentialAction":[{"@type":"SearchAction","target":{"@type":"EntryPoint","urlTemplate":"https:\/\/www.eurosam.sk\/?s={search_term_string}"},"query-input":"required name=search_term_string"}],"inLanguage":"en-US"}]}},"_links":{"self":[{"href":"https:\/\/www.eurosam.sk\/en\/wp-json\/wp\/v2\/product\/4488\/"}],"collection":[{"href":"https:\/\/www.eurosam.sk\/en\/wp-json\/wp\/v2\/product\/"}],"about":[{"href":"https:\/\/www.eurosam.sk\/en\/wp-json\/wp\/v2\/types\/product\/"}],"wp:featuredmedia":[{"embeddable":true,"href":"https:\/\/www.eurosam.sk\/en\/wp-json\/wp\/v2\/media\/3887\/"}],"wp:attachment":[{"href":"https:\/\/www.eurosam.sk\/en\/wp-json\/wp\/v2\/media\/?parent=4488"}],"curies":[{"name":"wp","href":"https:\/\/api.w.org\/{rel}","templated":true}]}}