{"id":4494,"date":"2018-01-18T13:51:39","date_gmt":"2018-01-18T13:51:39","guid":{"rendered":"https:\/\/www.eurosam.sk\/obchod\/mahlkonig-ek43s\/"},"modified":"2018-01-18T13:51:39","modified_gmt":"2018-01-18T13:51:39","slug":"mahlkonig-ek43s","status":"publish","type":"product","link":"https:\/\/www.eurosam.sk\/en\/obchod\/mahlkonig-ek43s\/","title":{"rendered":"Mahlk\u00f6nig EK43S"},"content":{"rendered":"<ul>\n<li>adjustable degree of grinding<\/li>\n<li>Grinding stone material: chilled cast iron<\/li>\n<li>Storage capacity: 1500g, 800g, 500g<\/li>\n<li>Power: 890W<\/li>\n<li>Dimensions: 45 x 38 57 cm<\/li>\n<li>Special grinding wheels for very fine milling<\/li>\n<\/ul>\n<p>&nbsp;<\/p>\n","protected":false},"excerpt":{"rendered":"<p>Mlyn\u010dek Mahlk\u00f6nig EK43S offers all features of the EK43, only in a smart smaller, space-saving design. Due even grain distribution and minimal residue in the grinding chamber, the EK 43S is able to process: espresso, filtered coffee or bag grinding. Grinding stones are vertically oriented.<\/p>\n","protected":false},"featured_media":3848,"template":"","meta":[],"acf":[],"yoast_head":"<!-- This site is optimized with the Yoast SEO plugin v21.2 - https:\/\/yoast.com\/wordpress\/plugins\/seo\/ -->\n<title>Mahlk\u00f6nig EK43S - Eurosam.sk<\/title>\n<meta name=\"robots\" content=\"index, follow, max-snippet:-1, max-image-preview:large, max-video-preview:-1\" \/>\n<link rel=\"canonical\" href=\"https:\/\/www.eurosam.sk\/en\/shop\/mlyncek-mahlkonig-ek43s\/\" \/>\n<meta property=\"og:locale\" content=\"en_US\" \/>\n<meta property=\"og:type\" content=\"article\" \/>\n<meta property=\"og:title\" content=\"Mahlk\u00f6nig EK43S - Eurosam.sk\" \/>\n<meta property=\"og:description\" content=\"Mlyn\u010dek Mahlk\u00f6nig EK43S offers all features of the EK43, only in a smart smaller, space-saving design. Due even grain distribution and minimal residue in the grinding chamber, the EK 43S is able to process: espresso, filtered coffee or bag grinding. Grinding stones are vertically oriented.\" \/>\n<meta property=\"og:url\" content=\"https:\/\/www.eurosam.sk\/shop\/mlyncek-mahlkonig-ek43s\/\" \/>\n<meta property=\"og:site_name\" content=\"Eurosam.sk\" \/>\n<meta property=\"og:image\" content=\"https:\/\/www.eurosam.sk\/wp-content\/uploads\/2018\/01\/mahlkoenig-ek-43-s.png\" \/>\n\t<meta property=\"og:image:width\" content=\"1000\" \/>\n\t<meta property=\"og:image:height\" content=\"875\" \/>\n\t<meta property=\"og:image:type\" content=\"image\/png\" \/>\n<meta name=\"twitter:card\" content=\"summary_large_image\" \/>\n<script type=\"application\/ld+json\" class=\"yoast-schema-graph\">{\"@context\":\"https:\/\/schema.org\",\"@graph\":[{\"@type\":\"WebPage\",\"@id\":\"https:\/\/www.eurosam.sk\/shop\/mlyncek-mahlkonig-ek43s\/\",\"url\":\"https:\/\/www.eurosam.sk\/shop\/mlyncek-mahlkonig-ek43s\/\",\"name\":\"Mahlk\u00f6nig EK43S - Eurosam.sk\",\"isPartOf\":{\"@id\":\"https:\/\/www.eurosam.sk\/#website\"},\"datePublished\":\"2018-01-18T13:51:39+00:00\",\"dateModified\":\"2018-01-18T13:51:39+00:00\",\"breadcrumb\":{\"@id\":\"https:\/\/www.eurosam.sk\/shop\/mlyncek-mahlkonig-ek43s\/#breadcrumb\"},\"inLanguage\":\"en-US\",\"potentialAction\":[{\"@type\":\"ReadAction\",\"target\":[\"https:\/\/www.eurosam.sk\/shop\/mlyncek-mahlkonig-ek43s\/\"]}]},{\"@type\":\"BreadcrumbList\",\"@id\":\"https:\/\/www.eurosam.sk\/shop\/mlyncek-mahlkonig-ek43s\/#breadcrumb\",\"itemListElement\":[{\"@type\":\"ListItem\",\"position\":1,\"name\":\"Home\",\"item\":\"https:\/\/www.eurosam.sk\/\"},{\"@type\":\"ListItem\",\"position\":2,\"name\":\"Configurator\",\"item\":\"https:\/\/www.eurosam.sk\/en\/coffee-machine-configurator\/\"},{\"@type\":\"ListItem\",\"position\":3,\"name\":\"Mahlk\u00f6nig EK43S\"}]},{\"@type\":\"WebSite\",\"@id\":\"https:\/\/www.eurosam.sk\/#website\",\"url\":\"https:\/\/www.eurosam.sk\/\",\"name\":\"Eurosam.sk\",\"description\":\"EUROSAM v\u00e1m prin\u00e1\u0161a profesion\u00e1lny postup na pr\u00edpravu dokonalej \u0161\u00e1lky k\u00e1vy.\",\"potentialAction\":[{\"@type\":\"SearchAction\",\"target\":{\"@type\":\"EntryPoint\",\"urlTemplate\":\"https:\/\/www.eurosam.sk\/?s={search_term_string}\"},\"query-input\":\"required name=search_term_string\"}],\"inLanguage\":\"en-US\"}]}<\/script>\n<!-- \/ Yoast SEO plugin. -->","yoast_head_json":{"title":"Mahlk\u00f6nig EK43S - Eurosam.sk","robots":{"index":"index","follow":"follow","max-snippet":"max-snippet:-1","max-image-preview":"max-image-preview:large","max-video-preview":"max-video-preview:-1"},"canonical":"https:\/\/www.eurosam.sk\/en\/shop\/mlyncek-mahlkonig-ek43s\/","og_locale":"en_US","og_type":"article","og_title":"Mahlk\u00f6nig EK43S - Eurosam.sk","og_description":"Mlyn\u010dek Mahlk\u00f6nig EK43S offers all features of the EK43, only in a smart smaller, space-saving design. Due even grain distribution and minimal residue in the grinding chamber, the EK 43S is able to process: espresso, filtered coffee or bag grinding. Grinding stones are vertically oriented.","og_url":"https:\/\/www.eurosam.sk\/shop\/mlyncek-mahlkonig-ek43s\/","og_site_name":"Eurosam.sk","og_image":[{"width":1000,"height":875,"url":"https:\/\/www.eurosam.sk\/wp-content\/uploads\/2018\/01\/mahlkoenig-ek-43-s.png","type":"image\/png"}],"twitter_card":"summary_large_image","schema":{"@context":"https:\/\/schema.org","@graph":[{"@type":"WebPage","@id":"https:\/\/www.eurosam.sk\/shop\/mlyncek-mahlkonig-ek43s\/","url":"https:\/\/www.eurosam.sk\/shop\/mlyncek-mahlkonig-ek43s\/","name":"Mahlk\u00f6nig EK43S - Eurosam.sk","isPartOf":{"@id":"https:\/\/www.eurosam.sk\/#website"},"datePublished":"2018-01-18T13:51:39+00:00","dateModified":"2018-01-18T13:51:39+00:00","breadcrumb":{"@id":"https:\/\/www.eurosam.sk\/shop\/mlyncek-mahlkonig-ek43s\/#breadcrumb"},"inLanguage":"en-US","potentialAction":[{"@type":"ReadAction","target":["https:\/\/www.eurosam.sk\/shop\/mlyncek-mahlkonig-ek43s\/"]}]},{"@type":"BreadcrumbList","@id":"https:\/\/www.eurosam.sk\/shop\/mlyncek-mahlkonig-ek43s\/#breadcrumb","itemListElement":[{"@type":"ListItem","position":1,"name":"Home","item":"https:\/\/www.eurosam.sk\/"},{"@type":"ListItem","position":2,"name":"Configurator","item":"https:\/\/www.eurosam.sk\/en\/coffee-machine-configurator\/"},{"@type":"ListItem","position":3,"name":"Mahlk\u00f6nig EK43S"}]},{"@type":"WebSite","@id":"https:\/\/www.eurosam.sk\/#website","url":"https:\/\/www.eurosam.sk\/","name":"Eurosam.sk","description":"EUROSAM v\u00e1m prin\u00e1\u0161a profesion\u00e1lny postup na pr\u00edpravu dokonalej \u0161\u00e1lky k\u00e1vy.","potentialAction":[{"@type":"SearchAction","target":{"@type":"EntryPoint","urlTemplate":"https:\/\/www.eurosam.sk\/?s={search_term_string}"},"query-input":"required name=search_term_string"}],"inLanguage":"en-US"}]}},"_links":{"self":[{"href":"https:\/\/www.eurosam.sk\/en\/wp-json\/wp\/v2\/product\/4494\/"}],"collection":[{"href":"https:\/\/www.eurosam.sk\/en\/wp-json\/wp\/v2\/product\/"}],"about":[{"href":"https:\/\/www.eurosam.sk\/en\/wp-json\/wp\/v2\/types\/product\/"}],"wp:featuredmedia":[{"embeddable":true,"href":"https:\/\/www.eurosam.sk\/en\/wp-json\/wp\/v2\/media\/3848\/"}],"wp:attachment":[{"href":"https:\/\/www.eurosam.sk\/en\/wp-json\/wp\/v2\/media\/?parent=4494"}],"curies":[{"name":"wp","href":"https:\/\/api.w.org\/{rel}","templated":true}]}}