{"id":4503,"date":"2017-04-25T17:35:10","date_gmt":"2017-04-25T17:35:10","guid":{"rendered":"https:\/\/www.eurosam.sk\/obchod\/mahlkonig-vario-home\/"},"modified":"2017-04-25T17:35:10","modified_gmt":"2017-04-25T17:35:10","slug":"mahlkonig-vario-home","status":"publish","type":"product","link":"https:\/\/www.eurosam.sk\/en\/obchod\/mahlkonig-vario-home\/","title":{"rendered":"Mahlk\u00f6nig Vario Home"},"content":{"rendered":"<ul>\n<li>Number of setting steps: 10xmacro and 23xmicro.<\/li>\n<li>Grinding stones: \u00d8 54 mm ceramic &#8211; flat.<\/li>\n<li>Milling speed: 1.6 &#8211; 2.2 g \/ s<\/li>\n<li>Speed: 1350 RPM<\/li>\n<li>Capacity: 230 g<\/li>\n<li>Capacity of the coffee pot: 180 g<\/li>\n<li>Weight: 4.1 kg<\/li>\n<\/ul>\n","protected":false},"excerpt":{"rendered":"<p>Stylish and functional Vario Home grinder meets the expectations of even the most demanding domestic baristas. Grinder is equipped with flat ceramic stones. The cover is made of polished metal and plastic. The front panel at the front\u00a0 site allows easy adjustment of the grinder.<\/p>\n","protected":false},"featured_media":3675,"template":"","meta":[],"acf":[],"yoast_head":"<!-- This site is optimized with the Yoast SEO plugin v21.2 - https:\/\/yoast.com\/wordpress\/plugins\/seo\/ -->\n<title>Mahlk\u00f6nig Vario Home - Eurosam.sk<\/title>\n<meta name=\"robots\" content=\"index, follow, max-snippet:-1, max-image-preview:large, max-video-preview:-1\" \/>\n<link rel=\"canonical\" href=\"https:\/\/www.eurosam.sk\/en\/obchod\/mahlkonig-vario-home\/\" \/>\n<meta property=\"og:locale\" content=\"en_US\" \/>\n<meta property=\"og:type\" content=\"article\" \/>\n<meta property=\"og:title\" content=\"Mahlk\u00f6nig Vario Home - Eurosam.sk\" \/>\n<meta property=\"og:description\" content=\"Stylish and functional Vario Home grinder meets the expectations of even the most demanding domestic baristas. Grinder is equipped with flat ceramic stones. The cover is made of polished metal and plastic. The front panel at the front\u00a0 site allows easy adjustment of the grinder.\" \/>\n<meta property=\"og:url\" content=\"https:\/\/www.eurosam.sk\/en\/obchod\/mahlkonig-vario-home\/\" \/>\n<meta property=\"og:site_name\" content=\"Eurosam.sk\" \/>\n<meta property=\"og:image\" content=\"https:\/\/www.eurosam.sk\/wp-content\/uploads\/2017\/04\/VarioHome_Siebtraegerhalterung.png\" \/>\n\t<meta property=\"og:image:width\" content=\"1200\" \/>\n\t<meta property=\"og:image:height\" content=\"1050\" \/>\n\t<meta property=\"og:image:type\" content=\"image\/png\" \/>\n<meta name=\"twitter:card\" content=\"summary_large_image\" \/>\n<script type=\"application\/ld+json\" class=\"yoast-schema-graph\">{\"@context\":\"https:\/\/schema.org\",\"@graph\":[{\"@type\":\"WebPage\",\"@id\":\"https:\/\/www.eurosam.sk\/en\/obchod\/mahlkonig-vario-home\/\",\"url\":\"https:\/\/www.eurosam.sk\/en\/obchod\/mahlkonig-vario-home\/\",\"name\":\"Mahlk\u00f6nig Vario Home - Eurosam.sk\",\"isPartOf\":{\"@id\":\"https:\/\/www.eurosam.sk\/#website\"},\"datePublished\":\"2017-04-25T17:35:10+00:00\",\"dateModified\":\"2017-04-25T17:35:10+00:00\",\"breadcrumb\":{\"@id\":\"https:\/\/www.eurosam.sk\/en\/obchod\/mahlkonig-vario-home\/#breadcrumb\"},\"inLanguage\":\"en-US\",\"potentialAction\":[{\"@type\":\"ReadAction\",\"target\":[\"https:\/\/www.eurosam.sk\/en\/obchod\/mahlkonig-vario-home\/\"]}]},{\"@type\":\"BreadcrumbList\",\"@id\":\"https:\/\/www.eurosam.sk\/en\/obchod\/mahlkonig-vario-home\/#breadcrumb\",\"itemListElement\":[{\"@type\":\"ListItem\",\"position\":1,\"name\":\"Home\",\"item\":\"https:\/\/www.eurosam.sk\/\"},{\"@type\":\"ListItem\",\"position\":2,\"name\":\"Configurator\",\"item\":\"https:\/\/www.eurosam.sk\/en\/coffee-machine-configurator\/\"},{\"@type\":\"ListItem\",\"position\":3,\"name\":\"Mahlk\u00f6nig Vario Home\"}]},{\"@type\":\"WebSite\",\"@id\":\"https:\/\/www.eurosam.sk\/#website\",\"url\":\"https:\/\/www.eurosam.sk\/\",\"name\":\"Eurosam.sk\",\"description\":\"EUROSAM v\u00e1m prin\u00e1\u0161a profesion\u00e1lny postup na pr\u00edpravu dokonalej \u0161\u00e1lky k\u00e1vy.\",\"potentialAction\":[{\"@type\":\"SearchAction\",\"target\":{\"@type\":\"EntryPoint\",\"urlTemplate\":\"https:\/\/www.eurosam.sk\/?s={search_term_string}\"},\"query-input\":\"required name=search_term_string\"}],\"inLanguage\":\"en-US\"}]}<\/script>\n<!-- \/ Yoast SEO plugin. -->","yoast_head_json":{"title":"Mahlk\u00f6nig Vario Home - Eurosam.sk","robots":{"index":"index","follow":"follow","max-snippet":"max-snippet:-1","max-image-preview":"max-image-preview:large","max-video-preview":"max-video-preview:-1"},"canonical":"https:\/\/www.eurosam.sk\/en\/obchod\/mahlkonig-vario-home\/","og_locale":"en_US","og_type":"article","og_title":"Mahlk\u00f6nig Vario Home - Eurosam.sk","og_description":"Stylish and functional Vario Home grinder meets the expectations of even the most demanding domestic baristas. Grinder is equipped with flat ceramic stones. The cover is made of polished metal and plastic. The front panel at the front\u00a0 site allows easy adjustment of the grinder.","og_url":"https:\/\/www.eurosam.sk\/en\/obchod\/mahlkonig-vario-home\/","og_site_name":"Eurosam.sk","og_image":[{"width":1200,"height":1050,"url":"https:\/\/www.eurosam.sk\/wp-content\/uploads\/2017\/04\/VarioHome_Siebtraegerhalterung.png","type":"image\/png"}],"twitter_card":"summary_large_image","schema":{"@context":"https:\/\/schema.org","@graph":[{"@type":"WebPage","@id":"https:\/\/www.eurosam.sk\/en\/obchod\/mahlkonig-vario-home\/","url":"https:\/\/www.eurosam.sk\/en\/obchod\/mahlkonig-vario-home\/","name":"Mahlk\u00f6nig Vario Home - Eurosam.sk","isPartOf":{"@id":"https:\/\/www.eurosam.sk\/#website"},"datePublished":"2017-04-25T17:35:10+00:00","dateModified":"2017-04-25T17:35:10+00:00","breadcrumb":{"@id":"https:\/\/www.eurosam.sk\/en\/obchod\/mahlkonig-vario-home\/#breadcrumb"},"inLanguage":"en-US","potentialAction":[{"@type":"ReadAction","target":["https:\/\/www.eurosam.sk\/en\/obchod\/mahlkonig-vario-home\/"]}]},{"@type":"BreadcrumbList","@id":"https:\/\/www.eurosam.sk\/en\/obchod\/mahlkonig-vario-home\/#breadcrumb","itemListElement":[{"@type":"ListItem","position":1,"name":"Home","item":"https:\/\/www.eurosam.sk\/"},{"@type":"ListItem","position":2,"name":"Configurator","item":"https:\/\/www.eurosam.sk\/en\/coffee-machine-configurator\/"},{"@type":"ListItem","position":3,"name":"Mahlk\u00f6nig Vario Home"}]},{"@type":"WebSite","@id":"https:\/\/www.eurosam.sk\/#website","url":"https:\/\/www.eurosam.sk\/","name":"Eurosam.sk","description":"EUROSAM v\u00e1m prin\u00e1\u0161a profesion\u00e1lny postup na pr\u00edpravu dokonalej \u0161\u00e1lky k\u00e1vy.","potentialAction":[{"@type":"SearchAction","target":{"@type":"EntryPoint","urlTemplate":"https:\/\/www.eurosam.sk\/?s={search_term_string}"},"query-input":"required name=search_term_string"}],"inLanguage":"en-US"}]}},"_links":{"self":[{"href":"https:\/\/www.eurosam.sk\/en\/wp-json\/wp\/v2\/product\/4503\/"}],"collection":[{"href":"https:\/\/www.eurosam.sk\/en\/wp-json\/wp\/v2\/product\/"}],"about":[{"href":"https:\/\/www.eurosam.sk\/en\/wp-json\/wp\/v2\/types\/product\/"}],"wp:featuredmedia":[{"embeddable":true,"href":"https:\/\/www.eurosam.sk\/en\/wp-json\/wp\/v2\/media\/3675\/"}],"wp:attachment":[{"href":"https:\/\/www.eurosam.sk\/en\/wp-json\/wp\/v2\/media\/?parent=4503"}],"curies":[{"name":"wp","href":"https:\/\/api.w.org\/{rel}","templated":true}]}}