{"id":4546,"date":"2018-06-22T12:01:26","date_gmt":"2018-06-22T12:01:26","guid":{"rendered":"https:\/\/www.eurosam.sk\/obchod\/acme\/"},"modified":"2018-06-22T12:01:26","modified_gmt":"2018-06-22T12:01:26","slug":"acme","status":"publish","type":"product","link":"https:\/\/www.eurosam.sk\/en\/obchod\/acme\/","title":{"rendered":"Acme &#038; Co Taster Cup"},"content":{"rendered":"<p>110 ml &#8211; height 60 mm, diameter 72 mm, suitable saucer 11 cm, bottom in three colors<\/p>\n<p>210 ml &#8211; height 76 mm, diameter 80 mm, suitable saucer 14 cm, bottom in three colors<\/p>\n<p>260 ml &#8211; height 82 mm, diameter 80 mm, suitable saucer 14 cm, bottom in three colors<\/p>\n<ul>\n<li>Elegant, heavy and durable ceramics<\/li>\n<li>The interior is cleaner and more white<\/li>\n<li>Better balanced and stackable<\/li>\n<li>The base of the cup has a thicker wall for better durability and heat storage<\/li>\n<li>The finer inner surface allows better pouring of coffee and milk<\/li>\n<li>Improved 6-pack package without plastic<\/li>\n<\/ul>\n","protected":false},"excerpt":{"rendered":"<p>Special coffee cups from Acme &amp; Co are recommended by professional barbers and coffee enthusiasts all over the world. They are considered to be the pattern for espresso cups. While the bottom of the cup retains its thickness for better heat storage, its edge is thinner and gradually tapered to make it more pleasant. The biggest change is the design of ear, which was reworked to keep the cup more comfortable. Each innovation is thoroughly tested through a customer feedback and daily use at the Acme, Prefab home in Wellington, where 1,200 cups of coffee are served daily.<\/p>\n","protected":false},"featured_media":4120,"template":"","meta":[],"acf":[],"yoast_head":"<!-- This site is optimized with the Yoast SEO plugin v21.2 - https:\/\/yoast.com\/wordpress\/plugins\/seo\/ -->\n<title>Acme &amp; Co Taster Cup - Eurosam.sk<\/title>\n<meta name=\"robots\" content=\"index, follow, max-snippet:-1, max-image-preview:large, max-video-preview:-1\" \/>\n<link rel=\"canonical\" href=\"https:\/\/www.eurosam.sk\/en\/obchod\/acme\/\" \/>\n<meta property=\"og:locale\" content=\"en_US\" \/>\n<meta property=\"og:type\" content=\"article\" \/>\n<meta property=\"og:title\" content=\"Acme &amp; Co Taster Cup - Eurosam.sk\" \/>\n<meta property=\"og:description\" content=\"Special coffee cups from Acme &amp; Co are recommended by professional barbers and coffee enthusiasts all over the world. They are considered to be the pattern for espresso cups. While the bottom of the cup retains its thickness for better heat storage, its edge is thinner and gradually tapered to make it more pleasant. The biggest change is the design of ear, which was reworked to keep the cup more comfortable. Each innovation is thoroughly tested through a customer feedback and daily use at the Acme, Prefab home in Wellington, where 1,200 cups of coffee are served daily.\" \/>\n<meta property=\"og:url\" content=\"https:\/\/www.eurosam.sk\/en\/obchod\/acme\/\" \/>\n<meta property=\"og:site_name\" content=\"Eurosam.sk\" \/>\n<meta property=\"og:image\" content=\"https:\/\/www.eurosam.sk\/wp-content\/uploads\/2018\/06\/cx-3011-cx-3021-cx-3026-tastercupssaucersteaspoons-scaled.jpg\" \/>\n\t<meta property=\"og:image:width\" content=\"2560\" \/>\n\t<meta property=\"og:image:height\" content=\"1703\" \/>\n\t<meta property=\"og:image:type\" content=\"image\/jpeg\" \/>\n<meta name=\"twitter:card\" content=\"summary_large_image\" \/>\n<script type=\"application\/ld+json\" class=\"yoast-schema-graph\">{\"@context\":\"https:\/\/schema.org\",\"@graph\":[{\"@type\":\"WebPage\",\"@id\":\"https:\/\/www.eurosam.sk\/en\/obchod\/acme\/\",\"url\":\"https:\/\/www.eurosam.sk\/en\/obchod\/acme\/\",\"name\":\"Acme & Co Taster Cup - Eurosam.sk\",\"isPartOf\":{\"@id\":\"https:\/\/www.eurosam.sk\/#website\"},\"datePublished\":\"2018-06-22T12:01:26+00:00\",\"dateModified\":\"2018-06-22T12:01:26+00:00\",\"breadcrumb\":{\"@id\":\"https:\/\/www.eurosam.sk\/en\/obchod\/acme\/#breadcrumb\"},\"inLanguage\":\"en-US\",\"potentialAction\":[{\"@type\":\"ReadAction\",\"target\":[\"https:\/\/www.eurosam.sk\/en\/obchod\/acme\/\"]}]},{\"@type\":\"BreadcrumbList\",\"@id\":\"https:\/\/www.eurosam.sk\/en\/obchod\/acme\/#breadcrumb\",\"itemListElement\":[{\"@type\":\"ListItem\",\"position\":1,\"name\":\"Home\",\"item\":\"https:\/\/www.eurosam.sk\/\"},{\"@type\":\"ListItem\",\"position\":2,\"name\":\"Configurator\",\"item\":\"https:\/\/www.eurosam.sk\/en\/coffee-machine-configurator\/\"},{\"@type\":\"ListItem\",\"position\":3,\"name\":\"Acme &#038; Co Taster Cup\"}]},{\"@type\":\"WebSite\",\"@id\":\"https:\/\/www.eurosam.sk\/#website\",\"url\":\"https:\/\/www.eurosam.sk\/\",\"name\":\"Eurosam.sk\",\"description\":\"EUROSAM v\u00e1m prin\u00e1\u0161a profesion\u00e1lny postup na pr\u00edpravu dokonalej \u0161\u00e1lky k\u00e1vy.\",\"potentialAction\":[{\"@type\":\"SearchAction\",\"target\":{\"@type\":\"EntryPoint\",\"urlTemplate\":\"https:\/\/www.eurosam.sk\/?s={search_term_string}\"},\"query-input\":\"required name=search_term_string\"}],\"inLanguage\":\"en-US\"}]}<\/script>\n<!-- \/ Yoast SEO plugin. -->","yoast_head_json":{"title":"Acme & Co Taster Cup - Eurosam.sk","robots":{"index":"index","follow":"follow","max-snippet":"max-snippet:-1","max-image-preview":"max-image-preview:large","max-video-preview":"max-video-preview:-1"},"canonical":"https:\/\/www.eurosam.sk\/en\/obchod\/acme\/","og_locale":"en_US","og_type":"article","og_title":"Acme & Co Taster Cup - Eurosam.sk","og_description":"Special coffee cups from Acme &amp; Co are recommended by professional barbers and coffee enthusiasts all over the world. They are considered to be the pattern for espresso cups. While the bottom of the cup retains its thickness for better heat storage, its edge is thinner and gradually tapered to make it more pleasant. The biggest change is the design of ear, which was reworked to keep the cup more comfortable. Each innovation is thoroughly tested through a customer feedback and daily use at the Acme, Prefab home in Wellington, where 1,200 cups of coffee are served daily.","og_url":"https:\/\/www.eurosam.sk\/en\/obchod\/acme\/","og_site_name":"Eurosam.sk","og_image":[{"width":2560,"height":1703,"url":"https:\/\/www.eurosam.sk\/wp-content\/uploads\/2018\/06\/cx-3011-cx-3021-cx-3026-tastercupssaucersteaspoons-scaled.jpg","type":"image\/jpeg"}],"twitter_card":"summary_large_image","schema":{"@context":"https:\/\/schema.org","@graph":[{"@type":"WebPage","@id":"https:\/\/www.eurosam.sk\/en\/obchod\/acme\/","url":"https:\/\/www.eurosam.sk\/en\/obchod\/acme\/","name":"Acme & Co Taster Cup - Eurosam.sk","isPartOf":{"@id":"https:\/\/www.eurosam.sk\/#website"},"datePublished":"2018-06-22T12:01:26+00:00","dateModified":"2018-06-22T12:01:26+00:00","breadcrumb":{"@id":"https:\/\/www.eurosam.sk\/en\/obchod\/acme\/#breadcrumb"},"inLanguage":"en-US","potentialAction":[{"@type":"ReadAction","target":["https:\/\/www.eurosam.sk\/en\/obchod\/acme\/"]}]},{"@type":"BreadcrumbList","@id":"https:\/\/www.eurosam.sk\/en\/obchod\/acme\/#breadcrumb","itemListElement":[{"@type":"ListItem","position":1,"name":"Home","item":"https:\/\/www.eurosam.sk\/"},{"@type":"ListItem","position":2,"name":"Configurator","item":"https:\/\/www.eurosam.sk\/en\/coffee-machine-configurator\/"},{"@type":"ListItem","position":3,"name":"Acme &#038; Co Taster Cup"}]},{"@type":"WebSite","@id":"https:\/\/www.eurosam.sk\/#website","url":"https:\/\/www.eurosam.sk\/","name":"Eurosam.sk","description":"EUROSAM v\u00e1m prin\u00e1\u0161a profesion\u00e1lny postup na pr\u00edpravu dokonalej \u0161\u00e1lky k\u00e1vy.","potentialAction":[{"@type":"SearchAction","target":{"@type":"EntryPoint","urlTemplate":"https:\/\/www.eurosam.sk\/?s={search_term_string}"},"query-input":"required name=search_term_string"}],"inLanguage":"en-US"}]}},"_links":{"self":[{"href":"https:\/\/www.eurosam.sk\/en\/wp-json\/wp\/v2\/product\/4546\/"}],"collection":[{"href":"https:\/\/www.eurosam.sk\/en\/wp-json\/wp\/v2\/product\/"}],"about":[{"href":"https:\/\/www.eurosam.sk\/en\/wp-json\/wp\/v2\/types\/product\/"}],"wp:featuredmedia":[{"embeddable":true,"href":"https:\/\/www.eurosam.sk\/en\/wp-json\/wp\/v2\/media\/4120\/"}],"wp:attachment":[{"href":"https:\/\/www.eurosam.sk\/en\/wp-json\/wp\/v2\/media\/?parent=4546"}],"curies":[{"name":"wp","href":"https:\/\/api.w.org\/{rel}","templated":true}]}}