{"id":4550,"date":"2018-06-22T11:46:46","date_gmt":"2018-06-22T11:46:46","guid":{"rendered":"https:\/\/www.eurosam.sk\/obchod\/acme-co-bibby-tea-cup-250-ml\/"},"modified":"2018-06-22T11:46:46","modified_gmt":"2018-06-22T11:46:46","slug":"acme-co-bibby-tea-cup-250-ml","status":"publish","type":"product","link":"https:\/\/www.eurosam.sk\/en\/obchod\/acme-co-bibby-tea-cup-250-ml\/","title":{"rendered":"Acme &#038; Co Bibby Tea Cup 250 ml"},"content":{"rendered":"<ul>\n<li>Height: 60 mm<\/li>\n<li>Cup size: 107 mm<\/li>\n<li>Weight: 186g<\/li>\n<\/ul>\n<p>&nbsp;<\/p>\n","protected":false},"excerpt":{"rendered":"<p>Acme &amp; Co Bibby has a capacity of 250 ml and is ideal for tea and filtered coffee. It is inspired by traditional Japanese ceramics. It is made of elegant white porcelain with high density and strength. Thanks to the ergonomic ear it is easier to hold in your hand. It is also suitable for professional use in a caf\u00e9, dishwasher and microwave oven resistant.<\/p>\n","protected":false},"featured_media":4129,"template":"","meta":[],"acf":[],"yoast_head":"<!-- This site is optimized with the Yoast SEO plugin v21.2 - https:\/\/yoast.com\/wordpress\/plugins\/seo\/ -->\n<title>Acme &amp; Co Bibby Tea Cup 250 ml - Eurosam.sk<\/title>\n<meta name=\"robots\" content=\"index, follow, max-snippet:-1, max-image-preview:large, max-video-preview:-1\" \/>\n<link rel=\"canonical\" href=\"https:\/\/www.eurosam.sk\/en\/obchod\/acme-co-bibby-tea-cup-250-ml\/\" \/>\n<meta property=\"og:locale\" content=\"en_US\" \/>\n<meta property=\"og:type\" content=\"article\" \/>\n<meta property=\"og:title\" content=\"Acme &amp; Co Bibby Tea Cup 250 ml - Eurosam.sk\" \/>\n<meta property=\"og:description\" content=\"Acme &amp; Co Bibby has a capacity of 250 ml and is ideal for tea and filtered coffee. It is inspired by traditional Japanese ceramics. It is made of elegant white porcelain with high density and strength. Thanks to the ergonomic ear it is easier to hold in your hand. It is also suitable for professional use in a caf\u00e9, dishwasher and microwave oven resistant.\" \/>\n<meta property=\"og:url\" content=\"https:\/\/www.eurosam.sk\/en\/obchod\/acme-co-bibby-tea-cup-250-ml\/\" \/>\n<meta property=\"og:site_name\" content=\"Eurosam.sk\" \/>\n<meta property=\"og:image\" content=\"https:\/\/www.eurosam.sk\/wp-content\/uploads\/2018\/06\/ml-teacup-milkteacupsaucer-scaled.jpg\" \/>\n\t<meta property=\"og:image:width\" content=\"2560\" \/>\n\t<meta property=\"og:image:height\" content=\"1703\" \/>\n\t<meta property=\"og:image:type\" content=\"image\/jpeg\" \/>\n<meta name=\"twitter:card\" content=\"summary_large_image\" \/>\n<script type=\"application\/ld+json\" class=\"yoast-schema-graph\">{\"@context\":\"https:\/\/schema.org\",\"@graph\":[{\"@type\":\"WebPage\",\"@id\":\"https:\/\/www.eurosam.sk\/en\/obchod\/acme-co-bibby-tea-cup-250-ml\/\",\"url\":\"https:\/\/www.eurosam.sk\/en\/obchod\/acme-co-bibby-tea-cup-250-ml\/\",\"name\":\"Acme & Co Bibby Tea Cup 250 ml - Eurosam.sk\",\"isPartOf\":{\"@id\":\"https:\/\/www.eurosam.sk\/#website\"},\"datePublished\":\"2018-06-22T11:46:46+00:00\",\"dateModified\":\"2018-06-22T11:46:46+00:00\",\"breadcrumb\":{\"@id\":\"https:\/\/www.eurosam.sk\/en\/obchod\/acme-co-bibby-tea-cup-250-ml\/#breadcrumb\"},\"inLanguage\":\"en-US\",\"potentialAction\":[{\"@type\":\"ReadAction\",\"target\":[\"https:\/\/www.eurosam.sk\/en\/obchod\/acme-co-bibby-tea-cup-250-ml\/\"]}]},{\"@type\":\"BreadcrumbList\",\"@id\":\"https:\/\/www.eurosam.sk\/en\/obchod\/acme-co-bibby-tea-cup-250-ml\/#breadcrumb\",\"itemListElement\":[{\"@type\":\"ListItem\",\"position\":1,\"name\":\"Home\",\"item\":\"https:\/\/www.eurosam.sk\/\"},{\"@type\":\"ListItem\",\"position\":2,\"name\":\"Configurator\",\"item\":\"https:\/\/www.eurosam.sk\/en\/coffee-machine-configurator\/\"},{\"@type\":\"ListItem\",\"position\":3,\"name\":\"Acme &#038; Co Bibby Tea Cup 250 ml\"}]},{\"@type\":\"WebSite\",\"@id\":\"https:\/\/www.eurosam.sk\/#website\",\"url\":\"https:\/\/www.eurosam.sk\/\",\"name\":\"Eurosam.sk\",\"description\":\"EUROSAM v\u00e1m prin\u00e1\u0161a profesion\u00e1lny postup na pr\u00edpravu dokonalej \u0161\u00e1lky k\u00e1vy.\",\"potentialAction\":[{\"@type\":\"SearchAction\",\"target\":{\"@type\":\"EntryPoint\",\"urlTemplate\":\"https:\/\/www.eurosam.sk\/?s={search_term_string}\"},\"query-input\":\"required name=search_term_string\"}],\"inLanguage\":\"en-US\"}]}<\/script>\n<!-- \/ Yoast SEO plugin. -->","yoast_head_json":{"title":"Acme & Co Bibby Tea Cup 250 ml - Eurosam.sk","robots":{"index":"index","follow":"follow","max-snippet":"max-snippet:-1","max-image-preview":"max-image-preview:large","max-video-preview":"max-video-preview:-1"},"canonical":"https:\/\/www.eurosam.sk\/en\/obchod\/acme-co-bibby-tea-cup-250-ml\/","og_locale":"en_US","og_type":"article","og_title":"Acme & Co Bibby Tea Cup 250 ml - Eurosam.sk","og_description":"Acme &amp; Co Bibby has a capacity of 250 ml and is ideal for tea and filtered coffee. It is inspired by traditional Japanese ceramics. It is made of elegant white porcelain with high density and strength. Thanks to the ergonomic ear it is easier to hold in your hand. It is also suitable for professional use in a caf\u00e9, dishwasher and microwave oven resistant.","og_url":"https:\/\/www.eurosam.sk\/en\/obchod\/acme-co-bibby-tea-cup-250-ml\/","og_site_name":"Eurosam.sk","og_image":[{"width":2560,"height":1703,"url":"https:\/\/www.eurosam.sk\/wp-content\/uploads\/2018\/06\/ml-teacup-milkteacupsaucer-scaled.jpg","type":"image\/jpeg"}],"twitter_card":"summary_large_image","schema":{"@context":"https:\/\/schema.org","@graph":[{"@type":"WebPage","@id":"https:\/\/www.eurosam.sk\/en\/obchod\/acme-co-bibby-tea-cup-250-ml\/","url":"https:\/\/www.eurosam.sk\/en\/obchod\/acme-co-bibby-tea-cup-250-ml\/","name":"Acme & Co Bibby Tea Cup 250 ml - Eurosam.sk","isPartOf":{"@id":"https:\/\/www.eurosam.sk\/#website"},"datePublished":"2018-06-22T11:46:46+00:00","dateModified":"2018-06-22T11:46:46+00:00","breadcrumb":{"@id":"https:\/\/www.eurosam.sk\/en\/obchod\/acme-co-bibby-tea-cup-250-ml\/#breadcrumb"},"inLanguage":"en-US","potentialAction":[{"@type":"ReadAction","target":["https:\/\/www.eurosam.sk\/en\/obchod\/acme-co-bibby-tea-cup-250-ml\/"]}]},{"@type":"BreadcrumbList","@id":"https:\/\/www.eurosam.sk\/en\/obchod\/acme-co-bibby-tea-cup-250-ml\/#breadcrumb","itemListElement":[{"@type":"ListItem","position":1,"name":"Home","item":"https:\/\/www.eurosam.sk\/"},{"@type":"ListItem","position":2,"name":"Configurator","item":"https:\/\/www.eurosam.sk\/en\/coffee-machine-configurator\/"},{"@type":"ListItem","position":3,"name":"Acme &#038; Co Bibby Tea Cup 250 ml"}]},{"@type":"WebSite","@id":"https:\/\/www.eurosam.sk\/#website","url":"https:\/\/www.eurosam.sk\/","name":"Eurosam.sk","description":"EUROSAM v\u00e1m prin\u00e1\u0161a profesion\u00e1lny postup na pr\u00edpravu dokonalej \u0161\u00e1lky k\u00e1vy.","potentialAction":[{"@type":"SearchAction","target":{"@type":"EntryPoint","urlTemplate":"https:\/\/www.eurosam.sk\/?s={search_term_string}"},"query-input":"required name=search_term_string"}],"inLanguage":"en-US"}]}},"_links":{"self":[{"href":"https:\/\/www.eurosam.sk\/en\/wp-json\/wp\/v2\/product\/4550\/"}],"collection":[{"href":"https:\/\/www.eurosam.sk\/en\/wp-json\/wp\/v2\/product\/"}],"about":[{"href":"https:\/\/www.eurosam.sk\/en\/wp-json\/wp\/v2\/types\/product\/"}],"wp:featuredmedia":[{"embeddable":true,"href":"https:\/\/www.eurosam.sk\/en\/wp-json\/wp\/v2\/media\/4129\/"}],"wp:attachment":[{"href":"https:\/\/www.eurosam.sk\/en\/wp-json\/wp\/v2\/media\/?parent=4550"}],"curies":[{"name":"wp","href":"https:\/\/api.w.org\/{rel}","templated":true}]}}