{"id":4555,"date":"2018-06-22T10:56:43","date_gmt":"2018-06-22T10:56:43","guid":{"rendered":"https:\/\/www.eurosam.sk\/obchod\/acme-co-saucer-11cm\/"},"modified":"2018-06-22T10:56:43","modified_gmt":"2018-06-22T10:56:43","slug":"acme-co-saucer-11cm","status":"publish","type":"product","link":"https:\/\/www.eurosam.sk\/en\/obchod\/acme-co-saucer-11cm\/","title":{"rendered":"Acme &#038; Co Saucer 11cm"},"content":{"rendered":"<ul>\n<li>Elegant, heavy and durable ceramics<\/li>\n<li>Familiar white hoop Acme<\/li>\n<li>Improved 6-pack package without plastic<\/li>\n<li>An outside diameter of 115 mm, an inside diameter of 38mm<\/li>\n<\/ul>\n","protected":false},"excerpt":{"rendered":"<p>Acme 11cm saucer is universal for demitasse cup and 110 ml demitasse cup. Suitable for dishwasher. The cup is sold separately.<\/p>\n","protected":false},"featured_media":4094,"template":"","meta":[],"acf":[],"yoast_head":"<!-- This site is optimized with the Yoast SEO plugin v21.2 - https:\/\/yoast.com\/wordpress\/plugins\/seo\/ -->\n<title>Acme &amp; Co Saucer 11cm - Eurosam.sk<\/title>\n<meta name=\"robots\" content=\"index, follow, max-snippet:-1, max-image-preview:large, max-video-preview:-1\" \/>\n<link rel=\"canonical\" href=\"https:\/\/www.eurosam.sk\/en\/obchod\/acme-co-saucer-11cm\/\" \/>\n<meta property=\"og:locale\" content=\"en_US\" \/>\n<meta property=\"og:type\" content=\"article\" \/>\n<meta property=\"og:title\" content=\"Acme &amp; Co Saucer 11cm - Eurosam.sk\" \/>\n<meta property=\"og:description\" content=\"Acme 11cm saucer is universal for demitasse cup and 110 ml demitasse cup. Suitable for dishwasher. The cup is sold separately.\" \/>\n<meta property=\"og:url\" content=\"https:\/\/www.eurosam.sk\/en\/obchod\/acme-co-saucer-11cm\/\" \/>\n<meta property=\"og:site_name\" content=\"Eurosam.sk\" \/>\n<meta property=\"og:image\" content=\"https:\/\/www.eurosam.sk\/wp-content\/uploads\/2018\/06\/dp-5011-11cm-saucer-dolphin-cropped.jpg\" \/>\n\t<meta property=\"og:image:width\" content=\"600\" \/>\n\t<meta property=\"og:image:height\" content=\"600\" \/>\n\t<meta property=\"og:image:type\" content=\"image\/jpeg\" \/>\n<meta name=\"twitter:card\" content=\"summary_large_image\" \/>\n<script type=\"application\/ld+json\" class=\"yoast-schema-graph\">{\"@context\":\"https:\/\/schema.org\",\"@graph\":[{\"@type\":\"WebPage\",\"@id\":\"https:\/\/www.eurosam.sk\/en\/obchod\/acme-co-saucer-11cm\/\",\"url\":\"https:\/\/www.eurosam.sk\/en\/obchod\/acme-co-saucer-11cm\/\",\"name\":\"Acme & Co Saucer 11cm - Eurosam.sk\",\"isPartOf\":{\"@id\":\"https:\/\/www.eurosam.sk\/#website\"},\"datePublished\":\"2018-06-22T10:56:43+00:00\",\"dateModified\":\"2018-06-22T10:56:43+00:00\",\"breadcrumb\":{\"@id\":\"https:\/\/www.eurosam.sk\/en\/obchod\/acme-co-saucer-11cm\/#breadcrumb\"},\"inLanguage\":\"en-US\",\"potentialAction\":[{\"@type\":\"ReadAction\",\"target\":[\"https:\/\/www.eurosam.sk\/en\/obchod\/acme-co-saucer-11cm\/\"]}]},{\"@type\":\"BreadcrumbList\",\"@id\":\"https:\/\/www.eurosam.sk\/en\/obchod\/acme-co-saucer-11cm\/#breadcrumb\",\"itemListElement\":[{\"@type\":\"ListItem\",\"position\":1,\"name\":\"Home\",\"item\":\"https:\/\/www.eurosam.sk\/\"},{\"@type\":\"ListItem\",\"position\":2,\"name\":\"Configurator\",\"item\":\"https:\/\/www.eurosam.sk\/en\/coffee-machine-configurator\/\"},{\"@type\":\"ListItem\",\"position\":3,\"name\":\"Acme &#038; Co Saucer 11cm\"}]},{\"@type\":\"WebSite\",\"@id\":\"https:\/\/www.eurosam.sk\/#website\",\"url\":\"https:\/\/www.eurosam.sk\/\",\"name\":\"Eurosam.sk\",\"description\":\"EUROSAM v\u00e1m prin\u00e1\u0161a profesion\u00e1lny postup na pr\u00edpravu dokonalej \u0161\u00e1lky k\u00e1vy.\",\"potentialAction\":[{\"@type\":\"SearchAction\",\"target\":{\"@type\":\"EntryPoint\",\"urlTemplate\":\"https:\/\/www.eurosam.sk\/?s={search_term_string}\"},\"query-input\":\"required name=search_term_string\"}],\"inLanguage\":\"en-US\"}]}<\/script>\n<!-- \/ Yoast SEO plugin. -->","yoast_head_json":{"title":"Acme & Co Saucer 11cm - Eurosam.sk","robots":{"index":"index","follow":"follow","max-snippet":"max-snippet:-1","max-image-preview":"max-image-preview:large","max-video-preview":"max-video-preview:-1"},"canonical":"https:\/\/www.eurosam.sk\/en\/obchod\/acme-co-saucer-11cm\/","og_locale":"en_US","og_type":"article","og_title":"Acme & Co Saucer 11cm - Eurosam.sk","og_description":"Acme 11cm saucer is universal for demitasse cup and 110 ml demitasse cup. Suitable for dishwasher. The cup is sold separately.","og_url":"https:\/\/www.eurosam.sk\/en\/obchod\/acme-co-saucer-11cm\/","og_site_name":"Eurosam.sk","og_image":[{"width":600,"height":600,"url":"https:\/\/www.eurosam.sk\/wp-content\/uploads\/2018\/06\/dp-5011-11cm-saucer-dolphin-cropped.jpg","type":"image\/jpeg"}],"twitter_card":"summary_large_image","schema":{"@context":"https:\/\/schema.org","@graph":[{"@type":"WebPage","@id":"https:\/\/www.eurosam.sk\/en\/obchod\/acme-co-saucer-11cm\/","url":"https:\/\/www.eurosam.sk\/en\/obchod\/acme-co-saucer-11cm\/","name":"Acme & Co Saucer 11cm - Eurosam.sk","isPartOf":{"@id":"https:\/\/www.eurosam.sk\/#website"},"datePublished":"2018-06-22T10:56:43+00:00","dateModified":"2018-06-22T10:56:43+00:00","breadcrumb":{"@id":"https:\/\/www.eurosam.sk\/en\/obchod\/acme-co-saucer-11cm\/#breadcrumb"},"inLanguage":"en-US","potentialAction":[{"@type":"ReadAction","target":["https:\/\/www.eurosam.sk\/en\/obchod\/acme-co-saucer-11cm\/"]}]},{"@type":"BreadcrumbList","@id":"https:\/\/www.eurosam.sk\/en\/obchod\/acme-co-saucer-11cm\/#breadcrumb","itemListElement":[{"@type":"ListItem","position":1,"name":"Home","item":"https:\/\/www.eurosam.sk\/"},{"@type":"ListItem","position":2,"name":"Configurator","item":"https:\/\/www.eurosam.sk\/en\/coffee-machine-configurator\/"},{"@type":"ListItem","position":3,"name":"Acme &#038; Co Saucer 11cm"}]},{"@type":"WebSite","@id":"https:\/\/www.eurosam.sk\/#website","url":"https:\/\/www.eurosam.sk\/","name":"Eurosam.sk","description":"EUROSAM v\u00e1m prin\u00e1\u0161a profesion\u00e1lny postup na pr\u00edpravu dokonalej \u0161\u00e1lky k\u00e1vy.","potentialAction":[{"@type":"SearchAction","target":{"@type":"EntryPoint","urlTemplate":"https:\/\/www.eurosam.sk\/?s={search_term_string}"},"query-input":"required name=search_term_string"}],"inLanguage":"en-US"}]}},"_links":{"self":[{"href":"https:\/\/www.eurosam.sk\/en\/wp-json\/wp\/v2\/product\/4555\/"}],"collection":[{"href":"https:\/\/www.eurosam.sk\/en\/wp-json\/wp\/v2\/product\/"}],"about":[{"href":"https:\/\/www.eurosam.sk\/en\/wp-json\/wp\/v2\/types\/product\/"}],"wp:featuredmedia":[{"embeddable":true,"href":"https:\/\/www.eurosam.sk\/en\/wp-json\/wp\/v2\/media\/4094\/"}],"wp:attachment":[{"href":"https:\/\/www.eurosam.sk\/en\/wp-json\/wp\/v2\/media\/?parent=4555"}],"curies":[{"name":"wp","href":"https:\/\/api.w.org\/{rel}","templated":true}]}}