{"id":4558,"date":"2018-06-22T10:10:51","date_gmt":"2018-06-22T10:10:51","guid":{"rendered":"https:\/\/www.eurosam.sk\/obchod\/acme-co-latte-cup-280-ml\/"},"modified":"2018-06-22T10:10:51","modified_gmt":"2018-06-22T10:10:51","slug":"acme-co-latte-cup-280-ml","status":"publish","type":"product","link":"https:\/\/www.eurosam.sk\/en\/obchod\/acme-co-latte-cup-280-ml\/","title":{"rendered":"Acme &#038; Co Latte Cup 280 ml"},"content":{"rendered":"<ul>\n<li>Elegant, heavy and durable ceramics<\/li>\n<li>The interior is cleaner and more whiter<\/li>\n<li>It is easy to hold while drinking but also during pouring<\/li>\n<li>Better balanced and stackable<\/li>\n<li>The base of the cup has a thicker wall for better durability and heat storage<\/li>\n<li>Narrowed edge for better feeling of drinking<\/li>\n<li>The finer inner surface allows for better pouring of coffee and milk<\/li>\n<li>Improved 6-pack package without plastic<\/li>\n<li>Suitable for a 15 cm saucer, also perfectly suited to the original 155 mm saucer.<\/li>\n<li>Outer diameter 96mm, base diameter 48mm, height 57mm<\/li>\n<\/ul>\n","protected":false},"excerpt":{"rendered":"<p>Acme Cup 280 ml latt\u00e9 cup is now available in the &#8220;Evolution&#8221; series design. It has a large inner surface that is the ideal &#8220;canvas&#8221; for latt\u00e9 art. Our most popular latte cup is also suitable for tea or larger cappuccino. The cup is comfortable and comfortable to hold and is suitable for the dishwasher. The series &#8220;Evolution&#8221; contains seven beautiful colors. Saucers are sold separately.<\/p>\n","protected":false},"featured_media":4068,"template":"","meta":[],"acf":[],"yoast_head":"<!-- This site is optimized with the Yoast SEO plugin v21.2 - https:\/\/yoast.com\/wordpress\/plugins\/seo\/ -->\n<title>Acme &amp; Co Latte Cup 280 ml - Eurosam.sk<\/title>\n<meta name=\"robots\" content=\"index, follow, max-snippet:-1, max-image-preview:large, max-video-preview:-1\" \/>\n<link rel=\"canonical\" href=\"https:\/\/www.eurosam.sk\/en\/obchod\/acme-co-latte-cup-280-ml\/\" \/>\n<meta property=\"og:locale\" content=\"en_US\" \/>\n<meta property=\"og:type\" content=\"article\" \/>\n<meta property=\"og:title\" content=\"Acme &amp; Co Latte Cup 280 ml - Eurosam.sk\" \/>\n<meta property=\"og:description\" content=\"Acme Cup 280 ml latt\u00e9 cup is now available in the &quot;Evolution&quot; series design. It has a large inner surface that is the ideal &quot;canvas&quot; for latt\u00e9 art. Our most popular latte cup is also suitable for tea or larger cappuccino. The cup is comfortable and comfortable to hold and is suitable for the dishwasher. The series &quot;Evolution&quot; contains seven beautiful colors. Saucers are sold separately.\" \/>\n<meta property=\"og:url\" content=\"https:\/\/www.eurosam.sk\/en\/obchod\/acme-co-latte-cup-280-ml\/\" \/>\n<meta property=\"og:site_name\" content=\"Eurosam.sk\" \/>\n<meta property=\"og:image\" content=\"https:\/\/www.eurosam.sk\/wp-content\/uploads\/2018\/06\/pn-1028-pn-5015-penguinlatteacmecupsaucer.jpg\" \/>\n\t<meta property=\"og:image:width\" content=\"4256\" \/>\n\t<meta property=\"og:image:height\" content=\"2832\" \/>\n\t<meta property=\"og:image:type\" content=\"image\/jpeg\" \/>\n<meta name=\"twitter:card\" content=\"summary_large_image\" \/>\n<script type=\"application\/ld+json\" class=\"yoast-schema-graph\">{\"@context\":\"https:\/\/schema.org\",\"@graph\":[{\"@type\":\"WebPage\",\"@id\":\"https:\/\/www.eurosam.sk\/en\/obchod\/acme-co-latte-cup-280-ml\/\",\"url\":\"https:\/\/www.eurosam.sk\/en\/obchod\/acme-co-latte-cup-280-ml\/\",\"name\":\"Acme & Co Latte Cup 280 ml - Eurosam.sk\",\"isPartOf\":{\"@id\":\"https:\/\/www.eurosam.sk\/#website\"},\"datePublished\":\"2018-06-22T10:10:51+00:00\",\"dateModified\":\"2018-06-22T10:10:51+00:00\",\"breadcrumb\":{\"@id\":\"https:\/\/www.eurosam.sk\/en\/obchod\/acme-co-latte-cup-280-ml\/#breadcrumb\"},\"inLanguage\":\"en-US\",\"potentialAction\":[{\"@type\":\"ReadAction\",\"target\":[\"https:\/\/www.eurosam.sk\/en\/obchod\/acme-co-latte-cup-280-ml\/\"]}]},{\"@type\":\"BreadcrumbList\",\"@id\":\"https:\/\/www.eurosam.sk\/en\/obchod\/acme-co-latte-cup-280-ml\/#breadcrumb\",\"itemListElement\":[{\"@type\":\"ListItem\",\"position\":1,\"name\":\"Home\",\"item\":\"https:\/\/www.eurosam.sk\/\"},{\"@type\":\"ListItem\",\"position\":2,\"name\":\"Configurator\",\"item\":\"https:\/\/www.eurosam.sk\/en\/coffee-machine-configurator\/\"},{\"@type\":\"ListItem\",\"position\":3,\"name\":\"Acme &#038; Co Latte Cup 280 ml\"}]},{\"@type\":\"WebSite\",\"@id\":\"https:\/\/www.eurosam.sk\/#website\",\"url\":\"https:\/\/www.eurosam.sk\/\",\"name\":\"Eurosam.sk\",\"description\":\"EUROSAM v\u00e1m prin\u00e1\u0161a profesion\u00e1lny postup na pr\u00edpravu dokonalej \u0161\u00e1lky k\u00e1vy.\",\"potentialAction\":[{\"@type\":\"SearchAction\",\"target\":{\"@type\":\"EntryPoint\",\"urlTemplate\":\"https:\/\/www.eurosam.sk\/?s={search_term_string}\"},\"query-input\":\"required name=search_term_string\"}],\"inLanguage\":\"en-US\"}]}<\/script>\n<!-- \/ Yoast SEO plugin. -->","yoast_head_json":{"title":"Acme & Co Latte Cup 280 ml - Eurosam.sk","robots":{"index":"index","follow":"follow","max-snippet":"max-snippet:-1","max-image-preview":"max-image-preview:large","max-video-preview":"max-video-preview:-1"},"canonical":"https:\/\/www.eurosam.sk\/en\/obchod\/acme-co-latte-cup-280-ml\/","og_locale":"en_US","og_type":"article","og_title":"Acme & Co Latte Cup 280 ml - Eurosam.sk","og_description":"Acme Cup 280 ml latt\u00e9 cup is now available in the \"Evolution\" series design. It has a large inner surface that is the ideal \"canvas\" for latt\u00e9 art. Our most popular latte cup is also suitable for tea or larger cappuccino. The cup is comfortable and comfortable to hold and is suitable for the dishwasher. The series \"Evolution\" contains seven beautiful colors. Saucers are sold separately.","og_url":"https:\/\/www.eurosam.sk\/en\/obchod\/acme-co-latte-cup-280-ml\/","og_site_name":"Eurosam.sk","og_image":[{"width":4256,"height":2832,"url":"https:\/\/www.eurosam.sk\/wp-content\/uploads\/2018\/06\/pn-1028-pn-5015-penguinlatteacmecupsaucer.jpg","type":"image\/jpeg"}],"twitter_card":"summary_large_image","schema":{"@context":"https:\/\/schema.org","@graph":[{"@type":"WebPage","@id":"https:\/\/www.eurosam.sk\/en\/obchod\/acme-co-latte-cup-280-ml\/","url":"https:\/\/www.eurosam.sk\/en\/obchod\/acme-co-latte-cup-280-ml\/","name":"Acme & Co Latte Cup 280 ml - Eurosam.sk","isPartOf":{"@id":"https:\/\/www.eurosam.sk\/#website"},"datePublished":"2018-06-22T10:10:51+00:00","dateModified":"2018-06-22T10:10:51+00:00","breadcrumb":{"@id":"https:\/\/www.eurosam.sk\/en\/obchod\/acme-co-latte-cup-280-ml\/#breadcrumb"},"inLanguage":"en-US","potentialAction":[{"@type":"ReadAction","target":["https:\/\/www.eurosam.sk\/en\/obchod\/acme-co-latte-cup-280-ml\/"]}]},{"@type":"BreadcrumbList","@id":"https:\/\/www.eurosam.sk\/en\/obchod\/acme-co-latte-cup-280-ml\/#breadcrumb","itemListElement":[{"@type":"ListItem","position":1,"name":"Home","item":"https:\/\/www.eurosam.sk\/"},{"@type":"ListItem","position":2,"name":"Configurator","item":"https:\/\/www.eurosam.sk\/en\/coffee-machine-configurator\/"},{"@type":"ListItem","position":3,"name":"Acme &#038; Co Latte Cup 280 ml"}]},{"@type":"WebSite","@id":"https:\/\/www.eurosam.sk\/#website","url":"https:\/\/www.eurosam.sk\/","name":"Eurosam.sk","description":"EUROSAM v\u00e1m prin\u00e1\u0161a profesion\u00e1lny postup na pr\u00edpravu dokonalej \u0161\u00e1lky k\u00e1vy.","potentialAction":[{"@type":"SearchAction","target":{"@type":"EntryPoint","urlTemplate":"https:\/\/www.eurosam.sk\/?s={search_term_string}"},"query-input":"required name=search_term_string"}],"inLanguage":"en-US"}]}},"_links":{"self":[{"href":"https:\/\/www.eurosam.sk\/en\/wp-json\/wp\/v2\/product\/4558\/"}],"collection":[{"href":"https:\/\/www.eurosam.sk\/en\/wp-json\/wp\/v2\/product\/"}],"about":[{"href":"https:\/\/www.eurosam.sk\/en\/wp-json\/wp\/v2\/types\/product\/"}],"wp:featuredmedia":[{"embeddable":true,"href":"https:\/\/www.eurosam.sk\/en\/wp-json\/wp\/v2\/media\/4068\/"}],"wp:attachment":[{"href":"https:\/\/www.eurosam.sk\/en\/wp-json\/wp\/v2\/media\/?parent=4558"}],"curies":[{"name":"wp","href":"https:\/\/api.w.org\/{rel}","templated":true}]}}