{"id":4560,"date":"2018-06-21T12:52:57","date_gmt":"2018-06-21T12:52:57","guid":{"rendered":"https:\/\/www.eurosam.sk\/obchod\/acme-co-tulip-cup-170-ml\/"},"modified":"2018-06-21T12:52:57","modified_gmt":"2018-06-21T12:52:57","slug":"acme-co-tulip-cup-170-ml","status":"publish","type":"product","link":"https:\/\/www.eurosam.sk\/en\/obchod\/acme-co-tulip-cup-170-ml\/","title":{"rendered":"Acme &#038; Co Tulip Cup 170 ml"},"content":{"rendered":"<ul>\n<li>Elegant, heavy and durable ceramics<\/li>\n<li>The interior is cleaner and more whiter<\/li>\n<li>It is easy to hold while drinking but also during pouring<\/li>\n<li>Better balanced and stackable<\/li>\n<li>The base of the cup has a thicker wall for better durability and heat storage<\/li>\n<li>Narrowed edge for better feeling of drinking<\/li>\n<li>The finer inner surface allows for better pouring of coffee and milk<\/li>\n<li>Improved 6-pack package without plastic<\/li>\n<li>Suitable for a 14 cm saucer, also perfectly suited to the original 145 mm saucer.<\/li>\n<li>Outer diameter 80 mm, base diameter 48 mm, height 75 mm<\/li>\n<\/ul>\n","protected":false},"excerpt":{"rendered":"<p>Acme Cup 170 ml tulip cup is now available in the &#8220;Evolution&#8221; series. Best choice for lungo, exceptionally for flat white and also great for filtered coffee. The cup is comfortable to hold and is suitable for the dishwasher. The series &#8220;Evolution&#8221; contains seven beautiful colors. Saucers are sold separately.<\/p>\n","protected":false},"featured_media":4032,"template":"","meta":[],"acf":[],"yoast_head":"<!-- This site is optimized with the Yoast SEO plugin v21.2 - https:\/\/yoast.com\/wordpress\/plugins\/seo\/ -->\n<title>Acme &amp; Co Tulip Cup 170 ml - Eurosam.sk<\/title>\n<meta name=\"robots\" content=\"index, follow, max-snippet:-1, max-image-preview:large, max-video-preview:-1\" \/>\n<link rel=\"canonical\" href=\"https:\/\/www.eurosam.sk\/en\/?post_type=product&p=2328\" \/>\n<meta property=\"og:locale\" content=\"en_US\" \/>\n<meta property=\"og:type\" content=\"article\" \/>\n<meta property=\"og:title\" content=\"Acme &amp; Co Tulip Cup 170 ml - Eurosam.sk\" \/>\n<meta property=\"og:description\" content=\"Acme Cup 170 ml tulip cup is now available in the &quot;Evolution&quot; series. Best choice for lungo, exceptionally for flat white and also great for filtered coffee. The cup is comfortable to hold and is suitable for the dishwasher. The series &quot;Evolution&quot; contains seven beautiful colors. Saucers are sold separately.\" \/>\n<meta property=\"og:url\" content=\"https:\/\/www.eurosam.sk\/?post_type=product&amp;p=2328\" \/>\n<meta property=\"og:site_name\" content=\"Eurosam.sk\" \/>\n<meta property=\"og:image\" content=\"https:\/\/www.eurosam.sk\/wp-content\/uploads\/2018\/06\/tulips_3stacks-1-scaled.jpg\" \/>\n\t<meta property=\"og:image:width\" content=\"2560\" \/>\n\t<meta property=\"og:image:height\" content=\"1703\" \/>\n\t<meta property=\"og:image:type\" content=\"image\/jpeg\" \/>\n<meta name=\"twitter:card\" content=\"summary_large_image\" \/>\n<script type=\"application\/ld+json\" class=\"yoast-schema-graph\">{\"@context\":\"https:\/\/schema.org\",\"@graph\":[{\"@type\":\"WebPage\",\"@id\":\"https:\/\/www.eurosam.sk\/?post_type=product&p=2328\",\"url\":\"https:\/\/www.eurosam.sk\/?post_type=product&p=2328\",\"name\":\"Acme & Co Tulip Cup 170 ml - Eurosam.sk\",\"isPartOf\":{\"@id\":\"https:\/\/www.eurosam.sk\/#website\"},\"datePublished\":\"2018-06-21T12:52:57+00:00\",\"dateModified\":\"2018-06-21T12:52:57+00:00\",\"breadcrumb\":{\"@id\":\"https:\/\/www.eurosam.sk\/?post_type=product&p=2328#breadcrumb\"},\"inLanguage\":\"en-US\",\"potentialAction\":[{\"@type\":\"ReadAction\",\"target\":[\"https:\/\/www.eurosam.sk\/?post_type=product&p=2328\"]}]},{\"@type\":\"BreadcrumbList\",\"@id\":\"https:\/\/www.eurosam.sk\/?post_type=product&p=2328#breadcrumb\",\"itemListElement\":[{\"@type\":\"ListItem\",\"position\":1,\"name\":\"Home\",\"item\":\"https:\/\/www.eurosam.sk\/\"},{\"@type\":\"ListItem\",\"position\":2,\"name\":\"Configurator\",\"item\":\"https:\/\/www.eurosam.sk\/en\/coffee-machine-configurator\/\"},{\"@type\":\"ListItem\",\"position\":3,\"name\":\"Acme &#038; Co Tulip Cup 170 ml\"}]},{\"@type\":\"WebSite\",\"@id\":\"https:\/\/www.eurosam.sk\/#website\",\"url\":\"https:\/\/www.eurosam.sk\/\",\"name\":\"Eurosam.sk\",\"description\":\"EUROSAM v\u00e1m prin\u00e1\u0161a profesion\u00e1lny postup na pr\u00edpravu dokonalej \u0161\u00e1lky k\u00e1vy.\",\"potentialAction\":[{\"@type\":\"SearchAction\",\"target\":{\"@type\":\"EntryPoint\",\"urlTemplate\":\"https:\/\/www.eurosam.sk\/?s={search_term_string}\"},\"query-input\":\"required name=search_term_string\"}],\"inLanguage\":\"en-US\"}]}<\/script>\n<!-- \/ Yoast SEO plugin. -->","yoast_head_json":{"title":"Acme & Co Tulip Cup 170 ml - Eurosam.sk","robots":{"index":"index","follow":"follow","max-snippet":"max-snippet:-1","max-image-preview":"max-image-preview:large","max-video-preview":"max-video-preview:-1"},"canonical":"https:\/\/www.eurosam.sk\/en\/?post_type=product&p=2328","og_locale":"en_US","og_type":"article","og_title":"Acme & Co Tulip Cup 170 ml - Eurosam.sk","og_description":"Acme Cup 170 ml tulip cup is now available in the \"Evolution\" series. Best choice for lungo, exceptionally for flat white and also great for filtered coffee. The cup is comfortable to hold and is suitable for the dishwasher. The series \"Evolution\" contains seven beautiful colors. Saucers are sold separately.","og_url":"https:\/\/www.eurosam.sk\/?post_type=product&p=2328","og_site_name":"Eurosam.sk","og_image":[{"width":2560,"height":1703,"url":"https:\/\/www.eurosam.sk\/wp-content\/uploads\/2018\/06\/tulips_3stacks-1-scaled.jpg","type":"image\/jpeg"}],"twitter_card":"summary_large_image","schema":{"@context":"https:\/\/schema.org","@graph":[{"@type":"WebPage","@id":"https:\/\/www.eurosam.sk\/?post_type=product&p=2328","url":"https:\/\/www.eurosam.sk\/?post_type=product&p=2328","name":"Acme & Co Tulip Cup 170 ml - Eurosam.sk","isPartOf":{"@id":"https:\/\/www.eurosam.sk\/#website"},"datePublished":"2018-06-21T12:52:57+00:00","dateModified":"2018-06-21T12:52:57+00:00","breadcrumb":{"@id":"https:\/\/www.eurosam.sk\/?post_type=product&p=2328#breadcrumb"},"inLanguage":"en-US","potentialAction":[{"@type":"ReadAction","target":["https:\/\/www.eurosam.sk\/?post_type=product&p=2328"]}]},{"@type":"BreadcrumbList","@id":"https:\/\/www.eurosam.sk\/?post_type=product&p=2328#breadcrumb","itemListElement":[{"@type":"ListItem","position":1,"name":"Home","item":"https:\/\/www.eurosam.sk\/"},{"@type":"ListItem","position":2,"name":"Configurator","item":"https:\/\/www.eurosam.sk\/en\/coffee-machine-configurator\/"},{"@type":"ListItem","position":3,"name":"Acme &#038; Co Tulip Cup 170 ml"}]},{"@type":"WebSite","@id":"https:\/\/www.eurosam.sk\/#website","url":"https:\/\/www.eurosam.sk\/","name":"Eurosam.sk","description":"EUROSAM v\u00e1m prin\u00e1\u0161a profesion\u00e1lny postup na pr\u00edpravu dokonalej \u0161\u00e1lky k\u00e1vy.","potentialAction":[{"@type":"SearchAction","target":{"@type":"EntryPoint","urlTemplate":"https:\/\/www.eurosam.sk\/?s={search_term_string}"},"query-input":"required name=search_term_string"}],"inLanguage":"en-US"}]}},"_links":{"self":[{"href":"https:\/\/www.eurosam.sk\/en\/wp-json\/wp\/v2\/product\/4560\/"}],"collection":[{"href":"https:\/\/www.eurosam.sk\/en\/wp-json\/wp\/v2\/product\/"}],"about":[{"href":"https:\/\/www.eurosam.sk\/en\/wp-json\/wp\/v2\/types\/product\/"}],"wp:featuredmedia":[{"embeddable":true,"href":"https:\/\/www.eurosam.sk\/en\/wp-json\/wp\/v2\/media\/4032\/"}],"wp:attachment":[{"href":"https:\/\/www.eurosam.sk\/en\/wp-json\/wp\/v2\/media\/?parent=4560"}],"curies":[{"name":"wp","href":"https:\/\/api.w.org\/{rel}","templated":true}]}}