{"id":4572,"date":"2017-10-26T11:55:56","date_gmt":"2017-10-26T11:55:56","guid":{"rendered":"https:\/\/www.eurosam.sk\/obchod\/vista-cup-100ml\/"},"modified":"2022-10-11T03:54:18","modified_gmt":"2022-10-11T03:54:18","slug":"vista-cup-100ml","status":"publish","type":"product","link":"https:\/\/www.eurosam.sk\/en\/obchod\/vista-cup-100ml\/","title":{"rendered":"Vista &#8211; cup (100ml)"},"content":{"rendered":"<ul>\n<li>Packaging: 50pcs<\/li>\n<li>Capacity: 100ml<\/li>\n<\/ul>\n","protected":false},"excerpt":{"rendered":"<p>Quality heat resistant cup. Ideal for cafes and gas stations. Cup is in the Vista design and has a capacity of 100ml (suitable for espresso).<\/p>\n","protected":false},"featured_media":3437,"template":"","meta":[],"acf":[],"yoast_head":"<!-- This site is optimized with the Yoast SEO plugin v21.2 - https:\/\/yoast.com\/wordpress\/plugins\/seo\/ -->\n<title>Vista - cup (100ml) - Eurosam.sk<\/title>\n<meta name=\"robots\" content=\"index, follow, max-snippet:-1, max-image-preview:large, max-video-preview:-1\" \/>\n<link rel=\"canonical\" href=\"https:\/\/www.eurosam.sk\/en\/shop\/vista-kelimok-100ml\/\" \/>\n<meta property=\"og:locale\" content=\"en_US\" \/>\n<meta property=\"og:type\" content=\"article\" \/>\n<meta property=\"og:title\" content=\"Vista - cup (100ml) - Eurosam.sk\" \/>\n<meta property=\"og:description\" content=\"Quality heat resistant cup. Ideal for cafes and gas stations. Cup is in the Vista design and has a capacity of 100ml (suitable for espresso).\" \/>\n<meta property=\"og:url\" content=\"https:\/\/www.eurosam.sk\/shop\/vista-kelimok-100ml\/\" \/>\n<meta property=\"og:site_name\" content=\"Eurosam.sk\" \/>\n<meta property=\"article:modified_time\" content=\"2022-10-11T03:54:18+00:00\" \/>\n<meta property=\"og:image\" content=\"https:\/\/www.eurosam.sk\/wp-content\/uploads\/2017\/10\/Vista-kel\u00edmok-100ml.png\" \/>\n\t<meta property=\"og:image:width\" content=\"2736\" \/>\n\t<meta property=\"og:image:height\" content=\"1824\" \/>\n\t<meta property=\"og:image:type\" content=\"image\/png\" \/>\n<meta name=\"twitter:card\" content=\"summary_large_image\" \/>\n<script type=\"application\/ld+json\" class=\"yoast-schema-graph\">{\"@context\":\"https:\/\/schema.org\",\"@graph\":[{\"@type\":\"WebPage\",\"@id\":\"https:\/\/www.eurosam.sk\/shop\/vista-kelimok-100ml\/\",\"url\":\"https:\/\/www.eurosam.sk\/shop\/vista-kelimok-100ml\/\",\"name\":\"Vista - cup (100ml) - Eurosam.sk\",\"isPartOf\":{\"@id\":\"https:\/\/www.eurosam.sk\/#website\"},\"datePublished\":\"2017-10-26T11:55:56+00:00\",\"dateModified\":\"2022-10-11T03:54:18+00:00\",\"breadcrumb\":{\"@id\":\"https:\/\/www.eurosam.sk\/shop\/vista-kelimok-100ml\/#breadcrumb\"},\"inLanguage\":\"en-US\",\"potentialAction\":[{\"@type\":\"ReadAction\",\"target\":[\"https:\/\/www.eurosam.sk\/shop\/vista-kelimok-100ml\/\"]}]},{\"@type\":\"BreadcrumbList\",\"@id\":\"https:\/\/www.eurosam.sk\/shop\/vista-kelimok-100ml\/#breadcrumb\",\"itemListElement\":[{\"@type\":\"ListItem\",\"position\":1,\"name\":\"Home\",\"item\":\"https:\/\/www.eurosam.sk\/\"},{\"@type\":\"ListItem\",\"position\":2,\"name\":\"Configurator\",\"item\":\"https:\/\/www.eurosam.sk\/en\/coffee-machine-configurator\/\"},{\"@type\":\"ListItem\",\"position\":3,\"name\":\"Vista &#8211; cup (100ml)\"}]},{\"@type\":\"WebSite\",\"@id\":\"https:\/\/www.eurosam.sk\/#website\",\"url\":\"https:\/\/www.eurosam.sk\/\",\"name\":\"Eurosam.sk\",\"description\":\"EUROSAM v\u00e1m prin\u00e1\u0161a profesion\u00e1lny postup na pr\u00edpravu dokonalej \u0161\u00e1lky k\u00e1vy.\",\"potentialAction\":[{\"@type\":\"SearchAction\",\"target\":{\"@type\":\"EntryPoint\",\"urlTemplate\":\"https:\/\/www.eurosam.sk\/?s={search_term_string}\"},\"query-input\":\"required name=search_term_string\"}],\"inLanguage\":\"en-US\"}]}<\/script>\n<!-- \/ Yoast SEO plugin. -->","yoast_head_json":{"title":"Vista - cup (100ml) - Eurosam.sk","robots":{"index":"index","follow":"follow","max-snippet":"max-snippet:-1","max-image-preview":"max-image-preview:large","max-video-preview":"max-video-preview:-1"},"canonical":"https:\/\/www.eurosam.sk\/en\/shop\/vista-kelimok-100ml\/","og_locale":"en_US","og_type":"article","og_title":"Vista - cup (100ml) - Eurosam.sk","og_description":"Quality heat resistant cup. Ideal for cafes and gas stations. Cup is in the Vista design and has a capacity of 100ml (suitable for espresso).","og_url":"https:\/\/www.eurosam.sk\/shop\/vista-kelimok-100ml\/","og_site_name":"Eurosam.sk","article_modified_time":"2022-10-11T03:54:18+00:00","og_image":[{"width":2736,"height":1824,"url":"https:\/\/www.eurosam.sk\/wp-content\/uploads\/2017\/10\/Vista-kel\u00edmok-100ml.png","type":"image\/png"}],"twitter_card":"summary_large_image","schema":{"@context":"https:\/\/schema.org","@graph":[{"@type":"WebPage","@id":"https:\/\/www.eurosam.sk\/shop\/vista-kelimok-100ml\/","url":"https:\/\/www.eurosam.sk\/shop\/vista-kelimok-100ml\/","name":"Vista - cup (100ml) - Eurosam.sk","isPartOf":{"@id":"https:\/\/www.eurosam.sk\/#website"},"datePublished":"2017-10-26T11:55:56+00:00","dateModified":"2022-10-11T03:54:18+00:00","breadcrumb":{"@id":"https:\/\/www.eurosam.sk\/shop\/vista-kelimok-100ml\/#breadcrumb"},"inLanguage":"en-US","potentialAction":[{"@type":"ReadAction","target":["https:\/\/www.eurosam.sk\/shop\/vista-kelimok-100ml\/"]}]},{"@type":"BreadcrumbList","@id":"https:\/\/www.eurosam.sk\/shop\/vista-kelimok-100ml\/#breadcrumb","itemListElement":[{"@type":"ListItem","position":1,"name":"Home","item":"https:\/\/www.eurosam.sk\/"},{"@type":"ListItem","position":2,"name":"Configurator","item":"https:\/\/www.eurosam.sk\/en\/coffee-machine-configurator\/"},{"@type":"ListItem","position":3,"name":"Vista &#8211; cup (100ml)"}]},{"@type":"WebSite","@id":"https:\/\/www.eurosam.sk\/#website","url":"https:\/\/www.eurosam.sk\/","name":"Eurosam.sk","description":"EUROSAM v\u00e1m prin\u00e1\u0161a profesion\u00e1lny postup na pr\u00edpravu dokonalej \u0161\u00e1lky k\u00e1vy.","potentialAction":[{"@type":"SearchAction","target":{"@type":"EntryPoint","urlTemplate":"https:\/\/www.eurosam.sk\/?s={search_term_string}"},"query-input":"required name=search_term_string"}],"inLanguage":"en-US"}]}},"_links":{"self":[{"href":"https:\/\/www.eurosam.sk\/en\/wp-json\/wp\/v2\/product\/4572\/"}],"collection":[{"href":"https:\/\/www.eurosam.sk\/en\/wp-json\/wp\/v2\/product\/"}],"about":[{"href":"https:\/\/www.eurosam.sk\/en\/wp-json\/wp\/v2\/types\/product\/"}],"wp:featuredmedia":[{"embeddable":true,"href":"https:\/\/www.eurosam.sk\/en\/wp-json\/wp\/v2\/media\/3437\/"}],"wp:attachment":[{"href":"https:\/\/www.eurosam.sk\/en\/wp-json\/wp\/v2\/media\/?parent=4572"}],"curies":[{"name":"wp","href":"https:\/\/api.w.org\/{rel}","templated":true}]}}