{"id":4580,"date":"2017-05-24T15:56:34","date_gmt":"2017-05-24T15:56:34","guid":{"rendered":"https:\/\/www.eurosam.sk\/obchod\/piacetto-apron\/"},"modified":"2017-05-24T15:56:34","modified_gmt":"2017-05-24T15:56:34","slug":"piacetto-apron","status":"publish","type":"product","link":"https:\/\/www.eurosam.sk\/en\/obchod\/piacetto-apron\/","title":{"rendered":"Piacetto &#8211; apron"},"content":{"rendered":"<p>Piacetto &#8211; apron<\/p>\n","protected":false},"excerpt":{"rendered":"<p>Piacetto &#8211; apron<\/p>\n","protected":false},"featured_media":3346,"template":"","meta":[],"acf":[],"yoast_head":"<!-- This site is optimized with the Yoast SEO plugin v21.2 - https:\/\/yoast.com\/wordpress\/plugins\/seo\/ -->\n<title>Piacetto - apron - Eurosam.sk<\/title>\n<meta name=\"robots\" content=\"index, follow, max-snippet:-1, max-image-preview:large, max-video-preview:-1\" \/>\n<link rel=\"canonical\" href=\"https:\/\/www.eurosam.sk\/en\/shop\/piacetto-zastera\/\" \/>\n<meta property=\"og:locale\" content=\"en_US\" \/>\n<meta property=\"og:type\" content=\"article\" \/>\n<meta property=\"og:title\" content=\"Piacetto - apron - Eurosam.sk\" \/>\n<meta property=\"og:description\" content=\"Piacetto &#8211; apron\" \/>\n<meta property=\"og:url\" content=\"https:\/\/www.eurosam.sk\/shop\/piacetto-zastera\/\" \/>\n<meta property=\"og:site_name\" content=\"Eurosam.sk\" \/>\n<meta property=\"og:image\" content=\"https:\/\/www.eurosam.sk\/wp-content\/uploads\/2017\/05\/1220.png\" \/>\n\t<meta property=\"og:image:width\" content=\"183\" \/>\n\t<meta property=\"og:image:height\" content=\"183\" \/>\n\t<meta property=\"og:image:type\" content=\"image\/png\" \/>\n<meta name=\"twitter:card\" content=\"summary_large_image\" \/>\n<script type=\"application\/ld+json\" class=\"yoast-schema-graph\">{\"@context\":\"https:\/\/schema.org\",\"@graph\":[{\"@type\":\"WebPage\",\"@id\":\"https:\/\/www.eurosam.sk\/shop\/piacetto-zastera\/\",\"url\":\"https:\/\/www.eurosam.sk\/shop\/piacetto-zastera\/\",\"name\":\"Piacetto - apron - Eurosam.sk\",\"isPartOf\":{\"@id\":\"https:\/\/www.eurosam.sk\/#website\"},\"datePublished\":\"2017-05-24T15:56:34+00:00\",\"dateModified\":\"2017-05-24T15:56:34+00:00\",\"breadcrumb\":{\"@id\":\"https:\/\/www.eurosam.sk\/shop\/piacetto-zastera\/#breadcrumb\"},\"inLanguage\":\"en-US\",\"potentialAction\":[{\"@type\":\"ReadAction\",\"target\":[\"https:\/\/www.eurosam.sk\/shop\/piacetto-zastera\/\"]}]},{\"@type\":\"BreadcrumbList\",\"@id\":\"https:\/\/www.eurosam.sk\/shop\/piacetto-zastera\/#breadcrumb\",\"itemListElement\":[{\"@type\":\"ListItem\",\"position\":1,\"name\":\"Home\",\"item\":\"https:\/\/www.eurosam.sk\/\"},{\"@type\":\"ListItem\",\"position\":2,\"name\":\"Configurator\",\"item\":\"https:\/\/www.eurosam.sk\/en\/coffee-machine-configurator\/\"},{\"@type\":\"ListItem\",\"position\":3,\"name\":\"Piacetto &#8211; apron\"}]},{\"@type\":\"WebSite\",\"@id\":\"https:\/\/www.eurosam.sk\/#website\",\"url\":\"https:\/\/www.eurosam.sk\/\",\"name\":\"Eurosam.sk\",\"description\":\"EUROSAM v\u00e1m prin\u00e1\u0161a profesion\u00e1lny postup na pr\u00edpravu dokonalej \u0161\u00e1lky k\u00e1vy.\",\"potentialAction\":[{\"@type\":\"SearchAction\",\"target\":{\"@type\":\"EntryPoint\",\"urlTemplate\":\"https:\/\/www.eurosam.sk\/?s={search_term_string}\"},\"query-input\":\"required name=search_term_string\"}],\"inLanguage\":\"en-US\"}]}<\/script>\n<!-- \/ Yoast SEO plugin. -->","yoast_head_json":{"title":"Piacetto - apron - Eurosam.sk","robots":{"index":"index","follow":"follow","max-snippet":"max-snippet:-1","max-image-preview":"max-image-preview:large","max-video-preview":"max-video-preview:-1"},"canonical":"https:\/\/www.eurosam.sk\/en\/shop\/piacetto-zastera\/","og_locale":"en_US","og_type":"article","og_title":"Piacetto - apron - Eurosam.sk","og_description":"Piacetto &#8211; apron","og_url":"https:\/\/www.eurosam.sk\/shop\/piacetto-zastera\/","og_site_name":"Eurosam.sk","og_image":[{"width":183,"height":183,"url":"https:\/\/www.eurosam.sk\/wp-content\/uploads\/2017\/05\/1220.png","type":"image\/png"}],"twitter_card":"summary_large_image","schema":{"@context":"https:\/\/schema.org","@graph":[{"@type":"WebPage","@id":"https:\/\/www.eurosam.sk\/shop\/piacetto-zastera\/","url":"https:\/\/www.eurosam.sk\/shop\/piacetto-zastera\/","name":"Piacetto - apron - Eurosam.sk","isPartOf":{"@id":"https:\/\/www.eurosam.sk\/#website"},"datePublished":"2017-05-24T15:56:34+00:00","dateModified":"2017-05-24T15:56:34+00:00","breadcrumb":{"@id":"https:\/\/www.eurosam.sk\/shop\/piacetto-zastera\/#breadcrumb"},"inLanguage":"en-US","potentialAction":[{"@type":"ReadAction","target":["https:\/\/www.eurosam.sk\/shop\/piacetto-zastera\/"]}]},{"@type":"BreadcrumbList","@id":"https:\/\/www.eurosam.sk\/shop\/piacetto-zastera\/#breadcrumb","itemListElement":[{"@type":"ListItem","position":1,"name":"Home","item":"https:\/\/www.eurosam.sk\/"},{"@type":"ListItem","position":2,"name":"Configurator","item":"https:\/\/www.eurosam.sk\/en\/coffee-machine-configurator\/"},{"@type":"ListItem","position":3,"name":"Piacetto &#8211; apron"}]},{"@type":"WebSite","@id":"https:\/\/www.eurosam.sk\/#website","url":"https:\/\/www.eurosam.sk\/","name":"Eurosam.sk","description":"EUROSAM v\u00e1m prin\u00e1\u0161a profesion\u00e1lny postup na pr\u00edpravu dokonalej \u0161\u00e1lky k\u00e1vy.","potentialAction":[{"@type":"SearchAction","target":{"@type":"EntryPoint","urlTemplate":"https:\/\/www.eurosam.sk\/?s={search_term_string}"},"query-input":"required name=search_term_string"}],"inLanguage":"en-US"}]}},"_links":{"self":[{"href":"https:\/\/www.eurosam.sk\/en\/wp-json\/wp\/v2\/product\/4580\/"}],"collection":[{"href":"https:\/\/www.eurosam.sk\/en\/wp-json\/wp\/v2\/product\/"}],"about":[{"href":"https:\/\/www.eurosam.sk\/en\/wp-json\/wp\/v2\/types\/product\/"}],"wp:featuredmedia":[{"embeddable":true,"href":"https:\/\/www.eurosam.sk\/en\/wp-json\/wp\/v2\/media\/3346\/"}],"wp:attachment":[{"href":"https:\/\/www.eurosam.sk\/en\/wp-json\/wp\/v2\/media\/?parent=4580"}],"curies":[{"name":"wp","href":"https:\/\/api.w.org\/{rel}","templated":true}]}}