{"id":4630,"date":"2017-05-16T19:43:02","date_gmt":"2017-05-16T19:43:02","guid":{"rendered":"https:\/\/www.eurosam.sk\/obchod\/tchibo-classic-mild-porcie-pouch-85gx59pcs\/"},"modified":"2017-05-16T19:43:02","modified_gmt":"2017-05-16T19:43:02","slug":"tchibo-classic-mild-porcie-pouch-85gx59pcs","status":"publish","type":"product","link":"https:\/\/www.eurosam.sk\/en\/obchod\/tchibo-classic-mild-porcie-pouch-85gx59pcs\/","title":{"rendered":"TCHIBO &#8211; classic mild porcie Pouch (85gx59pcs)"},"content":{"rendered":"<ul>\n<li>Package: 85g<\/li>\n<li>Packaging: 85g x 59pcs<\/li>\n<li>100% Arabica<\/li>\n<li>Origin: South America, Oceania<\/li>\n<\/ul>\n","protected":false},"excerpt":{"rendered":"<p>Tchibo Classic Mild is an elegant aromatic blend with harmonious fullness and fine acidity. It is packed in separate 85g high quality filter bags and is ideal for filter coffee machines.<\/p>\n","protected":false},"featured_media":7355,"template":"","meta":[],"acf":[],"yoast_head":"<!-- This site is optimized with the Yoast SEO plugin v21.2 - https:\/\/yoast.com\/wordpress\/plugins\/seo\/ -->\n<title>TCHIBO - classic mild porcie Pouch (85gx59pcs) - Eurosam.sk<\/title>\n<meta name=\"robots\" content=\"index, follow, max-snippet:-1, max-image-preview:large, max-video-preview:-1\" \/>\n<link rel=\"canonical\" href=\"https:\/\/www.eurosam.sk\/en\/shop\/tchibo-classic-mild-porcie-pouch-85gx59ks\/\" \/>\n<meta property=\"og:locale\" content=\"en_US\" \/>\n<meta property=\"og:type\" content=\"article\" \/>\n<meta property=\"og:title\" content=\"TCHIBO - classic mild porcie Pouch (85gx59pcs) - Eurosam.sk\" \/>\n<meta property=\"og:description\" content=\"Tchibo Classic Mild is an elegant aromatic blend with harmonious fullness and fine acidity. It is packed in separate 85g high quality filter bags and is ideal for filter coffee machines.\" \/>\n<meta property=\"og:url\" content=\"https:\/\/www.eurosam.sk\/shop\/tchibo-classic-mild-porcie-pouch-85gx59ks\/\" \/>\n<meta property=\"og:site_name\" content=\"Eurosam.sk\" \/>\n<meta property=\"og:image\" content=\"https:\/\/www.eurosam.sk\/wp-content\/uploads\/2017\/05\/tcs81286_tcs_p1-1-450x450.jpg\" \/>\n\t<meta property=\"og:image:width\" content=\"450\" \/>\n\t<meta property=\"og:image:height\" content=\"450\" \/>\n\t<meta property=\"og:image:type\" content=\"image\/jpeg\" \/>\n<meta name=\"twitter:card\" content=\"summary_large_image\" \/>\n<script type=\"application\/ld+json\" class=\"yoast-schema-graph\">{\"@context\":\"https:\/\/schema.org\",\"@graph\":[{\"@type\":\"WebPage\",\"@id\":\"https:\/\/www.eurosam.sk\/shop\/tchibo-classic-mild-porcie-pouch-85gx59ks\/\",\"url\":\"https:\/\/www.eurosam.sk\/shop\/tchibo-classic-mild-porcie-pouch-85gx59ks\/\",\"name\":\"TCHIBO - classic mild porcie Pouch (85gx59pcs) - Eurosam.sk\",\"isPartOf\":{\"@id\":\"https:\/\/www.eurosam.sk\/#website\"},\"datePublished\":\"2017-05-16T19:43:02+00:00\",\"dateModified\":\"2017-05-16T19:43:02+00:00\",\"breadcrumb\":{\"@id\":\"https:\/\/www.eurosam.sk\/shop\/tchibo-classic-mild-porcie-pouch-85gx59ks\/#breadcrumb\"},\"inLanguage\":\"en-US\",\"potentialAction\":[{\"@type\":\"ReadAction\",\"target\":[\"https:\/\/www.eurosam.sk\/shop\/tchibo-classic-mild-porcie-pouch-85gx59ks\/\"]}]},{\"@type\":\"BreadcrumbList\",\"@id\":\"https:\/\/www.eurosam.sk\/shop\/tchibo-classic-mild-porcie-pouch-85gx59ks\/#breadcrumb\",\"itemListElement\":[{\"@type\":\"ListItem\",\"position\":1,\"name\":\"Home\",\"item\":\"https:\/\/www.eurosam.sk\/\"},{\"@type\":\"ListItem\",\"position\":2,\"name\":\"Configurator\",\"item\":\"https:\/\/www.eurosam.sk\/en\/coffee-machine-configurator\/\"},{\"@type\":\"ListItem\",\"position\":3,\"name\":\"TCHIBO &#8211; classic mild porcie Pouch (85gx59pcs)\"}]},{\"@type\":\"WebSite\",\"@id\":\"https:\/\/www.eurosam.sk\/#website\",\"url\":\"https:\/\/www.eurosam.sk\/\",\"name\":\"Eurosam.sk\",\"description\":\"EUROSAM v\u00e1m prin\u00e1\u0161a profesion\u00e1lny postup na pr\u00edpravu dokonalej \u0161\u00e1lky k\u00e1vy.\",\"potentialAction\":[{\"@type\":\"SearchAction\",\"target\":{\"@type\":\"EntryPoint\",\"urlTemplate\":\"https:\/\/www.eurosam.sk\/?s={search_term_string}\"},\"query-input\":\"required name=search_term_string\"}],\"inLanguage\":\"en-US\"}]}<\/script>\n<!-- \/ Yoast SEO plugin. -->","yoast_head_json":{"title":"TCHIBO - classic mild porcie Pouch (85gx59pcs) - Eurosam.sk","robots":{"index":"index","follow":"follow","max-snippet":"max-snippet:-1","max-image-preview":"max-image-preview:large","max-video-preview":"max-video-preview:-1"},"canonical":"https:\/\/www.eurosam.sk\/en\/shop\/tchibo-classic-mild-porcie-pouch-85gx59ks\/","og_locale":"en_US","og_type":"article","og_title":"TCHIBO - classic mild porcie Pouch (85gx59pcs) - Eurosam.sk","og_description":"Tchibo Classic Mild is an elegant aromatic blend with harmonious fullness and fine acidity. It is packed in separate 85g high quality filter bags and is ideal for filter coffee machines.","og_url":"https:\/\/www.eurosam.sk\/shop\/tchibo-classic-mild-porcie-pouch-85gx59ks\/","og_site_name":"Eurosam.sk","og_image":[{"width":450,"height":450,"url":"https:\/\/www.eurosam.sk\/wp-content\/uploads\/2017\/05\/tcs81286_tcs_p1-1-450x450.jpg","type":"image\/jpeg"}],"twitter_card":"summary_large_image","schema":{"@context":"https:\/\/schema.org","@graph":[{"@type":"WebPage","@id":"https:\/\/www.eurosam.sk\/shop\/tchibo-classic-mild-porcie-pouch-85gx59ks\/","url":"https:\/\/www.eurosam.sk\/shop\/tchibo-classic-mild-porcie-pouch-85gx59ks\/","name":"TCHIBO - classic mild porcie Pouch (85gx59pcs) - Eurosam.sk","isPartOf":{"@id":"https:\/\/www.eurosam.sk\/#website"},"datePublished":"2017-05-16T19:43:02+00:00","dateModified":"2017-05-16T19:43:02+00:00","breadcrumb":{"@id":"https:\/\/www.eurosam.sk\/shop\/tchibo-classic-mild-porcie-pouch-85gx59ks\/#breadcrumb"},"inLanguage":"en-US","potentialAction":[{"@type":"ReadAction","target":["https:\/\/www.eurosam.sk\/shop\/tchibo-classic-mild-porcie-pouch-85gx59ks\/"]}]},{"@type":"BreadcrumbList","@id":"https:\/\/www.eurosam.sk\/shop\/tchibo-classic-mild-porcie-pouch-85gx59ks\/#breadcrumb","itemListElement":[{"@type":"ListItem","position":1,"name":"Home","item":"https:\/\/www.eurosam.sk\/"},{"@type":"ListItem","position":2,"name":"Configurator","item":"https:\/\/www.eurosam.sk\/en\/coffee-machine-configurator\/"},{"@type":"ListItem","position":3,"name":"TCHIBO &#8211; classic mild porcie Pouch (85gx59pcs)"}]},{"@type":"WebSite","@id":"https:\/\/www.eurosam.sk\/#website","url":"https:\/\/www.eurosam.sk\/","name":"Eurosam.sk","description":"EUROSAM v\u00e1m prin\u00e1\u0161a profesion\u00e1lny postup na pr\u00edpravu dokonalej \u0161\u00e1lky k\u00e1vy.","potentialAction":[{"@type":"SearchAction","target":{"@type":"EntryPoint","urlTemplate":"https:\/\/www.eurosam.sk\/?s={search_term_string}"},"query-input":"required name=search_term_string"}],"inLanguage":"en-US"}]}},"_links":{"self":[{"href":"https:\/\/www.eurosam.sk\/en\/wp-json\/wp\/v2\/product\/4630\/"}],"collection":[{"href":"https:\/\/www.eurosam.sk\/en\/wp-json\/wp\/v2\/product\/"}],"about":[{"href":"https:\/\/www.eurosam.sk\/en\/wp-json\/wp\/v2\/types\/product\/"}],"wp:featuredmedia":[{"embeddable":true,"href":"https:\/\/www.eurosam.sk\/en\/wp-json\/wp\/v2\/media\/7355\/"}],"wp:attachment":[{"href":"https:\/\/www.eurosam.sk\/en\/wp-json\/wp\/v2\/media\/?parent=4630"}],"curies":[{"name":"wp","href":"https:\/\/api.w.org\/{rel}","templated":true}]}}