{"id":4635,"date":"2017-04-21T17:58:35","date_gmt":"2017-04-21T17:58:35","guid":{"rendered":"https:\/\/www.eurosam.sk\/obchod\/davidoff-rich-aroma-3\/"},"modified":"2021-12-19T16:18:30","modified_gmt":"2021-12-19T16:18:30","slug":"davidoff-rich-aroma-3","status":"publish","type":"product","link":"https:\/\/www.eurosam.sk\/en\/obchod\/davidoff-rich-aroma-3\/","title":{"rendered":"DAVIDOFF &#8211; Rich Aroma"},"content":{"rendered":"<ul>\n<li>Package: 250g<\/li>\n<li>Packaging: 250g x 12ks<\/li>\n<li>100% Arabica<\/li>\n<li>Origin: South America, East Africa<\/li>\n<\/ul>\n","protected":false},"excerpt":{"rendered":"<p>Full-flavored coffee with unusually spicy aroma derived from East African varieties makes it a demanding choice for gourmands who are looking for an intense and fascinating flavor.<\/p>\n","protected":false},"featured_media":3463,"template":"","meta":[],"acf":[],"yoast_head":"<!-- This site is optimized with the Yoast SEO plugin v21.2 - https:\/\/yoast.com\/wordpress\/plugins\/seo\/ -->\n<title>DAVIDOFF - Rich Aroma - Eurosam.sk<\/title>\n<meta name=\"robots\" content=\"index, follow, max-snippet:-1, max-image-preview:large, max-video-preview:-1\" \/>\n<link rel=\"canonical\" href=\"https:\/\/www.eurosam.sk\/en\/shop\/davidoff-rich-aroma-3\/\" \/>\n<meta property=\"og:locale\" content=\"en_US\" \/>\n<meta property=\"og:type\" content=\"article\" \/>\n<meta property=\"og:title\" content=\"DAVIDOFF - Rich Aroma - Eurosam.sk\" \/>\n<meta property=\"og:description\" content=\"Full-flavored coffee with unusually spicy aroma derived from East African varieties makes it a demanding choice for gourmands who are looking for an intense and fascinating flavor.\" \/>\n<meta property=\"og:url\" content=\"https:\/\/www.eurosam.sk\/shop\/davidoff-rich-aroma-3\/\" \/>\n<meta property=\"og:site_name\" content=\"Eurosam.sk\" \/>\n<meta property=\"article:modified_time\" content=\"2021-12-19T16:18:30+00:00\" \/>\n<meta property=\"og:image\" content=\"https:\/\/www.eurosam.sk\/wp-content\/uploads\/2017\/04\/DAVIDOFF-\u2013-Rich-Aroma2-1.png\" \/>\n\t<meta property=\"og:image:width\" content=\"800\" \/>\n\t<meta property=\"og:image:height\" content=\"700\" \/>\n\t<meta property=\"og:image:type\" content=\"image\/png\" \/>\n<meta name=\"twitter:card\" content=\"summary_large_image\" \/>\n<script type=\"application\/ld+json\" class=\"yoast-schema-graph\">{\"@context\":\"https:\/\/schema.org\",\"@graph\":[{\"@type\":\"WebPage\",\"@id\":\"https:\/\/www.eurosam.sk\/shop\/davidoff-rich-aroma-3\/\",\"url\":\"https:\/\/www.eurosam.sk\/shop\/davidoff-rich-aroma-3\/\",\"name\":\"DAVIDOFF - Rich Aroma - Eurosam.sk\",\"isPartOf\":{\"@id\":\"https:\/\/www.eurosam.sk\/#website\"},\"datePublished\":\"2017-04-21T17:58:35+00:00\",\"dateModified\":\"2021-12-19T16:18:30+00:00\",\"breadcrumb\":{\"@id\":\"https:\/\/www.eurosam.sk\/shop\/davidoff-rich-aroma-3\/#breadcrumb\"},\"inLanguage\":\"en-US\",\"potentialAction\":[{\"@type\":\"ReadAction\",\"target\":[\"https:\/\/www.eurosam.sk\/shop\/davidoff-rich-aroma-3\/\"]}]},{\"@type\":\"BreadcrumbList\",\"@id\":\"https:\/\/www.eurosam.sk\/shop\/davidoff-rich-aroma-3\/#breadcrumb\",\"itemListElement\":[{\"@type\":\"ListItem\",\"position\":1,\"name\":\"Home\",\"item\":\"https:\/\/www.eurosam.sk\/\"},{\"@type\":\"ListItem\",\"position\":2,\"name\":\"Configurator\",\"item\":\"https:\/\/www.eurosam.sk\/en\/coffee-machine-configurator\/\"},{\"@type\":\"ListItem\",\"position\":3,\"name\":\"DAVIDOFF &#8211; Rich Aroma\"}]},{\"@type\":\"WebSite\",\"@id\":\"https:\/\/www.eurosam.sk\/#website\",\"url\":\"https:\/\/www.eurosam.sk\/\",\"name\":\"Eurosam.sk\",\"description\":\"EUROSAM v\u00e1m prin\u00e1\u0161a profesion\u00e1lny postup na pr\u00edpravu dokonalej \u0161\u00e1lky k\u00e1vy.\",\"potentialAction\":[{\"@type\":\"SearchAction\",\"target\":{\"@type\":\"EntryPoint\",\"urlTemplate\":\"https:\/\/www.eurosam.sk\/?s={search_term_string}\"},\"query-input\":\"required name=search_term_string\"}],\"inLanguage\":\"en-US\"}]}<\/script>\n<!-- \/ Yoast SEO plugin. -->","yoast_head_json":{"title":"DAVIDOFF - Rich Aroma - Eurosam.sk","robots":{"index":"index","follow":"follow","max-snippet":"max-snippet:-1","max-image-preview":"max-image-preview:large","max-video-preview":"max-video-preview:-1"},"canonical":"https:\/\/www.eurosam.sk\/en\/shop\/davidoff-rich-aroma-3\/","og_locale":"en_US","og_type":"article","og_title":"DAVIDOFF - Rich Aroma - Eurosam.sk","og_description":"Full-flavored coffee with unusually spicy aroma derived from East African varieties makes it a demanding choice for gourmands who are looking for an intense and fascinating flavor.","og_url":"https:\/\/www.eurosam.sk\/shop\/davidoff-rich-aroma-3\/","og_site_name":"Eurosam.sk","article_modified_time":"2021-12-19T16:18:30+00:00","og_image":[{"width":800,"height":700,"url":"https:\/\/www.eurosam.sk\/wp-content\/uploads\/2017\/04\/DAVIDOFF-\u2013-Rich-Aroma2-1.png","type":"image\/png"}],"twitter_card":"summary_large_image","schema":{"@context":"https:\/\/schema.org","@graph":[{"@type":"WebPage","@id":"https:\/\/www.eurosam.sk\/shop\/davidoff-rich-aroma-3\/","url":"https:\/\/www.eurosam.sk\/shop\/davidoff-rich-aroma-3\/","name":"DAVIDOFF - Rich Aroma - Eurosam.sk","isPartOf":{"@id":"https:\/\/www.eurosam.sk\/#website"},"datePublished":"2017-04-21T17:58:35+00:00","dateModified":"2021-12-19T16:18:30+00:00","breadcrumb":{"@id":"https:\/\/www.eurosam.sk\/shop\/davidoff-rich-aroma-3\/#breadcrumb"},"inLanguage":"en-US","potentialAction":[{"@type":"ReadAction","target":["https:\/\/www.eurosam.sk\/shop\/davidoff-rich-aroma-3\/"]}]},{"@type":"BreadcrumbList","@id":"https:\/\/www.eurosam.sk\/shop\/davidoff-rich-aroma-3\/#breadcrumb","itemListElement":[{"@type":"ListItem","position":1,"name":"Home","item":"https:\/\/www.eurosam.sk\/"},{"@type":"ListItem","position":2,"name":"Configurator","item":"https:\/\/www.eurosam.sk\/en\/coffee-machine-configurator\/"},{"@type":"ListItem","position":3,"name":"DAVIDOFF &#8211; Rich Aroma"}]},{"@type":"WebSite","@id":"https:\/\/www.eurosam.sk\/#website","url":"https:\/\/www.eurosam.sk\/","name":"Eurosam.sk","description":"EUROSAM v\u00e1m prin\u00e1\u0161a profesion\u00e1lny postup na pr\u00edpravu dokonalej \u0161\u00e1lky k\u00e1vy.","potentialAction":[{"@type":"SearchAction","target":{"@type":"EntryPoint","urlTemplate":"https:\/\/www.eurosam.sk\/?s={search_term_string}"},"query-input":"required name=search_term_string"}],"inLanguage":"en-US"}]}},"_links":{"self":[{"href":"https:\/\/www.eurosam.sk\/en\/wp-json\/wp\/v2\/product\/4635\/"}],"collection":[{"href":"https:\/\/www.eurosam.sk\/en\/wp-json\/wp\/v2\/product\/"}],"about":[{"href":"https:\/\/www.eurosam.sk\/en\/wp-json\/wp\/v2\/types\/product\/"}],"wp:featuredmedia":[{"embeddable":true,"href":"https:\/\/www.eurosam.sk\/en\/wp-json\/wp\/v2\/media\/3463\/"}],"wp:attachment":[{"href":"https:\/\/www.eurosam.sk\/en\/wp-json\/wp\/v2\/media\/?parent=4635"}],"curies":[{"name":"wp","href":"https:\/\/api.w.org\/{rel}","templated":true}]}}