{"id":4636,"date":"2017-04-21T17:57:28","date_gmt":"2017-04-21T17:57:28","guid":{"rendered":"https:\/\/www.eurosam.sk\/obchod\/davidoff-rich-aroma-2\/"},"modified":"2021-10-12T13:22:01","modified_gmt":"2021-10-12T13:22:01","slug":"davidoff-rich-aroma-2","status":"publish","type":"product","link":"https:\/\/www.eurosam.sk\/en\/obchod\/davidoff-rich-aroma-2\/","title":{"rendered":"DAVIDOFF &#8211; Rich Aroma"},"content":{"rendered":"<ul>\n<li>Instant: 100g<\/li>\n<li>Packaging: 100g x 6pcs<\/li>\n<li>100% Arabica<\/li>\n<li>Origin: East Africa<\/li>\n<\/ul>\n","protected":false},"excerpt":{"rendered":"<p>Instant coffee, unique in its quality, is the right choice for\u00a0<span style=\"font-size: 1rem\">undemanding c<\/span>offee enthusiasts. Davidoff Rich Aroma coffee combines an intense flavor and pleasant acidity that is full of spicy and finely fruity tones. This masterpiece guarantees an exclusive taste experience.<\/p>\n","protected":false},"featured_media":3462,"template":"","meta":[],"acf":[],"yoast_head":"<!-- This site is optimized with the Yoast SEO plugin v21.2 - https:\/\/yoast.com\/wordpress\/plugins\/seo\/ -->\n<title>DAVIDOFF - Rich Aroma - Eurosam.sk<\/title>\n<meta name=\"robots\" content=\"index, follow, max-snippet:-1, max-image-preview:large, max-video-preview:-1\" \/>\n<link rel=\"canonical\" href=\"https:\/\/www.eurosam.sk\/en\/shop\/davidoff-rich-aroma-2\/\" \/>\n<meta property=\"og:locale\" content=\"en_US\" \/>\n<meta property=\"og:type\" content=\"article\" \/>\n<meta property=\"og:title\" content=\"DAVIDOFF - Rich Aroma - Eurosam.sk\" \/>\n<meta property=\"og:description\" content=\"Instant coffee, unique in its quality, is the right choice for\u00a0undemanding coffee enthusiasts. Davidoff Rich Aroma coffee combines an intense flavor and pleasant acidity that is full of spicy and finely fruity tones. This masterpiece guarantees an exclusive taste experience.\" \/>\n<meta property=\"og:url\" content=\"https:\/\/www.eurosam.sk\/shop\/davidoff-rich-aroma-2\/\" \/>\n<meta property=\"og:site_name\" content=\"Eurosam.sk\" \/>\n<meta property=\"article:modified_time\" content=\"2021-10-12T13:22:01+00:00\" \/>\n<meta property=\"og:image\" content=\"https:\/\/www.eurosam.sk\/wp-content\/uploads\/2017\/04\/DAVIDOFF-\u2013-Rich-Aroma-1.png\" \/>\n\t<meta property=\"og:image:width\" content=\"800\" \/>\n\t<meta property=\"og:image:height\" content=\"700\" \/>\n\t<meta property=\"og:image:type\" content=\"image\/png\" \/>\n<meta name=\"twitter:card\" content=\"summary_large_image\" \/>\n<script type=\"application\/ld+json\" class=\"yoast-schema-graph\">{\"@context\":\"https:\/\/schema.org\",\"@graph\":[{\"@type\":\"WebPage\",\"@id\":\"https:\/\/www.eurosam.sk\/shop\/davidoff-rich-aroma-2\/\",\"url\":\"https:\/\/www.eurosam.sk\/shop\/davidoff-rich-aroma-2\/\",\"name\":\"DAVIDOFF - Rich Aroma - Eurosam.sk\",\"isPartOf\":{\"@id\":\"https:\/\/www.eurosam.sk\/#website\"},\"datePublished\":\"2017-04-21T17:57:28+00:00\",\"dateModified\":\"2021-10-12T13:22:01+00:00\",\"breadcrumb\":{\"@id\":\"https:\/\/www.eurosam.sk\/shop\/davidoff-rich-aroma-2\/#breadcrumb\"},\"inLanguage\":\"en-US\",\"potentialAction\":[{\"@type\":\"ReadAction\",\"target\":[\"https:\/\/www.eurosam.sk\/shop\/davidoff-rich-aroma-2\/\"]}]},{\"@type\":\"BreadcrumbList\",\"@id\":\"https:\/\/www.eurosam.sk\/shop\/davidoff-rich-aroma-2\/#breadcrumb\",\"itemListElement\":[{\"@type\":\"ListItem\",\"position\":1,\"name\":\"Home\",\"item\":\"https:\/\/www.eurosam.sk\/\"},{\"@type\":\"ListItem\",\"position\":2,\"name\":\"Configurator\",\"item\":\"https:\/\/www.eurosam.sk\/en\/coffee-machine-configurator\/\"},{\"@type\":\"ListItem\",\"position\":3,\"name\":\"DAVIDOFF &#8211; Rich Aroma\"}]},{\"@type\":\"WebSite\",\"@id\":\"https:\/\/www.eurosam.sk\/#website\",\"url\":\"https:\/\/www.eurosam.sk\/\",\"name\":\"Eurosam.sk\",\"description\":\"EUROSAM v\u00e1m prin\u00e1\u0161a profesion\u00e1lny postup na pr\u00edpravu dokonalej \u0161\u00e1lky k\u00e1vy.\",\"potentialAction\":[{\"@type\":\"SearchAction\",\"target\":{\"@type\":\"EntryPoint\",\"urlTemplate\":\"https:\/\/www.eurosam.sk\/?s={search_term_string}\"},\"query-input\":\"required name=search_term_string\"}],\"inLanguage\":\"en-US\"}]}<\/script>\n<!-- \/ Yoast SEO plugin. -->","yoast_head_json":{"title":"DAVIDOFF - Rich Aroma - Eurosam.sk","robots":{"index":"index","follow":"follow","max-snippet":"max-snippet:-1","max-image-preview":"max-image-preview:large","max-video-preview":"max-video-preview:-1"},"canonical":"https:\/\/www.eurosam.sk\/en\/shop\/davidoff-rich-aroma-2\/","og_locale":"en_US","og_type":"article","og_title":"DAVIDOFF - Rich Aroma - Eurosam.sk","og_description":"Instant coffee, unique in its quality, is the right choice for\u00a0undemanding coffee enthusiasts. Davidoff Rich Aroma coffee combines an intense flavor and pleasant acidity that is full of spicy and finely fruity tones. This masterpiece guarantees an exclusive taste experience.","og_url":"https:\/\/www.eurosam.sk\/shop\/davidoff-rich-aroma-2\/","og_site_name":"Eurosam.sk","article_modified_time":"2021-10-12T13:22:01+00:00","og_image":[{"width":800,"height":700,"url":"https:\/\/www.eurosam.sk\/wp-content\/uploads\/2017\/04\/DAVIDOFF-\u2013-Rich-Aroma-1.png","type":"image\/png"}],"twitter_card":"summary_large_image","schema":{"@context":"https:\/\/schema.org","@graph":[{"@type":"WebPage","@id":"https:\/\/www.eurosam.sk\/shop\/davidoff-rich-aroma-2\/","url":"https:\/\/www.eurosam.sk\/shop\/davidoff-rich-aroma-2\/","name":"DAVIDOFF - Rich Aroma - Eurosam.sk","isPartOf":{"@id":"https:\/\/www.eurosam.sk\/#website"},"datePublished":"2017-04-21T17:57:28+00:00","dateModified":"2021-10-12T13:22:01+00:00","breadcrumb":{"@id":"https:\/\/www.eurosam.sk\/shop\/davidoff-rich-aroma-2\/#breadcrumb"},"inLanguage":"en-US","potentialAction":[{"@type":"ReadAction","target":["https:\/\/www.eurosam.sk\/shop\/davidoff-rich-aroma-2\/"]}]},{"@type":"BreadcrumbList","@id":"https:\/\/www.eurosam.sk\/shop\/davidoff-rich-aroma-2\/#breadcrumb","itemListElement":[{"@type":"ListItem","position":1,"name":"Home","item":"https:\/\/www.eurosam.sk\/"},{"@type":"ListItem","position":2,"name":"Configurator","item":"https:\/\/www.eurosam.sk\/en\/coffee-machine-configurator\/"},{"@type":"ListItem","position":3,"name":"DAVIDOFF &#8211; Rich Aroma"}]},{"@type":"WebSite","@id":"https:\/\/www.eurosam.sk\/#website","url":"https:\/\/www.eurosam.sk\/","name":"Eurosam.sk","description":"EUROSAM v\u00e1m prin\u00e1\u0161a profesion\u00e1lny postup na pr\u00edpravu dokonalej \u0161\u00e1lky k\u00e1vy.","potentialAction":[{"@type":"SearchAction","target":{"@type":"EntryPoint","urlTemplate":"https:\/\/www.eurosam.sk\/?s={search_term_string}"},"query-input":"required name=search_term_string"}],"inLanguage":"en-US"}]}},"_links":{"self":[{"href":"https:\/\/www.eurosam.sk\/en\/wp-json\/wp\/v2\/product\/4636\/"}],"collection":[{"href":"https:\/\/www.eurosam.sk\/en\/wp-json\/wp\/v2\/product\/"}],"about":[{"href":"https:\/\/www.eurosam.sk\/en\/wp-json\/wp\/v2\/types\/product\/"}],"wp:featuredmedia":[{"embeddable":true,"href":"https:\/\/www.eurosam.sk\/en\/wp-json\/wp\/v2\/media\/3462\/"}],"wp:attachment":[{"href":"https:\/\/www.eurosam.sk\/en\/wp-json\/wp\/v2\/media\/?parent=4636"}],"curies":[{"name":"wp","href":"https:\/\/api.w.org\/{rel}","templated":true}]}}