{"id":4639,"date":"2017-04-21T17:35:33","date_gmt":"2017-04-21T17:35:33","guid":{"rendered":"https:\/\/www.eurosam.sk\/obchod\/davidoff-cafe-fa-ground\/"},"modified":"2017-04-21T17:35:33","modified_gmt":"2017-04-21T17:35:33","slug":"davidoff-cafe-fa-ground","status":"publish","type":"product","link":"https:\/\/www.eurosam.sk\/en\/obchod\/davidoff-cafe-fa-ground\/","title":{"rendered":"DAVIDOFF &#8211; Caf\u00e9 Fine Aroma Ground"},"content":{"rendered":"<ul>\n<li>Package: 250g<\/li>\n<li>Packaging: 250g x 12pcs<\/li>\n<li>100% Arabica<\/li>\n<\/ul>\n","protected":false},"excerpt":{"rendered":"<p>100% Arabica Davidoff Cafe Fine Aroma Ground is exclusive masterpiece of Davidoff Caf\u00e9. Only specially selected grains of Arabica are mixed in this coffee to achieve perfection. Its unique quality is the right choice for demanding coffee lovers. It is a combination of a medium-strong taste with an elegant acidic touch that has a distinctly delicious aroma.<\/p>\n","protected":false},"featured_media":3453,"template":"","meta":[],"acf":[],"yoast_head":"<!-- This site is optimized with the Yoast SEO plugin v21.2 - https:\/\/yoast.com\/wordpress\/plugins\/seo\/ -->\n<title>DAVIDOFF - Caf\u00e9 Fine Aroma Ground - Eurosam.sk<\/title>\n<meta name=\"robots\" content=\"index, follow, max-snippet:-1, max-image-preview:large, max-video-preview:-1\" \/>\n<link rel=\"canonical\" href=\"https:\/\/www.eurosam.sk\/en\/shop\/davidoff-cafe-fa-ground\/\" \/>\n<meta property=\"og:locale\" content=\"en_US\" \/>\n<meta property=\"og:type\" content=\"article\" \/>\n<meta property=\"og:title\" content=\"DAVIDOFF - Caf\u00e9 Fine Aroma Ground - Eurosam.sk\" \/>\n<meta property=\"og:description\" content=\"100% Arabica Davidoff Cafe Fine Aroma Ground is exclusive masterpiece of Davidoff Caf\u00e9. Only specially selected grains of Arabica are mixed in this coffee to achieve perfection. Its unique quality is the right choice for demanding coffee lovers. It is a combination of a medium-strong taste with an elegant acidic touch that has a distinctly delicious aroma.\" \/>\n<meta property=\"og:url\" content=\"https:\/\/www.eurosam.sk\/shop\/davidoff-cafe-fa-ground\/\" \/>\n<meta property=\"og:site_name\" content=\"Eurosam.sk\" \/>\n<meta property=\"og:image\" content=\"https:\/\/www.eurosam.sk\/wp-content\/uploads\/2017\/04\/DAVIDOFF-\u2013-Caf\u00e9-FA-Ground.png\" \/>\n\t<meta property=\"og:image:width\" content=\"900\" \/>\n\t<meta property=\"og:image:height\" content=\"1000\" \/>\n\t<meta property=\"og:image:type\" content=\"image\/png\" \/>\n<meta name=\"twitter:card\" content=\"summary_large_image\" \/>\n<script type=\"application\/ld+json\" class=\"yoast-schema-graph\">{\"@context\":\"https:\/\/schema.org\",\"@graph\":[{\"@type\":\"WebPage\",\"@id\":\"https:\/\/www.eurosam.sk\/shop\/davidoff-cafe-fa-ground\/\",\"url\":\"https:\/\/www.eurosam.sk\/shop\/davidoff-cafe-fa-ground\/\",\"name\":\"DAVIDOFF - Caf\u00e9 Fine Aroma Ground - Eurosam.sk\",\"isPartOf\":{\"@id\":\"https:\/\/www.eurosam.sk\/#website\"},\"datePublished\":\"2017-04-21T17:35:33+00:00\",\"dateModified\":\"2017-04-21T17:35:33+00:00\",\"breadcrumb\":{\"@id\":\"https:\/\/www.eurosam.sk\/shop\/davidoff-cafe-fa-ground\/#breadcrumb\"},\"inLanguage\":\"en-US\",\"potentialAction\":[{\"@type\":\"ReadAction\",\"target\":[\"https:\/\/www.eurosam.sk\/shop\/davidoff-cafe-fa-ground\/\"]}]},{\"@type\":\"BreadcrumbList\",\"@id\":\"https:\/\/www.eurosam.sk\/shop\/davidoff-cafe-fa-ground\/#breadcrumb\",\"itemListElement\":[{\"@type\":\"ListItem\",\"position\":1,\"name\":\"Home\",\"item\":\"https:\/\/www.eurosam.sk\/\"},{\"@type\":\"ListItem\",\"position\":2,\"name\":\"Configurator\",\"item\":\"https:\/\/www.eurosam.sk\/en\/coffee-machine-configurator\/\"},{\"@type\":\"ListItem\",\"position\":3,\"name\":\"DAVIDOFF &#8211; Caf\u00e9 Fine Aroma Ground\"}]},{\"@type\":\"WebSite\",\"@id\":\"https:\/\/www.eurosam.sk\/#website\",\"url\":\"https:\/\/www.eurosam.sk\/\",\"name\":\"Eurosam.sk\",\"description\":\"EUROSAM v\u00e1m prin\u00e1\u0161a profesion\u00e1lny postup na pr\u00edpravu dokonalej \u0161\u00e1lky k\u00e1vy.\",\"potentialAction\":[{\"@type\":\"SearchAction\",\"target\":{\"@type\":\"EntryPoint\",\"urlTemplate\":\"https:\/\/www.eurosam.sk\/?s={search_term_string}\"},\"query-input\":\"required name=search_term_string\"}],\"inLanguage\":\"en-US\"}]}<\/script>\n<!-- \/ Yoast SEO plugin. -->","yoast_head_json":{"title":"DAVIDOFF - Caf\u00e9 Fine Aroma Ground - Eurosam.sk","robots":{"index":"index","follow":"follow","max-snippet":"max-snippet:-1","max-image-preview":"max-image-preview:large","max-video-preview":"max-video-preview:-1"},"canonical":"https:\/\/www.eurosam.sk\/en\/shop\/davidoff-cafe-fa-ground\/","og_locale":"en_US","og_type":"article","og_title":"DAVIDOFF - Caf\u00e9 Fine Aroma Ground - Eurosam.sk","og_description":"100% Arabica Davidoff Cafe Fine Aroma Ground is exclusive masterpiece of Davidoff Caf\u00e9. Only specially selected grains of Arabica are mixed in this coffee to achieve perfection. Its unique quality is the right choice for demanding coffee lovers. It is a combination of a medium-strong taste with an elegant acidic touch that has a distinctly delicious aroma.","og_url":"https:\/\/www.eurosam.sk\/shop\/davidoff-cafe-fa-ground\/","og_site_name":"Eurosam.sk","og_image":[{"width":900,"height":1000,"url":"https:\/\/www.eurosam.sk\/wp-content\/uploads\/2017\/04\/DAVIDOFF-\u2013-Caf\u00e9-FA-Ground.png","type":"image\/png"}],"twitter_card":"summary_large_image","schema":{"@context":"https:\/\/schema.org","@graph":[{"@type":"WebPage","@id":"https:\/\/www.eurosam.sk\/shop\/davidoff-cafe-fa-ground\/","url":"https:\/\/www.eurosam.sk\/shop\/davidoff-cafe-fa-ground\/","name":"DAVIDOFF - Caf\u00e9 Fine Aroma Ground - Eurosam.sk","isPartOf":{"@id":"https:\/\/www.eurosam.sk\/#website"},"datePublished":"2017-04-21T17:35:33+00:00","dateModified":"2017-04-21T17:35:33+00:00","breadcrumb":{"@id":"https:\/\/www.eurosam.sk\/shop\/davidoff-cafe-fa-ground\/#breadcrumb"},"inLanguage":"en-US","potentialAction":[{"@type":"ReadAction","target":["https:\/\/www.eurosam.sk\/shop\/davidoff-cafe-fa-ground\/"]}]},{"@type":"BreadcrumbList","@id":"https:\/\/www.eurosam.sk\/shop\/davidoff-cafe-fa-ground\/#breadcrumb","itemListElement":[{"@type":"ListItem","position":1,"name":"Home","item":"https:\/\/www.eurosam.sk\/"},{"@type":"ListItem","position":2,"name":"Configurator","item":"https:\/\/www.eurosam.sk\/en\/coffee-machine-configurator\/"},{"@type":"ListItem","position":3,"name":"DAVIDOFF &#8211; Caf\u00e9 Fine Aroma Ground"}]},{"@type":"WebSite","@id":"https:\/\/www.eurosam.sk\/#website","url":"https:\/\/www.eurosam.sk\/","name":"Eurosam.sk","description":"EUROSAM v\u00e1m prin\u00e1\u0161a profesion\u00e1lny postup na pr\u00edpravu dokonalej \u0161\u00e1lky k\u00e1vy.","potentialAction":[{"@type":"SearchAction","target":{"@type":"EntryPoint","urlTemplate":"https:\/\/www.eurosam.sk\/?s={search_term_string}"},"query-input":"required name=search_term_string"}],"inLanguage":"en-US"}]}},"_links":{"self":[{"href":"https:\/\/www.eurosam.sk\/en\/wp-json\/wp\/v2\/product\/4639\/"}],"collection":[{"href":"https:\/\/www.eurosam.sk\/en\/wp-json\/wp\/v2\/product\/"}],"about":[{"href":"https:\/\/www.eurosam.sk\/en\/wp-json\/wp\/v2\/types\/product\/"}],"wp:featuredmedia":[{"embeddable":true,"href":"https:\/\/www.eurosam.sk\/en\/wp-json\/wp\/v2\/media\/3453\/"}],"wp:attachment":[{"href":"https:\/\/www.eurosam.sk\/en\/wp-json\/wp\/v2\/media\/?parent=4639"}],"curies":[{"name":"wp","href":"https:\/\/api.w.org\/{rel}","templated":true}]}}