{"id":4662,"date":"2018-10-27T15:58:44","date_gmt":"2018-10-27T15:58:44","guid":{"rendered":"https:\/\/www.eurosam.sk\/obchod\/stainless-steel-sieve-for-tea-pot-530-ml\/"},"modified":"2018-10-27T15:58:44","modified_gmt":"2018-10-27T15:58:44","slug":"stainless-steel-sieve-for-tea-pot-530-ml","status":"publish","type":"product","link":"https:\/\/www.eurosam.sk\/en\/obchod\/stainless-steel-sieve-for-tea-pot-530-ml\/","title":{"rendered":"Stainless steel sieve for tea pot"},"content":{"rendered":"<p>Stainless steel sieve for tea pots Suki Tea Pot 530 ml.<\/p>\n","protected":false},"excerpt":{"rendered":"<p>Stainless steel sieve for tea pots Suki Tea Pot 530 ml.<\/p>\n","protected":false},"featured_media":4190,"template":"","meta":[],"acf":[],"yoast_head":"<!-- This site is optimized with the Yoast SEO plugin v21.2 - https:\/\/yoast.com\/wordpress\/plugins\/seo\/ -->\n<title>Stainless steel sieve for tea pot - Eurosam.sk<\/title>\n<meta name=\"robots\" content=\"index, follow, max-snippet:-1, max-image-preview:large, max-video-preview:-1\" \/>\n<link rel=\"canonical\" href=\"https:\/\/www.eurosam.sk\/en\/obchod\/stainless-steel-sieve-for-tea-pot-530-ml\/\" \/>\n<meta property=\"og:locale\" content=\"en_US\" \/>\n<meta property=\"og:type\" content=\"article\" \/>\n<meta property=\"og:title\" content=\"Stainless steel sieve for tea pot - Eurosam.sk\" \/>\n<meta property=\"og:description\" content=\"Stainless steel sieve for tea pots Suki Tea Pot 530 ml.\" \/>\n<meta property=\"og:url\" content=\"https:\/\/www.eurosam.sk\/en\/obchod\/stainless-steel-sieve-for-tea-pot-530-ml\/\" \/>\n<meta property=\"og:site_name\" content=\"Eurosam.sk\" \/>\n<meta property=\"og:image\" content=\"https:\/\/www.eurosam.sk\/wp-content\/uploads\/2018\/10\/nerezove-sitko-do-konvicky-530-ml_488386-min.png\" \/>\n\t<meta property=\"og:image:width\" content=\"4347\" \/>\n\t<meta property=\"og:image:height\" content=\"3570\" \/>\n\t<meta property=\"og:image:type\" content=\"image\/png\" \/>\n<meta name=\"twitter:card\" content=\"summary_large_image\" \/>\n<script type=\"application\/ld+json\" class=\"yoast-schema-graph\">{\"@context\":\"https:\/\/schema.org\",\"@graph\":[{\"@type\":\"WebPage\",\"@id\":\"https:\/\/www.eurosam.sk\/en\/obchod\/stainless-steel-sieve-for-tea-pot-530-ml\/\",\"url\":\"https:\/\/www.eurosam.sk\/en\/obchod\/stainless-steel-sieve-for-tea-pot-530-ml\/\",\"name\":\"Stainless steel sieve for tea pot - Eurosam.sk\",\"isPartOf\":{\"@id\":\"https:\/\/www.eurosam.sk\/#website\"},\"datePublished\":\"2018-10-27T15:58:44+00:00\",\"dateModified\":\"2018-10-27T15:58:44+00:00\",\"breadcrumb\":{\"@id\":\"https:\/\/www.eurosam.sk\/en\/obchod\/stainless-steel-sieve-for-tea-pot-530-ml\/#breadcrumb\"},\"inLanguage\":\"en-US\",\"potentialAction\":[{\"@type\":\"ReadAction\",\"target\":[\"https:\/\/www.eurosam.sk\/en\/obchod\/stainless-steel-sieve-for-tea-pot-530-ml\/\"]}]},{\"@type\":\"BreadcrumbList\",\"@id\":\"https:\/\/www.eurosam.sk\/en\/obchod\/stainless-steel-sieve-for-tea-pot-530-ml\/#breadcrumb\",\"itemListElement\":[{\"@type\":\"ListItem\",\"position\":1,\"name\":\"Home\",\"item\":\"https:\/\/www.eurosam.sk\/\"},{\"@type\":\"ListItem\",\"position\":2,\"name\":\"Configurator\",\"item\":\"https:\/\/www.eurosam.sk\/en\/coffee-machine-configurator\/\"},{\"@type\":\"ListItem\",\"position\":3,\"name\":\"Stainless steel sieve for tea pot\"}]},{\"@type\":\"WebSite\",\"@id\":\"https:\/\/www.eurosam.sk\/#website\",\"url\":\"https:\/\/www.eurosam.sk\/\",\"name\":\"Eurosam.sk\",\"description\":\"EUROSAM v\u00e1m prin\u00e1\u0161a profesion\u00e1lny postup na pr\u00edpravu dokonalej \u0161\u00e1lky k\u00e1vy.\",\"potentialAction\":[{\"@type\":\"SearchAction\",\"target\":{\"@type\":\"EntryPoint\",\"urlTemplate\":\"https:\/\/www.eurosam.sk\/?s={search_term_string}\"},\"query-input\":\"required name=search_term_string\"}],\"inLanguage\":\"en-US\"}]}<\/script>\n<!-- \/ Yoast SEO plugin. -->","yoast_head_json":{"title":"Stainless steel sieve for tea pot - Eurosam.sk","robots":{"index":"index","follow":"follow","max-snippet":"max-snippet:-1","max-image-preview":"max-image-preview:large","max-video-preview":"max-video-preview:-1"},"canonical":"https:\/\/www.eurosam.sk\/en\/obchod\/stainless-steel-sieve-for-tea-pot-530-ml\/","og_locale":"en_US","og_type":"article","og_title":"Stainless steel sieve for tea pot - Eurosam.sk","og_description":"Stainless steel sieve for tea pots Suki Tea Pot 530 ml.","og_url":"https:\/\/www.eurosam.sk\/en\/obchod\/stainless-steel-sieve-for-tea-pot-530-ml\/","og_site_name":"Eurosam.sk","og_image":[{"width":4347,"height":3570,"url":"https:\/\/www.eurosam.sk\/wp-content\/uploads\/2018\/10\/nerezove-sitko-do-konvicky-530-ml_488386-min.png","type":"image\/png"}],"twitter_card":"summary_large_image","schema":{"@context":"https:\/\/schema.org","@graph":[{"@type":"WebPage","@id":"https:\/\/www.eurosam.sk\/en\/obchod\/stainless-steel-sieve-for-tea-pot-530-ml\/","url":"https:\/\/www.eurosam.sk\/en\/obchod\/stainless-steel-sieve-for-tea-pot-530-ml\/","name":"Stainless steel sieve for tea pot - Eurosam.sk","isPartOf":{"@id":"https:\/\/www.eurosam.sk\/#website"},"datePublished":"2018-10-27T15:58:44+00:00","dateModified":"2018-10-27T15:58:44+00:00","breadcrumb":{"@id":"https:\/\/www.eurosam.sk\/en\/obchod\/stainless-steel-sieve-for-tea-pot-530-ml\/#breadcrumb"},"inLanguage":"en-US","potentialAction":[{"@type":"ReadAction","target":["https:\/\/www.eurosam.sk\/en\/obchod\/stainless-steel-sieve-for-tea-pot-530-ml\/"]}]},{"@type":"BreadcrumbList","@id":"https:\/\/www.eurosam.sk\/en\/obchod\/stainless-steel-sieve-for-tea-pot-530-ml\/#breadcrumb","itemListElement":[{"@type":"ListItem","position":1,"name":"Home","item":"https:\/\/www.eurosam.sk\/"},{"@type":"ListItem","position":2,"name":"Configurator","item":"https:\/\/www.eurosam.sk\/en\/coffee-machine-configurator\/"},{"@type":"ListItem","position":3,"name":"Stainless steel sieve for tea pot"}]},{"@type":"WebSite","@id":"https:\/\/www.eurosam.sk\/#website","url":"https:\/\/www.eurosam.sk\/","name":"Eurosam.sk","description":"EUROSAM v\u00e1m prin\u00e1\u0161a profesion\u00e1lny postup na pr\u00edpravu dokonalej \u0161\u00e1lky k\u00e1vy.","potentialAction":[{"@type":"SearchAction","target":{"@type":"EntryPoint","urlTemplate":"https:\/\/www.eurosam.sk\/?s={search_term_string}"},"query-input":"required name=search_term_string"}],"inLanguage":"en-US"}]}},"_links":{"self":[{"href":"https:\/\/www.eurosam.sk\/en\/wp-json\/wp\/v2\/product\/4662\/"}],"collection":[{"href":"https:\/\/www.eurosam.sk\/en\/wp-json\/wp\/v2\/product\/"}],"about":[{"href":"https:\/\/www.eurosam.sk\/en\/wp-json\/wp\/v2\/types\/product\/"}],"wp:featuredmedia":[{"embeddable":true,"href":"https:\/\/www.eurosam.sk\/en\/wp-json\/wp\/v2\/media\/4190\/"}],"wp:attachment":[{"href":"https:\/\/www.eurosam.sk\/en\/wp-json\/wp\/v2\/media\/?parent=4662"}],"curies":[{"name":"wp","href":"https:\/\/api.w.org\/{rel}","templated":true}]}}