{"id":4757,"date":"2017-04-22T13:40:13","date_gmt":"2017-04-22T13:40:13","guid":{"rendered":"https:\/\/www.eurosam.sk\/obchod\/pure-tea-darjeeling-25-x-25g\/"},"modified":"2017-04-22T13:40:13","modified_gmt":"2017-04-22T13:40:13","slug":"pure-tea-darjeeling-25-x-25g","status":"publish","type":"product","link":"https:\/\/www.eurosam.sk\/en\/obchod\/pure-tea-darjeeling-25-x-25g\/","title":{"rendered":"PURE Tea &#8211; Darjeeling"},"content":{"rendered":"<ul>\n<li>Package: 25 x 2.5g<\/li>\n<li>Packaging: 6 boxes<\/li>\n<\/ul>\n","protected":false},"excerpt":{"rendered":"<p>Fine, elegant blend of exceptional tea leaves from the best tea plantations in Darjeeling. Gold-yellow in a cup, with exceptionally delicate floral flavor.<\/p>\n","protected":false},"featured_media":6985,"template":"","meta":[],"acf":[],"yoast_head":"<!-- This site is optimized with the Yoast SEO plugin v21.2 - https:\/\/yoast.com\/wordpress\/plugins\/seo\/ -->\n<title>PURE Tea - Darjeeling - Eurosam.sk<\/title>\n<meta name=\"robots\" content=\"index, follow, max-snippet:-1, max-image-preview:large, max-video-preview:-1\" \/>\n<link rel=\"canonical\" href=\"https:\/\/www.eurosam.sk\/en\/shop\/pure-tea-darjeeling-25-x-25g\/\" \/>\n<meta property=\"og:locale\" content=\"en_US\" \/>\n<meta property=\"og:type\" content=\"article\" \/>\n<meta property=\"og:title\" content=\"PURE Tea - Darjeeling - Eurosam.sk\" \/>\n<meta property=\"og:description\" content=\"Fine, elegant blend of exceptional tea leaves from the best tea plantations in Darjeeling. Gold-yellow in a cup, with exceptionally delicate floral flavor.\" \/>\n<meta property=\"og:url\" content=\"https:\/\/www.eurosam.sk\/shop\/pure-tea-darjeeling-25-x-25g\/\" \/>\n<meta property=\"og:site_name\" content=\"Eurosam.sk\" \/>\n<meta property=\"og:image\" content=\"https:\/\/www.eurosam.sk\/wp-content\/uploads\/2017\/04\/darjeeling-1.png\" \/>\n\t<meta property=\"og:image:width\" content=\"300\" \/>\n\t<meta property=\"og:image:height\" content=\"300\" \/>\n\t<meta property=\"og:image:type\" content=\"image\/png\" \/>\n<meta name=\"twitter:card\" content=\"summary_large_image\" \/>\n<script type=\"application\/ld+json\" class=\"yoast-schema-graph\">{\"@context\":\"https:\/\/schema.org\",\"@graph\":[{\"@type\":\"WebPage\",\"@id\":\"https:\/\/www.eurosam.sk\/shop\/pure-tea-darjeeling-25-x-25g\/\",\"url\":\"https:\/\/www.eurosam.sk\/shop\/pure-tea-darjeeling-25-x-25g\/\",\"name\":\"PURE Tea - Darjeeling - Eurosam.sk\",\"isPartOf\":{\"@id\":\"https:\/\/www.eurosam.sk\/#website\"},\"datePublished\":\"2017-04-22T13:40:13+00:00\",\"dateModified\":\"2017-04-22T13:40:13+00:00\",\"breadcrumb\":{\"@id\":\"https:\/\/www.eurosam.sk\/shop\/pure-tea-darjeeling-25-x-25g\/#breadcrumb\"},\"inLanguage\":\"en-US\",\"potentialAction\":[{\"@type\":\"ReadAction\",\"target\":[\"https:\/\/www.eurosam.sk\/shop\/pure-tea-darjeeling-25-x-25g\/\"]}]},{\"@type\":\"BreadcrumbList\",\"@id\":\"https:\/\/www.eurosam.sk\/shop\/pure-tea-darjeeling-25-x-25g\/#breadcrumb\",\"itemListElement\":[{\"@type\":\"ListItem\",\"position\":1,\"name\":\"Home\",\"item\":\"https:\/\/www.eurosam.sk\/\"},{\"@type\":\"ListItem\",\"position\":2,\"name\":\"Configurator\",\"item\":\"https:\/\/www.eurosam.sk\/en\/coffee-machine-configurator\/\"},{\"@type\":\"ListItem\",\"position\":3,\"name\":\"PURE Tea &#8211; Darjeeling\"}]},{\"@type\":\"WebSite\",\"@id\":\"https:\/\/www.eurosam.sk\/#website\",\"url\":\"https:\/\/www.eurosam.sk\/\",\"name\":\"Eurosam.sk\",\"description\":\"EUROSAM v\u00e1m prin\u00e1\u0161a profesion\u00e1lny postup na pr\u00edpravu dokonalej \u0161\u00e1lky k\u00e1vy.\",\"potentialAction\":[{\"@type\":\"SearchAction\",\"target\":{\"@type\":\"EntryPoint\",\"urlTemplate\":\"https:\/\/www.eurosam.sk\/?s={search_term_string}\"},\"query-input\":\"required name=search_term_string\"}],\"inLanguage\":\"en-US\"}]}<\/script>\n<!-- \/ Yoast SEO plugin. -->","yoast_head_json":{"title":"PURE Tea - Darjeeling - Eurosam.sk","robots":{"index":"index","follow":"follow","max-snippet":"max-snippet:-1","max-image-preview":"max-image-preview:large","max-video-preview":"max-video-preview:-1"},"canonical":"https:\/\/www.eurosam.sk\/en\/shop\/pure-tea-darjeeling-25-x-25g\/","og_locale":"en_US","og_type":"article","og_title":"PURE Tea - Darjeeling - Eurosam.sk","og_description":"Fine, elegant blend of exceptional tea leaves from the best tea plantations in Darjeeling. Gold-yellow in a cup, with exceptionally delicate floral flavor.","og_url":"https:\/\/www.eurosam.sk\/shop\/pure-tea-darjeeling-25-x-25g\/","og_site_name":"Eurosam.sk","og_image":[{"width":300,"height":300,"url":"https:\/\/www.eurosam.sk\/wp-content\/uploads\/2017\/04\/darjeeling-1.png","type":"image\/png"}],"twitter_card":"summary_large_image","schema":{"@context":"https:\/\/schema.org","@graph":[{"@type":"WebPage","@id":"https:\/\/www.eurosam.sk\/shop\/pure-tea-darjeeling-25-x-25g\/","url":"https:\/\/www.eurosam.sk\/shop\/pure-tea-darjeeling-25-x-25g\/","name":"PURE Tea - Darjeeling - Eurosam.sk","isPartOf":{"@id":"https:\/\/www.eurosam.sk\/#website"},"datePublished":"2017-04-22T13:40:13+00:00","dateModified":"2017-04-22T13:40:13+00:00","breadcrumb":{"@id":"https:\/\/www.eurosam.sk\/shop\/pure-tea-darjeeling-25-x-25g\/#breadcrumb"},"inLanguage":"en-US","potentialAction":[{"@type":"ReadAction","target":["https:\/\/www.eurosam.sk\/shop\/pure-tea-darjeeling-25-x-25g\/"]}]},{"@type":"BreadcrumbList","@id":"https:\/\/www.eurosam.sk\/shop\/pure-tea-darjeeling-25-x-25g\/#breadcrumb","itemListElement":[{"@type":"ListItem","position":1,"name":"Home","item":"https:\/\/www.eurosam.sk\/"},{"@type":"ListItem","position":2,"name":"Configurator","item":"https:\/\/www.eurosam.sk\/en\/coffee-machine-configurator\/"},{"@type":"ListItem","position":3,"name":"PURE Tea &#8211; Darjeeling"}]},{"@type":"WebSite","@id":"https:\/\/www.eurosam.sk\/#website","url":"https:\/\/www.eurosam.sk\/","name":"Eurosam.sk","description":"EUROSAM v\u00e1m prin\u00e1\u0161a profesion\u00e1lny postup na pr\u00edpravu dokonalej \u0161\u00e1lky k\u00e1vy.","potentialAction":[{"@type":"SearchAction","target":{"@type":"EntryPoint","urlTemplate":"https:\/\/www.eurosam.sk\/?s={search_term_string}"},"query-input":"required name=search_term_string"}],"inLanguage":"en-US"}]}},"_links":{"self":[{"href":"https:\/\/www.eurosam.sk\/en\/wp-json\/wp\/v2\/product\/4757\/"}],"collection":[{"href":"https:\/\/www.eurosam.sk\/en\/wp-json\/wp\/v2\/product\/"}],"about":[{"href":"https:\/\/www.eurosam.sk\/en\/wp-json\/wp\/v2\/types\/product\/"}],"wp:featuredmedia":[{"embeddable":true,"href":"https:\/\/www.eurosam.sk\/en\/wp-json\/wp\/v2\/media\/6985\/"}],"wp:attachment":[{"href":"https:\/\/www.eurosam.sk\/en\/wp-json\/wp\/v2\/media\/?parent=4757"}],"curies":[{"name":"wp","href":"https:\/\/api.w.org\/{rel}","templated":true}]}}