{"id":4796,"date":"2017-04-22T13:57:01","date_gmt":"2017-04-22T13:57:01","guid":{"rendered":"https:\/\/www.eurosam.sk\/obchod\/rauch-pink-grapefruit-20-10l\/"},"modified":"2017-04-22T13:57:01","modified_gmt":"2017-04-22T13:57:01","slug":"rauch-pink-grapefruit-20-10l","status":"publish","type":"product","link":"https:\/\/www.eurosam.sk\/en\/obchod\/rauch-pink-grapefruit-20-10l\/","title":{"rendered":"RAUCH &#8211; Pink grapefruit 20% 10l"},"content":{"rendered":"<ul>\n<li>10l<\/li>\n<li>Fruit ingredients: 20% pink grapefruit from fruit juice concentrate<\/li>\n<\/ul>\n","protected":false},"excerpt":{"rendered":"<p>Beverage concentrate for preparation of drinks with pink grapefruit flavor. Contains sugar and sweeteners.<\/p>\n","protected":false},"featured_media":3434,"template":"","meta":[],"acf":[],"yoast_head":"<!-- This site is optimized with the Yoast SEO plugin v21.2 - https:\/\/yoast.com\/wordpress\/plugins\/seo\/ -->\n<title>RAUCH - Pink grapefruit 20% 10l - Eurosam.sk<\/title>\n<meta name=\"robots\" content=\"index, follow, max-snippet:-1, max-image-preview:large, max-video-preview:-1\" \/>\n<link rel=\"canonical\" href=\"https:\/\/www.eurosam.sk\/en\/shop\/rauch-ruz-grapefruit-20-10l\/\" \/>\n<meta property=\"og:locale\" content=\"en_US\" \/>\n<meta property=\"og:type\" content=\"article\" \/>\n<meta property=\"og:title\" content=\"RAUCH - Pink grapefruit 20% 10l - Eurosam.sk\" \/>\n<meta property=\"og:description\" content=\"Beverage concentrate for preparation of drinks with pink grapefruit flavor. Contains sugar and sweeteners.\" \/>\n<meta property=\"og:url\" content=\"https:\/\/www.eurosam.sk\/shop\/rauch-ruz-grapefruit-20-10l\/\" \/>\n<meta property=\"og:site_name\" content=\"Eurosam.sk\" \/>\n<meta property=\"og:image\" content=\"https:\/\/www.eurosam.sk\/wp-content\/uploads\/2017\/04\/RAUCH-Ru\u017e-1024x683.png\" \/>\n\t<meta property=\"og:image:width\" content=\"1024\" \/>\n\t<meta property=\"og:image:height\" content=\"683\" \/>\n\t<meta property=\"og:image:type\" content=\"image\/png\" \/>\n<meta name=\"twitter:card\" content=\"summary_large_image\" \/>\n<script type=\"application\/ld+json\" class=\"yoast-schema-graph\">{\"@context\":\"https:\/\/schema.org\",\"@graph\":[{\"@type\":\"WebPage\",\"@id\":\"https:\/\/www.eurosam.sk\/shop\/rauch-ruz-grapefruit-20-10l\/\",\"url\":\"https:\/\/www.eurosam.sk\/shop\/rauch-ruz-grapefruit-20-10l\/\",\"name\":\"RAUCH - Pink grapefruit 20% 10l - Eurosam.sk\",\"isPartOf\":{\"@id\":\"https:\/\/www.eurosam.sk\/#website\"},\"datePublished\":\"2017-04-22T13:57:01+00:00\",\"dateModified\":\"2017-04-22T13:57:01+00:00\",\"breadcrumb\":{\"@id\":\"https:\/\/www.eurosam.sk\/shop\/rauch-ruz-grapefruit-20-10l\/#breadcrumb\"},\"inLanguage\":\"en-US\",\"potentialAction\":[{\"@type\":\"ReadAction\",\"target\":[\"https:\/\/www.eurosam.sk\/shop\/rauch-ruz-grapefruit-20-10l\/\"]}]},{\"@type\":\"BreadcrumbList\",\"@id\":\"https:\/\/www.eurosam.sk\/shop\/rauch-ruz-grapefruit-20-10l\/#breadcrumb\",\"itemListElement\":[{\"@type\":\"ListItem\",\"position\":1,\"name\":\"Home\",\"item\":\"https:\/\/www.eurosam.sk\/\"},{\"@type\":\"ListItem\",\"position\":2,\"name\":\"Configurator\",\"item\":\"https:\/\/www.eurosam.sk\/en\/coffee-machine-configurator\/\"},{\"@type\":\"ListItem\",\"position\":3,\"name\":\"RAUCH &#8211; Pink grapefruit 20% 10l\"}]},{\"@type\":\"WebSite\",\"@id\":\"https:\/\/www.eurosam.sk\/#website\",\"url\":\"https:\/\/www.eurosam.sk\/\",\"name\":\"Eurosam.sk\",\"description\":\"EUROSAM v\u00e1m prin\u00e1\u0161a profesion\u00e1lny postup na pr\u00edpravu dokonalej \u0161\u00e1lky k\u00e1vy.\",\"potentialAction\":[{\"@type\":\"SearchAction\",\"target\":{\"@type\":\"EntryPoint\",\"urlTemplate\":\"https:\/\/www.eurosam.sk\/?s={search_term_string}\"},\"query-input\":\"required name=search_term_string\"}],\"inLanguage\":\"en-US\"}]}<\/script>\n<!-- \/ Yoast SEO plugin. -->","yoast_head_json":{"title":"RAUCH - Pink grapefruit 20% 10l - Eurosam.sk","robots":{"index":"index","follow":"follow","max-snippet":"max-snippet:-1","max-image-preview":"max-image-preview:large","max-video-preview":"max-video-preview:-1"},"canonical":"https:\/\/www.eurosam.sk\/en\/shop\/rauch-ruz-grapefruit-20-10l\/","og_locale":"en_US","og_type":"article","og_title":"RAUCH - Pink grapefruit 20% 10l - Eurosam.sk","og_description":"Beverage concentrate for preparation of drinks with pink grapefruit flavor. Contains sugar and sweeteners.","og_url":"https:\/\/www.eurosam.sk\/shop\/rauch-ruz-grapefruit-20-10l\/","og_site_name":"Eurosam.sk","og_image":[{"width":1024,"height":683,"url":"https:\/\/www.eurosam.sk\/wp-content\/uploads\/2017\/04\/RAUCH-Ru\u017e-1024x683.png","type":"image\/png"}],"twitter_card":"summary_large_image","schema":{"@context":"https:\/\/schema.org","@graph":[{"@type":"WebPage","@id":"https:\/\/www.eurosam.sk\/shop\/rauch-ruz-grapefruit-20-10l\/","url":"https:\/\/www.eurosam.sk\/shop\/rauch-ruz-grapefruit-20-10l\/","name":"RAUCH - Pink grapefruit 20% 10l - Eurosam.sk","isPartOf":{"@id":"https:\/\/www.eurosam.sk\/#website"},"datePublished":"2017-04-22T13:57:01+00:00","dateModified":"2017-04-22T13:57:01+00:00","breadcrumb":{"@id":"https:\/\/www.eurosam.sk\/shop\/rauch-ruz-grapefruit-20-10l\/#breadcrumb"},"inLanguage":"en-US","potentialAction":[{"@type":"ReadAction","target":["https:\/\/www.eurosam.sk\/shop\/rauch-ruz-grapefruit-20-10l\/"]}]},{"@type":"BreadcrumbList","@id":"https:\/\/www.eurosam.sk\/shop\/rauch-ruz-grapefruit-20-10l\/#breadcrumb","itemListElement":[{"@type":"ListItem","position":1,"name":"Home","item":"https:\/\/www.eurosam.sk\/"},{"@type":"ListItem","position":2,"name":"Configurator","item":"https:\/\/www.eurosam.sk\/en\/coffee-machine-configurator\/"},{"@type":"ListItem","position":3,"name":"RAUCH &#8211; Pink grapefruit 20% 10l"}]},{"@type":"WebSite","@id":"https:\/\/www.eurosam.sk\/#website","url":"https:\/\/www.eurosam.sk\/","name":"Eurosam.sk","description":"EUROSAM v\u00e1m prin\u00e1\u0161a profesion\u00e1lny postup na pr\u00edpravu dokonalej \u0161\u00e1lky k\u00e1vy.","potentialAction":[{"@type":"SearchAction","target":{"@type":"EntryPoint","urlTemplate":"https:\/\/www.eurosam.sk\/?s={search_term_string}"},"query-input":"required name=search_term_string"}],"inLanguage":"en-US"}]}},"_links":{"self":[{"href":"https:\/\/www.eurosam.sk\/en\/wp-json\/wp\/v2\/product\/4796\/"}],"collection":[{"href":"https:\/\/www.eurosam.sk\/en\/wp-json\/wp\/v2\/product\/"}],"about":[{"href":"https:\/\/www.eurosam.sk\/en\/wp-json\/wp\/v2\/types\/product\/"}],"wp:featuredmedia":[{"embeddable":true,"href":"https:\/\/www.eurosam.sk\/en\/wp-json\/wp\/v2\/media\/3434\/"}],"wp:attachment":[{"href":"https:\/\/www.eurosam.sk\/en\/wp-json\/wp\/v2\/media\/?parent=4796"}],"curies":[{"name":"wp","href":"https:\/\/api.w.org\/{rel}","templated":true}]}}