{"id":4808,"date":"2017-11-03T18:11:53","date_gmt":"2017-11-03T18:11:53","guid":{"rendered":"https:\/\/www.eurosam.sk\/obchod\/pk-kvdw-mirage-triplette\/"},"modified":"2017-11-03T18:11:53","modified_gmt":"2017-11-03T18:11:53","slug":"pk-kvdw-mirage-triplette","status":"publish","type":"product","link":"https:\/\/www.eurosam.sk\/en\/obchod\/pk-kvdw-mirage-triplette\/","title":{"rendered":"PK KvdW Mirage Duette \/ Triplette"},"content":{"rendered":"<ul>\n<li>Automatic cleaning program: All heads are dipped and drained 8 times.<\/li>\n<li>Massive head made of 4 kg of brass.<\/li>\n<li>Energy-saving Hot Water Preparation System: Hot water is mixed with cold so the spiral consumes less energy to heat it.<\/li>\n<li>Adjustable buttons or mechanical head release levers.<br \/>\nHeight-adjustable drip tray.<\/li>\n<li>PID temperature setting with the ability to reduce power during nights and weekends.<\/li>\n<li>Progressive pre-infusion cylinder for each head: Allows barista to fine grinding without dropping coffee beans into the cup.<\/li>\n<li>Wide choice of bowls.<\/li>\n<li>Flexible and durable head gaskets.<\/li>\n<li>Precise and durable sighs.<\/li>\n<li>Electronic spiral protection.<\/li>\n<li>Stainless steel frame of coffee maker, painted black.<\/li>\n<li>High boiler capacity: Duette 13 l; Triplette 19 l<\/li>\n<li>Elevated leg construction: Perfect cleaning of the bar under the coffee machine.<\/li>\n<\/ul>\n","protected":false},"excerpt":{"rendered":"<p>Handmade Dutch coffee machines that breeze you with its precision, high performance and elegant design. The Mirage combines the knowledge of the popular Faema E61 system and the precision of Kees van der Westen. It has a high-capacity copper boiler (13 l or 19 l) equipped with a heat exchanger for each head. High temperature in the boiler (125 \u00b0 C) provides an extremely fast way to heat water. Even 55 years after the thermal loop in the Faema E61 coffee maker, this system is rated as extremely stable and elegantly engineered. In addition, thermal efficiency easily overcomes the multi-boiler system.<\/p>\n","protected":false},"featured_media":3629,"template":"","meta":[],"acf":[],"yoast_head":"<!-- This site is optimized with the Yoast SEO plugin v21.2 - https:\/\/yoast.com\/wordpress\/plugins\/seo\/ -->\n<title>PK KvdW Mirage Duette \/ Triplette - Eurosam.sk<\/title>\n<meta name=\"robots\" content=\"index, follow, max-snippet:-1, max-image-preview:large, max-video-preview:-1\" \/>\n<link rel=\"canonical\" href=\"https:\/\/www.eurosam.sk\/en\/obchod\/pk-kvdw-mirage-triplette\/\" \/>\n<meta property=\"og:locale\" content=\"en_US\" \/>\n<meta property=\"og:type\" content=\"article\" \/>\n<meta property=\"og:title\" content=\"PK KvdW Mirage Duette \/ Triplette - Eurosam.sk\" \/>\n<meta property=\"og:description\" content=\"Handmade Dutch coffee machines that breeze you with its precision, high performance and elegant design. The Mirage combines the knowledge of the popular Faema E61 system and the precision of Kees van der Westen. It has a high-capacity copper boiler (13 l or 19 l) equipped with a heat exchanger for each head. High temperature in the boiler (125 \u00b0 C) provides an extremely fast way to heat water. Even 55 years after the thermal loop in the Faema E61 coffee maker, this system is rated as extremely stable and elegantly engineered. In addition, thermal efficiency easily overcomes the multi-boiler system.\" \/>\n<meta property=\"og:url\" content=\"https:\/\/www.eurosam.sk\/en\/obchod\/pk-kvdw-mirage-triplette\/\" \/>\n<meta property=\"og:site_name\" content=\"Eurosam.sk\" \/>\n<meta property=\"og:image\" content=\"https:\/\/www.eurosam.sk\/wp-content\/uploads\/2017\/11\/mirage-triple.png\" \/>\n\t<meta property=\"og:image:width\" content=\"1200\" \/>\n\t<meta property=\"og:image:height\" content=\"1167\" \/>\n\t<meta property=\"og:image:type\" content=\"image\/png\" \/>\n<meta name=\"twitter:card\" content=\"summary_large_image\" \/>\n<meta name=\"twitter:label1\" content=\"Est. reading time\" \/>\n\t<meta name=\"twitter:data1\" content=\"1 minute\" \/>\n<script type=\"application\/ld+json\" class=\"yoast-schema-graph\">{\"@context\":\"https:\/\/schema.org\",\"@graph\":[{\"@type\":\"WebPage\",\"@id\":\"https:\/\/www.eurosam.sk\/en\/obchod\/pk-kvdw-mirage-triplette\/\",\"url\":\"https:\/\/www.eurosam.sk\/en\/obchod\/pk-kvdw-mirage-triplette\/\",\"name\":\"PK KvdW Mirage Duette \/ Triplette - Eurosam.sk\",\"isPartOf\":{\"@id\":\"https:\/\/www.eurosam.sk\/#website\"},\"datePublished\":\"2017-11-03T18:11:53+00:00\",\"dateModified\":\"2017-11-03T18:11:53+00:00\",\"breadcrumb\":{\"@id\":\"https:\/\/www.eurosam.sk\/en\/obchod\/pk-kvdw-mirage-triplette\/#breadcrumb\"},\"inLanguage\":\"en-US\",\"potentialAction\":[{\"@type\":\"ReadAction\",\"target\":[\"https:\/\/www.eurosam.sk\/en\/obchod\/pk-kvdw-mirage-triplette\/\"]}]},{\"@type\":\"BreadcrumbList\",\"@id\":\"https:\/\/www.eurosam.sk\/en\/obchod\/pk-kvdw-mirage-triplette\/#breadcrumb\",\"itemListElement\":[{\"@type\":\"ListItem\",\"position\":1,\"name\":\"Home\",\"item\":\"https:\/\/www.eurosam.sk\/\"},{\"@type\":\"ListItem\",\"position\":2,\"name\":\"Configurator\",\"item\":\"https:\/\/www.eurosam.sk\/en\/coffee-machine-configurator\/\"},{\"@type\":\"ListItem\",\"position\":3,\"name\":\"PK KvdW Mirage Duette \/ Triplette\"}]},{\"@type\":\"WebSite\",\"@id\":\"https:\/\/www.eurosam.sk\/#website\",\"url\":\"https:\/\/www.eurosam.sk\/\",\"name\":\"Eurosam.sk\",\"description\":\"EUROSAM v\u00e1m prin\u00e1\u0161a profesion\u00e1lny postup na pr\u00edpravu dokonalej \u0161\u00e1lky k\u00e1vy.\",\"potentialAction\":[{\"@type\":\"SearchAction\",\"target\":{\"@type\":\"EntryPoint\",\"urlTemplate\":\"https:\/\/www.eurosam.sk\/?s={search_term_string}\"},\"query-input\":\"required name=search_term_string\"}],\"inLanguage\":\"en-US\"}]}<\/script>\n<!-- \/ Yoast SEO plugin. -->","yoast_head_json":{"title":"PK KvdW Mirage Duette \/ Triplette - Eurosam.sk","robots":{"index":"index","follow":"follow","max-snippet":"max-snippet:-1","max-image-preview":"max-image-preview:large","max-video-preview":"max-video-preview:-1"},"canonical":"https:\/\/www.eurosam.sk\/en\/obchod\/pk-kvdw-mirage-triplette\/","og_locale":"en_US","og_type":"article","og_title":"PK KvdW Mirage Duette \/ Triplette - Eurosam.sk","og_description":"Handmade Dutch coffee machines that breeze you with its precision, high performance and elegant design. The Mirage combines the knowledge of the popular Faema E61 system and the precision of Kees van der Westen. It has a high-capacity copper boiler (13 l or 19 l) equipped with a heat exchanger for each head. High temperature in the boiler (125 \u00b0 C) provides an extremely fast way to heat water. Even 55 years after the thermal loop in the Faema E61 coffee maker, this system is rated as extremely stable and elegantly engineered. In addition, thermal efficiency easily overcomes the multi-boiler system.","og_url":"https:\/\/www.eurosam.sk\/en\/obchod\/pk-kvdw-mirage-triplette\/","og_site_name":"Eurosam.sk","og_image":[{"width":1200,"height":1167,"url":"https:\/\/www.eurosam.sk\/wp-content\/uploads\/2017\/11\/mirage-triple.png","type":"image\/png"}],"twitter_card":"summary_large_image","twitter_misc":{"Est. reading time":"1 minute"},"schema":{"@context":"https:\/\/schema.org","@graph":[{"@type":"WebPage","@id":"https:\/\/www.eurosam.sk\/en\/obchod\/pk-kvdw-mirage-triplette\/","url":"https:\/\/www.eurosam.sk\/en\/obchod\/pk-kvdw-mirage-triplette\/","name":"PK KvdW Mirage Duette \/ Triplette - Eurosam.sk","isPartOf":{"@id":"https:\/\/www.eurosam.sk\/#website"},"datePublished":"2017-11-03T18:11:53+00:00","dateModified":"2017-11-03T18:11:53+00:00","breadcrumb":{"@id":"https:\/\/www.eurosam.sk\/en\/obchod\/pk-kvdw-mirage-triplette\/#breadcrumb"},"inLanguage":"en-US","potentialAction":[{"@type":"ReadAction","target":["https:\/\/www.eurosam.sk\/en\/obchod\/pk-kvdw-mirage-triplette\/"]}]},{"@type":"BreadcrumbList","@id":"https:\/\/www.eurosam.sk\/en\/obchod\/pk-kvdw-mirage-triplette\/#breadcrumb","itemListElement":[{"@type":"ListItem","position":1,"name":"Home","item":"https:\/\/www.eurosam.sk\/"},{"@type":"ListItem","position":2,"name":"Configurator","item":"https:\/\/www.eurosam.sk\/en\/coffee-machine-configurator\/"},{"@type":"ListItem","position":3,"name":"PK KvdW Mirage Duette \/ Triplette"}]},{"@type":"WebSite","@id":"https:\/\/www.eurosam.sk\/#website","url":"https:\/\/www.eurosam.sk\/","name":"Eurosam.sk","description":"EUROSAM v\u00e1m prin\u00e1\u0161a profesion\u00e1lny postup na pr\u00edpravu dokonalej \u0161\u00e1lky k\u00e1vy.","potentialAction":[{"@type":"SearchAction","target":{"@type":"EntryPoint","urlTemplate":"https:\/\/www.eurosam.sk\/?s={search_term_string}"},"query-input":"required name=search_term_string"}],"inLanguage":"en-US"}]}},"_links":{"self":[{"href":"https:\/\/www.eurosam.sk\/en\/wp-json\/wp\/v2\/product\/4808\/"}],"collection":[{"href":"https:\/\/www.eurosam.sk\/en\/wp-json\/wp\/v2\/product\/"}],"about":[{"href":"https:\/\/www.eurosam.sk\/en\/wp-json\/wp\/v2\/types\/product\/"}],"wp:featuredmedia":[{"embeddable":true,"href":"https:\/\/www.eurosam.sk\/en\/wp-json\/wp\/v2\/media\/3629\/"}],"wp:attachment":[{"href":"https:\/\/www.eurosam.sk\/en\/wp-json\/wp\/v2\/media\/?parent=4808"}],"curies":[{"name":"wp","href":"https:\/\/api.w.org\/{rel}","templated":true}]}}