{"id":4816,"date":"2017-04-25T17:51:17","date_gmt":"2017-04-25T17:51:17","guid":{"rendered":"https:\/\/www.eurosam.sk\/obchod\/percolator-coffee-queen-thermos-in-pouch\/"},"modified":"2017-04-25T17:51:17","modified_gmt":"2017-04-25T17:51:17","slug":"percolator-coffee-queen-thermos-in-pouch","status":"publish","type":"product","link":"https:\/\/www.eurosam.sk\/en\/obchod\/percolator-coffee-queen-thermos-in-pouch\/","title":{"rendered":"Percolator Coffee Queen Thermos in Pouch"},"content":{"rendered":"<ul>\n<li>Vacuum coffee machine with 2.2 liters air reservoir and manual water filling.<\/li>\n<li>The machine has a capacity of 15 cups in 7 minutes or 15 liters per hour.<\/li>\n<\/ul>\n","protected":false},"excerpt":{"rendered":"<p>Coffee Queen is designed for restaurants, cafes and offices. Simple operation, easy maintenance and elegant design make it easy to place in any environment.<\/p>\n","protected":false},"featured_media":3657,"template":"","meta":[],"acf":[],"yoast_head":"<!-- This site is optimized with the Yoast SEO plugin v21.2 - https:\/\/yoast.com\/wordpress\/plugins\/seo\/ -->\n<title>Percolator Coffee Queen Thermos in Pouch - Eurosam.sk<\/title>\n<meta name=\"robots\" content=\"index, follow, max-snippet:-1, max-image-preview:large, max-video-preview:-1\" \/>\n<link rel=\"canonical\" href=\"https:\/\/www.eurosam.sk\/en\/shop\/prekapavac-coffee-queen-thermos-in-pouch\/\" \/>\n<meta property=\"og:locale\" content=\"en_US\" \/>\n<meta property=\"og:type\" content=\"article\" \/>\n<meta property=\"og:title\" content=\"Percolator Coffee Queen Thermos in Pouch - Eurosam.sk\" \/>\n<meta property=\"og:description\" content=\"Coffee Queen is designed for restaurants, cafes and offices. Simple operation, easy maintenance and elegant design make it easy to place in any environment.\" \/>\n<meta property=\"og:url\" content=\"https:\/\/www.eurosam.sk\/shop\/prekapavac-coffee-queen-thermos-in-pouch\/\" \/>\n<meta property=\"og:site_name\" content=\"Eurosam.sk\" \/>\n<meta property=\"og:image\" content=\"https:\/\/www.eurosam.sk\/wp-content\/uploads\/2017\/04\/thermos.png\" \/>\n\t<meta property=\"og:image:width\" content=\"1200\" \/>\n\t<meta property=\"og:image:height\" content=\"1050\" \/>\n\t<meta property=\"og:image:type\" content=\"image\/png\" \/>\n<meta name=\"twitter:card\" content=\"summary_large_image\" \/>\n<script type=\"application\/ld+json\" class=\"yoast-schema-graph\">{\"@context\":\"https:\/\/schema.org\",\"@graph\":[{\"@type\":\"WebPage\",\"@id\":\"https:\/\/www.eurosam.sk\/shop\/prekapavac-coffee-queen-thermos-in-pouch\/\",\"url\":\"https:\/\/www.eurosam.sk\/shop\/prekapavac-coffee-queen-thermos-in-pouch\/\",\"name\":\"Percolator Coffee Queen Thermos in Pouch - Eurosam.sk\",\"isPartOf\":{\"@id\":\"https:\/\/www.eurosam.sk\/#website\"},\"datePublished\":\"2017-04-25T17:51:17+00:00\",\"dateModified\":\"2017-04-25T17:51:17+00:00\",\"breadcrumb\":{\"@id\":\"https:\/\/www.eurosam.sk\/shop\/prekapavac-coffee-queen-thermos-in-pouch\/#breadcrumb\"},\"inLanguage\":\"en-US\",\"potentialAction\":[{\"@type\":\"ReadAction\",\"target\":[\"https:\/\/www.eurosam.sk\/shop\/prekapavac-coffee-queen-thermos-in-pouch\/\"]}]},{\"@type\":\"BreadcrumbList\",\"@id\":\"https:\/\/www.eurosam.sk\/shop\/prekapavac-coffee-queen-thermos-in-pouch\/#breadcrumb\",\"itemListElement\":[{\"@type\":\"ListItem\",\"position\":1,\"name\":\"Home\",\"item\":\"https:\/\/www.eurosam.sk\/\"},{\"@type\":\"ListItem\",\"position\":2,\"name\":\"Configurator\",\"item\":\"https:\/\/www.eurosam.sk\/en\/coffee-machine-configurator\/\"},{\"@type\":\"ListItem\",\"position\":3,\"name\":\"Percolator Coffee Queen Thermos in Pouch\"}]},{\"@type\":\"WebSite\",\"@id\":\"https:\/\/www.eurosam.sk\/#website\",\"url\":\"https:\/\/www.eurosam.sk\/\",\"name\":\"Eurosam.sk\",\"description\":\"EUROSAM v\u00e1m prin\u00e1\u0161a profesion\u00e1lny postup na pr\u00edpravu dokonalej \u0161\u00e1lky k\u00e1vy.\",\"potentialAction\":[{\"@type\":\"SearchAction\",\"target\":{\"@type\":\"EntryPoint\",\"urlTemplate\":\"https:\/\/www.eurosam.sk\/?s={search_term_string}\"},\"query-input\":\"required name=search_term_string\"}],\"inLanguage\":\"en-US\"}]}<\/script>\n<!-- \/ Yoast SEO plugin. -->","yoast_head_json":{"title":"Percolator Coffee Queen Thermos in Pouch - Eurosam.sk","robots":{"index":"index","follow":"follow","max-snippet":"max-snippet:-1","max-image-preview":"max-image-preview:large","max-video-preview":"max-video-preview:-1"},"canonical":"https:\/\/www.eurosam.sk\/en\/shop\/prekapavac-coffee-queen-thermos-in-pouch\/","og_locale":"en_US","og_type":"article","og_title":"Percolator Coffee Queen Thermos in Pouch - Eurosam.sk","og_description":"Coffee Queen is designed for restaurants, cafes and offices. Simple operation, easy maintenance and elegant design make it easy to place in any environment.","og_url":"https:\/\/www.eurosam.sk\/shop\/prekapavac-coffee-queen-thermos-in-pouch\/","og_site_name":"Eurosam.sk","og_image":[{"width":1200,"height":1050,"url":"https:\/\/www.eurosam.sk\/wp-content\/uploads\/2017\/04\/thermos.png","type":"image\/png"}],"twitter_card":"summary_large_image","schema":{"@context":"https:\/\/schema.org","@graph":[{"@type":"WebPage","@id":"https:\/\/www.eurosam.sk\/shop\/prekapavac-coffee-queen-thermos-in-pouch\/","url":"https:\/\/www.eurosam.sk\/shop\/prekapavac-coffee-queen-thermos-in-pouch\/","name":"Percolator Coffee Queen Thermos in Pouch - Eurosam.sk","isPartOf":{"@id":"https:\/\/www.eurosam.sk\/#website"},"datePublished":"2017-04-25T17:51:17+00:00","dateModified":"2017-04-25T17:51:17+00:00","breadcrumb":{"@id":"https:\/\/www.eurosam.sk\/shop\/prekapavac-coffee-queen-thermos-in-pouch\/#breadcrumb"},"inLanguage":"en-US","potentialAction":[{"@type":"ReadAction","target":["https:\/\/www.eurosam.sk\/shop\/prekapavac-coffee-queen-thermos-in-pouch\/"]}]},{"@type":"BreadcrumbList","@id":"https:\/\/www.eurosam.sk\/shop\/prekapavac-coffee-queen-thermos-in-pouch\/#breadcrumb","itemListElement":[{"@type":"ListItem","position":1,"name":"Home","item":"https:\/\/www.eurosam.sk\/"},{"@type":"ListItem","position":2,"name":"Configurator","item":"https:\/\/www.eurosam.sk\/en\/coffee-machine-configurator\/"},{"@type":"ListItem","position":3,"name":"Percolator Coffee Queen Thermos in Pouch"}]},{"@type":"WebSite","@id":"https:\/\/www.eurosam.sk\/#website","url":"https:\/\/www.eurosam.sk\/","name":"Eurosam.sk","description":"EUROSAM v\u00e1m prin\u00e1\u0161a profesion\u00e1lny postup na pr\u00edpravu dokonalej \u0161\u00e1lky k\u00e1vy.","potentialAction":[{"@type":"SearchAction","target":{"@type":"EntryPoint","urlTemplate":"https:\/\/www.eurosam.sk\/?s={search_term_string}"},"query-input":"required name=search_term_string"}],"inLanguage":"en-US"}]}},"_links":{"self":[{"href":"https:\/\/www.eurosam.sk\/en\/wp-json\/wp\/v2\/product\/4816\/"}],"collection":[{"href":"https:\/\/www.eurosam.sk\/en\/wp-json\/wp\/v2\/product\/"}],"about":[{"href":"https:\/\/www.eurosam.sk\/en\/wp-json\/wp\/v2\/types\/product\/"}],"wp:featuredmedia":[{"embeddable":true,"href":"https:\/\/www.eurosam.sk\/en\/wp-json\/wp\/v2\/media\/3657\/"}],"wp:attachment":[{"href":"https:\/\/www.eurosam.sk\/en\/wp-json\/wp\/v2\/media\/?parent=4816"}],"curies":[{"name":"wp","href":"https:\/\/api.w.org\/{rel}","templated":true}]}}