{"id":4913,"date":"2018-10-05T11:51:49","date_gmt":"2018-10-05T11:51:49","guid":{"rendered":"https:\/\/www.eurosam.sk\/obchod\/acaia-digital-weight-meter-black-2kg\/"},"modified":"2018-10-05T11:51:49","modified_gmt":"2018-10-05T11:51:49","slug":"acaia-digital-weight-meter-black-2kg","status":"publish","type":"product","link":"https:\/\/www.eurosam.sk\/en\/obchod\/acaia-digital-weight-meter-black-2kg\/","title":{"rendered":"ACAIA Digital weight meter Black 2kg"},"content":{"rendered":"<ul>\n<li>Fast Response Time (20ms) provides instant readout<\/li>\n<li>Built-in Stopwatch<\/li>\n<li>Automatic Auto Power Off Adjustment<\/li>\n<li>Switchable USB Power Supply Unit: gr &#8211; oz<\/li>\n<\/ul>\n","protected":false},"excerpt":{"rendered":"<p>Digital weight meter designed for coffee enthusiasts who monitor weight, time and flow of coffee. Simple, modern and minimalist weight meter is compatible with Acaia iPhone and Android app, which offers infinite opportunity to explore world of coffee.<\/p>\n","protected":false},"featured_media":4150,"template":"","meta":[],"acf":[],"yoast_head":"<!-- This site is optimized with the Yoast SEO plugin v21.2 - https:\/\/yoast.com\/wordpress\/plugins\/seo\/ -->\n<title>ACAIA Digital weight meter Black 2kg - Eurosam.sk<\/title>\n<meta name=\"robots\" content=\"index, follow, max-snippet:-1, max-image-preview:large, max-video-preview:-1\" \/>\n<link rel=\"canonical\" href=\"https:\/\/www.eurosam.sk\/en\/obchod\/acaia-digital-weight-meter-black-2kg\/\" \/>\n<meta property=\"og:locale\" content=\"en_US\" \/>\n<meta property=\"og:type\" content=\"article\" \/>\n<meta property=\"og:title\" content=\"ACAIA Digital weight meter Black 2kg - Eurosam.sk\" \/>\n<meta property=\"og:description\" content=\"Digital weight meter designed for coffee enthusiasts who monitor weight, time and flow of coffee. Simple, modern and minimalist weight meter is compatible with Acaia iPhone and Android app, which offers infinite opportunity to explore world of coffee.\" \/>\n<meta property=\"og:url\" content=\"https:\/\/www.eurosam.sk\/en\/obchod\/acaia-digital-weight-meter-black-2kg\/\" \/>\n<meta property=\"og:site_name\" content=\"Eurosam.sk\" \/>\n<meta property=\"og:image\" content=\"https:\/\/www.eurosam.sk\/wp-content\/uploads\/2018\/10\/1017202.png\" \/>\n\t<meta property=\"og:image:width\" content=\"1000\" \/>\n\t<meta property=\"og:image:height\" content=\"1000\" \/>\n\t<meta property=\"og:image:type\" content=\"image\/png\" \/>\n<meta name=\"twitter:card\" content=\"summary_large_image\" \/>\n<script type=\"application\/ld+json\" class=\"yoast-schema-graph\">{\"@context\":\"https:\/\/schema.org\",\"@graph\":[{\"@type\":\"WebPage\",\"@id\":\"https:\/\/www.eurosam.sk\/en\/obchod\/acaia-digital-weight-meter-black-2kg\/\",\"url\":\"https:\/\/www.eurosam.sk\/en\/obchod\/acaia-digital-weight-meter-black-2kg\/\",\"name\":\"ACAIA Digital weight meter Black 2kg - Eurosam.sk\",\"isPartOf\":{\"@id\":\"https:\/\/www.eurosam.sk\/#website\"},\"datePublished\":\"2018-10-05T11:51:49+00:00\",\"dateModified\":\"2018-10-05T11:51:49+00:00\",\"breadcrumb\":{\"@id\":\"https:\/\/www.eurosam.sk\/en\/obchod\/acaia-digital-weight-meter-black-2kg\/#breadcrumb\"},\"inLanguage\":\"en-US\",\"potentialAction\":[{\"@type\":\"ReadAction\",\"target\":[\"https:\/\/www.eurosam.sk\/en\/obchod\/acaia-digital-weight-meter-black-2kg\/\"]}]},{\"@type\":\"BreadcrumbList\",\"@id\":\"https:\/\/www.eurosam.sk\/en\/obchod\/acaia-digital-weight-meter-black-2kg\/#breadcrumb\",\"itemListElement\":[{\"@type\":\"ListItem\",\"position\":1,\"name\":\"Home\",\"item\":\"https:\/\/www.eurosam.sk\/\"},{\"@type\":\"ListItem\",\"position\":2,\"name\":\"Configurator\",\"item\":\"https:\/\/www.eurosam.sk\/en\/coffee-machine-configurator\/\"},{\"@type\":\"ListItem\",\"position\":3,\"name\":\"ACAIA Digital weight meter Black 2kg\"}]},{\"@type\":\"WebSite\",\"@id\":\"https:\/\/www.eurosam.sk\/#website\",\"url\":\"https:\/\/www.eurosam.sk\/\",\"name\":\"Eurosam.sk\",\"description\":\"EUROSAM v\u00e1m prin\u00e1\u0161a profesion\u00e1lny postup na pr\u00edpravu dokonalej \u0161\u00e1lky k\u00e1vy.\",\"potentialAction\":[{\"@type\":\"SearchAction\",\"target\":{\"@type\":\"EntryPoint\",\"urlTemplate\":\"https:\/\/www.eurosam.sk\/?s={search_term_string}\"},\"query-input\":\"required name=search_term_string\"}],\"inLanguage\":\"en-US\"}]}<\/script>\n<!-- \/ Yoast SEO plugin. -->","yoast_head_json":{"title":"ACAIA Digital weight meter Black 2kg - Eurosam.sk","robots":{"index":"index","follow":"follow","max-snippet":"max-snippet:-1","max-image-preview":"max-image-preview:large","max-video-preview":"max-video-preview:-1"},"canonical":"https:\/\/www.eurosam.sk\/en\/obchod\/acaia-digital-weight-meter-black-2kg\/","og_locale":"en_US","og_type":"article","og_title":"ACAIA Digital weight meter Black 2kg - Eurosam.sk","og_description":"Digital weight meter designed for coffee enthusiasts who monitor weight, time and flow of coffee. Simple, modern and minimalist weight meter is compatible with Acaia iPhone and Android app, which offers infinite opportunity to explore world of coffee.","og_url":"https:\/\/www.eurosam.sk\/en\/obchod\/acaia-digital-weight-meter-black-2kg\/","og_site_name":"Eurosam.sk","og_image":[{"width":1000,"height":1000,"url":"https:\/\/www.eurosam.sk\/wp-content\/uploads\/2018\/10\/1017202.png","type":"image\/png"}],"twitter_card":"summary_large_image","schema":{"@context":"https:\/\/schema.org","@graph":[{"@type":"WebPage","@id":"https:\/\/www.eurosam.sk\/en\/obchod\/acaia-digital-weight-meter-black-2kg\/","url":"https:\/\/www.eurosam.sk\/en\/obchod\/acaia-digital-weight-meter-black-2kg\/","name":"ACAIA Digital weight meter Black 2kg - Eurosam.sk","isPartOf":{"@id":"https:\/\/www.eurosam.sk\/#website"},"datePublished":"2018-10-05T11:51:49+00:00","dateModified":"2018-10-05T11:51:49+00:00","breadcrumb":{"@id":"https:\/\/www.eurosam.sk\/en\/obchod\/acaia-digital-weight-meter-black-2kg\/#breadcrumb"},"inLanguage":"en-US","potentialAction":[{"@type":"ReadAction","target":["https:\/\/www.eurosam.sk\/en\/obchod\/acaia-digital-weight-meter-black-2kg\/"]}]},{"@type":"BreadcrumbList","@id":"https:\/\/www.eurosam.sk\/en\/obchod\/acaia-digital-weight-meter-black-2kg\/#breadcrumb","itemListElement":[{"@type":"ListItem","position":1,"name":"Home","item":"https:\/\/www.eurosam.sk\/"},{"@type":"ListItem","position":2,"name":"Configurator","item":"https:\/\/www.eurosam.sk\/en\/coffee-machine-configurator\/"},{"@type":"ListItem","position":3,"name":"ACAIA Digital weight meter Black 2kg"}]},{"@type":"WebSite","@id":"https:\/\/www.eurosam.sk\/#website","url":"https:\/\/www.eurosam.sk\/","name":"Eurosam.sk","description":"EUROSAM v\u00e1m prin\u00e1\u0161a profesion\u00e1lny postup na pr\u00edpravu dokonalej \u0161\u00e1lky k\u00e1vy.","potentialAction":[{"@type":"SearchAction","target":{"@type":"EntryPoint","urlTemplate":"https:\/\/www.eurosam.sk\/?s={search_term_string}"},"query-input":"required name=search_term_string"}],"inLanguage":"en-US"}]}},"_links":{"self":[{"href":"https:\/\/www.eurosam.sk\/en\/wp-json\/wp\/v2\/product\/4913\/"}],"collection":[{"href":"https:\/\/www.eurosam.sk\/en\/wp-json\/wp\/v2\/product\/"}],"about":[{"href":"https:\/\/www.eurosam.sk\/en\/wp-json\/wp\/v2\/types\/product\/"}],"wp:featuredmedia":[{"embeddable":true,"href":"https:\/\/www.eurosam.sk\/en\/wp-json\/wp\/v2\/media\/4150\/"}],"wp:attachment":[{"href":"https:\/\/www.eurosam.sk\/en\/wp-json\/wp\/v2\/media\/?parent=4913"}],"curies":[{"name":"wp","href":"https:\/\/api.w.org\/{rel}","templated":true}]}}