{"id":4921,"date":"2018-10-04T12:39:12","date_gmt":"2018-10-04T12:39:12","guid":{"rendered":"https:\/\/www.eurosam.sk\/obchod\/hario-domaci-kavovar\/"},"modified":"2018-10-04T12:39:12","modified_gmt":"2018-10-04T12:39:12","slug":"hario-domaci-kavovar","status":"publish","type":"product","link":"https:\/\/www.eurosam.sk\/en\/obchod\/hario-domaci-kavovar\/","title":{"rendered":"Hario domestic coffee machine"},"content":{"rendered":"<ul>\n<li>Made of borosilicated glass and stainless steel with a lid and handle made of olive wood<\/li>\n<li>This can also be used for tea production<\/li>\n<li>The French printing method preserves most coffee oils so it is ideal for you to enjoy the unique properties of coffee<\/li>\n<\/ul>\n","protected":false},"excerpt":{"rendered":"<p>Hario produces the highest quality equipment for cafes and home coffee lovers since 1921. This coffee machine is made in Japan made of olive wood and refractory glass.<\/p>\n","protected":false},"featured_media":4143,"template":"","meta":[],"acf":[],"yoast_head":"<!-- This site is optimized with the Yoast SEO plugin v21.2 - https:\/\/yoast.com\/wordpress\/plugins\/seo\/ -->\n<title>Hario domestic coffee machine - Eurosam.sk<\/title>\n<meta name=\"robots\" content=\"index, follow, max-snippet:-1, max-image-preview:large, max-video-preview:-1\" \/>\n<link rel=\"canonical\" href=\"https:\/\/www.eurosam.sk\/en\/obchod\/hario-domaci-kavovar\/\" \/>\n<meta property=\"og:locale\" content=\"en_US\" \/>\n<meta property=\"og:type\" content=\"article\" \/>\n<meta property=\"og:title\" content=\"Hario domestic coffee machine - Eurosam.sk\" \/>\n<meta property=\"og:description\" content=\"Hario produces the highest quality equipment for cafes and home coffee lovers since 1921. This coffee machine is made in Japan made of olive wood and refractory glass.\" \/>\n<meta property=\"og:url\" content=\"https:\/\/www.eurosam.sk\/en\/obchod\/hario-domaci-kavovar\/\" \/>\n<meta property=\"og:site_name\" content=\"Eurosam.sk\" \/>\n<meta property=\"og:image\" content=\"https:\/\/www.eurosam.sk\/wp-content\/uploads\/2018\/10\/1235106.jpg\" \/>\n\t<meta property=\"og:image:width\" content=\"1000\" \/>\n\t<meta property=\"og:image:height\" content=\"1000\" \/>\n\t<meta property=\"og:image:type\" content=\"image\/jpeg\" \/>\n<meta name=\"twitter:card\" content=\"summary_large_image\" \/>\n<script type=\"application\/ld+json\" class=\"yoast-schema-graph\">{\"@context\":\"https:\/\/schema.org\",\"@graph\":[{\"@type\":\"WebPage\",\"@id\":\"https:\/\/www.eurosam.sk\/en\/obchod\/hario-domaci-kavovar\/\",\"url\":\"https:\/\/www.eurosam.sk\/en\/obchod\/hario-domaci-kavovar\/\",\"name\":\"Hario domestic coffee machine - Eurosam.sk\",\"isPartOf\":{\"@id\":\"https:\/\/www.eurosam.sk\/#website\"},\"datePublished\":\"2018-10-04T12:39:12+00:00\",\"dateModified\":\"2018-10-04T12:39:12+00:00\",\"breadcrumb\":{\"@id\":\"https:\/\/www.eurosam.sk\/en\/obchod\/hario-domaci-kavovar\/#breadcrumb\"},\"inLanguage\":\"en-US\",\"potentialAction\":[{\"@type\":\"ReadAction\",\"target\":[\"https:\/\/www.eurosam.sk\/en\/obchod\/hario-domaci-kavovar\/\"]}]},{\"@type\":\"BreadcrumbList\",\"@id\":\"https:\/\/www.eurosam.sk\/en\/obchod\/hario-domaci-kavovar\/#breadcrumb\",\"itemListElement\":[{\"@type\":\"ListItem\",\"position\":1,\"name\":\"Home\",\"item\":\"https:\/\/www.eurosam.sk\/\"},{\"@type\":\"ListItem\",\"position\":2,\"name\":\"Configurator\",\"item\":\"https:\/\/www.eurosam.sk\/en\/coffee-machine-configurator\/\"},{\"@type\":\"ListItem\",\"position\":3,\"name\":\"Hario domestic coffee machine\"}]},{\"@type\":\"WebSite\",\"@id\":\"https:\/\/www.eurosam.sk\/#website\",\"url\":\"https:\/\/www.eurosam.sk\/\",\"name\":\"Eurosam.sk\",\"description\":\"EUROSAM v\u00e1m prin\u00e1\u0161a profesion\u00e1lny postup na pr\u00edpravu dokonalej \u0161\u00e1lky k\u00e1vy.\",\"potentialAction\":[{\"@type\":\"SearchAction\",\"target\":{\"@type\":\"EntryPoint\",\"urlTemplate\":\"https:\/\/www.eurosam.sk\/?s={search_term_string}\"},\"query-input\":\"required name=search_term_string\"}],\"inLanguage\":\"en-US\"}]}<\/script>\n<!-- \/ Yoast SEO plugin. -->","yoast_head_json":{"title":"Hario domestic coffee machine - Eurosam.sk","robots":{"index":"index","follow":"follow","max-snippet":"max-snippet:-1","max-image-preview":"max-image-preview:large","max-video-preview":"max-video-preview:-1"},"canonical":"https:\/\/www.eurosam.sk\/en\/obchod\/hario-domaci-kavovar\/","og_locale":"en_US","og_type":"article","og_title":"Hario domestic coffee machine - Eurosam.sk","og_description":"Hario produces the highest quality equipment for cafes and home coffee lovers since 1921. This coffee machine is made in Japan made of olive wood and refractory glass.","og_url":"https:\/\/www.eurosam.sk\/en\/obchod\/hario-domaci-kavovar\/","og_site_name":"Eurosam.sk","og_image":[{"width":1000,"height":1000,"url":"https:\/\/www.eurosam.sk\/wp-content\/uploads\/2018\/10\/1235106.jpg","type":"image\/jpeg"}],"twitter_card":"summary_large_image","schema":{"@context":"https:\/\/schema.org","@graph":[{"@type":"WebPage","@id":"https:\/\/www.eurosam.sk\/en\/obchod\/hario-domaci-kavovar\/","url":"https:\/\/www.eurosam.sk\/en\/obchod\/hario-domaci-kavovar\/","name":"Hario domestic coffee machine - Eurosam.sk","isPartOf":{"@id":"https:\/\/www.eurosam.sk\/#website"},"datePublished":"2018-10-04T12:39:12+00:00","dateModified":"2018-10-04T12:39:12+00:00","breadcrumb":{"@id":"https:\/\/www.eurosam.sk\/en\/obchod\/hario-domaci-kavovar\/#breadcrumb"},"inLanguage":"en-US","potentialAction":[{"@type":"ReadAction","target":["https:\/\/www.eurosam.sk\/en\/obchod\/hario-domaci-kavovar\/"]}]},{"@type":"BreadcrumbList","@id":"https:\/\/www.eurosam.sk\/en\/obchod\/hario-domaci-kavovar\/#breadcrumb","itemListElement":[{"@type":"ListItem","position":1,"name":"Home","item":"https:\/\/www.eurosam.sk\/"},{"@type":"ListItem","position":2,"name":"Configurator","item":"https:\/\/www.eurosam.sk\/en\/coffee-machine-configurator\/"},{"@type":"ListItem","position":3,"name":"Hario domestic coffee machine"}]},{"@type":"WebSite","@id":"https:\/\/www.eurosam.sk\/#website","url":"https:\/\/www.eurosam.sk\/","name":"Eurosam.sk","description":"EUROSAM v\u00e1m prin\u00e1\u0161a profesion\u00e1lny postup na pr\u00edpravu dokonalej \u0161\u00e1lky k\u00e1vy.","potentialAction":[{"@type":"SearchAction","target":{"@type":"EntryPoint","urlTemplate":"https:\/\/www.eurosam.sk\/?s={search_term_string}"},"query-input":"required name=search_term_string"}],"inLanguage":"en-US"}]}},"_links":{"self":[{"href":"https:\/\/www.eurosam.sk\/en\/wp-json\/wp\/v2\/product\/4921\/"}],"collection":[{"href":"https:\/\/www.eurosam.sk\/en\/wp-json\/wp\/v2\/product\/"}],"about":[{"href":"https:\/\/www.eurosam.sk\/en\/wp-json\/wp\/v2\/types\/product\/"}],"wp:featuredmedia":[{"embeddable":true,"href":"https:\/\/www.eurosam.sk\/en\/wp-json\/wp\/v2\/media\/4143\/"}],"wp:attachment":[{"href":"https:\/\/www.eurosam.sk\/en\/wp-json\/wp\/v2\/media\/?parent=4921"}],"curies":[{"name":"wp","href":"https:\/\/api.w.org\/{rel}","templated":true}]}}