{"id":4944,"date":"2018-08-16T12:01:14","date_gmt":"2018-08-16T12:01:14","guid":{"rendered":"https:\/\/www.eurosam.sk\/obchod\/vaha-acaia-lunar\/"},"modified":"2018-08-16T12:01:14","modified_gmt":"2018-08-16T12:01:14","slug":"vaha-acaia-lunar","status":"publish","type":"product","link":"https:\/\/www.eurosam.sk\/en\/obchod\/vaha-acaia-lunar\/","title":{"rendered":"Weight meter Acaia Lunar"},"content":{"rendered":"<ul>\n<li>up to 2 kg<\/li>\n<li>Dimensions: 105 mm\u00a0 x 105 mm\u00a0 x 15.5 mm<\/li>\n<li>Weight: 270 g<\/li>\n<li>Capacity: 4,4 lbs \/ 2kg<\/li>\n<li>Precision: 0,1 g<\/li>\n<li>Dislay: LED<\/li>\n<li>USB Recharge<\/li>\n<li>Connectivity: Bluetooth 4.0<\/li>\n<\/ul>\n","protected":false},"excerpt":{"rendered":"<p>With the weight of Acaia, you can measure coffee weight and coffee flow. Acaia lunar is the weight meter for coffee enthusiasts and all passionate coffee lovers. The Lunar weight is a more compact version of the scale that fits into the drip tray of the espresso machine. It has a quality aluminum body that is stylish and durable. The balance is very simple, minimalist with a modern look<\/p>\n","protected":false},"featured_media":3972,"template":"","meta":[],"acf":[],"yoast_head":"<!-- This site is optimized with the Yoast SEO plugin v21.2 - https:\/\/yoast.com\/wordpress\/plugins\/seo\/ -->\n<title>Weight meter Acaia Lunar - Eurosam.sk<\/title>\n<meta name=\"robots\" content=\"index, follow, max-snippet:-1, max-image-preview:large, max-video-preview:-1\" \/>\n<link rel=\"canonical\" href=\"https:\/\/www.eurosam.sk\/en\/obchod\/vaha-acaia-lunar\/\" \/>\n<meta property=\"og:locale\" content=\"en_US\" \/>\n<meta property=\"og:type\" content=\"article\" \/>\n<meta property=\"og:title\" content=\"Weight meter Acaia Lunar - Eurosam.sk\" \/>\n<meta property=\"og:description\" content=\"With the weight of Acaia, you can measure coffee weight and coffee flow. Acaia lunar is the weight meter for coffee enthusiasts and all passionate coffee lovers. The Lunar weight is a more compact version of the scale that fits into the drip tray of the espresso machine. It has a quality aluminum body that is stylish and durable. The balance is very simple, minimalist with a modern look\" \/>\n<meta property=\"og:url\" content=\"https:\/\/www.eurosam.sk\/en\/obchod\/vaha-acaia-lunar\/\" \/>\n<meta property=\"og:site_name\" content=\"Eurosam.sk\" \/>\n<meta property=\"og:image\" content=\"https:\/\/www.eurosam.sk\/wp-content\/uploads\/2018\/08\/obrazok24.png\" \/>\n\t<meta property=\"og:image:width\" content=\"1000\" \/>\n\t<meta property=\"og:image:height\" content=\"875\" \/>\n\t<meta property=\"og:image:type\" content=\"image\/png\" \/>\n<meta name=\"twitter:card\" content=\"summary_large_image\" \/>\n<script type=\"application\/ld+json\" class=\"yoast-schema-graph\">{\"@context\":\"https:\/\/schema.org\",\"@graph\":[{\"@type\":\"WebPage\",\"@id\":\"https:\/\/www.eurosam.sk\/en\/obchod\/vaha-acaia-lunar\/\",\"url\":\"https:\/\/www.eurosam.sk\/en\/obchod\/vaha-acaia-lunar\/\",\"name\":\"Weight meter Acaia Lunar - Eurosam.sk\",\"isPartOf\":{\"@id\":\"https:\/\/www.eurosam.sk\/#website\"},\"datePublished\":\"2018-08-16T12:01:14+00:00\",\"dateModified\":\"2018-08-16T12:01:14+00:00\",\"breadcrumb\":{\"@id\":\"https:\/\/www.eurosam.sk\/en\/obchod\/vaha-acaia-lunar\/#breadcrumb\"},\"inLanguage\":\"en-US\",\"potentialAction\":[{\"@type\":\"ReadAction\",\"target\":[\"https:\/\/www.eurosam.sk\/en\/obchod\/vaha-acaia-lunar\/\"]}]},{\"@type\":\"BreadcrumbList\",\"@id\":\"https:\/\/www.eurosam.sk\/en\/obchod\/vaha-acaia-lunar\/#breadcrumb\",\"itemListElement\":[{\"@type\":\"ListItem\",\"position\":1,\"name\":\"Home\",\"item\":\"https:\/\/www.eurosam.sk\/\"},{\"@type\":\"ListItem\",\"position\":2,\"name\":\"Configurator\",\"item\":\"https:\/\/www.eurosam.sk\/en\/coffee-machine-configurator\/\"},{\"@type\":\"ListItem\",\"position\":3,\"name\":\"Weight meter Acaia Lunar\"}]},{\"@type\":\"WebSite\",\"@id\":\"https:\/\/www.eurosam.sk\/#website\",\"url\":\"https:\/\/www.eurosam.sk\/\",\"name\":\"Eurosam.sk\",\"description\":\"EUROSAM v\u00e1m prin\u00e1\u0161a profesion\u00e1lny postup na pr\u00edpravu dokonalej \u0161\u00e1lky k\u00e1vy.\",\"potentialAction\":[{\"@type\":\"SearchAction\",\"target\":{\"@type\":\"EntryPoint\",\"urlTemplate\":\"https:\/\/www.eurosam.sk\/?s={search_term_string}\"},\"query-input\":\"required name=search_term_string\"}],\"inLanguage\":\"en-US\"}]}<\/script>\n<!-- \/ Yoast SEO plugin. -->","yoast_head_json":{"title":"Weight meter Acaia Lunar - Eurosam.sk","robots":{"index":"index","follow":"follow","max-snippet":"max-snippet:-1","max-image-preview":"max-image-preview:large","max-video-preview":"max-video-preview:-1"},"canonical":"https:\/\/www.eurosam.sk\/en\/obchod\/vaha-acaia-lunar\/","og_locale":"en_US","og_type":"article","og_title":"Weight meter Acaia Lunar - Eurosam.sk","og_description":"With the weight of Acaia, you can measure coffee weight and coffee flow. Acaia lunar is the weight meter for coffee enthusiasts and all passionate coffee lovers. The Lunar weight is a more compact version of the scale that fits into the drip tray of the espresso machine. It has a quality aluminum body that is stylish and durable. The balance is very simple, minimalist with a modern look","og_url":"https:\/\/www.eurosam.sk\/en\/obchod\/vaha-acaia-lunar\/","og_site_name":"Eurosam.sk","og_image":[{"width":1000,"height":875,"url":"https:\/\/www.eurosam.sk\/wp-content\/uploads\/2018\/08\/obrazok24.png","type":"image\/png"}],"twitter_card":"summary_large_image","schema":{"@context":"https:\/\/schema.org","@graph":[{"@type":"WebPage","@id":"https:\/\/www.eurosam.sk\/en\/obchod\/vaha-acaia-lunar\/","url":"https:\/\/www.eurosam.sk\/en\/obchod\/vaha-acaia-lunar\/","name":"Weight meter Acaia Lunar - Eurosam.sk","isPartOf":{"@id":"https:\/\/www.eurosam.sk\/#website"},"datePublished":"2018-08-16T12:01:14+00:00","dateModified":"2018-08-16T12:01:14+00:00","breadcrumb":{"@id":"https:\/\/www.eurosam.sk\/en\/obchod\/vaha-acaia-lunar\/#breadcrumb"},"inLanguage":"en-US","potentialAction":[{"@type":"ReadAction","target":["https:\/\/www.eurosam.sk\/en\/obchod\/vaha-acaia-lunar\/"]}]},{"@type":"BreadcrumbList","@id":"https:\/\/www.eurosam.sk\/en\/obchod\/vaha-acaia-lunar\/#breadcrumb","itemListElement":[{"@type":"ListItem","position":1,"name":"Home","item":"https:\/\/www.eurosam.sk\/"},{"@type":"ListItem","position":2,"name":"Configurator","item":"https:\/\/www.eurosam.sk\/en\/coffee-machine-configurator\/"},{"@type":"ListItem","position":3,"name":"Weight meter Acaia Lunar"}]},{"@type":"WebSite","@id":"https:\/\/www.eurosam.sk\/#website","url":"https:\/\/www.eurosam.sk\/","name":"Eurosam.sk","description":"EUROSAM v\u00e1m prin\u00e1\u0161a profesion\u00e1lny postup na pr\u00edpravu dokonalej \u0161\u00e1lky k\u00e1vy.","potentialAction":[{"@type":"SearchAction","target":{"@type":"EntryPoint","urlTemplate":"https:\/\/www.eurosam.sk\/?s={search_term_string}"},"query-input":"required name=search_term_string"}],"inLanguage":"en-US"}]}},"_links":{"self":[{"href":"https:\/\/www.eurosam.sk\/en\/wp-json\/wp\/v2\/product\/4944\/"}],"collection":[{"href":"https:\/\/www.eurosam.sk\/en\/wp-json\/wp\/v2\/product\/"}],"about":[{"href":"https:\/\/www.eurosam.sk\/en\/wp-json\/wp\/v2\/types\/product\/"}],"wp:featuredmedia":[{"embeddable":true,"href":"https:\/\/www.eurosam.sk\/en\/wp-json\/wp\/v2\/media\/3972\/"}],"wp:attachment":[{"href":"https:\/\/www.eurosam.sk\/en\/wp-json\/wp\/v2\/media\/?parent=4944"}],"curies":[{"name":"wp","href":"https:\/\/api.w.org\/{rel}","templated":true}]}}