{"id":4969,"date":"2018-07-24T13:34:20","date_gmt":"2018-07-24T13:34:20","guid":{"rendered":"https:\/\/www.eurosam.sk\/obchod\/gift-voucher-for-barista-training\/"},"modified":"2018-07-24T13:34:20","modified_gmt":"2018-07-24T13:34:20","slug":"gift-voucher-for-barista-training","status":"publish","type":"product","link":"https:\/\/www.eurosam.sk\/en\/obchod\/gift-voucher-for-barista-training\/","title":{"rendered":"Gift Voucher for Barista Training"},"content":{"rendered":"<ul>\n<li>Value: 200 \u20ac<\/li>\n<li>Validity: 1 year from the purchase of the voucher<\/li>\n<li>Course length: 9hour &#8211; 15hour Course: the theoretical part (5 Elements Philosophy) and practical part (preparation of espresso, cappuccino, latte art, nozzle work, hygiene) each issued Barist certificate<\/li>\n<li>Place: Pova\u017esk\u00e1 Bystrica<\/li>\n<\/ul>\n","protected":false},"excerpt":{"rendered":"<p>Gift voucher for barista training in brand new showroom in our company Eurosam.<\/p>\n","protected":false},"featured_media":3955,"template":"","meta":[],"acf":[],"yoast_head":"<!-- This site is optimized with the Yoast SEO plugin v21.2 - https:\/\/yoast.com\/wordpress\/plugins\/seo\/ -->\n<title>Gift Voucher for Barista Training - Eurosam.sk<\/title>\n<meta name=\"robots\" content=\"index, follow, max-snippet:-1, max-image-preview:large, max-video-preview:-1\" \/>\n<link rel=\"canonical\" href=\"https:\/\/www.eurosam.sk\/en\/obchod\/gift-voucher-for-barista-training\/\" \/>\n<meta property=\"og:locale\" content=\"en_US\" \/>\n<meta property=\"og:type\" content=\"article\" \/>\n<meta property=\"og:title\" content=\"Gift Voucher for Barista Training - Eurosam.sk\" \/>\n<meta property=\"og:description\" content=\"Gift voucher for barista training in brand new showroom in our company Eurosam.\" \/>\n<meta property=\"og:url\" content=\"https:\/\/www.eurosam.sk\/en\/obchod\/gift-voucher-for-barista-training\/\" \/>\n<meta property=\"og:site_name\" content=\"Eurosam.sk\" \/>\n<meta property=\"og:image\" content=\"https:\/\/www.eurosam.sk\/wp-content\/uploads\/2018\/07\/2.jpg\" \/>\n\t<meta property=\"og:image:width\" content=\"1000\" \/>\n\t<meta property=\"og:image:height\" content=\"504\" \/>\n\t<meta property=\"og:image:type\" content=\"image\/jpeg\" \/>\n<meta name=\"twitter:card\" content=\"summary_large_image\" \/>\n<script type=\"application\/ld+json\" class=\"yoast-schema-graph\">{\"@context\":\"https:\/\/schema.org\",\"@graph\":[{\"@type\":\"WebPage\",\"@id\":\"https:\/\/www.eurosam.sk\/en\/obchod\/gift-voucher-for-barista-training\/\",\"url\":\"https:\/\/www.eurosam.sk\/en\/obchod\/gift-voucher-for-barista-training\/\",\"name\":\"Gift Voucher for Barista Training - Eurosam.sk\",\"isPartOf\":{\"@id\":\"https:\/\/www.eurosam.sk\/#website\"},\"datePublished\":\"2018-07-24T13:34:20+00:00\",\"dateModified\":\"2018-07-24T13:34:20+00:00\",\"breadcrumb\":{\"@id\":\"https:\/\/www.eurosam.sk\/en\/obchod\/gift-voucher-for-barista-training\/#breadcrumb\"},\"inLanguage\":\"en-US\",\"potentialAction\":[{\"@type\":\"ReadAction\",\"target\":[\"https:\/\/www.eurosam.sk\/en\/obchod\/gift-voucher-for-barista-training\/\"]}]},{\"@type\":\"BreadcrumbList\",\"@id\":\"https:\/\/www.eurosam.sk\/en\/obchod\/gift-voucher-for-barista-training\/#breadcrumb\",\"itemListElement\":[{\"@type\":\"ListItem\",\"position\":1,\"name\":\"Home\",\"item\":\"https:\/\/www.eurosam.sk\/\"},{\"@type\":\"ListItem\",\"position\":2,\"name\":\"Configurator\",\"item\":\"https:\/\/www.eurosam.sk\/en\/coffee-machine-configurator\/\"},{\"@type\":\"ListItem\",\"position\":3,\"name\":\"Gift Voucher for Barista Training\"}]},{\"@type\":\"WebSite\",\"@id\":\"https:\/\/www.eurosam.sk\/#website\",\"url\":\"https:\/\/www.eurosam.sk\/\",\"name\":\"Eurosam.sk\",\"description\":\"EUROSAM v\u00e1m prin\u00e1\u0161a profesion\u00e1lny postup na pr\u00edpravu dokonalej \u0161\u00e1lky k\u00e1vy.\",\"potentialAction\":[{\"@type\":\"SearchAction\",\"target\":{\"@type\":\"EntryPoint\",\"urlTemplate\":\"https:\/\/www.eurosam.sk\/?s={search_term_string}\"},\"query-input\":\"required name=search_term_string\"}],\"inLanguage\":\"en-US\"}]}<\/script>\n<!-- \/ Yoast SEO plugin. -->","yoast_head_json":{"title":"Gift Voucher for Barista Training - Eurosam.sk","robots":{"index":"index","follow":"follow","max-snippet":"max-snippet:-1","max-image-preview":"max-image-preview:large","max-video-preview":"max-video-preview:-1"},"canonical":"https:\/\/www.eurosam.sk\/en\/obchod\/gift-voucher-for-barista-training\/","og_locale":"en_US","og_type":"article","og_title":"Gift Voucher for Barista Training - Eurosam.sk","og_description":"Gift voucher for barista training in brand new showroom in our company Eurosam.","og_url":"https:\/\/www.eurosam.sk\/en\/obchod\/gift-voucher-for-barista-training\/","og_site_name":"Eurosam.sk","og_image":[{"width":1000,"height":504,"url":"https:\/\/www.eurosam.sk\/wp-content\/uploads\/2018\/07\/2.jpg","type":"image\/jpeg"}],"twitter_card":"summary_large_image","schema":{"@context":"https:\/\/schema.org","@graph":[{"@type":"WebPage","@id":"https:\/\/www.eurosam.sk\/en\/obchod\/gift-voucher-for-barista-training\/","url":"https:\/\/www.eurosam.sk\/en\/obchod\/gift-voucher-for-barista-training\/","name":"Gift Voucher for Barista Training - Eurosam.sk","isPartOf":{"@id":"https:\/\/www.eurosam.sk\/#website"},"datePublished":"2018-07-24T13:34:20+00:00","dateModified":"2018-07-24T13:34:20+00:00","breadcrumb":{"@id":"https:\/\/www.eurosam.sk\/en\/obchod\/gift-voucher-for-barista-training\/#breadcrumb"},"inLanguage":"en-US","potentialAction":[{"@type":"ReadAction","target":["https:\/\/www.eurosam.sk\/en\/obchod\/gift-voucher-for-barista-training\/"]}]},{"@type":"BreadcrumbList","@id":"https:\/\/www.eurosam.sk\/en\/obchod\/gift-voucher-for-barista-training\/#breadcrumb","itemListElement":[{"@type":"ListItem","position":1,"name":"Home","item":"https:\/\/www.eurosam.sk\/"},{"@type":"ListItem","position":2,"name":"Configurator","item":"https:\/\/www.eurosam.sk\/en\/coffee-machine-configurator\/"},{"@type":"ListItem","position":3,"name":"Gift Voucher for Barista Training"}]},{"@type":"WebSite","@id":"https:\/\/www.eurosam.sk\/#website","url":"https:\/\/www.eurosam.sk\/","name":"Eurosam.sk","description":"EUROSAM v\u00e1m prin\u00e1\u0161a profesion\u00e1lny postup na pr\u00edpravu dokonalej \u0161\u00e1lky k\u00e1vy.","potentialAction":[{"@type":"SearchAction","target":{"@type":"EntryPoint","urlTemplate":"https:\/\/www.eurosam.sk\/?s={search_term_string}"},"query-input":"required name=search_term_string"}],"inLanguage":"en-US"}]}},"_links":{"self":[{"href":"https:\/\/www.eurosam.sk\/en\/wp-json\/wp\/v2\/product\/4969\/"}],"collection":[{"href":"https:\/\/www.eurosam.sk\/en\/wp-json\/wp\/v2\/product\/"}],"about":[{"href":"https:\/\/www.eurosam.sk\/en\/wp-json\/wp\/v2\/types\/product\/"}],"wp:featuredmedia":[{"embeddable":true,"href":"https:\/\/www.eurosam.sk\/en\/wp-json\/wp\/v2\/media\/3955\/"}],"wp:attachment":[{"href":"https:\/\/www.eurosam.sk\/en\/wp-json\/wp\/v2\/media\/?parent=4969"}],"curies":[{"name":"wp","href":"https:\/\/api.w.org\/{rel}","templated":true}]}}