{"id":5015,"date":"2018-07-23T11:45:27","date_gmt":"2018-07-23T11:45:27","guid":{"rendered":"https:\/\/www.eurosam.sk\/obchod\/pro-fondi-level-cleaner\/"},"modified":"2018-07-23T11:45:27","modified_gmt":"2018-07-23T11:45:27","slug":"pro-fondi-level-cleaner","status":"publish","type":"product","link":"https:\/\/www.eurosam.sk\/en\/obchod\/pro-fondi-level-cleaner\/","title":{"rendered":"Pro-Fondi level cleaner"},"content":{"rendered":"<ul>\n<li>It does not require special maintenance and cleaning.<\/li>\n<li>Collects a large amount of coffee in the same bag.<\/li>\n<li>Optimizes filter cleaning and improves result of espresso in a cup (from tests carried out in roasting laboratories).<\/li>\n<\/ul>\n","protected":false},"excerpt":{"rendered":"<p>Pro-Fondi Cleaner Lever is fast and simple. Pro-Fondi has significant advantages compared to traditional method of using the waste-scraper. It is much less abrasive, which means that filters and groups are less damaged. Pro-Fondi is also much quieter than noise produced by a barista who cleans the filters, making a positive contribution to the atmosphere. In addition, each waste is stored in a hygienically clean waste bag. Pro-Fondi is truly revolutionary and automatically cleans the filter holder from the remaining coffee.<\/p>\n","protected":false},"featured_media":3938,"template":"","meta":[],"acf":[],"yoast_head":"<!-- This site is optimized with the Yoast SEO plugin v21.2 - https:\/\/yoast.com\/wordpress\/plugins\/seo\/ -->\n<title>Pro-Fondi level cleaner - Eurosam.sk<\/title>\n<meta name=\"robots\" content=\"index, follow, max-snippet:-1, max-image-preview:large, max-video-preview:-1\" \/>\n<link rel=\"canonical\" href=\"https:\/\/www.eurosam.sk\/en\/obchod\/pro-fondi-level-cleaner\/\" \/>\n<meta property=\"og:locale\" content=\"en_US\" \/>\n<meta property=\"og:type\" content=\"article\" \/>\n<meta property=\"og:title\" content=\"Pro-Fondi level cleaner - Eurosam.sk\" \/>\n<meta property=\"og:description\" content=\"Pro-Fondi Cleaner Lever is fast and simple. Pro-Fondi has significant advantages compared to traditional method of using the waste-scraper. It is much less abrasive, which means that filters and groups are less damaged. Pro-Fondi is also much quieter than noise produced by a barista who cleans the filters, making a positive contribution to the atmosphere. In addition, each waste is stored in a hygienically clean waste bag. Pro-Fondi is truly revolutionary and automatically cleans the filter holder from the remaining coffee.\" \/>\n<meta property=\"og:url\" content=\"https:\/\/www.eurosam.sk\/en\/obchod\/pro-fondi-level-cleaner\/\" \/>\n<meta property=\"og:site_name\" content=\"Eurosam.sk\" \/>\n<meta property=\"og:image\" content=\"https:\/\/www.eurosam.sk\/wp-content\/uploads\/2018\/07\/pro-fondi-filter-basket-cleaning-system.jpg\" \/>\n\t<meta property=\"og:image:width\" content=\"875\" \/>\n\t<meta property=\"og:image:height\" content=\"1000\" \/>\n\t<meta property=\"og:image:type\" content=\"image\/jpeg\" \/>\n<meta name=\"twitter:card\" content=\"summary_large_image\" \/>\n<script type=\"application\/ld+json\" class=\"yoast-schema-graph\">{\"@context\":\"https:\/\/schema.org\",\"@graph\":[{\"@type\":\"WebPage\",\"@id\":\"https:\/\/www.eurosam.sk\/en\/obchod\/pro-fondi-level-cleaner\/\",\"url\":\"https:\/\/www.eurosam.sk\/en\/obchod\/pro-fondi-level-cleaner\/\",\"name\":\"Pro-Fondi level cleaner - Eurosam.sk\",\"isPartOf\":{\"@id\":\"https:\/\/www.eurosam.sk\/#website\"},\"datePublished\":\"2018-07-23T11:45:27+00:00\",\"dateModified\":\"2018-07-23T11:45:27+00:00\",\"breadcrumb\":{\"@id\":\"https:\/\/www.eurosam.sk\/en\/obchod\/pro-fondi-level-cleaner\/#breadcrumb\"},\"inLanguage\":\"en-US\",\"potentialAction\":[{\"@type\":\"ReadAction\",\"target\":[\"https:\/\/www.eurosam.sk\/en\/obchod\/pro-fondi-level-cleaner\/\"]}]},{\"@type\":\"BreadcrumbList\",\"@id\":\"https:\/\/www.eurosam.sk\/en\/obchod\/pro-fondi-level-cleaner\/#breadcrumb\",\"itemListElement\":[{\"@type\":\"ListItem\",\"position\":1,\"name\":\"Home\",\"item\":\"https:\/\/www.eurosam.sk\/\"},{\"@type\":\"ListItem\",\"position\":2,\"name\":\"Configurator\",\"item\":\"https:\/\/www.eurosam.sk\/en\/coffee-machine-configurator\/\"},{\"@type\":\"ListItem\",\"position\":3,\"name\":\"Pro-Fondi level cleaner\"}]},{\"@type\":\"WebSite\",\"@id\":\"https:\/\/www.eurosam.sk\/#website\",\"url\":\"https:\/\/www.eurosam.sk\/\",\"name\":\"Eurosam.sk\",\"description\":\"EUROSAM v\u00e1m prin\u00e1\u0161a profesion\u00e1lny postup na pr\u00edpravu dokonalej \u0161\u00e1lky k\u00e1vy.\",\"potentialAction\":[{\"@type\":\"SearchAction\",\"target\":{\"@type\":\"EntryPoint\",\"urlTemplate\":\"https:\/\/www.eurosam.sk\/?s={search_term_string}\"},\"query-input\":\"required name=search_term_string\"}],\"inLanguage\":\"en-US\"}]}<\/script>\n<!-- \/ Yoast SEO plugin. -->","yoast_head_json":{"title":"Pro-Fondi level cleaner - Eurosam.sk","robots":{"index":"index","follow":"follow","max-snippet":"max-snippet:-1","max-image-preview":"max-image-preview:large","max-video-preview":"max-video-preview:-1"},"canonical":"https:\/\/www.eurosam.sk\/en\/obchod\/pro-fondi-level-cleaner\/","og_locale":"en_US","og_type":"article","og_title":"Pro-Fondi level cleaner - Eurosam.sk","og_description":"Pro-Fondi Cleaner Lever is fast and simple. Pro-Fondi has significant advantages compared to traditional method of using the waste-scraper. It is much less abrasive, which means that filters and groups are less damaged. Pro-Fondi is also much quieter than noise produced by a barista who cleans the filters, making a positive contribution to the atmosphere. In addition, each waste is stored in a hygienically clean waste bag. Pro-Fondi is truly revolutionary and automatically cleans the filter holder from the remaining coffee.","og_url":"https:\/\/www.eurosam.sk\/en\/obchod\/pro-fondi-level-cleaner\/","og_site_name":"Eurosam.sk","og_image":[{"width":875,"height":1000,"url":"https:\/\/www.eurosam.sk\/wp-content\/uploads\/2018\/07\/pro-fondi-filter-basket-cleaning-system.jpg","type":"image\/jpeg"}],"twitter_card":"summary_large_image","schema":{"@context":"https:\/\/schema.org","@graph":[{"@type":"WebPage","@id":"https:\/\/www.eurosam.sk\/en\/obchod\/pro-fondi-level-cleaner\/","url":"https:\/\/www.eurosam.sk\/en\/obchod\/pro-fondi-level-cleaner\/","name":"Pro-Fondi level cleaner - Eurosam.sk","isPartOf":{"@id":"https:\/\/www.eurosam.sk\/#website"},"datePublished":"2018-07-23T11:45:27+00:00","dateModified":"2018-07-23T11:45:27+00:00","breadcrumb":{"@id":"https:\/\/www.eurosam.sk\/en\/obchod\/pro-fondi-level-cleaner\/#breadcrumb"},"inLanguage":"en-US","potentialAction":[{"@type":"ReadAction","target":["https:\/\/www.eurosam.sk\/en\/obchod\/pro-fondi-level-cleaner\/"]}]},{"@type":"BreadcrumbList","@id":"https:\/\/www.eurosam.sk\/en\/obchod\/pro-fondi-level-cleaner\/#breadcrumb","itemListElement":[{"@type":"ListItem","position":1,"name":"Home","item":"https:\/\/www.eurosam.sk\/"},{"@type":"ListItem","position":2,"name":"Configurator","item":"https:\/\/www.eurosam.sk\/en\/coffee-machine-configurator\/"},{"@type":"ListItem","position":3,"name":"Pro-Fondi level cleaner"}]},{"@type":"WebSite","@id":"https:\/\/www.eurosam.sk\/#website","url":"https:\/\/www.eurosam.sk\/","name":"Eurosam.sk","description":"EUROSAM v\u00e1m prin\u00e1\u0161a profesion\u00e1lny postup na pr\u00edpravu dokonalej \u0161\u00e1lky k\u00e1vy.","potentialAction":[{"@type":"SearchAction","target":{"@type":"EntryPoint","urlTemplate":"https:\/\/www.eurosam.sk\/?s={search_term_string}"},"query-input":"required name=search_term_string"}],"inLanguage":"en-US"}]}},"_links":{"self":[{"href":"https:\/\/www.eurosam.sk\/en\/wp-json\/wp\/v2\/product\/5015\/"}],"collection":[{"href":"https:\/\/www.eurosam.sk\/en\/wp-json\/wp\/v2\/product\/"}],"about":[{"href":"https:\/\/www.eurosam.sk\/en\/wp-json\/wp\/v2\/types\/product\/"}],"wp:featuredmedia":[{"embeddable":true,"href":"https:\/\/www.eurosam.sk\/en\/wp-json\/wp\/v2\/media\/3938\/"}],"wp:attachment":[{"href":"https:\/\/www.eurosam.sk\/en\/wp-json\/wp\/v2\/media\/?parent=5015"}],"curies":[{"name":"wp","href":"https:\/\/api.w.org\/{rel}","templated":true}]}}