{"id":5021,"date":"2017-06-20T12:46:52","date_gmt":"2017-06-20T12:46:52","guid":{"rendered":"https:\/\/www.eurosam.sk\/obchod\/classic-white-chocolate-flavoured-syrup\/"},"modified":"2019-07-09T10:25:13","modified_gmt":"2019-07-09T10:25:13","slug":"classic-white-chocolate-flavoured-syrup","status":"publish","type":"product","link":"https:\/\/www.eurosam.sk\/en\/obchod\/classic-white-chocolate-flavoured-syrup\/","title":{"rendered":"DaVinci \u2013 White chocolate syrup Classic"},"content":{"rendered":"<ul>\n<li><strong>Special taste<\/strong><\/li>\n<li><strong>It is served as hot and cold<\/strong><\/li>\n<li><strong>Versatile<\/strong><\/li>\n<li><strong>Controlled dosing when using the syrup pump<\/strong><\/li>\n<li><strong>Lactose free<\/strong><\/li>\n<li><strong>Gluten-Free<\/strong><\/li>\n<\/ul>\n","protected":false},"excerpt":{"rendered":"<p>White chocolate, goodness with the signs of vanilla. DaVinci coffee syrup tweaks almost every beverage. A brilliant way to add to your menu a touch of individuality. DaVinci Syrup White chocolate tweaks your latte macchiato, hot chocolate and other espresso specialties.<\/p>\n","protected":false},"featured_media":3725,"template":"","meta":[],"acf":[],"yoast_head":"<!-- This site is optimized with the Yoast SEO plugin v21.2 - https:\/\/yoast.com\/wordpress\/plugins\/seo\/ -->\n<title>DaVinci \u2013 White chocolate syrup Classic - Eurosam.sk<\/title>\n<meta name=\"robots\" content=\"index, follow, max-snippet:-1, max-image-preview:large, max-video-preview:-1\" \/>\n<link rel=\"canonical\" href=\"https:\/\/www.eurosam.sk\/en\/shop\/classic-white-chocolate-flavoured-syrup\/\" \/>\n<meta property=\"og:locale\" content=\"en_US\" \/>\n<meta property=\"og:type\" content=\"article\" \/>\n<meta property=\"og:title\" content=\"DaVinci \u2013 White chocolate syrup Classic - Eurosam.sk\" \/>\n<meta property=\"og:description\" content=\"White chocolate, goodness with the signs of vanilla. DaVinci coffee syrup tweaks almost every beverage. A brilliant way to add to your menu a touch of individuality. DaVinci Syrup White chocolate tweaks your latte macchiato, hot chocolate and other espresso specialties.\" \/>\n<meta property=\"og:url\" content=\"https:\/\/www.eurosam.sk\/shop\/classic-white-chocolate-flavoured-syrup\/\" \/>\n<meta property=\"og:site_name\" content=\"Eurosam.sk\" \/>\n<meta property=\"article:modified_time\" content=\"2019-07-09T10:25:13+00:00\" \/>\n<meta property=\"og:image\" content=\"https:\/\/www.eurosam.sk\/wp-content\/uploads\/2017\/06\/Classic-White-Chocolate-Flavoured-Syrup.png\" \/>\n\t<meta property=\"og:image:width\" content=\"410\" \/>\n\t<meta property=\"og:image:height\" content=\"410\" \/>\n\t<meta property=\"og:image:type\" content=\"image\/png\" \/>\n<meta name=\"twitter:card\" content=\"summary_large_image\" \/>\n<script type=\"application\/ld+json\" class=\"yoast-schema-graph\">{\"@context\":\"https:\/\/schema.org\",\"@graph\":[{\"@type\":\"WebPage\",\"@id\":\"https:\/\/www.eurosam.sk\/shop\/classic-white-chocolate-flavoured-syrup\/\",\"url\":\"https:\/\/www.eurosam.sk\/shop\/classic-white-chocolate-flavoured-syrup\/\",\"name\":\"DaVinci \u2013 White chocolate syrup Classic - Eurosam.sk\",\"isPartOf\":{\"@id\":\"https:\/\/www.eurosam.sk\/#website\"},\"datePublished\":\"2017-06-20T12:46:52+00:00\",\"dateModified\":\"2019-07-09T10:25:13+00:00\",\"breadcrumb\":{\"@id\":\"https:\/\/www.eurosam.sk\/shop\/classic-white-chocolate-flavoured-syrup\/#breadcrumb\"},\"inLanguage\":\"en-US\",\"potentialAction\":[{\"@type\":\"ReadAction\",\"target\":[\"https:\/\/www.eurosam.sk\/shop\/classic-white-chocolate-flavoured-syrup\/\"]}]},{\"@type\":\"BreadcrumbList\",\"@id\":\"https:\/\/www.eurosam.sk\/shop\/classic-white-chocolate-flavoured-syrup\/#breadcrumb\",\"itemListElement\":[{\"@type\":\"ListItem\",\"position\":1,\"name\":\"Home\",\"item\":\"https:\/\/www.eurosam.sk\/\"},{\"@type\":\"ListItem\",\"position\":2,\"name\":\"Configurator\",\"item\":\"https:\/\/www.eurosam.sk\/en\/coffee-machine-configurator\/\"},{\"@type\":\"ListItem\",\"position\":3,\"name\":\"DaVinci \u2013 White chocolate syrup Classic\"}]},{\"@type\":\"WebSite\",\"@id\":\"https:\/\/www.eurosam.sk\/#website\",\"url\":\"https:\/\/www.eurosam.sk\/\",\"name\":\"Eurosam.sk\",\"description\":\"EUROSAM v\u00e1m prin\u00e1\u0161a profesion\u00e1lny postup na pr\u00edpravu dokonalej \u0161\u00e1lky k\u00e1vy.\",\"potentialAction\":[{\"@type\":\"SearchAction\",\"target\":{\"@type\":\"EntryPoint\",\"urlTemplate\":\"https:\/\/www.eurosam.sk\/?s={search_term_string}\"},\"query-input\":\"required name=search_term_string\"}],\"inLanguage\":\"en-US\"}]}<\/script>\n<!-- \/ Yoast SEO plugin. -->","yoast_head_json":{"title":"DaVinci \u2013 White chocolate syrup Classic - Eurosam.sk","robots":{"index":"index","follow":"follow","max-snippet":"max-snippet:-1","max-image-preview":"max-image-preview:large","max-video-preview":"max-video-preview:-1"},"canonical":"https:\/\/www.eurosam.sk\/en\/shop\/classic-white-chocolate-flavoured-syrup\/","og_locale":"en_US","og_type":"article","og_title":"DaVinci \u2013 White chocolate syrup Classic - Eurosam.sk","og_description":"White chocolate, goodness with the signs of vanilla. DaVinci coffee syrup tweaks almost every beverage. A brilliant way to add to your menu a touch of individuality. DaVinci Syrup White chocolate tweaks your latte macchiato, hot chocolate and other espresso specialties.","og_url":"https:\/\/www.eurosam.sk\/shop\/classic-white-chocolate-flavoured-syrup\/","og_site_name":"Eurosam.sk","article_modified_time":"2019-07-09T10:25:13+00:00","og_image":[{"width":410,"height":410,"url":"https:\/\/www.eurosam.sk\/wp-content\/uploads\/2017\/06\/Classic-White-Chocolate-Flavoured-Syrup.png","type":"image\/png"}],"twitter_card":"summary_large_image","schema":{"@context":"https:\/\/schema.org","@graph":[{"@type":"WebPage","@id":"https:\/\/www.eurosam.sk\/shop\/classic-white-chocolate-flavoured-syrup\/","url":"https:\/\/www.eurosam.sk\/shop\/classic-white-chocolate-flavoured-syrup\/","name":"DaVinci \u2013 White chocolate syrup Classic - Eurosam.sk","isPartOf":{"@id":"https:\/\/www.eurosam.sk\/#website"},"datePublished":"2017-06-20T12:46:52+00:00","dateModified":"2019-07-09T10:25:13+00:00","breadcrumb":{"@id":"https:\/\/www.eurosam.sk\/shop\/classic-white-chocolate-flavoured-syrup\/#breadcrumb"},"inLanguage":"en-US","potentialAction":[{"@type":"ReadAction","target":["https:\/\/www.eurosam.sk\/shop\/classic-white-chocolate-flavoured-syrup\/"]}]},{"@type":"BreadcrumbList","@id":"https:\/\/www.eurosam.sk\/shop\/classic-white-chocolate-flavoured-syrup\/#breadcrumb","itemListElement":[{"@type":"ListItem","position":1,"name":"Home","item":"https:\/\/www.eurosam.sk\/"},{"@type":"ListItem","position":2,"name":"Configurator","item":"https:\/\/www.eurosam.sk\/en\/coffee-machine-configurator\/"},{"@type":"ListItem","position":3,"name":"DaVinci \u2013 White chocolate syrup Classic"}]},{"@type":"WebSite","@id":"https:\/\/www.eurosam.sk\/#website","url":"https:\/\/www.eurosam.sk\/","name":"Eurosam.sk","description":"EUROSAM v\u00e1m prin\u00e1\u0161a profesion\u00e1lny postup na pr\u00edpravu dokonalej \u0161\u00e1lky k\u00e1vy.","potentialAction":[{"@type":"SearchAction","target":{"@type":"EntryPoint","urlTemplate":"https:\/\/www.eurosam.sk\/?s={search_term_string}"},"query-input":"required name=search_term_string"}],"inLanguage":"en-US"}]}},"_links":{"self":[{"href":"https:\/\/www.eurosam.sk\/en\/wp-json\/wp\/v2\/product\/5021\/"}],"collection":[{"href":"https:\/\/www.eurosam.sk\/en\/wp-json\/wp\/v2\/product\/"}],"about":[{"href":"https:\/\/www.eurosam.sk\/en\/wp-json\/wp\/v2\/types\/product\/"}],"wp:featuredmedia":[{"embeddable":true,"href":"https:\/\/www.eurosam.sk\/en\/wp-json\/wp\/v2\/media\/3725\/"}],"wp:attachment":[{"href":"https:\/\/www.eurosam.sk\/en\/wp-json\/wp\/v2\/media\/?parent=5021"}],"curies":[{"name":"wp","href":"https:\/\/api.w.org\/{rel}","templated":true}]}}