{"id":5857,"date":"2019-08-20T10:19:08","date_gmt":"2019-08-20T10:21:03","guid":{"rendered":"https:\/\/www.eurosam.sk\/obchod\/davinci-hazelnut-syrup-without-sugar\/"},"modified":"2019-08-20T10:21:06","modified_gmt":"2019-08-20T10:21:06","slug":"davinci-hazelnut-syrup-non-sugar","status":"publish","type":"product","link":"https:\/\/www.eurosam.sk\/en\/obchod\/davinci-hazelnut-syrup-non-sugar\/","title":{"rendered":"DaVinci \u2013 hazelnut syrup without sugar"},"content":{"rendered":"<ul>\n<li><strong>Less calories<\/strong><\/li>\n<li><strong>Classic Flavor<\/strong><\/li>\n<li><strong>Can be served hot and cold<\/strong><\/li>\n<li><strong>Lactose free<\/strong><\/li>\n<li><strong>Gluten-Free<\/strong><\/li>\n<li><strong>Veget\u00e1rian<\/strong><\/li>\n<li><strong>PET bottle resistant to breakage<\/strong><\/li>\n<\/ul>\n","protected":false},"excerpt":{"rendered":"<p>DaVinci sugar-free syrups are a great alternative to traditional high calorie syrup. Making sure your customer can have all the taste with less of the calories. A brilliant way to add to your menu a touch of individuality. Especially popular to add aroma to cappuccino and other espresso specialties.<\/p>\n","protected":false},"featured_media":5856,"template":"","meta":[],"acf":[],"yoast_head":"<!-- This site is optimized with the Yoast SEO plugin v21.2 - https:\/\/yoast.com\/wordpress\/plugins\/seo\/ -->\n<title>DaVinci \u2013 hazelnut syrup without sugar - Eurosam.sk<\/title>\n<meta name=\"robots\" content=\"index, follow, max-snippet:-1, max-image-preview:large, max-video-preview:-1\" \/>\n<link rel=\"canonical\" href=\"https:\/\/www.eurosam.sk\/en\/shop\/davinci-orieskovy-syrup-bez-cukru\/\" \/>\n<meta property=\"og:locale\" content=\"en_US\" \/>\n<meta property=\"og:type\" content=\"article\" \/>\n<meta property=\"og:title\" content=\"DaVinci \u2013 hazelnut syrup without sugar - Eurosam.sk\" \/>\n<meta property=\"og:description\" content=\"DaVinci sugar-free syrups are a great alternative to traditional high calorie syrup. Making sure your customer can have all the taste with less of the calories. A brilliant way to add to your menu a touch of individuality. Especially popular to add aroma to cappuccino and other espresso specialties.\" \/>\n<meta property=\"og:url\" content=\"https:\/\/www.eurosam.sk\/shop\/davinci-orieskovy-syrup-bez-cukru\/\" \/>\n<meta property=\"og:site_name\" content=\"Eurosam.sk\" \/>\n<meta property=\"article:modified_time\" content=\"2019-08-20T10:21:06+00:00\" \/>\n<meta property=\"og:image\" content=\"https:\/\/www.eurosam.sk\/wp-content\/uploads\/2019\/08\/ewhdvisfhaz-davinci-haselnuss-sirup-zuckerfrei_p1.jpg\" \/>\n\t<meta property=\"og:image:width\" content=\"595\" \/>\n\t<meta property=\"og:image:height\" content=\"842\" \/>\n\t<meta property=\"og:image:type\" content=\"image\/jpeg\" \/>\n<meta name=\"twitter:card\" content=\"summary_large_image\" \/>\n<script type=\"application\/ld+json\" class=\"yoast-schema-graph\">{\"@context\":\"https:\/\/schema.org\",\"@graph\":[{\"@type\":\"WebPage\",\"@id\":\"https:\/\/www.eurosam.sk\/shop\/davinci-orieskovy-syrup-bez-cukru\/\",\"url\":\"https:\/\/www.eurosam.sk\/shop\/davinci-orieskovy-syrup-bez-cukru\/\",\"name\":\"DaVinci \u2013 hazelnut syrup without sugar - Eurosam.sk\",\"isPartOf\":{\"@id\":\"https:\/\/www.eurosam.sk\/#website\"},\"datePublished\":\"2019-08-20T10:21:03+00:00\",\"dateModified\":\"2019-08-20T10:21:06+00:00\",\"breadcrumb\":{\"@id\":\"https:\/\/www.eurosam.sk\/shop\/davinci-orieskovy-syrup-bez-cukru\/#breadcrumb\"},\"inLanguage\":\"en-US\",\"potentialAction\":[{\"@type\":\"ReadAction\",\"target\":[\"https:\/\/www.eurosam.sk\/shop\/davinci-orieskovy-syrup-bez-cukru\/\"]}]},{\"@type\":\"BreadcrumbList\",\"@id\":\"https:\/\/www.eurosam.sk\/shop\/davinci-orieskovy-syrup-bez-cukru\/#breadcrumb\",\"itemListElement\":[{\"@type\":\"ListItem\",\"position\":1,\"name\":\"Home\",\"item\":\"https:\/\/www.eurosam.sk\/\"},{\"@type\":\"ListItem\",\"position\":2,\"name\":\"Configurator\",\"item\":\"https:\/\/www.eurosam.sk\/en\/coffee-machine-configurator\/\"},{\"@type\":\"ListItem\",\"position\":3,\"name\":\"DaVinci \u2013 hazelnut syrup without sugar\"}]},{\"@type\":\"WebSite\",\"@id\":\"https:\/\/www.eurosam.sk\/#website\",\"url\":\"https:\/\/www.eurosam.sk\/\",\"name\":\"Eurosam.sk\",\"description\":\"EUROSAM v\u00e1m prin\u00e1\u0161a profesion\u00e1lny postup na pr\u00edpravu dokonalej \u0161\u00e1lky k\u00e1vy.\",\"potentialAction\":[{\"@type\":\"SearchAction\",\"target\":{\"@type\":\"EntryPoint\",\"urlTemplate\":\"https:\/\/www.eurosam.sk\/?s={search_term_string}\"},\"query-input\":\"required name=search_term_string\"}],\"inLanguage\":\"en-US\"}]}<\/script>\n<!-- \/ Yoast SEO plugin. -->","yoast_head_json":{"title":"DaVinci \u2013 hazelnut syrup without sugar - Eurosam.sk","robots":{"index":"index","follow":"follow","max-snippet":"max-snippet:-1","max-image-preview":"max-image-preview:large","max-video-preview":"max-video-preview:-1"},"canonical":"https:\/\/www.eurosam.sk\/en\/shop\/davinci-orieskovy-syrup-bez-cukru\/","og_locale":"en_US","og_type":"article","og_title":"DaVinci \u2013 hazelnut syrup without sugar - Eurosam.sk","og_description":"DaVinci sugar-free syrups are a great alternative to traditional high calorie syrup. Making sure your customer can have all the taste with less of the calories. A brilliant way to add to your menu a touch of individuality. Especially popular to add aroma to cappuccino and other espresso specialties.","og_url":"https:\/\/www.eurosam.sk\/shop\/davinci-orieskovy-syrup-bez-cukru\/","og_site_name":"Eurosam.sk","article_modified_time":"2019-08-20T10:21:06+00:00","og_image":[{"width":595,"height":842,"url":"https:\/\/www.eurosam.sk\/wp-content\/uploads\/2019\/08\/ewhdvisfhaz-davinci-haselnuss-sirup-zuckerfrei_p1.jpg","type":"image\/jpeg"}],"twitter_card":"summary_large_image","schema":{"@context":"https:\/\/schema.org","@graph":[{"@type":"WebPage","@id":"https:\/\/www.eurosam.sk\/shop\/davinci-orieskovy-syrup-bez-cukru\/","url":"https:\/\/www.eurosam.sk\/shop\/davinci-orieskovy-syrup-bez-cukru\/","name":"DaVinci \u2013 hazelnut syrup without sugar - Eurosam.sk","isPartOf":{"@id":"https:\/\/www.eurosam.sk\/#website"},"datePublished":"2019-08-20T10:21:03+00:00","dateModified":"2019-08-20T10:21:06+00:00","breadcrumb":{"@id":"https:\/\/www.eurosam.sk\/shop\/davinci-orieskovy-syrup-bez-cukru\/#breadcrumb"},"inLanguage":"en-US","potentialAction":[{"@type":"ReadAction","target":["https:\/\/www.eurosam.sk\/shop\/davinci-orieskovy-syrup-bez-cukru\/"]}]},{"@type":"BreadcrumbList","@id":"https:\/\/www.eurosam.sk\/shop\/davinci-orieskovy-syrup-bez-cukru\/#breadcrumb","itemListElement":[{"@type":"ListItem","position":1,"name":"Home","item":"https:\/\/www.eurosam.sk\/"},{"@type":"ListItem","position":2,"name":"Configurator","item":"https:\/\/www.eurosam.sk\/en\/coffee-machine-configurator\/"},{"@type":"ListItem","position":3,"name":"DaVinci \u2013 hazelnut syrup without sugar"}]},{"@type":"WebSite","@id":"https:\/\/www.eurosam.sk\/#website","url":"https:\/\/www.eurosam.sk\/","name":"Eurosam.sk","description":"EUROSAM v\u00e1m prin\u00e1\u0161a profesion\u00e1lny postup na pr\u00edpravu dokonalej \u0161\u00e1lky k\u00e1vy.","potentialAction":[{"@type":"SearchAction","target":{"@type":"EntryPoint","urlTemplate":"https:\/\/www.eurosam.sk\/?s={search_term_string}"},"query-input":"required name=search_term_string"}],"inLanguage":"en-US"}]}},"_links":{"self":[{"href":"https:\/\/www.eurosam.sk\/en\/wp-json\/wp\/v2\/product\/5857\/"}],"collection":[{"href":"https:\/\/www.eurosam.sk\/en\/wp-json\/wp\/v2\/product\/"}],"about":[{"href":"https:\/\/www.eurosam.sk\/en\/wp-json\/wp\/v2\/types\/product\/"}],"wp:featuredmedia":[{"embeddable":true,"href":"https:\/\/www.eurosam.sk\/en\/wp-json\/wp\/v2\/media\/5856\/"}],"wp:attachment":[{"href":"https:\/\/www.eurosam.sk\/en\/wp-json\/wp\/v2\/media\/?parent=5857"}],"curies":[{"name":"wp","href":"https:\/\/api.w.org\/{rel}","templated":true}]}}