{"id":6277,"date":"2019-10-18T09:49:53","date_gmt":"2019-10-18T09:52:53","guid":{"rendered":"https:\/\/www.eurosam.sk\/obchod\/scrubz-cleaning-sponge-and-bristle-brush\/"},"modified":"2019-10-18T09:52:57","modified_gmt":"2019-10-18T09:52:57","slug":"scrubz-cleaning-sponge-and-brush","status":"publish","type":"product","link":"https:\/\/www.eurosam.sk\/en\/obchod\/scrubz-cleaning-sponge-and-brush\/","title":{"rendered":"SCRUBZ&#x2122; Cleaning sponge and bristle brush"},"content":{"rendered":"<ul>\n<li>Two interchangeable heads consider the environment while allowing for optimal ergonomics<\/li>\n<li>Sponge brush is designed for difficult to reach areas in the portafilter, including the spout Bristle brush is designed to match the diameter of the portafilter for heavy cleaning and can also be used to clean drip trays and accessories<\/li>\n<li>The sponge is designed to match the portafilter diameter.<\/li>\n<li>Handle and sponge sold together with expansion pack of bristle and extra sponge available for purchase<\/li>\n<\/ul>\n","protected":false},"excerpt":{"rendered":"<p>SCRUBZ &#x2122; cleaning aids are ideal helpers for your business. Clean your coffee machine quickly and easily.<\/p>\n","protected":false},"featured_media":6276,"template":"","meta":[],"acf":[],"yoast_head":"<!-- This site is optimized with the Yoast SEO plugin v21.2 - https:\/\/yoast.com\/wordpress\/plugins\/seo\/ -->\n<title>SCRUBZ&#x2122; Cleaning sponge and bristle brush - Eurosam.sk<\/title>\n<meta name=\"robots\" content=\"index, follow, max-snippet:-1, max-image-preview:large, max-video-preview:-1\" \/>\n<link rel=\"canonical\" href=\"https:\/\/www.eurosam.sk\/en\/shop\/scrubz-cistiaca-spongia-kefa\/\" \/>\n<meta property=\"og:locale\" content=\"en_US\" \/>\n<meta property=\"og:type\" content=\"article\" \/>\n<meta property=\"og:title\" content=\"SCRUBZ&#x2122; Cleaning sponge and bristle brush - Eurosam.sk\" \/>\n<meta property=\"og:description\" content=\"SCRUBZ &#x2122; cleaning aids are ideal helpers for your business. Clean your coffee machine quickly and easily.\" \/>\n<meta property=\"og:url\" content=\"https:\/\/www.eurosam.sk\/shop\/scrubz-cistiaca-spongia-kefa\/\" \/>\n<meta property=\"og:site_name\" content=\"Eurosam.sk\" \/>\n<meta property=\"article:modified_time\" content=\"2019-10-18T09:52:57+00:00\" \/>\n<meta property=\"og:image\" content=\"https:\/\/www.eurosam.sk\/wp-content\/uploads\/2019\/10\/2-3.png\" \/>\n\t<meta property=\"og:image:width\" content=\"860\" \/>\n\t<meta property=\"og:image:height\" content=\"938\" \/>\n\t<meta property=\"og:image:type\" content=\"image\/png\" \/>\n<meta name=\"twitter:card\" content=\"summary_large_image\" \/>\n<script type=\"application\/ld+json\" class=\"yoast-schema-graph\">{\"@context\":\"https:\/\/schema.org\",\"@graph\":[{\"@type\":\"WebPage\",\"@id\":\"https:\/\/www.eurosam.sk\/shop\/scrubz-cistiaca-spongia-kefa\/\",\"url\":\"https:\/\/www.eurosam.sk\/shop\/scrubz-cistiaca-spongia-kefa\/\",\"name\":\"SCRUBZ&#x2122; Cleaning sponge and bristle brush - Eurosam.sk\",\"isPartOf\":{\"@id\":\"https:\/\/www.eurosam.sk\/#website\"},\"datePublished\":\"2019-10-18T09:52:53+00:00\",\"dateModified\":\"2019-10-18T09:52:57+00:00\",\"breadcrumb\":{\"@id\":\"https:\/\/www.eurosam.sk\/shop\/scrubz-cistiaca-spongia-kefa\/#breadcrumb\"},\"inLanguage\":\"en-US\",\"potentialAction\":[{\"@type\":\"ReadAction\",\"target\":[\"https:\/\/www.eurosam.sk\/shop\/scrubz-cistiaca-spongia-kefa\/\"]}]},{\"@type\":\"BreadcrumbList\",\"@id\":\"https:\/\/www.eurosam.sk\/shop\/scrubz-cistiaca-spongia-kefa\/#breadcrumb\",\"itemListElement\":[{\"@type\":\"ListItem\",\"position\":1,\"name\":\"Home\",\"item\":\"https:\/\/www.eurosam.sk\/\"},{\"@type\":\"ListItem\",\"position\":2,\"name\":\"Configurator\",\"item\":\"https:\/\/www.eurosam.sk\/en\/coffee-machine-configurator\/\"},{\"@type\":\"ListItem\",\"position\":3,\"name\":\"SCRUBZ&#x2122; Cleaning sponge and bristle brush\"}]},{\"@type\":\"WebSite\",\"@id\":\"https:\/\/www.eurosam.sk\/#website\",\"url\":\"https:\/\/www.eurosam.sk\/\",\"name\":\"Eurosam.sk\",\"description\":\"EUROSAM v\u00e1m prin\u00e1\u0161a profesion\u00e1lny postup na pr\u00edpravu dokonalej \u0161\u00e1lky k\u00e1vy.\",\"potentialAction\":[{\"@type\":\"SearchAction\",\"target\":{\"@type\":\"EntryPoint\",\"urlTemplate\":\"https:\/\/www.eurosam.sk\/?s={search_term_string}\"},\"query-input\":\"required name=search_term_string\"}],\"inLanguage\":\"en-US\"}]}<\/script>\n<!-- \/ Yoast SEO plugin. -->","yoast_head_json":{"title":"SCRUBZ&#x2122; Cleaning sponge and bristle brush - Eurosam.sk","robots":{"index":"index","follow":"follow","max-snippet":"max-snippet:-1","max-image-preview":"max-image-preview:large","max-video-preview":"max-video-preview:-1"},"canonical":"https:\/\/www.eurosam.sk\/en\/shop\/scrubz-cistiaca-spongia-kefa\/","og_locale":"en_US","og_type":"article","og_title":"SCRUBZ&#x2122; Cleaning sponge and bristle brush - Eurosam.sk","og_description":"SCRUBZ &#x2122; cleaning aids are ideal helpers for your business. Clean your coffee machine quickly and easily.","og_url":"https:\/\/www.eurosam.sk\/shop\/scrubz-cistiaca-spongia-kefa\/","og_site_name":"Eurosam.sk","article_modified_time":"2019-10-18T09:52:57+00:00","og_image":[{"width":860,"height":938,"url":"https:\/\/www.eurosam.sk\/wp-content\/uploads\/2019\/10\/2-3.png","type":"image\/png"}],"twitter_card":"summary_large_image","schema":{"@context":"https:\/\/schema.org","@graph":[{"@type":"WebPage","@id":"https:\/\/www.eurosam.sk\/shop\/scrubz-cistiaca-spongia-kefa\/","url":"https:\/\/www.eurosam.sk\/shop\/scrubz-cistiaca-spongia-kefa\/","name":"SCRUBZ&#x2122; Cleaning sponge and bristle brush - Eurosam.sk","isPartOf":{"@id":"https:\/\/www.eurosam.sk\/#website"},"datePublished":"2019-10-18T09:52:53+00:00","dateModified":"2019-10-18T09:52:57+00:00","breadcrumb":{"@id":"https:\/\/www.eurosam.sk\/shop\/scrubz-cistiaca-spongia-kefa\/#breadcrumb"},"inLanguage":"en-US","potentialAction":[{"@type":"ReadAction","target":["https:\/\/www.eurosam.sk\/shop\/scrubz-cistiaca-spongia-kefa\/"]}]},{"@type":"BreadcrumbList","@id":"https:\/\/www.eurosam.sk\/shop\/scrubz-cistiaca-spongia-kefa\/#breadcrumb","itemListElement":[{"@type":"ListItem","position":1,"name":"Home","item":"https:\/\/www.eurosam.sk\/"},{"@type":"ListItem","position":2,"name":"Configurator","item":"https:\/\/www.eurosam.sk\/en\/coffee-machine-configurator\/"},{"@type":"ListItem","position":3,"name":"SCRUBZ&#x2122; Cleaning sponge and bristle brush"}]},{"@type":"WebSite","@id":"https:\/\/www.eurosam.sk\/#website","url":"https:\/\/www.eurosam.sk\/","name":"Eurosam.sk","description":"EUROSAM v\u00e1m prin\u00e1\u0161a profesion\u00e1lny postup na pr\u00edpravu dokonalej \u0161\u00e1lky k\u00e1vy.","potentialAction":[{"@type":"SearchAction","target":{"@type":"EntryPoint","urlTemplate":"https:\/\/www.eurosam.sk\/?s={search_term_string}"},"query-input":"required name=search_term_string"}],"inLanguage":"en-US"}]}},"_links":{"self":[{"href":"https:\/\/www.eurosam.sk\/en\/wp-json\/wp\/v2\/product\/6277\/"}],"collection":[{"href":"https:\/\/www.eurosam.sk\/en\/wp-json\/wp\/v2\/product\/"}],"about":[{"href":"https:\/\/www.eurosam.sk\/en\/wp-json\/wp\/v2\/types\/product\/"}],"wp:featuredmedia":[{"embeddable":true,"href":"https:\/\/www.eurosam.sk\/en\/wp-json\/wp\/v2\/media\/6276\/"}],"wp:attachment":[{"href":"https:\/\/www.eurosam.sk\/en\/wp-json\/wp\/v2\/media\/?parent=6277"}],"curies":[{"name":"wp","href":"https:\/\/api.w.org\/{rel}","templated":true}]}}