{"id":7015,"date":"2021-08-19T12:43:10","date_gmt":"2021-08-19T12:43:10","guid":{"rendered":"https:\/\/www.eurosam.sk\/?post_type=product&#038;p=7015"},"modified":"2022-12-19T12:17:22","modified_gmt":"2022-12-19T12:17:22","slug":"pure-tea-selection-lesne-ovocie","status":"publish","type":"product","link":"https:\/\/www.eurosam.sk\/en\/shop\/pure-tea-selection-lesne-ovocie\/","title":{"rendered":"Pure Tea Selection &#8211; Lesn\u00e9 ovocie"},"content":{"rendered":"<ul>\n<li>Balenie: 25&#215;3,5g<\/li>\n<li>\u010cas pr\u00edpravy: 5-8 min<\/li>\n<li>Teplota: 100\u00b0C<\/li>\n<li>Balenie kart\u00f3n: 6 krabi\u010diek<\/li>\n<\/ul>\n","protected":false},"excerpt":{"rendered":"<p>Zmes lesn\u00fdch plodov V\u00e1m umo\u017en\u00ed uvo\u013eni\u0165 sa a relaxova\u0165 v\u010faka lahodnej kombin\u00e1ci\u00ed \u010derven\u00e9ho a modr\u00e9ho ovocia.<\/p>\n","protected":false},"featured_media":7016,"template":"","meta":[],"acf":[],"yoast_head":"<!-- This site is optimized with the Yoast SEO plugin v21.2 - https:\/\/yoast.com\/wordpress\/plugins\/seo\/ -->\n<title>Pure Tea Selection - Lesn\u00e9 ovocie - Eurosam.sk<\/title>\n<meta name=\"robots\" content=\"index, follow, max-snippet:-1, max-image-preview:large, max-video-preview:-1\" \/>\n<link rel=\"canonical\" href=\"https:\/\/www.eurosam.sk\/en\/shop\/pure-tea-selection-lesne-ovocie\/\" \/>\n<meta property=\"og:locale\" content=\"en_US\" \/>\n<meta property=\"og:type\" content=\"article\" \/>\n<meta property=\"og:title\" content=\"Pure Tea Selection - Lesn\u00e9 ovocie - Eurosam.sk\" \/>\n<meta property=\"og:description\" content=\"Zmes lesn\u00fdch plodov V\u00e1m umo\u017en\u00ed uvo\u013eni\u0165 sa a relaxova\u0165 v\u010faka lahodnej kombin\u00e1ci\u00ed \u010derven\u00e9ho a modr\u00e9ho ovocia.\" \/>\n<meta property=\"og:url\" content=\"https:\/\/www.eurosam.sk\/shop\/pure-tea-selection-lesne-ovocie\/\" \/>\n<meta property=\"og:site_name\" content=\"Eurosam.sk\" \/>\n<meta property=\"article:modified_time\" content=\"2022-12-19T12:17:22+00:00\" \/>\n<meta property=\"og:image\" content=\"https:\/\/www.eurosam.sk\/wp-content\/uploads\/2021\/08\/lesne-ovocie1.png\" \/>\n\t<meta property=\"og:image:width\" content=\"300\" \/>\n\t<meta property=\"og:image:height\" content=\"300\" \/>\n\t<meta property=\"og:image:type\" content=\"image\/png\" \/>\n<meta name=\"twitter:card\" content=\"summary_large_image\" \/>\n<script type=\"application\/ld+json\" class=\"yoast-schema-graph\">{\"@context\":\"https:\/\/schema.org\",\"@graph\":[{\"@type\":\"WebPage\",\"@id\":\"https:\/\/www.eurosam.sk\/shop\/pure-tea-selection-lesne-ovocie\/\",\"url\":\"https:\/\/www.eurosam.sk\/shop\/pure-tea-selection-lesne-ovocie\/\",\"name\":\"Pure Tea Selection - Lesn\u00e9 ovocie - Eurosam.sk\",\"isPartOf\":{\"@id\":\"https:\/\/www.eurosam.sk\/#website\"},\"datePublished\":\"2021-08-19T12:43:10+00:00\",\"dateModified\":\"2022-12-19T12:17:22+00:00\",\"breadcrumb\":{\"@id\":\"https:\/\/www.eurosam.sk\/shop\/pure-tea-selection-lesne-ovocie\/#breadcrumb\"},\"inLanguage\":\"en-US\",\"potentialAction\":[{\"@type\":\"ReadAction\",\"target\":[\"https:\/\/www.eurosam.sk\/shop\/pure-tea-selection-lesne-ovocie\/\"]}]},{\"@type\":\"BreadcrumbList\",\"@id\":\"https:\/\/www.eurosam.sk\/shop\/pure-tea-selection-lesne-ovocie\/#breadcrumb\",\"itemListElement\":[{\"@type\":\"ListItem\",\"position\":1,\"name\":\"Home\",\"item\":\"https:\/\/www.eurosam.sk\/\"},{\"@type\":\"ListItem\",\"position\":2,\"name\":\"Configurator\",\"item\":\"https:\/\/www.eurosam.sk\/en\/coffee-machine-configurator\/\"},{\"@type\":\"ListItem\",\"position\":3,\"name\":\"Pure Tea Selection &#8211; Lesn\u00e9 ovocie\"}]},{\"@type\":\"WebSite\",\"@id\":\"https:\/\/www.eurosam.sk\/#website\",\"url\":\"https:\/\/www.eurosam.sk\/\",\"name\":\"Eurosam.sk\",\"description\":\"EUROSAM v\u00e1m prin\u00e1\u0161a profesion\u00e1lny postup na pr\u00edpravu dokonalej \u0161\u00e1lky k\u00e1vy.\",\"potentialAction\":[{\"@type\":\"SearchAction\",\"target\":{\"@type\":\"EntryPoint\",\"urlTemplate\":\"https:\/\/www.eurosam.sk\/?s={search_term_string}\"},\"query-input\":\"required name=search_term_string\"}],\"inLanguage\":\"en-US\"}]}<\/script>\n<!-- \/ Yoast SEO plugin. -->","yoast_head_json":{"title":"Pure Tea Selection - Lesn\u00e9 ovocie - Eurosam.sk","robots":{"index":"index","follow":"follow","max-snippet":"max-snippet:-1","max-image-preview":"max-image-preview:large","max-video-preview":"max-video-preview:-1"},"canonical":"https:\/\/www.eurosam.sk\/en\/shop\/pure-tea-selection-lesne-ovocie\/","og_locale":"en_US","og_type":"article","og_title":"Pure Tea Selection - Lesn\u00e9 ovocie - Eurosam.sk","og_description":"Zmes lesn\u00fdch plodov V\u00e1m umo\u017en\u00ed uvo\u013eni\u0165 sa a relaxova\u0165 v\u010faka lahodnej kombin\u00e1ci\u00ed \u010derven\u00e9ho a modr\u00e9ho ovocia.","og_url":"https:\/\/www.eurosam.sk\/shop\/pure-tea-selection-lesne-ovocie\/","og_site_name":"Eurosam.sk","article_modified_time":"2022-12-19T12:17:22+00:00","og_image":[{"width":300,"height":300,"url":"https:\/\/www.eurosam.sk\/wp-content\/uploads\/2021\/08\/lesne-ovocie1.png","type":"image\/png"}],"twitter_card":"summary_large_image","schema":{"@context":"https:\/\/schema.org","@graph":[{"@type":"WebPage","@id":"https:\/\/www.eurosam.sk\/shop\/pure-tea-selection-lesne-ovocie\/","url":"https:\/\/www.eurosam.sk\/shop\/pure-tea-selection-lesne-ovocie\/","name":"Pure Tea Selection - Lesn\u00e9 ovocie - Eurosam.sk","isPartOf":{"@id":"https:\/\/www.eurosam.sk\/#website"},"datePublished":"2021-08-19T12:43:10+00:00","dateModified":"2022-12-19T12:17:22+00:00","breadcrumb":{"@id":"https:\/\/www.eurosam.sk\/shop\/pure-tea-selection-lesne-ovocie\/#breadcrumb"},"inLanguage":"en-US","potentialAction":[{"@type":"ReadAction","target":["https:\/\/www.eurosam.sk\/shop\/pure-tea-selection-lesne-ovocie\/"]}]},{"@type":"BreadcrumbList","@id":"https:\/\/www.eurosam.sk\/shop\/pure-tea-selection-lesne-ovocie\/#breadcrumb","itemListElement":[{"@type":"ListItem","position":1,"name":"Home","item":"https:\/\/www.eurosam.sk\/"},{"@type":"ListItem","position":2,"name":"Configurator","item":"https:\/\/www.eurosam.sk\/en\/coffee-machine-configurator\/"},{"@type":"ListItem","position":3,"name":"Pure Tea Selection &#8211; Lesn\u00e9 ovocie"}]},{"@type":"WebSite","@id":"https:\/\/www.eurosam.sk\/#website","url":"https:\/\/www.eurosam.sk\/","name":"Eurosam.sk","description":"EUROSAM v\u00e1m prin\u00e1\u0161a profesion\u00e1lny postup na pr\u00edpravu dokonalej \u0161\u00e1lky k\u00e1vy.","potentialAction":[{"@type":"SearchAction","target":{"@type":"EntryPoint","urlTemplate":"https:\/\/www.eurosam.sk\/?s={search_term_string}"},"query-input":"required name=search_term_string"}],"inLanguage":"en-US"}]}},"_links":{"self":[{"href":"https:\/\/www.eurosam.sk\/en\/wp-json\/wp\/v2\/product\/7015\/"}],"collection":[{"href":"https:\/\/www.eurosam.sk\/en\/wp-json\/wp\/v2\/product\/"}],"about":[{"href":"https:\/\/www.eurosam.sk\/en\/wp-json\/wp\/v2\/types\/product\/"}],"wp:featuredmedia":[{"embeddable":true,"href":"https:\/\/www.eurosam.sk\/en\/wp-json\/wp\/v2\/media\/7016\/"}],"wp:attachment":[{"href":"https:\/\/www.eurosam.sk\/en\/wp-json\/wp\/v2\/media\/?parent=7015"}],"curies":[{"name":"wp","href":"https:\/\/api.w.org\/{rel}","templated":true}]}}