{"id":7132,"date":"2021-10-07T08:13:52","date_gmt":"2021-10-07T08:13:52","guid":{"rendered":"https:\/\/www.eurosam.sk\/?post_type=product&#038;p=7132"},"modified":"2021-10-07T08:13:53","modified_gmt":"2021-10-07T08:13:53","slug":"bio-luxury-bag-queen-camomile","status":"publish","type":"product","link":"https:\/\/www.eurosam.sk\/en\/shop\/bio-luxury-bag-queen-camomile\/","title":{"rendered":"BIO Luxury Bag Queen Camomile"},"content":{"rendered":"<ul>\n<li>Balenie: 18 x 2,5g<\/li>\n<li>Balenie kart\u00f3n: 8ks<\/li>\n<li>Odpor\u00fa\u010dan\u00e9 d\u00e1vkovanie: konvi\u010dka 350 &#8211; 450ml<\/li>\n<li>Typ \u010daju: bylinn\u00fd<\/li>\n<li>Zem p\u00f4vodu: Nemecko<\/li>\n<\/ul>\n","protected":false},"excerpt":{"rendered":"<p>Queen Camomile &#8211; skuto\u010dn\u00e1 kr\u00e1\u013eovn\u00e1 medzi bylinn\u00fdmi \u010dajmi. Vyroben\u00e1 z cel\u00fdch, poctivo vybran\u00fdch kvetov kamilky. Vynik\u00e1 svojou neopakovate\u013enou chu\u0165ou.<\/p>\n","protected":false},"featured_media":7133,"template":"","meta":[],"acf":[],"yoast_head":"<!-- This site is optimized with the Yoast SEO plugin v21.2 - https:\/\/yoast.com\/wordpress\/plugins\/seo\/ -->\n<title>BIO Luxury Bag Queen Camomile - Eurosam.sk<\/title>\n<meta name=\"robots\" content=\"index, follow, max-snippet:-1, max-image-preview:large, max-video-preview:-1\" \/>\n<link rel=\"canonical\" href=\"https:\/\/www.eurosam.sk\/en\/shop\/bio-luxury-bag-queen-camomile\/\" \/>\n<meta property=\"og:locale\" content=\"en_US\" \/>\n<meta property=\"og:type\" content=\"article\" \/>\n<meta property=\"og:title\" content=\"BIO Luxury Bag Queen Camomile - Eurosam.sk\" \/>\n<meta property=\"og:description\" content=\"Queen Camomile - skuto\u010dn\u00e1 kr\u00e1\u013eovn\u00e1 medzi bylinn\u00fdmi \u010dajmi. Vyroben\u00e1 z cel\u00fdch, poctivo vybran\u00fdch kvetov kamilky. Vynik\u00e1 svojou neopakovate\u013enou chu\u0165ou.\" \/>\n<meta property=\"og:url\" content=\"https:\/\/www.eurosam.sk\/shop\/bio-luxury-bag-queen-camomile\/\" \/>\n<meta property=\"og:site_name\" content=\"Eurosam.sk\" \/>\n<meta property=\"article:modified_time\" content=\"2021-10-07T08:13:53+00:00\" \/>\n<meta property=\"og:image\" content=\"https:\/\/www.eurosam.sk\/wp-content\/uploads\/2021\/10\/kamilka2.jpg\" \/>\n\t<meta property=\"og:image:width\" content=\"591\" \/>\n\t<meta property=\"og:image:height\" content=\"591\" \/>\n\t<meta property=\"og:image:type\" content=\"image\/jpeg\" \/>\n<meta name=\"twitter:card\" content=\"summary_large_image\" \/>\n<script type=\"application\/ld+json\" class=\"yoast-schema-graph\">{\"@context\":\"https:\/\/schema.org\",\"@graph\":[{\"@type\":\"WebPage\",\"@id\":\"https:\/\/www.eurosam.sk\/shop\/bio-luxury-bag-queen-camomile\/\",\"url\":\"https:\/\/www.eurosam.sk\/shop\/bio-luxury-bag-queen-camomile\/\",\"name\":\"BIO Luxury Bag Queen Camomile - Eurosam.sk\",\"isPartOf\":{\"@id\":\"https:\/\/www.eurosam.sk\/#website\"},\"datePublished\":\"2021-10-07T08:13:52+00:00\",\"dateModified\":\"2021-10-07T08:13:53+00:00\",\"breadcrumb\":{\"@id\":\"https:\/\/www.eurosam.sk\/shop\/bio-luxury-bag-queen-camomile\/#breadcrumb\"},\"inLanguage\":\"en-US\",\"potentialAction\":[{\"@type\":\"ReadAction\",\"target\":[\"https:\/\/www.eurosam.sk\/shop\/bio-luxury-bag-queen-camomile\/\"]}]},{\"@type\":\"BreadcrumbList\",\"@id\":\"https:\/\/www.eurosam.sk\/shop\/bio-luxury-bag-queen-camomile\/#breadcrumb\",\"itemListElement\":[{\"@type\":\"ListItem\",\"position\":1,\"name\":\"Home\",\"item\":\"https:\/\/www.eurosam.sk\/\"},{\"@type\":\"ListItem\",\"position\":2,\"name\":\"Configurator\",\"item\":\"https:\/\/www.eurosam.sk\/en\/coffee-machine-configurator\/\"},{\"@type\":\"ListItem\",\"position\":3,\"name\":\"BIO Luxury Bag Queen Camomile\"}]},{\"@type\":\"WebSite\",\"@id\":\"https:\/\/www.eurosam.sk\/#website\",\"url\":\"https:\/\/www.eurosam.sk\/\",\"name\":\"Eurosam.sk\",\"description\":\"EUROSAM v\u00e1m prin\u00e1\u0161a profesion\u00e1lny postup na pr\u00edpravu dokonalej \u0161\u00e1lky k\u00e1vy.\",\"potentialAction\":[{\"@type\":\"SearchAction\",\"target\":{\"@type\":\"EntryPoint\",\"urlTemplate\":\"https:\/\/www.eurosam.sk\/?s={search_term_string}\"},\"query-input\":\"required name=search_term_string\"}],\"inLanguage\":\"en-US\"}]}<\/script>\n<!-- \/ Yoast SEO plugin. -->","yoast_head_json":{"title":"BIO Luxury Bag Queen Camomile - Eurosam.sk","robots":{"index":"index","follow":"follow","max-snippet":"max-snippet:-1","max-image-preview":"max-image-preview:large","max-video-preview":"max-video-preview:-1"},"canonical":"https:\/\/www.eurosam.sk\/en\/shop\/bio-luxury-bag-queen-camomile\/","og_locale":"en_US","og_type":"article","og_title":"BIO Luxury Bag Queen Camomile - Eurosam.sk","og_description":"Queen Camomile - skuto\u010dn\u00e1 kr\u00e1\u013eovn\u00e1 medzi bylinn\u00fdmi \u010dajmi. Vyroben\u00e1 z cel\u00fdch, poctivo vybran\u00fdch kvetov kamilky. Vynik\u00e1 svojou neopakovate\u013enou chu\u0165ou.","og_url":"https:\/\/www.eurosam.sk\/shop\/bio-luxury-bag-queen-camomile\/","og_site_name":"Eurosam.sk","article_modified_time":"2021-10-07T08:13:53+00:00","og_image":[{"width":"591","height":"591","url":"https:\/\/www.eurosam.sk\/wp-content\/uploads\/2021\/10\/kamilka2.jpg","type":"image\/jpeg"}],"twitter_card":"summary_large_image","schema":{"@context":"https:\/\/schema.org","@graph":[{"@type":"WebPage","@id":"https:\/\/www.eurosam.sk\/shop\/bio-luxury-bag-queen-camomile\/","url":"https:\/\/www.eurosam.sk\/shop\/bio-luxury-bag-queen-camomile\/","name":"BIO Luxury Bag Queen Camomile - Eurosam.sk","isPartOf":{"@id":"https:\/\/www.eurosam.sk\/#website"},"datePublished":"2021-10-07T08:13:52+00:00","dateModified":"2021-10-07T08:13:53+00:00","breadcrumb":{"@id":"https:\/\/www.eurosam.sk\/shop\/bio-luxury-bag-queen-camomile\/#breadcrumb"},"inLanguage":"en-US","potentialAction":[{"@type":"ReadAction","target":["https:\/\/www.eurosam.sk\/shop\/bio-luxury-bag-queen-camomile\/"]}]},{"@type":"BreadcrumbList","@id":"https:\/\/www.eurosam.sk\/shop\/bio-luxury-bag-queen-camomile\/#breadcrumb","itemListElement":[{"@type":"ListItem","position":1,"name":"Home","item":"https:\/\/www.eurosam.sk\/"},{"@type":"ListItem","position":2,"name":"Configurator","item":"https:\/\/www.eurosam.sk\/en\/coffee-machine-configurator\/"},{"@type":"ListItem","position":3,"name":"BIO Luxury Bag Queen Camomile"}]},{"@type":"WebSite","@id":"https:\/\/www.eurosam.sk\/#website","url":"https:\/\/www.eurosam.sk\/","name":"Eurosam.sk","description":"EUROSAM v\u00e1m prin\u00e1\u0161a profesion\u00e1lny postup na pr\u00edpravu dokonalej \u0161\u00e1lky k\u00e1vy.","potentialAction":[{"@type":"SearchAction","target":{"@type":"EntryPoint","urlTemplate":"https:\/\/www.eurosam.sk\/?s={search_term_string}"},"query-input":"required name=search_term_string"}],"inLanguage":"en-US"}]}},"_links":{"self":[{"href":"https:\/\/www.eurosam.sk\/en\/wp-json\/wp\/v2\/product\/7132\/"}],"collection":[{"href":"https:\/\/www.eurosam.sk\/en\/wp-json\/wp\/v2\/product\/"}],"about":[{"href":"https:\/\/www.eurosam.sk\/en\/wp-json\/wp\/v2\/types\/product\/"}],"wp:featuredmedia":[{"embeddable":true,"href":"https:\/\/www.eurosam.sk\/en\/wp-json\/wp\/v2\/media\/7133\/"}],"wp:attachment":[{"href":"https:\/\/www.eurosam.sk\/en\/wp-json\/wp\/v2\/media\/?parent=7132"}],"curies":[{"name":"wp","href":"https:\/\/api.w.org\/{rel}","templated":true}]}}