{"id":7182,"date":"2022-01-04T12:27:38","date_gmt":"2022-01-04T12:27:38","guid":{"rendered":"https:\/\/www.eurosam.sk\/?post_type=product&#038;p=7182"},"modified":"2025-03-10T18:57:40","modified_gmt":"2025-03-10T18:57:40","slug":"tchibo-salka-caffe-latte-335ml","status":"publish","type":"product","link":"https:\/\/www.eurosam.sk\/en\/shop\/tchibo-salka-caffe-latte-335ml\/","title":{"rendered":"Tchibo &#8211; \u0161\u00e1lka caffe latte 335ml"},"content":{"rendered":"<ul>\n<li>Objem: 335ml<\/li>\n<\/ul>\n","protected":false},"excerpt":{"rendered":"<p>Atrakt\u00edvna \u0161\u00e1lka Tchibo je vyroben\u00e1 zo silnostenn\u00e9ho odoln\u00e9ho porcel\u00e1nu, ktor\u00fd zaru\u010duje optim\u00e1lnu teplotu k\u00e1vy.<\/p>\n<ul>\n<li><strong>Objedn\u00e1vka POS materi\u00e1lu je podmienen\u00e1\u00a0 pravideln\u00fdm odberom k\u00e1vy a \u010dajov.<\/strong><\/li>\n<li>Balenie obsahuje: 6x \u0161\u00e1lka, 6x pod\u0161\u00e1lka \/ uveden\u00e1 cena je za 1ks<\/li>\n<li>Samostatne nepredajn\u00e9<\/li>\n<\/ul>\n","protected":false},"featured_media":7183,"template":"","meta":[],"acf":[],"yoast_head":"<!-- This site is optimized with the Yoast SEO plugin v21.2 - https:\/\/yoast.com\/wordpress\/plugins\/seo\/ -->\n<title>Tchibo - \u0161\u00e1lka caffe latte 335ml - Eurosam.sk<\/title>\n<meta name=\"robots\" content=\"index, follow, max-snippet:-1, max-image-preview:large, max-video-preview:-1\" \/>\n<link rel=\"canonical\" href=\"https:\/\/www.eurosam.sk\/en\/shop\/tchibo-salka-caffe-latte-335ml\/\" \/>\n<meta property=\"og:locale\" content=\"en_US\" \/>\n<meta property=\"og:type\" content=\"article\" \/>\n<meta property=\"og:title\" content=\"Tchibo - \u0161\u00e1lka caffe latte 335ml - Eurosam.sk\" \/>\n<meta property=\"og:description\" content=\"Atrakt\u00edvna \u0161\u00e1lka Tchibo je vyroben\u00e1 zo silnostenn\u00e9ho odoln\u00e9ho porcel\u00e1nu, ktor\u00fd zaru\u010duje optim\u00e1lnu teplotu k\u00e1vy.   Objedn\u00e1vka POS materi\u00e1lu je podmienen\u00e1\u00a0 pravideln\u00fdm odberom k\u00e1vy a \u010dajov.  Balenie obsahuje: 6x \u0161\u00e1lka, 6x pod\u0161\u00e1lka \/ uveden\u00e1 cena je za 1ks  Samostatne nepredajn\u00e9\" \/>\n<meta property=\"og:url\" content=\"https:\/\/www.eurosam.sk\/shop\/tchibo-salka-caffe-latte-335ml\/\" \/>\n<meta property=\"og:site_name\" content=\"Eurosam.sk\" \/>\n<meta property=\"article:modified_time\" content=\"2025-03-10T18:57:40+00:00\" \/>\n<meta property=\"og:image\" content=\"https:\/\/www.eurosam.sk\/wp-content\/uploads\/2022\/01\/tchibo-porcelan-1-e1632131211275-450x450.jpg\" \/>\n\t<meta property=\"og:image:width\" content=\"450\" \/>\n\t<meta property=\"og:image:height\" content=\"450\" \/>\n\t<meta property=\"og:image:type\" content=\"image\/jpeg\" \/>\n<meta name=\"twitter:card\" content=\"summary_large_image\" \/>\n<script type=\"application\/ld+json\" class=\"yoast-schema-graph\">{\"@context\":\"https:\/\/schema.org\",\"@graph\":[{\"@type\":\"WebPage\",\"@id\":\"https:\/\/www.eurosam.sk\/shop\/tchibo-salka-caffe-latte-335ml\/\",\"url\":\"https:\/\/www.eurosam.sk\/shop\/tchibo-salka-caffe-latte-335ml\/\",\"name\":\"Tchibo - \u0161\u00e1lka caffe latte 335ml - Eurosam.sk\",\"isPartOf\":{\"@id\":\"https:\/\/www.eurosam.sk\/#website\"},\"datePublished\":\"2022-01-04T12:27:38+00:00\",\"dateModified\":\"2025-03-10T18:57:40+00:00\",\"breadcrumb\":{\"@id\":\"https:\/\/www.eurosam.sk\/shop\/tchibo-salka-caffe-latte-335ml\/#breadcrumb\"},\"inLanguage\":\"en-US\",\"potentialAction\":[{\"@type\":\"ReadAction\",\"target\":[\"https:\/\/www.eurosam.sk\/shop\/tchibo-salka-caffe-latte-335ml\/\"]}]},{\"@type\":\"BreadcrumbList\",\"@id\":\"https:\/\/www.eurosam.sk\/shop\/tchibo-salka-caffe-latte-335ml\/#breadcrumb\",\"itemListElement\":[{\"@type\":\"ListItem\",\"position\":1,\"name\":\"Home\",\"item\":\"https:\/\/www.eurosam.sk\/\"},{\"@type\":\"ListItem\",\"position\":2,\"name\":\"Configurator\",\"item\":\"https:\/\/www.eurosam.sk\/en\/coffee-machine-configurator\/\"},{\"@type\":\"ListItem\",\"position\":3,\"name\":\"Tchibo &#8211; \u0161\u00e1lka caffe latte 335ml\"}]},{\"@type\":\"WebSite\",\"@id\":\"https:\/\/www.eurosam.sk\/#website\",\"url\":\"https:\/\/www.eurosam.sk\/\",\"name\":\"Eurosam.sk\",\"description\":\"EUROSAM v\u00e1m prin\u00e1\u0161a profesion\u00e1lny postup na pr\u00edpravu dokonalej \u0161\u00e1lky k\u00e1vy.\",\"potentialAction\":[{\"@type\":\"SearchAction\",\"target\":{\"@type\":\"EntryPoint\",\"urlTemplate\":\"https:\/\/www.eurosam.sk\/?s={search_term_string}\"},\"query-input\":\"required name=search_term_string\"}],\"inLanguage\":\"en-US\"}]}<\/script>\n<!-- \/ Yoast SEO plugin. -->","yoast_head_json":{"title":"Tchibo - \u0161\u00e1lka caffe latte 335ml - Eurosam.sk","robots":{"index":"index","follow":"follow","max-snippet":"max-snippet:-1","max-image-preview":"max-image-preview:large","max-video-preview":"max-video-preview:-1"},"canonical":"https:\/\/www.eurosam.sk\/en\/shop\/tchibo-salka-caffe-latte-335ml\/","og_locale":"en_US","og_type":"article","og_title":"Tchibo - \u0161\u00e1lka caffe latte 335ml - Eurosam.sk","og_description":"Atrakt\u00edvna \u0161\u00e1lka Tchibo je vyroben\u00e1 zo silnostenn\u00e9ho odoln\u00e9ho porcel\u00e1nu, ktor\u00fd zaru\u010duje optim\u00e1lnu teplotu k\u00e1vy.   Objedn\u00e1vka POS materi\u00e1lu je podmienen\u00e1\u00a0 pravideln\u00fdm odberom k\u00e1vy a \u010dajov.  Balenie obsahuje: 6x \u0161\u00e1lka, 6x pod\u0161\u00e1lka \/ uveden\u00e1 cena je za 1ks  Samostatne nepredajn\u00e9","og_url":"https:\/\/www.eurosam.sk\/shop\/tchibo-salka-caffe-latte-335ml\/","og_site_name":"Eurosam.sk","article_modified_time":"2025-03-10T18:57:40+00:00","og_image":[{"width":450,"height":450,"url":"https:\/\/www.eurosam.sk\/wp-content\/uploads\/2022\/01\/tchibo-porcelan-1-e1632131211275-450x450.jpg","type":"image\/jpeg"}],"twitter_card":"summary_large_image","schema":{"@context":"https:\/\/schema.org","@graph":[{"@type":"WebPage","@id":"https:\/\/www.eurosam.sk\/shop\/tchibo-salka-caffe-latte-335ml\/","url":"https:\/\/www.eurosam.sk\/shop\/tchibo-salka-caffe-latte-335ml\/","name":"Tchibo - \u0161\u00e1lka caffe latte 335ml - Eurosam.sk","isPartOf":{"@id":"https:\/\/www.eurosam.sk\/#website"},"datePublished":"2022-01-04T12:27:38+00:00","dateModified":"2025-03-10T18:57:40+00:00","breadcrumb":{"@id":"https:\/\/www.eurosam.sk\/shop\/tchibo-salka-caffe-latte-335ml\/#breadcrumb"},"inLanguage":"en-US","potentialAction":[{"@type":"ReadAction","target":["https:\/\/www.eurosam.sk\/shop\/tchibo-salka-caffe-latte-335ml\/"]}]},{"@type":"BreadcrumbList","@id":"https:\/\/www.eurosam.sk\/shop\/tchibo-salka-caffe-latte-335ml\/#breadcrumb","itemListElement":[{"@type":"ListItem","position":1,"name":"Home","item":"https:\/\/www.eurosam.sk\/"},{"@type":"ListItem","position":2,"name":"Configurator","item":"https:\/\/www.eurosam.sk\/en\/coffee-machine-configurator\/"},{"@type":"ListItem","position":3,"name":"Tchibo &#8211; \u0161\u00e1lka caffe latte 335ml"}]},{"@type":"WebSite","@id":"https:\/\/www.eurosam.sk\/#website","url":"https:\/\/www.eurosam.sk\/","name":"Eurosam.sk","description":"EUROSAM v\u00e1m prin\u00e1\u0161a profesion\u00e1lny postup na pr\u00edpravu dokonalej \u0161\u00e1lky k\u00e1vy.","potentialAction":[{"@type":"SearchAction","target":{"@type":"EntryPoint","urlTemplate":"https:\/\/www.eurosam.sk\/?s={search_term_string}"},"query-input":"required name=search_term_string"}],"inLanguage":"en-US"}]}},"_links":{"self":[{"href":"https:\/\/www.eurosam.sk\/en\/wp-json\/wp\/v2\/product\/7182\/"}],"collection":[{"href":"https:\/\/www.eurosam.sk\/en\/wp-json\/wp\/v2\/product\/"}],"about":[{"href":"https:\/\/www.eurosam.sk\/en\/wp-json\/wp\/v2\/types\/product\/"}],"wp:featuredmedia":[{"embeddable":true,"href":"https:\/\/www.eurosam.sk\/en\/wp-json\/wp\/v2\/media\/7183\/"}],"wp:attachment":[{"href":"https:\/\/www.eurosam.sk\/en\/wp-json\/wp\/v2\/media\/?parent=7182"}],"curies":[{"name":"wp","href":"https:\/\/api.w.org\/{rel}","templated":true}]}}