{"id":7191,"date":"2022-01-18T13:34:11","date_gmt":"2022-01-18T13:34:11","guid":{"rendered":"https:\/\/www.eurosam.sk\/?post_type=product&#038;p=7191"},"modified":"2025-03-10T18:57:21","modified_gmt":"2025-03-10T18:57:21","slug":"mahlkonig-x54-home-mlyncek","status":"publish","type":"product","link":"https:\/\/www.eurosam.sk\/en\/shop\/mahlkonig-x54-home-mlyncek\/","title":{"rendered":"Mahlk\u00f6nig X54 Home mlyn\u010dek"},"content":{"rendered":"<ul>\n<li style=\"list-style-type: none;\">\n<ul>\n<li><strong>Vo\u013enobe\u017en\u00e9 ot\u00e1\u010dky:<\/strong> 1050 ot.\/min<\/li>\n<li><strong>Priemer fr\u00e9zy:\u00a0<\/strong> 54 mm<\/li>\n<li><strong>Materi\u00e1l fr\u00e9zy:\u00a0<\/strong> \u0160peci\u00e1lna oce\u013e<\/li>\n<li><strong>Priemern\u00fd v\u00fdkon mletia*:<\/strong> cca. 1-2,8 g\/s<\/li>\n<li><strong>Kapacita z\u00e1sobn\u00edka na zrn\u00e1:\u00a0<\/strong>cca. 500 g<\/li>\n<li><strong>Rozmery (\u0161xvxh):\u00a0<\/strong>19 x 42,5 x 28 cm<\/li>\n<li><strong>Rozmery balenia (\u0161 xvxh):\u00a0<\/strong> 52 x 34 x 26 cm<\/li>\n<li><strong>Hmotnos\u0165 netto:\u00a0<\/strong>\u00a05,1 \u00a0kg<\/li>\n<li><strong>Hrub\u00e1 hmotnos\u0165:\u00a0<\/strong> 8 kg<\/li>\n<li><strong>Certifik\u00e1ty:\u00a0<\/strong>\u00a0CE, CB, CCC, ETL, KC, NSF, PSE, RCM<\/li>\n<\/ul>\n<\/li>\n<\/ul>\n<p><strong>\u0160tandardn\u00e9 farby:<\/strong><\/p>\n<ul>\n<li>Matn\u00e1 \u010dierna 499\u20ac<\/li>\n<li>Chrome 549\u20ac<\/li>\n<\/ul>\n<p><strong>Pr\u00edplatkov\u00e9 mo\u017enosti:<\/strong><\/p>\n<ul>\n<li>nerezov\u00e1 d\u00e1vkovacia n\u00e1doba 25\u20ac<\/li>\n<li>K\u00e1vov\u00fd z\u00e1sobn\u00edk (250g) 64,90\u20ac<\/li>\n<\/ul>\n","protected":false},"excerpt":{"rendered":"<p>Mlyn\u010dek X54 umo\u017e\u0148uje optim\u00e1lne mletie, ktor\u00e9 sp\u013a\u0148a aj tie najvy\u0161\u0161ie n\u00e1roky. \u00a0V\u0161estrann\u00e1 stupnica ve\u013ekosti mletia s plynul\u00fdm nastaven\u00edm pre presn\u00e9 nastavenie mletia, aby vyhovovala mnoh\u00fdm met\u00f3dam varenia, od jemn\u00e9ho espressa po hrub\u00fd French press. \u013dahko vymenite\u013en\u00e9 predn\u00e9 plochy na mletie filtra alebo espressa na po\u017eiadanie Pr\u00e9miov\u00fd multifunk\u010dn\u00fd LED displej so 4 predvo\u013ebami \u010dasova\u010da a manu\u00e1lnym re\u017eimom. Multifunk\u010dn\u00e9 oto\u010dn\u00e9 tla\u010didlo. \u00a0Odoln\u00fd motor so \u017eivotnos\u0165ou viac ako 25 000 z\u00e1berov.<\/p>\n<h2><strong>Technick\u00e1 \u0161pecifik\u00e1cia:<\/strong><\/h2>\n<p>Vo\u013enobe\u017en\u00e9 ot\u00e1\u010dky: 1050 ot.\/min<br \/>\nPriemer no\u017ea: \u00a054 mm<br \/>\nMateri\u00e1l no\u017ea: \u00a0\u0160peci\u00e1lna oce\u013e<br \/>\nPriemern\u00fd v\u00fdkon mletia*: cca. 1-2,8 g\/s<br \/>\nKapacita z\u00e1sobn\u00edka na zrn\u00e1:\u00a0cca. 500 g<br \/>\nRozmery (\u0161xvxh):\u00a019 x 42,5 x 28 cm<br \/>\nRozmery balenia (\u0161 xvxh): \u00a052 x 34 x 26 cm<br \/>\nHmotnos\u0165 netto: \u00a05,1 \u00a0kg<br \/>\nHrub\u00e1 hmotnos\u0165: \u00a08 kg<br \/>\nCertifik\u00e1ty: \u00a0CE, CB, CCC, ETL, KC, NSF, PSE, RCM<\/p>\n<h2><strong>\u0160tandardn\u00e9 farby:<\/strong><\/h2>\n<p>Biela 499\u20ac<br \/>\nMatn\u00e1 \u010dierna 499\u20ac<br \/>\nChrome 549\u20ac<\/p>\n<h2><strong>Pr\u00edplatkov\u00e9 mo\u017enosti:<\/strong><\/h2>\n<p>nerezov\u00e1 d\u00e1vkovacia n\u00e1doba 25\u20ac<br \/>\nK\u00e1vov\u00fd z\u00e1sobn\u00edk (250g) 64,90\u20ac<\/p>\n","protected":false},"featured_media":7192,"template":"","meta":[],"acf":[],"yoast_head":"<!-- This site is optimized with the Yoast SEO plugin v21.2 - https:\/\/yoast.com\/wordpress\/plugins\/seo\/ -->\n<title>Mahlk\u00f6nig X54 Home mlyn\u010dek - Eurosam.sk<\/title>\n<meta name=\"robots\" content=\"index, follow, max-snippet:-1, max-image-preview:large, max-video-preview:-1\" \/>\n<link rel=\"canonical\" href=\"https:\/\/www.eurosam.sk\/en\/shop\/mahlkonig-x54-home-mlyncek\/\" \/>\n<meta property=\"og:locale\" content=\"en_US\" \/>\n<meta property=\"og:type\" content=\"article\" \/>\n<meta property=\"og:title\" content=\"Mahlk\u00f6nig X54 Home mlyn\u010dek - Eurosam.sk\" \/>\n<meta property=\"og:description\" content=\"Mlyn\u010dek X54 umo\u017e\u0148uje optim\u00e1lne mletie, ktor\u00e9 sp\u013a\u0148a aj tie najvy\u0161\u0161ie n\u00e1roky. \u00a0V\u0161estrann\u00e1 stupnica ve\u013ekosti mletia s plynul\u00fdm nastaven\u00edm pre presn\u00e9 nastavenie mletia, aby vyhovovala mnoh\u00fdm met\u00f3dam varenia, od jemn\u00e9ho espressa po hrub\u00fd French press. \u013dahko vymenite\u013en\u00e9 predn\u00e9 plochy na mletie filtra alebo espressa na po\u017eiadanie Pr\u00e9miov\u00fd multifunk\u010dn\u00fd LED displej so 4 predvo\u013ebami \u010dasova\u010da a manu\u00e1lnym re\u017eimom. Multifunk\u010dn\u00e9 oto\u010dn\u00e9 tla\u010didlo. \u00a0Odoln\u00fd motor so \u017eivotnos\u0165ou viac ako 25 000 z\u00e1berov. Technick\u00e1 \u0161pecifik\u00e1cia: Vo\u013enobe\u017en\u00e9 ot\u00e1\u010dky: 1050 ot.\/min Priemer no\u017ea: \u00a054 mm Materi\u00e1l no\u017ea: \u00a0\u0160peci\u00e1lna oce\u013e Priemern\u00fd v\u00fdkon mletia*: cca. 1-2,8 g\/s Kapacita z\u00e1sobn\u00edka na zrn\u00e1:\u00a0cca. 500 g Rozmery (\u0161xvxh):\u00a019 x 42,5 x 28 cm Rozmery balenia (\u0161 xvxh): \u00a052 x 34 x 26 cm Hmotnos\u0165 netto: \u00a05,1 \u00a0kg Hrub\u00e1 hmotnos\u0165: \u00a08 kg Certifik\u00e1ty: \u00a0CE, CB, CCC, ETL, KC, NSF, PSE, RCM \u0160tandardn\u00e9 farby: Biela 499\u20ac Matn\u00e1 \u010dierna 499\u20ac Chrome 549\u20ac Pr\u00edplatkov\u00e9 mo\u017enosti: nerezov\u00e1 d\u00e1vkovacia n\u00e1doba 25\u20ac K\u00e1vov\u00fd z\u00e1sobn\u00edk (250g) 64,90\u20ac\" \/>\n<meta property=\"og:url\" content=\"https:\/\/www.eurosam.sk\/shop\/mahlkonig-x54-home-mlyncek\/\" \/>\n<meta property=\"og:site_name\" content=\"Eurosam.sk\" \/>\n<meta property=\"article:modified_time\" content=\"2025-03-10T18:57:21+00:00\" \/>\n<meta property=\"og:image\" content=\"https:\/\/www.eurosam.sk\/wp-content\/uploads\/2022\/01\/1964_xxxx.jpg\" \/>\n\t<meta property=\"og:image:width\" content=\"1024\" \/>\n\t<meta property=\"og:image:height\" content=\"768\" \/>\n\t<meta property=\"og:image:type\" content=\"image\/jpeg\" \/>\n<meta name=\"twitter:card\" content=\"summary_large_image\" \/>\n<script type=\"application\/ld+json\" class=\"yoast-schema-graph\">{\"@context\":\"https:\/\/schema.org\",\"@graph\":[{\"@type\":\"WebPage\",\"@id\":\"https:\/\/www.eurosam.sk\/shop\/mahlkonig-x54-home-mlyncek\/\",\"url\":\"https:\/\/www.eurosam.sk\/shop\/mahlkonig-x54-home-mlyncek\/\",\"name\":\"Mahlk\u00f6nig X54 Home mlyn\u010dek - Eurosam.sk\",\"isPartOf\":{\"@id\":\"https:\/\/www.eurosam.sk\/#website\"},\"datePublished\":\"2022-01-18T13:34:11+00:00\",\"dateModified\":\"2025-03-10T18:57:21+00:00\",\"breadcrumb\":{\"@id\":\"https:\/\/www.eurosam.sk\/shop\/mahlkonig-x54-home-mlyncek\/#breadcrumb\"},\"inLanguage\":\"en-US\",\"potentialAction\":[{\"@type\":\"ReadAction\",\"target\":[\"https:\/\/www.eurosam.sk\/shop\/mahlkonig-x54-home-mlyncek\/\"]}]},{\"@type\":\"BreadcrumbList\",\"@id\":\"https:\/\/www.eurosam.sk\/shop\/mahlkonig-x54-home-mlyncek\/#breadcrumb\",\"itemListElement\":[{\"@type\":\"ListItem\",\"position\":1,\"name\":\"Home\",\"item\":\"https:\/\/www.eurosam.sk\/\"},{\"@type\":\"ListItem\",\"position\":2,\"name\":\"Configurator\",\"item\":\"https:\/\/www.eurosam.sk\/en\/coffee-machine-configurator\/\"},{\"@type\":\"ListItem\",\"position\":3,\"name\":\"Mahlk\u00f6nig X54 Home mlyn\u010dek\"}]},{\"@type\":\"WebSite\",\"@id\":\"https:\/\/www.eurosam.sk\/#website\",\"url\":\"https:\/\/www.eurosam.sk\/\",\"name\":\"Eurosam.sk\",\"description\":\"EUROSAM v\u00e1m prin\u00e1\u0161a profesion\u00e1lny postup na pr\u00edpravu dokonalej \u0161\u00e1lky k\u00e1vy.\",\"potentialAction\":[{\"@type\":\"SearchAction\",\"target\":{\"@type\":\"EntryPoint\",\"urlTemplate\":\"https:\/\/www.eurosam.sk\/?s={search_term_string}\"},\"query-input\":\"required name=search_term_string\"}],\"inLanguage\":\"en-US\"}]}<\/script>\n<!-- \/ Yoast SEO plugin. -->","yoast_head_json":{"title":"Mahlk\u00f6nig X54 Home mlyn\u010dek - Eurosam.sk","robots":{"index":"index","follow":"follow","max-snippet":"max-snippet:-1","max-image-preview":"max-image-preview:large","max-video-preview":"max-video-preview:-1"},"canonical":"https:\/\/www.eurosam.sk\/en\/shop\/mahlkonig-x54-home-mlyncek\/","og_locale":"en_US","og_type":"article","og_title":"Mahlk\u00f6nig X54 Home mlyn\u010dek - Eurosam.sk","og_description":"Mlyn\u010dek X54 umo\u017e\u0148uje optim\u00e1lne mletie, ktor\u00e9 sp\u013a\u0148a aj tie najvy\u0161\u0161ie n\u00e1roky. \u00a0V\u0161estrann\u00e1 stupnica ve\u013ekosti mletia s plynul\u00fdm nastaven\u00edm pre presn\u00e9 nastavenie mletia, aby vyhovovala mnoh\u00fdm met\u00f3dam varenia, od jemn\u00e9ho espressa po hrub\u00fd French press. \u013dahko vymenite\u013en\u00e9 predn\u00e9 plochy na mletie filtra alebo espressa na po\u017eiadanie Pr\u00e9miov\u00fd multifunk\u010dn\u00fd LED displej so 4 predvo\u013ebami \u010dasova\u010da a manu\u00e1lnym re\u017eimom. Multifunk\u010dn\u00e9 oto\u010dn\u00e9 tla\u010didlo. \u00a0Odoln\u00fd motor so \u017eivotnos\u0165ou viac ako 25 000 z\u00e1berov. Technick\u00e1 \u0161pecifik\u00e1cia: Vo\u013enobe\u017en\u00e9 ot\u00e1\u010dky: 1050 ot.\/min Priemer no\u017ea: \u00a054 mm Materi\u00e1l no\u017ea: \u00a0\u0160peci\u00e1lna oce\u013e Priemern\u00fd v\u00fdkon mletia*: cca. 1-2,8 g\/s Kapacita z\u00e1sobn\u00edka na zrn\u00e1:\u00a0cca. 500 g Rozmery (\u0161xvxh):\u00a019 x 42,5 x 28 cm Rozmery balenia (\u0161 xvxh): \u00a052 x 34 x 26 cm Hmotnos\u0165 netto: \u00a05,1 \u00a0kg Hrub\u00e1 hmotnos\u0165: \u00a08 kg Certifik\u00e1ty: \u00a0CE, CB, CCC, ETL, KC, NSF, PSE, RCM \u0160tandardn\u00e9 farby: Biela 499\u20ac Matn\u00e1 \u010dierna 499\u20ac Chrome 549\u20ac Pr\u00edplatkov\u00e9 mo\u017enosti: nerezov\u00e1 d\u00e1vkovacia n\u00e1doba 25\u20ac K\u00e1vov\u00fd z\u00e1sobn\u00edk (250g) 64,90\u20ac","og_url":"https:\/\/www.eurosam.sk\/shop\/mahlkonig-x54-home-mlyncek\/","og_site_name":"Eurosam.sk","article_modified_time":"2025-03-10T18:57:21+00:00","og_image":[{"width":1024,"height":768,"url":"https:\/\/www.eurosam.sk\/wp-content\/uploads\/2022\/01\/1964_xxxx.jpg","type":"image\/jpeg"}],"twitter_card":"summary_large_image","schema":{"@context":"https:\/\/schema.org","@graph":[{"@type":"WebPage","@id":"https:\/\/www.eurosam.sk\/shop\/mahlkonig-x54-home-mlyncek\/","url":"https:\/\/www.eurosam.sk\/shop\/mahlkonig-x54-home-mlyncek\/","name":"Mahlk\u00f6nig X54 Home mlyn\u010dek - Eurosam.sk","isPartOf":{"@id":"https:\/\/www.eurosam.sk\/#website"},"datePublished":"2022-01-18T13:34:11+00:00","dateModified":"2025-03-10T18:57:21+00:00","breadcrumb":{"@id":"https:\/\/www.eurosam.sk\/shop\/mahlkonig-x54-home-mlyncek\/#breadcrumb"},"inLanguage":"en-US","potentialAction":[{"@type":"ReadAction","target":["https:\/\/www.eurosam.sk\/shop\/mahlkonig-x54-home-mlyncek\/"]}]},{"@type":"BreadcrumbList","@id":"https:\/\/www.eurosam.sk\/shop\/mahlkonig-x54-home-mlyncek\/#breadcrumb","itemListElement":[{"@type":"ListItem","position":1,"name":"Home","item":"https:\/\/www.eurosam.sk\/"},{"@type":"ListItem","position":2,"name":"Configurator","item":"https:\/\/www.eurosam.sk\/en\/coffee-machine-configurator\/"},{"@type":"ListItem","position":3,"name":"Mahlk\u00f6nig X54 Home mlyn\u010dek"}]},{"@type":"WebSite","@id":"https:\/\/www.eurosam.sk\/#website","url":"https:\/\/www.eurosam.sk\/","name":"Eurosam.sk","description":"EUROSAM v\u00e1m prin\u00e1\u0161a profesion\u00e1lny postup na pr\u00edpravu dokonalej \u0161\u00e1lky k\u00e1vy.","potentialAction":[{"@type":"SearchAction","target":{"@type":"EntryPoint","urlTemplate":"https:\/\/www.eurosam.sk\/?s={search_term_string}"},"query-input":"required name=search_term_string"}],"inLanguage":"en-US"}]}},"_links":{"self":[{"href":"https:\/\/www.eurosam.sk\/en\/wp-json\/wp\/v2\/product\/7191\/"}],"collection":[{"href":"https:\/\/www.eurosam.sk\/en\/wp-json\/wp\/v2\/product\/"}],"about":[{"href":"https:\/\/www.eurosam.sk\/en\/wp-json\/wp\/v2\/types\/product\/"}],"wp:featuredmedia":[{"embeddable":true,"href":"https:\/\/www.eurosam.sk\/en\/wp-json\/wp\/v2\/media\/7192\/"}],"wp:attachment":[{"href":"https:\/\/www.eurosam.sk\/en\/wp-json\/wp\/v2\/media\/?parent=7191"}],"curies":[{"name":"wp","href":"https:\/\/api.w.org\/{rel}","templated":true}]}}